{"id":2270,"date":"2017-12-01T21:31:03","date_gmt":"2017-12-01T20:31:03","guid":{"rendered":"http:\/\/www.sbkt.hr\/DE\/?page_id=2270"},"modified":"2017-12-04T08:52:35","modified_gmt":"2017-12-04T07:52:35","slug":"startseite","status":"publish","type":"page","link":"https:\/\/www.sbkt.hr\/DE\/","title":{"rendered":"Startseite"},"content":{"rendered":"<h3>Die Spezialklinik f\u00fcr medizinische Rehabilitation in Krapinske Toplice<\/h3>\n<p>Diese Spezialklinik ist eine moderne Rehaklinik f\u00fcr Kinder und Erwachsene mit neurologischen, rheumatischen, orthop\u00e4dischen und kardiologischen Erkrankungen.<\/p>\n<p>&nbsp;<\/p>\n<h4>Lage:<\/h4>\n<p>Die Klinik liegt in Krapinske Toplice, einer der sch\u00f6nsten Ortschaften in Hrvatsko zagorje \u2013 ein kleines, malerisches Tal, umgeben von einer atemberaubenden H\u00fcgellandschaft &#8211; und ist auf Thermalheilwasserquellen, die noch in romanischen Zeiten als Aquae Vivae (das Wasser des Lebens) bekannt wurden, aufgebaut.<\/p>\n<p>&nbsp;<\/p>\n<h4>Therapieangebot:<\/h4>\n<p>Die Spezialklinik Krapinske Toplice f\u00fcr medizinische Rehabilitationen verf\u00fcgt \u00fcber eine komplette medizinische Diagnostik. Diese ist f\u00fcr die Durchf\u00fchrung der Therapien und f\u00fcr die \u00dcberwachung der Behandlungsergebnisse notwendig. Medizinische Programme kombinieren Naturheilmittel mit modernen Verfahren der physikalischen Medizin und Rehabilitation. Neben den Rehaprogrammen stehen auch pr\u00e4ventive und Erholungsprogramme und \u00e4rztliche Untersuchungen zur Verf\u00fcgung.<\/p>\n<p>&nbsp;<\/p>\n<h4>Die medizinischen Schwerpunkte der Klinik:<\/h4>\n<p>Den Patienten stehen ad\u00e4quate Behandlungen und postoperative Versorgungen durch Rehabilitationsma\u00dfnahmen in folgenden F\u00e4llen zur Verf\u00fcgung:<\/p>\n<ul>\n<li>nach Kopf- und Gehirnverletzungen und anderen neurologischen Erkrankungen<\/li>\n<li>\u00fcr Herzpatienten mit Angina Pecotris oder Herzinfarkt, nach einer Herzoperation<\/li>\n<li>gegen posttraumatische Zust\u00e4nde des Bewegungsapparates<\/li>\n<li>nach orthop\u00e4dischen Operationen<\/li>\n<li>gegen degenerative Zust\u00e4nde, Rheumatismus, Diabetes mit neurologischen und Kreislaufkomplikationen<\/li>\n<li>f\u00fcr Patienten mit peripheren Durchblutungsst\u00f6rungen<\/li>\n<\/ul>\n<h3><\/h3>\n<h4>Thermalheilwasser<\/h4>\n<p>Die Klinik ist f\u00fcr nat\u00fcrliches Thermalheilwasser, das einen gro\u00dfen Anteil von Calcium, Magnesium und Kohlenwasserstoff enth\u00e4lt, bekannt. Die Wassertemperatur bewegt sich zwischen 39 bis 41 Grad. Die Klinik verf\u00fcgt \u00fcber vier Hallenb\u00e4der. Das ber\u00fchmte Jakobs Bad wurde an der Thermalquelle aufgebaut und ist damit weltweit eines der seltensten seiner Art. Das Wasser wird f\u00fcr Behandlungen und Rehabilitation der Patienten in den B\u00e4dern und Wannen verwendet. W\u00e4hrend des Badens werden die medizinischen Therapien durchgef\u00fchrt, dabei werden gleichzeitig die physikalischen Effekte des Wasser ausgenutzt: die W\u00e4rme, der hydrostatische Druck, der Auftrieb und die Reibung. Die jahrhundertelange Erfahrung und die durchgef\u00fchrten medizinischen Forschungen beweisen seine Heilkraft. Die Therapie des Warmwassertrinkens als Erg\u00e4nzung zur Therapie des Badens wurde schon im letzten Jahrhundert durchgef\u00fchrt und wird auf Grund der medizinischen Forschungen noch heute praktiziert.<\/p>\n<p>&nbsp;<\/p>\n<h4>Mineralschlamm- Fango<\/h4>\n<p>Fango besteht aus Thermalwasser und sehr kleinen Microorganismen, die aus der Tiefe entspringen und sich n\u00e4chst der Quelle ablagern. Da der Fango gute thermische Eigenschaften hat, wird er als Schlammpackung f\u00fcr erkrankte Bereiche des K\u00f6rpers oder f\u00fcr den ganzen K\u00f6rper angewendet. Nach einer mechanischen oder thermischen Behandlung wird der Fango in die entsprechenden Leinent\u00fccher eingeh\u00fcllt und als Packung verwendet. Vor jeder Fangotherapie wird \u00e4rztliche Beratung empfohlen.<\/p>\n<p>&nbsp;<\/p>\n<p>&nbsp;<\/p>\n","protected":false},"excerpt":{"rendered":"<p>Die Spezialklinik f\u00fcr medizinische Rehabilitation in Krapinske Toplice Diese Spezialklinik ist eine moderne Rehaklinik f\u00fcr Kinder und Erwachsene mit neurologischen, rheumatischen, orthop\u00e4dischen und kardiologischen Erkrankungen. &nbsp; Lage: Die Klinik liegt in Krapinske Toplice, einer der sch\u00f6nsten Ortschaften in Hrvatsko zagorje \u2013 ein kleines, malerisches Tal, umgeben von einer atemberaubenden H\u00fcgellandschaft &#8211; und ist auf Thermalheilwasserquellen,&#8230; <\/p>\n","protected":false},"author":1,"featured_media":0,"parent":0,"menu_order":0,"comment_status":"closed","ping_status":"closed","template":"","meta":{"footnotes":""},"class_list":["post-2270","page","type-page","status-publish","hentry"],"yoast_head":"<!-- This site is optimized with the Yoast SEO plugin v24.9 - https:\/\/yoast.com\/wordpress\/plugins\/seo\/ -->\n<title>Startseite - sbkt.hr<\/title>\n<meta name=\"robots\" content=\"index, follow, max-snippet:-1, max-image-preview:large, max-video-preview:-1\" \/>\n<link rel=\"canonical\" href=\"https:\/\/www.sbkt.hr\/DE\/\" \/>\n<meta property=\"og:locale\" content=\"hr_HR\" \/>\n<meta property=\"og:type\" content=\"article\" \/>\n<meta property=\"og:title\" content=\"Startseite - sbkt.hr\" \/>\n<meta property=\"og:description\" content=\"Die Spezialklinik f\u00fcr medizinische Rehabilitation in Krapinske Toplice Diese Spezialklinik ist eine moderne Rehaklinik f\u00fcr Kinder und Erwachsene mit neurologischen, rheumatischen, orthop\u00e4dischen und kardiologischen Erkrankungen. &nbsp; Lage: Die Klinik liegt in Krapinske Toplice, einer der sch\u00f6nsten Ortschaften in Hrvatsko zagorje \u2013 ein kleines, malerisches Tal, umgeben von einer atemberaubenden H\u00fcgellandschaft &#8211; und ist auf Thermalheilwasserquellen,...\" \/>\n<meta property=\"og:url\" content=\"https:\/\/www.sbkt.hr\/DE\/\" \/>\n<meta property=\"og:site_name\" content=\"sbkt.hr\" \/>\n<meta property=\"article:modified_time\" content=\"2017-12-04T07:52:35+00:00\" \/>\n<meta name=\"twitter:card\" content=\"summary_large_image\" \/>\n<meta name=\"twitter:label1\" content=\"Procijenjeno vrijeme \u010ditanja\" \/>\n\t<meta name=\"twitter:data1\" content=\"2 minute\" \/>\n<script type=\"application\/ld+json\" class=\"yoast-schema-graph\">{\"@context\":\"https:\/\/schema.org\",\"@graph\":[{\"@type\":\"WebPage\",\"@id\":\"https:\/\/www.sbkt.hr\/DE\/\",\"url\":\"https:\/\/www.sbkt.hr\/DE\/\",\"name\":\"Startseite - sbkt.hr\",\"isPartOf\":{\"@id\":\"https:\/\/www.sbkt.hr\/DE\/#website\"},\"datePublished\":\"2017-12-01T20:31:03+00:00\",\"dateModified\":\"2017-12-04T07:52:35+00:00\",\"breadcrumb\":{\"@id\":\"https:\/\/www.sbkt.hr\/DE\/#breadcrumb\"},\"inLanguage\":\"hr\",\"potentialAction\":[{\"@type\":\"ReadAction\",\"target\":[\"https:\/\/www.sbkt.hr\/DE\/\"]}]},{\"@type\":\"BreadcrumbList\",\"@id\":\"https:\/\/www.sbkt.hr\/DE\/#breadcrumb\",\"itemListElement\":[{\"@type\":\"ListItem\",\"position\":1,\"name\":\"Naslovna\",\"item\":\"https:\/\/www.sbkt.hr\/DE\/\"},{\"@type\":\"ListItem\",\"position\":2,\"name\":\"Startseite\"}]},{\"@type\":\"WebSite\",\"@id\":\"https:\/\/www.sbkt.hr\/DE\/#website\",\"url\":\"https:\/\/www.sbkt.hr\/DE\/\",\"name\":\"sbkt.hr\",\"description\":\"Specijalna bolnica za medicinsku rehabilitaciju\",\"potentialAction\":[{\"@type\":\"SearchAction\",\"target\":{\"@type\":\"EntryPoint\",\"urlTemplate\":\"https:\/\/www.sbkt.hr\/DE\/?s={search_term_string}\"},\"query-input\":{\"@type\":\"PropertyValueSpecification\",\"valueRequired\":true,\"valueName\":\"search_term_string\"}}],\"inLanguage\":\"hr\"}]}<\/script>\n<!-- \/ Yoast SEO plugin. -->","yoast_head_json":{"title":"Startseite - sbkt.hr","robots":{"index":"index","follow":"follow","max-snippet":"max-snippet:-1","max-image-preview":"max-image-preview:large","max-video-preview":"max-video-preview:-1"},"canonical":"https:\/\/www.sbkt.hr\/DE\/","og_locale":"hr_HR","og_type":"article","og_title":"Startseite - sbkt.hr","og_description":"Die Spezialklinik f\u00fcr medizinische Rehabilitation in Krapinske Toplice Diese Spezialklinik ist eine moderne Rehaklinik f\u00fcr Kinder und Erwachsene mit neurologischen, rheumatischen, orthop\u00e4dischen und kardiologischen Erkrankungen. &nbsp; Lage: Die Klinik liegt in Krapinske Toplice, einer der sch\u00f6nsten Ortschaften in Hrvatsko zagorje \u2013 ein kleines, malerisches Tal, umgeben von einer atemberaubenden H\u00fcgellandschaft &#8211; und ist auf Thermalheilwasserquellen,...","og_url":"https:\/\/www.sbkt.hr\/DE\/","og_site_name":"sbkt.hr","article_modified_time":"2017-12-04T07:52:35+00:00","twitter_card":"summary_large_image","twitter_misc":{"Procijenjeno vrijeme \u010ditanja":"2 minute"},"schema":{"@context":"https:\/\/schema.org","@graph":[{"@type":"WebPage","@id":"https:\/\/www.sbkt.hr\/DE\/","url":"https:\/\/www.sbkt.hr\/DE\/","name":"Startseite - sbkt.hr","isPartOf":{"@id":"https:\/\/www.sbkt.hr\/DE\/#website"},"datePublished":"2017-12-01T20:31:03+00:00","dateModified":"2017-12-04T07:52:35+00:00","breadcrumb":{"@id":"https:\/\/www.sbkt.hr\/DE\/#breadcrumb"},"inLanguage":"hr","potentialAction":[{"@type":"ReadAction","target":["https:\/\/www.sbkt.hr\/DE\/"]}]},{"@type":"BreadcrumbList","@id":"https:\/\/www.sbkt.hr\/DE\/#breadcrumb","itemListElement":[{"@type":"ListItem","position":1,"name":"Naslovna","item":"https:\/\/www.sbkt.hr\/DE\/"},{"@type":"ListItem","position":2,"name":"Startseite"}]},{"@type":"WebSite","@id":"https:\/\/www.sbkt.hr\/DE\/#website","url":"https:\/\/www.sbkt.hr\/DE\/","name":"sbkt.hr","description":"Specijalna bolnica za medicinsku rehabilitaciju","potentialAction":[{"@type":"SearchAction","target":{"@type":"EntryPoint","urlTemplate":"https:\/\/www.sbkt.hr\/DE\/?s={search_term_string}"},"query-input":{"@type":"PropertyValueSpecification","valueRequired":true,"valueName":"search_term_string"}}],"inLanguage":"hr"}]}},"_links":{"self":[{"href":"https:\/\/www.sbkt.hr\/DE\/wp-json\/wp\/v2\/pages\/2270","targetHints":{"allow":["GET"]}}],"collection":[{"href":"https:\/\/www.sbkt.hr\/DE\/wp-json\/wp\/v2\/pages"}],"about":[{"href":"https:\/\/www.sbkt.hr\/DE\/wp-json\/wp\/v2\/types\/page"}],"author":[{"embeddable":true,"href":"https:\/\/www.sbkt.hr\/DE\/wp-json\/wp\/v2\/users\/1"}],"replies":[{"embeddable":true,"href":"https:\/\/www.sbkt.hr\/DE\/wp-json\/wp\/v2\/comments?post=2270"}],"version-history":[{"count":3,"href":"https:\/\/www.sbkt.hr\/DE\/wp-json\/wp\/v2\/pages\/2270\/revisions"}],"predecessor-version":[{"id":2292,"href":"https:\/\/www.sbkt.hr\/DE\/wp-json\/wp\/v2\/pages\/2270\/revisions\/2292"}],"wp:attachment":[{"href":"https:\/\/www.sbkt.hr\/DE\/wp-json\/wp\/v2\/media?parent=2270"}],"curies":[{"name":"wp","href":"https:\/\/api.w.org\/{rel}","templated":true}]}}