{"id":2272,"date":"2017-12-01T21:31:26","date_gmt":"2017-12-01T20:31:26","guid":{"rendered":"http:\/\/www.sbkt.hr\/DE\/?page_id=2272"},"modified":"2017-12-04T17:37:04","modified_gmt":"2017-12-04T16:37:04","slug":"thermalheilwasser","status":"publish","type":"page","link":"https:\/\/www.sbkt.hr\/DE\/thermalheilwasser\/","title":{"rendered":"Thermalheilwasser"},"content":{"rendered":"<p>Die Spezialklinik Krapinske Toplice f\u00fcr medizinische Rehabilitation verf\u00fcgt \u00fcber vier hyperthermale Quellen mit dem Kapazit\u00e4t von 80 l\/s.<\/p>\n<h4>Nach internationaler Wasserklassifikation ist dieses Wasser:<\/h4>\n<ul>\n<li>hyperthermal \u2013 mit der Temperatur von 41 Grad<\/li>\n<li>das Wasser quillt aus litauischem Kalkstein und geh\u00f6rt zu Akratothermen<\/li>\n<li>Anteil an aufgel\u00f6sten Mineralien ist 450 mg\/l.<\/li>\n<li>chemisch besteht es aus:\n<ul>\n<li>Kationen:\n<ul>\n<li>Calcium- Ca++ = 52,4 mg\/l<\/li>\n<li>Magnesium- Mg++2 = 31,5 mg\/<\/li>\n<\/ul>\n<\/li>\n<li>Anionen:\n<ul>\n<li>Hydrogencarbonat-Ion \u2013 (HCO3) = 293,0 mg\/l<\/li>\n<li>Sulfate (SO4) = 39,7 mg\/l<\/li>\n<\/ul>\n<\/li>\n<\/ul>\n<\/li>\n<\/ul>\n<h4><\/h4>\n<h4>Geschichte:<\/h4>\n<p>Die Therapie des Warmwassertrinkens als Erg\u00e4nzung zur Therapie des Badens wurde schon im letzten Jahrhundert durchgef\u00fchrt und wird auf Grund der medizinischen Forschungen noch heute praktiziert.<\/p>\n<p>Das Thermalwasser wird st\u00e4ndig von der Abteilung f\u00fcr Gesundheitskontrolle der Wasserqualit\u00e4t und Wasserversorgung beim Gesundheitsamt kontrolliert. Die Kontrolle umfasst Monitoring der physikalischen und chemischen Parameter und mikrobiologische Wasserqualit\u00e4t.<\/p>\n<h4><\/h4>\n<h4>Physikalisch-chemischer Befund des Thermalwassers<\/h4>\n<h4>Analyse wurde vom kroatischen Gesundheitsamt gemacht (Anschrift: Rockfellerova 7, Zagreb)<br \/>\nAnalysetyp : C Analyse<\/h4>\n<table class=\"termalna\" width=\"511\" cellspacing=\"0\" cellpadding=\"0\">\n<tbody>\n<tr>\n<th scope=\"col\" width=\"218\">\n<div align=\"left\">Analytischer Parameter<\/div>\n<\/th>\n<th scope=\"col\" width=\"143\">\n<div align=\"left\">Ma\u00dfeinheit<\/div>\n<\/th>\n<th scope=\"col\" width=\"74\">\n<div align=\"left\">MDK<\/div>\n<\/th>\n<th scope=\"col\" width=\"74\">\n<div align=\"left\">Befund<\/div>\n<\/th>\n<\/tr>\n<tr>\n<th scope=\"row\">\n<div align=\"left\">Natrium<\/div>\n<\/th>\n<td><span class=\"MsoNormal\"><span style=\"font-size: 9.0pt; mso-bidi-font-family: Arial;\">Na mg\/l<\/span><\/span><\/td>\n<td><span class=\"MsoNormal\"><span style=\"font-size: 9.0pt; mso-bidi-font-family: Arial;\">150<\/span><\/span><\/td>\n<td><span class=\"MsoNormal\"><span style=\"font-size: 9.0pt; mso-bidi-font-family: Arial;\">6,93<\/span><\/span><\/td>\n<\/tr>\n<tr>\n<th scope=\"row\">\n<div align=\"left\">Kalium<\/div>\n<\/th>\n<td><span class=\"MsoNormal\"><span style=\"font-size: 9.0pt; mso-bidi-font-family: Arial;\">K mg\/l<\/span><\/span><\/td>\n<td><span class=\"MsoNormal\"><span style=\"font-size: 9.0pt; mso-bidi-font-family: Arial;\">12<\/span><\/span><\/td>\n<td><span class=\"MsoNormal\"><span style=\"font-size: 9.0pt; mso-bidi-font-family: Arial;\">7,12<\/span><\/span><\/td>\n<\/tr>\n<tr>\n<th scope=\"row\">\n<div align=\"left\">Calcium<\/div>\n<\/th>\n<td><span class=\"MsoNormal\"><span style=\"font-size: 9.0pt; mso-bidi-font-family: Arial;\">Ca mg\/l<\/span><\/span><\/td>\n<td><\/td>\n<td><span class=\"MsoNormal\"><span style=\"font-size: 9.0pt; mso-bidi-font-family: Arial;\">54,7<\/span><\/span><\/td>\n<\/tr>\n<tr>\n<th scope=\"row\">\n<div align=\"left\">Masium<\/div>\n<\/th>\n<td><span class=\"MsoNormal\"><span style=\"font-size: 9.0pt; mso-bidi-font-family: Arial;\">Mg mg\/l<\/span><\/span><\/td>\n<td><\/td>\n<td><span class=\"MsoNormal\"><span style=\"font-size: 9.0pt; mso-bidi-font-family: Arial;\">32,3<\/span><\/span><\/td>\n<\/tr>\n<tr>\n<th scope=\"row\">\n<div align=\"left\">Mangan<\/div>\n<\/th>\n<td><span class=\"MsoNormal\"><span style=\"font-size: 9.0pt; mso-bidi-font-family: Arial;\">Mn \u03bcg\/l<\/span><\/span><\/td>\n<td><span class=\"MsoNormal\"><span style=\"font-size: 9.0pt; mso-bidi-font-family: Arial;\">50<\/span><\/span><\/td>\n<td><span class=\"MsoNormal\"><span style=\"font-size: 9.0pt; mso-bidi-font-family: Arial;\">&lt;10<\/span><\/span><\/td>\n<\/tr>\n<tr>\n<th scope=\"row\">\n<div align=\"left\">Zink<\/div>\n<\/th>\n<td><span class=\"MsoNormal\"><span style=\"font-size: 9.0pt; mso-bidi-font-family: Arial;\">Zn \u03bcg\/l<\/span><\/span><\/td>\n<td><span class=\"MsoNormal\"><span style=\"font-size: 9.0pt; mso-bidi-font-family: Arial;\">3000<\/span><\/span><\/td>\n<td><span class=\"MsoNormal\"><span style=\"font-size: 9.0pt; mso-bidi-font-family: Arial;\">48,4<\/span><\/span><\/td>\n<\/tr>\n<tr>\n<th scope=\"row\">\n<div align=\"left\">Blei<\/div>\n<\/th>\n<td><span class=\"MsoNormal\"><span style=\"font-size: 9.0pt; mso-bidi-font-family: Arial;\">Pb \u03bcg\/l<\/span><\/span><\/td>\n<td><span class=\"MsoNormal\"><span style=\"font-size: 9.0pt; mso-bidi-font-family: Arial;\">50<\/span><\/span><\/td>\n<td><span class=\"MsoNormal\"><span style=\"font-size: 9.0pt; mso-bidi-font-family: Arial;\">&lt;10<\/span><\/span><\/td>\n<\/tr>\n<tr>\n<th scope=\"row\">\n<div align=\"left\">Eisen<\/div>\n<\/th>\n<td><span class=\"MsoNormal\"><span style=\"font-size: 9.0pt; mso-bidi-font-family: Arial;\">Fe \u03bcg\/l<\/span><\/span><\/td>\n<td><span class=\"MsoNormal\"><span style=\"font-size: 9.0pt; mso-bidi-font-family: Arial;\">300<\/span><\/span><\/td>\n<td><span class=\"MsoNormal\"><span style=\"font-size: 9.0pt; mso-bidi-font-family: Arial;\">26,4<\/span><\/span><\/td>\n<\/tr>\n<tr>\n<th scope=\"row\">\n<div align=\"left\">Stickstoff<\/div>\n<\/th>\n<td><span class=\"MsoNormal\"><span style=\"font-size: 9.0pt; mso-bidi-font-family: Arial;\">N mg\/l<\/span><\/span><\/td>\n<td><span class=\"MsoNormal\"><span style=\"font-size: 9.0pt; mso-bidi-font-family: Arial;\">0,1<\/span><\/span><\/td>\n<td><span class=\"MsoNormal\"><span style=\"font-size: 9.0pt; mso-bidi-font-family: Arial;\">0,026<\/span><\/span><\/td>\n<\/tr>\n<tr>\n<th scope=\"row\">\n<div align=\"left\">Aluminium<\/div>\n<\/th>\n<td><span class=\"MsoNormal\"><span style=\"font-size: 9.0pt; mso-bidi-font-family: Arial;\">Al \u03bcg\/l<\/span><\/span><\/td>\n<td><span class=\"MsoNormal\"><span style=\"font-size: 9.0pt; mso-bidi-font-family: Arial;\">150<\/span><\/span><\/td>\n<td><span class=\"MsoNormal\"><span style=\"font-size: 9.0pt; mso-bidi-font-family: Arial;\">&lt;10<\/span><\/span><\/td>\n<\/tr>\n<tr>\n<th scope=\"row\">\n<div align=\"left\">Arsen<\/div>\n<\/th>\n<td><span class=\"MsoNormal\"><span style=\"font-size: 9.0pt; mso-bidi-font-family: Arial;\">As \u03bcg\/l<\/span><\/span><\/td>\n<td><span class=\"MsoNormal\"><span style=\"font-size: 9.0pt; mso-bidi-font-family: Arial;\">50<\/span><\/span><\/td>\n<td><span class=\"MsoNormal\"><span style=\"font-size: 9.0pt; mso-bidi-font-family: Arial;\">&lt;1<\/span><\/span><\/td>\n<\/tr>\n<tr>\n<th scope=\"row\">\n<div align=\"left\">Kupfer<\/div>\n<\/th>\n<td><span class=\"MsoNormal\"><span style=\"font-size: 9.0pt; mso-bidi-font-family: Arial;\">Cu \u03bcg\/l<\/span><\/span><\/td>\n<td><span class=\"MsoNormal\"><span style=\"font-size: 9.0pt; mso-bidi-font-family: Arial;\">2000<\/span><\/span><\/td>\n<td><span class=\"MsoNormal\"><span style=\"font-size: 9.0pt; mso-bidi-font-family: Arial;\">13,2<\/span><\/span><\/td>\n<\/tr>\n<tr>\n<th scope=\"row\">\n<div align=\"left\">Cadmiun<\/div>\n<\/th>\n<td><span class=\"MsoNormal\"><span style=\"font-size: 9.0pt; mso-bidi-font-family: Arial;\">Cd \u03bcg\/l<\/span><\/span><\/td>\n<td>5<\/td>\n<td><span class=\"MsoNormal\"><span style=\"font-size: 9.0pt; mso-bidi-font-family: Arial;\">&lt;5<\/span><\/span><\/td>\n<\/tr>\n<tr>\n<th scope=\"row\">\n<div align=\"left\">Chrom<\/div>\n<\/th>\n<td><span class=\"MsoNormal\"><span style=\"font-size: 9.0pt; mso-bidi-font-family: Arial;\">Cr \u03bcg\/l<\/span><\/span><\/td>\n<td>50<\/td>\n<td><span class=\"MsoNormal\"><span style=\"font-size: 9.0pt; mso-bidi-font-family: Arial;\">&lt;50<\/span><\/span><\/td>\n<\/tr>\n<tr>\n<th scope=\"row\">\n<div align=\"left\">Nickel<\/div>\n<\/th>\n<td><span class=\"MsoNormal\"><span style=\"font-size: 9.0pt; mso-bidi-font-family: Arial;\">Ni \u03bcg\/l<\/span><\/span><\/td>\n<td>50<\/td>\n<td>&lt;10<\/td>\n<\/tr>\n<tr>\n<th scope=\"row\">\n<div align=\"left\">Quecksilber<\/div>\n<\/th>\n<td>Hg \u03bcg\/l<\/td>\n<td><span class=\"MsoNormal\"><span style=\"font-size: 9.0pt; mso-bidi-font-family: Arial;\">1<\/span><\/span><\/td>\n<td><span class=\"MsoNormal\"><span style=\"font-size: 9.0pt; mso-bidi-font-family: Arial;\">&lt;1<\/span><\/span><\/td>\n<\/tr>\n<tr>\n<th scope=\"row\">\n<div align=\"left\">Chloride<\/div>\n<\/th>\n<td>Cl mg\/l<\/td>\n<td><\/td>\n<td><span class=\"MsoNormal\"><span style=\"font-size: 9.0pt; mso-bidi-font-family: Arial;\">3,216<\/span><\/span><\/td>\n<\/tr>\n<tr>\n<th scope=\"row\">\n<div align=\"left\">Sulfate<\/div>\n<\/th>\n<td>SO4 mg\/l<\/td>\n<td><span class=\"MsoNormal\"><span style=\"font-size: 9.0pt; mso-bidi-font-family: Arial;\">250<\/span><\/span><\/td>\n<td><span class=\"MsoNormal\"><span style=\"font-size: 9.0pt; mso-bidi-font-family: Arial;\">15,5<\/span><\/span><\/td>\n<\/tr>\n<tr>\n<th scope=\"row\">\n<div align=\"left\">Alkalit\u00e4t<\/div>\n<\/th>\n<td><\/td>\n<td>0<\/td>\n<td><span class=\"MsoNormal\"><span style=\"font-size: 9.0pt; mso-bidi-font-family: Arial;\">216,8<\/span><\/span><\/td>\n<\/tr>\n<tr>\n<th scope=\"row\">\n<div align=\"left\">Nitrite<\/div>\n<\/th>\n<td><span class=\"MsoNormal\"><span style=\"font-size: 9.0pt; mso-bidi-font-family: Arial;\">N mg\/l<\/span><\/span><\/td>\n<td><span class=\"MsoNormal\"><span style=\"font-size: 9.0pt; mso-bidi-font-family: Arial;\">0,03<\/span><\/span><\/td>\n<td>0<\/td>\n<\/tr>\n<tr>\n<th scope=\"row\">\n<div align=\"left\">Nitrate<\/div>\n<\/th>\n<td><span class=\"MsoNormal\"><span style=\"font-size: 9.0pt; mso-bidi-font-family: Arial;\">N mg\/l<\/span><\/span><\/td>\n<td><span class=\"MsoNormal\"><span style=\"font-size: 9.0pt; mso-bidi-font-family: Arial;\">10<\/span><\/span><\/td>\n<td><span class=\"MsoNormal\"><span style=\"font-size: 9.0pt; mso-bidi-font-family: Arial;\">0,05<\/span><\/span><\/td>\n<\/tr>\n<tr>\n<th scope=\"row\">\n<div align=\"left\">Fluoride<\/div>\n<\/th>\n<td><span class=\"MsoNormal\"><span style=\"font-size: 9.0pt; mso-bidi-font-family: Arial;\">F \u03bcg\/l<\/span><\/span><\/td>\n<td><span class=\"MsoNormal\"><span style=\"font-size: 9.0pt; mso-bidi-font-family: Arial;\">1500<\/span><\/span><\/td>\n<td><span class=\"MsoNormal\"><span style=\"font-size: 9.0pt; mso-bidi-font-family: Arial;\">283<\/span><\/span><\/td>\n<\/tr>\n<tr>\n<th scope=\"row\">\n<div align=\"left\">Phosphate<\/div>\n<\/th>\n<td><span class=\"MsoNormal\"><span style=\"font-size: 9.0pt; mso-bidi-font-family: Arial;\">P \u03bcg\/l<\/span><\/span><\/td>\n<td><span class=\"MsoNormal\"><span style=\"font-size: 9.0pt; mso-bidi-font-family: Arial;\">300<\/span><\/span><\/td>\n<td>0<\/td>\n<\/tr>\n<tr>\n<th scope=\"row\">\n<div align=\"left\">Silicate<\/div>\n<\/th>\n<td><span class=\"MsoNormal\"><span style=\"font-size: 9.0pt; mso-bidi-font-family: Arial;\">SiO2 mg\/l<\/span><\/span><\/td>\n<td><span class=\"MsoNormal\"><span style=\"font-size: 9.0pt; mso-bidi-font-family: Arial;\">20<\/span><\/span><\/td>\n<td><span class=\"MsoNormal\"><span style=\"font-size: 9.0pt; mso-bidi-font-family: Arial;\">10<\/span><\/span><\/td>\n<\/tr>\n<tr>\n<th scope=\"row\">\n<div align=\"left\">PH-Wert<\/div>\n<\/th>\n<td><\/td>\n<td><span class=\"MsoNormal\"><span style=\"font-size: 9.0pt; mso-bidi-font-family: Arial;\">6,50-8,50<\/span><\/span><\/td>\n<td><span class=\"MsoNormal\"><span style=\"font-size: 9.0pt; mso-bidi-font-family: Arial;\">7,18<\/span><\/span><\/td>\n<\/tr>\n<tr>\n<th scope=\"row\">\n<div align=\"left\">Geruch<\/div>\n<\/th>\n<td><\/td>\n<td><span class=\"MsoNormal\"><span style=\"font-size: 9.0pt; mso-bidi-font-family: Arial;\">bez<\/span><\/span><\/td>\n<td><span class=\"MsoNormal\"><span style=\"font-size: 9.0pt; mso-bidi-font-family: Arial;\">na H2S<\/span><\/span><\/td>\n<\/tr>\n<tr>\n<th scope=\"row\">\n<div align=\"left\">Ausdampfrest 105 Grad<\/div>\n<\/th>\n<td><span class=\"MsoNormal\"><span style=\"font-size: 9.0pt; mso-bidi-font-family: Arial;\">mg\/l<\/span><\/span><\/td>\n<td>0<\/td>\n<td><span class=\"MsoNormal\"><span style=\"font-size: 9.0pt; mso-bidi-font-family: Arial;\">308,2<\/span><\/span><\/td>\n<\/tr>\n<tr>\n<th scope=\"row\">\n<div align=\"left\">Ausdampfrest 180 Grad<\/div>\n<\/th>\n<td><span class=\"MsoNormal\"><span style=\"font-size: 9.0pt; mso-bidi-font-family: Arial;\">mg\/l<\/span><\/span><\/td>\n<td>0<\/td>\n<td><span class=\"MsoNormal\"><span style=\"font-size: 9.0pt; mso-bidi-font-family: Arial;\">210,4<\/span><\/span><\/td>\n<\/tr>\n<tr>\n<th scope=\"row\">\n<div align=\"left\">Temperatur<\/div>\n<\/th>\n<td><span class=\"MsoNormal\"><span style=\"font-size: 9.0pt; mso-bidi-font-family: Arial;\">\u00b0C<\/span><\/span><\/td>\n<td>25<\/td>\n<td><span class=\"MsoNormal\"><span style=\"font-size: 9.0pt; mso-bidi-font-family: Arial;\">40,9<\/span><\/span><\/td>\n<\/tr>\n<tr>\n<th scope=\"row\">\n<div align=\"left\">H\u00e4rte<\/div>\n<\/th>\n<td><span class=\"MsoNormal\"><span style=\"font-size: 9.0pt; mso-bidi-font-family: Arial;\">mg\/l CaCO3<\/span><\/span><\/td>\n<td><\/td>\n<td><span class=\"MsoNormal\"><span style=\"font-size: 9.0pt; mso-bidi-font-family: Arial;\">277,2<\/span><\/span><\/td>\n<\/tr>\n<tr>\n<th scope=\"row\">\n<div align=\"left\">Verbrauch von KMnO4<\/div>\n<\/th>\n<td><span class=\"MsoNormal\"><span style=\"font-size: 9.0pt; mso-bidi-font-family: Arial;\">O2 mg\/l<\/span><\/span><\/td>\n<td>3<\/td>\n<td><span class=\"MsoNormal\"><span style=\"font-size: 9.0pt; mso-bidi-font-family: Arial;\">0,39<\/span><\/span><\/td>\n<\/tr>\n<\/tbody>\n<\/table>\n","protected":false},"excerpt":{"rendered":"<p>Die Spezialklinik Krapinske Toplice f\u00fcr medizinische Rehabilitation verf\u00fcgt \u00fcber vier hyperthermale Quellen mit dem Kapazit\u00e4t von 80 l\/s. Nach internationaler Wasserklassifikation ist dieses Wasser: hyperthermal \u2013 mit der Temperatur von 41 Grad das Wasser quillt aus litauischem Kalkstein und geh\u00f6rt zu Akratothermen Anteil an aufgel\u00f6sten Mineralien ist 450 mg\/l. chemisch besteht es aus: Kationen: Calcium-&#8230; <\/p>\n","protected":false},"author":1,"featured_media":0,"parent":0,"menu_order":0,"comment_status":"closed","ping_status":"closed","template":"","meta":{"footnotes":""},"class_list":["post-2272","page","type-page","status-publish","hentry"],"yoast_head":"<!-- This site is optimized with the Yoast SEO plugin v24.9 - https:\/\/yoast.com\/wordpress\/plugins\/seo\/ -->\n<title>Thermalheilwasser - sbkt.hr<\/title>\n<meta name=\"robots\" content=\"index, follow, max-snippet:-1, max-image-preview:large, max-video-preview:-1\" \/>\n<link rel=\"canonical\" href=\"https:\/\/www.sbkt.hr\/DE\/thermalheilwasser\/\" \/>\n<meta property=\"og:locale\" content=\"hr_HR\" \/>\n<meta property=\"og:type\" content=\"article\" \/>\n<meta property=\"og:title\" content=\"Thermalheilwasser - sbkt.hr\" \/>\n<meta property=\"og:description\" content=\"Die Spezialklinik Krapinske Toplice f\u00fcr medizinische Rehabilitation verf\u00fcgt \u00fcber vier hyperthermale Quellen mit dem Kapazit\u00e4t von 80 l\/s. Nach internationaler Wasserklassifikation ist dieses Wasser: hyperthermal \u2013 mit der Temperatur von 41 Grad das Wasser quillt aus litauischem Kalkstein und geh\u00f6rt zu Akratothermen Anteil an aufgel\u00f6sten Mineralien ist 450 mg\/l. chemisch besteht es aus: Kationen: Calcium-...\" \/>\n<meta property=\"og:url\" content=\"https:\/\/www.sbkt.hr\/DE\/thermalheilwasser\/\" \/>\n<meta property=\"og:site_name\" content=\"sbkt.hr\" \/>\n<meta property=\"article:modified_time\" content=\"2017-12-04T16:37:04+00:00\" \/>\n<meta name=\"twitter:card\" content=\"summary_large_image\" \/>\n<meta name=\"twitter:label1\" content=\"Procijenjeno vrijeme \u010ditanja\" \/>\n\t<meta name=\"twitter:data1\" content=\"1 minuta\" \/>\n<script type=\"application\/ld+json\" class=\"yoast-schema-graph\">{\"@context\":\"https:\/\/schema.org\",\"@graph\":[{\"@type\":\"WebPage\",\"@id\":\"https:\/\/www.sbkt.hr\/DE\/thermalheilwasser\/\",\"url\":\"https:\/\/www.sbkt.hr\/DE\/thermalheilwasser\/\",\"name\":\"Thermalheilwasser - sbkt.hr\",\"isPartOf\":{\"@id\":\"https:\/\/www.sbkt.hr\/DE\/#website\"},\"datePublished\":\"2017-12-01T20:31:26+00:00\",\"dateModified\":\"2017-12-04T16:37:04+00:00\",\"breadcrumb\":{\"@id\":\"https:\/\/www.sbkt.hr\/DE\/thermalheilwasser\/#breadcrumb\"},\"inLanguage\":\"hr\",\"potentialAction\":[{\"@type\":\"ReadAction\",\"target\":[\"https:\/\/www.sbkt.hr\/DE\/thermalheilwasser\/\"]}]},{\"@type\":\"BreadcrumbList\",\"@id\":\"https:\/\/www.sbkt.hr\/DE\/thermalheilwasser\/#breadcrumb\",\"itemListElement\":[{\"@type\":\"ListItem\",\"position\":1,\"name\":\"Naslovna\",\"item\":\"https:\/\/www.sbkt.hr\/DE\/\"},{\"@type\":\"ListItem\",\"position\":2,\"name\":\"Thermalheilwasser\"}]},{\"@type\":\"WebSite\",\"@id\":\"https:\/\/www.sbkt.hr\/DE\/#website\",\"url\":\"https:\/\/www.sbkt.hr\/DE\/\",\"name\":\"sbkt.hr\",\"description\":\"Specijalna bolnica za medicinsku rehabilitaciju\",\"potentialAction\":[{\"@type\":\"SearchAction\",\"target\":{\"@type\":\"EntryPoint\",\"urlTemplate\":\"https:\/\/www.sbkt.hr\/DE\/?s={search_term_string}\"},\"query-input\":{\"@type\":\"PropertyValueSpecification\",\"valueRequired\":true,\"valueName\":\"search_term_string\"}}],\"inLanguage\":\"hr\"}]}<\/script>\n<!-- \/ Yoast SEO plugin. -->","yoast_head_json":{"title":"Thermalheilwasser - sbkt.hr","robots":{"index":"index","follow":"follow","max-snippet":"max-snippet:-1","max-image-preview":"max-image-preview:large","max-video-preview":"max-video-preview:-1"},"canonical":"https:\/\/www.sbkt.hr\/DE\/thermalheilwasser\/","og_locale":"hr_HR","og_type":"article","og_title":"Thermalheilwasser - sbkt.hr","og_description":"Die Spezialklinik Krapinske Toplice f\u00fcr medizinische Rehabilitation verf\u00fcgt \u00fcber vier hyperthermale Quellen mit dem Kapazit\u00e4t von 80 l\/s. Nach internationaler Wasserklassifikation ist dieses Wasser: hyperthermal \u2013 mit der Temperatur von 41 Grad das Wasser quillt aus litauischem Kalkstein und geh\u00f6rt zu Akratothermen Anteil an aufgel\u00f6sten Mineralien ist 450 mg\/l. chemisch besteht es aus: Kationen: Calcium-...","og_url":"https:\/\/www.sbkt.hr\/DE\/thermalheilwasser\/","og_site_name":"sbkt.hr","article_modified_time":"2017-12-04T16:37:04+00:00","twitter_card":"summary_large_image","twitter_misc":{"Procijenjeno vrijeme \u010ditanja":"1 minuta"},"schema":{"@context":"https:\/\/schema.org","@graph":[{"@type":"WebPage","@id":"https:\/\/www.sbkt.hr\/DE\/thermalheilwasser\/","url":"https:\/\/www.sbkt.hr\/DE\/thermalheilwasser\/","name":"Thermalheilwasser - sbkt.hr","isPartOf":{"@id":"https:\/\/www.sbkt.hr\/DE\/#website"},"datePublished":"2017-12-01T20:31:26+00:00","dateModified":"2017-12-04T16:37:04+00:00","breadcrumb":{"@id":"https:\/\/www.sbkt.hr\/DE\/thermalheilwasser\/#breadcrumb"},"inLanguage":"hr","potentialAction":[{"@type":"ReadAction","target":["https:\/\/www.sbkt.hr\/DE\/thermalheilwasser\/"]}]},{"@type":"BreadcrumbList","@id":"https:\/\/www.sbkt.hr\/DE\/thermalheilwasser\/#breadcrumb","itemListElement":[{"@type":"ListItem","position":1,"name":"Naslovna","item":"https:\/\/www.sbkt.hr\/DE\/"},{"@type":"ListItem","position":2,"name":"Thermalheilwasser"}]},{"@type":"WebSite","@id":"https:\/\/www.sbkt.hr\/DE\/#website","url":"https:\/\/www.sbkt.hr\/DE\/","name":"sbkt.hr","description":"Specijalna bolnica za medicinsku rehabilitaciju","potentialAction":[{"@type":"SearchAction","target":{"@type":"EntryPoint","urlTemplate":"https:\/\/www.sbkt.hr\/DE\/?s={search_term_string}"},"query-input":{"@type":"PropertyValueSpecification","valueRequired":true,"valueName":"search_term_string"}}],"inLanguage":"hr"}]}},"_links":{"self":[{"href":"https:\/\/www.sbkt.hr\/DE\/wp-json\/wp\/v2\/pages\/2272","targetHints":{"allow":["GET"]}}],"collection":[{"href":"https:\/\/www.sbkt.hr\/DE\/wp-json\/wp\/v2\/pages"}],"about":[{"href":"https:\/\/www.sbkt.hr\/DE\/wp-json\/wp\/v2\/types\/page"}],"author":[{"embeddable":true,"href":"https:\/\/www.sbkt.hr\/DE\/wp-json\/wp\/v2\/users\/1"}],"replies":[{"embeddable":true,"href":"https:\/\/www.sbkt.hr\/DE\/wp-json\/wp\/v2\/comments?post=2272"}],"version-history":[{"count":6,"href":"https:\/\/www.sbkt.hr\/DE\/wp-json\/wp\/v2\/pages\/2272\/revisions"}],"predecessor-version":[{"id":2297,"href":"https:\/\/www.sbkt.hr\/DE\/wp-json\/wp\/v2\/pages\/2272\/revisions\/2297"}],"wp:attachment":[{"href":"https:\/\/www.sbkt.hr\/DE\/wp-json\/wp\/v2\/media?parent=2272"}],"curies":[{"name":"wp","href":"https:\/\/api.w.org\/{rel}","templated":true}]}}