{"id":2274,"date":"2017-12-01T21:31:47","date_gmt":"2017-12-01T20:31:47","guid":{"rendered":"http:\/\/www.sbkt.hr\/DE\/?page_id=2274"},"modified":"2017-12-04T17:40:55","modified_gmt":"2017-12-04T16:40:55","slug":"therapien","status":"publish","type":"page","link":"https:\/\/www.sbkt.hr\/DE\/therapien\/","title":{"rendered":"Therapien"},"content":{"rendered":"<h4>Hydrotherapie<\/h4>\n<p>Die Klinik verf\u00fcgt \u00fcber 3 B\u00e4der f\u00fcr Hydrokinesiotherapie. Jakobs Bad befindet sich an der Thermalquelle (die Wassertemperatur ist 41 Grad) und ist nur f\u00fcr Baden bestimmt. Hydrokinesiotherapie wird nach der Patientendiagnose durchgef\u00fchrt. Das Programm wurde f\u00fcr die Patienten mit neurologischen, orthop\u00e4dischen, traumatischen, rheumatischen und Kardiovaskul\u00e4rerkrankungen entwickelt.<\/p>\n<ul>\n<li>Neben der klassischen Hydrokinesiotherapie wird auch das spezifische Hallwick Konzept verwendet.<\/li>\n<li>Hydrogymnastik und Unterwassermassage laufen in Hubbard-Wannen ab.<\/li>\n<li>\u201ePeloid-Fango\u201c wird als Schlammpackung aufgetragen, es besteht aber die M\u00f6glichkeit der direkten Anwendung am K\u00f6rper.<\/li>\n<li>Das Paraffin wird als thermale und mechanische Behandlung verwendet.<\/li>\n<li>Bei der Kinesiotherapie wird neben der Wassertemperatur und dem Auftrieb auch die Wasserresistenz benutzt, die bei der Ausf\u00fchrung bestimmter Aufgaben entsteht.<\/li>\n<li>Zus\u00e4tzlich zur Hydrokinesiotherapie werden manuelle Massage und Lymphdrenage gemacht.<\/li>\n<\/ul>\n<p>&nbsp;<\/p>\n<h4>Elektrotherapie<\/h4>\n<p>n der Elektrotherapie wird die modernste medizinisch best\u00e4tigte Ausstattung benutzt. Die verwendeten Therapieverfahren sind spezifische Elektrostimulation, Ultraschalltherapie, Thermo-, Foto- und Lasertherapie und Therapie gegen Schmerzen.<\/p>\n<h4><\/h4>\n<h4>Kinesiotherapie (Bewegungstherapie)<\/h4>\n<p>Die Spezialklinik benutzt 14 Turnhallen f\u00fcr Kinesiotherapie. Die Turnhallen sind gut ausgestattet und werden f\u00fcr Patienten mit bestimmten Diagnosen verwendet. Z.B.:<\/p>\n<ul>\n<li>kinesiotherapie bei Neuroentwicklungsst\u00f6rungen<\/li>\n<li>orthop\u00e4dische Kinesiotherapie<\/li>\n<li>traumatologische Kinesiotherapie<\/li>\n<li>neurologische Kinesiotherapie<\/li>\n<li>rheumatische Kinesiotherapie<\/li>\n<li>Kinesiotherapie bei Kardiovaskul\u00e4rerkrankungen<\/li>\n<\/ul>\n<p>&nbsp;<\/p>\n<p>F\u00fcr die Herzpatienten werden Anlagen in der Natur sowie angepasste Pfade f\u00fcr die Spazierg\u00e4nge verwendet. Sehr gro\u00dfe Rolle spielt das ganze Team der eduzierten und eingeschulten Physiotherapeuten.<\/p>\n<p>Ergotherapie als Teil eines komplexen Aktivit\u00e4ten-Programmes wird in einem spezifischen und ad\u00e4quaten Platz durchgef\u00fchrt, mit dem Ziel die Handlungsf\u00e4higkeit des Patienten im Alltag wiederherzustellen.<\/p>\n","protected":false},"excerpt":{"rendered":"<p>Hydrotherapie Die Klinik verf\u00fcgt \u00fcber 3 B\u00e4der f\u00fcr Hydrokinesiotherapie. Jakobs Bad befindet sich an der Thermalquelle (die Wassertemperatur ist 41 Grad) und ist nur f\u00fcr Baden bestimmt. Hydrokinesiotherapie wird nach der Patientendiagnose durchgef\u00fchrt. Das Programm wurde f\u00fcr die Patienten mit neurologischen, orthop\u00e4dischen, traumatischen, rheumatischen und Kardiovaskul\u00e4rerkrankungen entwickelt. Neben der klassischen Hydrokinesiotherapie wird auch das spezifische&#8230; <\/p>\n","protected":false},"author":1,"featured_media":0,"parent":0,"menu_order":0,"comment_status":"closed","ping_status":"closed","template":"","meta":{"footnotes":""},"class_list":["post-2274","page","type-page","status-publish","hentry"],"yoast_head":"<!-- This site is optimized with the Yoast SEO plugin v24.9 - https:\/\/yoast.com\/wordpress\/plugins\/seo\/ -->\n<title>Therapien - sbkt.hr<\/title>\n<meta name=\"robots\" content=\"index, follow, max-snippet:-1, max-image-preview:large, max-video-preview:-1\" \/>\n<link rel=\"canonical\" href=\"https:\/\/www.sbkt.hr\/DE\/therapien\/\" \/>\n<meta property=\"og:locale\" content=\"hr_HR\" \/>\n<meta property=\"og:type\" content=\"article\" \/>\n<meta property=\"og:title\" content=\"Therapien - sbkt.hr\" \/>\n<meta property=\"og:description\" content=\"Hydrotherapie Die Klinik verf\u00fcgt \u00fcber 3 B\u00e4der f\u00fcr Hydrokinesiotherapie. Jakobs Bad befindet sich an der Thermalquelle (die Wassertemperatur ist 41 Grad) und ist nur f\u00fcr Baden bestimmt. Hydrokinesiotherapie wird nach der Patientendiagnose durchgef\u00fchrt. Das Programm wurde f\u00fcr die Patienten mit neurologischen, orthop\u00e4dischen, traumatischen, rheumatischen und Kardiovaskul\u00e4rerkrankungen entwickelt. Neben der klassischen Hydrokinesiotherapie wird auch das spezifische...\" \/>\n<meta property=\"og:url\" content=\"https:\/\/www.sbkt.hr\/DE\/therapien\/\" \/>\n<meta property=\"og:site_name\" content=\"sbkt.hr\" \/>\n<meta property=\"article:modified_time\" content=\"2017-12-04T16:40:55+00:00\" \/>\n<meta name=\"twitter:card\" content=\"summary_large_image\" \/>\n<meta name=\"twitter:label1\" content=\"Procijenjeno vrijeme \u010ditanja\" \/>\n\t<meta name=\"twitter:data1\" content=\"1 minuta\" \/>\n<script type=\"application\/ld+json\" class=\"yoast-schema-graph\">{\"@context\":\"https:\/\/schema.org\",\"@graph\":[{\"@type\":\"WebPage\",\"@id\":\"https:\/\/www.sbkt.hr\/DE\/therapien\/\",\"url\":\"https:\/\/www.sbkt.hr\/DE\/therapien\/\",\"name\":\"Therapien - sbkt.hr\",\"isPartOf\":{\"@id\":\"https:\/\/www.sbkt.hr\/DE\/#website\"},\"datePublished\":\"2017-12-01T20:31:47+00:00\",\"dateModified\":\"2017-12-04T16:40:55+00:00\",\"breadcrumb\":{\"@id\":\"https:\/\/www.sbkt.hr\/DE\/therapien\/#breadcrumb\"},\"inLanguage\":\"hr\",\"potentialAction\":[{\"@type\":\"ReadAction\",\"target\":[\"https:\/\/www.sbkt.hr\/DE\/therapien\/\"]}]},{\"@type\":\"BreadcrumbList\",\"@id\":\"https:\/\/www.sbkt.hr\/DE\/therapien\/#breadcrumb\",\"itemListElement\":[{\"@type\":\"ListItem\",\"position\":1,\"name\":\"Naslovna\",\"item\":\"https:\/\/www.sbkt.hr\/DE\/\"},{\"@type\":\"ListItem\",\"position\":2,\"name\":\"Therapien\"}]},{\"@type\":\"WebSite\",\"@id\":\"https:\/\/www.sbkt.hr\/DE\/#website\",\"url\":\"https:\/\/www.sbkt.hr\/DE\/\",\"name\":\"sbkt.hr\",\"description\":\"Specijalna bolnica za medicinsku rehabilitaciju\",\"potentialAction\":[{\"@type\":\"SearchAction\",\"target\":{\"@type\":\"EntryPoint\",\"urlTemplate\":\"https:\/\/www.sbkt.hr\/DE\/?s={search_term_string}\"},\"query-input\":{\"@type\":\"PropertyValueSpecification\",\"valueRequired\":true,\"valueName\":\"search_term_string\"}}],\"inLanguage\":\"hr\"}]}<\/script>\n<!-- \/ Yoast SEO plugin. -->","yoast_head_json":{"title":"Therapien - sbkt.hr","robots":{"index":"index","follow":"follow","max-snippet":"max-snippet:-1","max-image-preview":"max-image-preview:large","max-video-preview":"max-video-preview:-1"},"canonical":"https:\/\/www.sbkt.hr\/DE\/therapien\/","og_locale":"hr_HR","og_type":"article","og_title":"Therapien - sbkt.hr","og_description":"Hydrotherapie Die Klinik verf\u00fcgt \u00fcber 3 B\u00e4der f\u00fcr Hydrokinesiotherapie. Jakobs Bad befindet sich an der Thermalquelle (die Wassertemperatur ist 41 Grad) und ist nur f\u00fcr Baden bestimmt. Hydrokinesiotherapie wird nach der Patientendiagnose durchgef\u00fchrt. Das Programm wurde f\u00fcr die Patienten mit neurologischen, orthop\u00e4dischen, traumatischen, rheumatischen und Kardiovaskul\u00e4rerkrankungen entwickelt. Neben der klassischen Hydrokinesiotherapie wird auch das spezifische...","og_url":"https:\/\/www.sbkt.hr\/DE\/therapien\/","og_site_name":"sbkt.hr","article_modified_time":"2017-12-04T16:40:55+00:00","twitter_card":"summary_large_image","twitter_misc":{"Procijenjeno vrijeme \u010ditanja":"1 minuta"},"schema":{"@context":"https:\/\/schema.org","@graph":[{"@type":"WebPage","@id":"https:\/\/www.sbkt.hr\/DE\/therapien\/","url":"https:\/\/www.sbkt.hr\/DE\/therapien\/","name":"Therapien - sbkt.hr","isPartOf":{"@id":"https:\/\/www.sbkt.hr\/DE\/#website"},"datePublished":"2017-12-01T20:31:47+00:00","dateModified":"2017-12-04T16:40:55+00:00","breadcrumb":{"@id":"https:\/\/www.sbkt.hr\/DE\/therapien\/#breadcrumb"},"inLanguage":"hr","potentialAction":[{"@type":"ReadAction","target":["https:\/\/www.sbkt.hr\/DE\/therapien\/"]}]},{"@type":"BreadcrumbList","@id":"https:\/\/www.sbkt.hr\/DE\/therapien\/#breadcrumb","itemListElement":[{"@type":"ListItem","position":1,"name":"Naslovna","item":"https:\/\/www.sbkt.hr\/DE\/"},{"@type":"ListItem","position":2,"name":"Therapien"}]},{"@type":"WebSite","@id":"https:\/\/www.sbkt.hr\/DE\/#website","url":"https:\/\/www.sbkt.hr\/DE\/","name":"sbkt.hr","description":"Specijalna bolnica za medicinsku rehabilitaciju","potentialAction":[{"@type":"SearchAction","target":{"@type":"EntryPoint","urlTemplate":"https:\/\/www.sbkt.hr\/DE\/?s={search_term_string}"},"query-input":{"@type":"PropertyValueSpecification","valueRequired":true,"valueName":"search_term_string"}}],"inLanguage":"hr"}]}},"_links":{"self":[{"href":"https:\/\/www.sbkt.hr\/DE\/wp-json\/wp\/v2\/pages\/2274","targetHints":{"allow":["GET"]}}],"collection":[{"href":"https:\/\/www.sbkt.hr\/DE\/wp-json\/wp\/v2\/pages"}],"about":[{"href":"https:\/\/www.sbkt.hr\/DE\/wp-json\/wp\/v2\/types\/page"}],"author":[{"embeddable":true,"href":"https:\/\/www.sbkt.hr\/DE\/wp-json\/wp\/v2\/users\/1"}],"replies":[{"embeddable":true,"href":"https:\/\/www.sbkt.hr\/DE\/wp-json\/wp\/v2\/comments?post=2274"}],"version-history":[{"count":3,"href":"https:\/\/www.sbkt.hr\/DE\/wp-json\/wp\/v2\/pages\/2274\/revisions"}],"predecessor-version":[{"id":2299,"href":"https:\/\/www.sbkt.hr\/DE\/wp-json\/wp\/v2\/pages\/2274\/revisions\/2299"}],"wp:attachment":[{"href":"https:\/\/www.sbkt.hr\/DE\/wp-json\/wp\/v2\/media?parent=2274"}],"curies":[{"name":"wp","href":"https:\/\/api.w.org\/{rel}","templated":true}]}}