{"id":10435,"date":"2025-05-22T14:12:35","date_gmt":"2025-05-22T12:12:35","guid":{"rendered":"https:\/\/www.sbkt.hr\/KT\/?page_id=10435"},"modified":"2025-05-22T14:30:07","modified_gmt":"2025-05-22T12:30:07","slug":"programi-medicinskog-wellnessa","status":"publish","type":"page","link":"https:\/\/www.sbkt.hr\/KT\/programi-medicinskog-wellnessa\/","title":{"rendered":"Programi medicinskog wellnessa"},"content":{"rendered":"<p><strong>REHABILITACIJSKI <\/strong><strong>PROGRAM NAKON TEP-a KUKA<\/strong><\/p>\n<p>( rehabilitacijski program namijenjen korisnicima nakon ugradnje totalne endoproteze kuka)<\/p>\n<p>&nbsp;<\/p>\n<p>Cilj programa je pobolj\u0161anje pokretljivosti operiranog zgloba, kori\u0161tenja pomagala za hod, smanjenje edema i bolova te pove\u0107anje opsega pokreta uz ja\u010danje oslabljene muskulature i pobolj\u0161anja op\u0107eg kondicionog statusa. Ciljevi rehabilitacije prilago\u0111eni su individualno ovisno o \u017eeljama i potrebama pacijenta, prije svega s ciljem postizanja samostalnosti u aktivnostima svakodnevnog \u017eivota, a potom i pune aktivnosti i participacije vezano za dru\u0161tveni \u017eivot i profesionalne obveze.<\/p>\n<p><strong>Sadr\u017eaj programa<\/strong>:<\/p>\n<ul>\n<li>po\u010detni i zavr\u0161ni pregled lije\u010dnika, specijaliste fizikalne medicine i rehabilitacije<\/li>\n<li>po\u010detna i zavr\u0161na fizioterapeutska procjena i evaluacija<\/li>\n<li>individualna medicinska gimnastika<\/li>\n<li>edukacija transfera i kori\u0161tenja pomagala<\/li>\n<li>kriokompresija<\/li>\n<li>elektroterapija<\/li>\n<li>hidrogimnastika<\/li>\n<\/ul>\n<p>Trajanje programa ovisi o potrebi korisnika i indikaciji lije\u010dnika, uz preporuku za minimalno 15 terapijskih dana.<\/p>\n<p>&nbsp;<\/p>\n<p>&nbsp;<\/p>\n<p><strong>REHABILITACIJSKI PROGRAM NAKON TEP-a KOLJENA<\/strong><\/p>\n<p>( rehabilitacijski program namijenjen korisnicima nakon ugradnje totalne endoproteze koljena)<\/p>\n<p>&nbsp;<\/p>\n<p>Cilj programa je obnavljanje funkcionalnosti, pove\u0107anje pokretljivosti uz pove\u0107anje opsega pokreta, smanjenje boli i upale, prevenciju daljnjih ozljeda te povratak pacijenta u svakodnevni \u017eivot s pobolj\u0161anom stabilno\u0161\u0107u i snagom.<\/p>\n<p><strong>Sadr\u017eaj programa:<\/strong><\/p>\n<ul>\n<li>po\u010detni i zavr\u0161ni pregled lije\u010dnika, specijaliste fizikalne medicine i rehabilitacije<\/li>\n<li>po\u010detna i zavr\u0161na fizioterapeutska procjena i evaluacija<\/li>\n<li>individualna medicinska gimnastika<\/li>\n<li>kriokompresija<\/li>\n<li>elektroterapija<\/li>\n<li>hidrogimnastika<\/li>\n<\/ul>\n<p>Trajanje programa ovisi o potrebi korisnika i indikaciji lije\u010dnika, uz preporuku za minimalno 15 terapijskih dana.<\/p>\n<p>&nbsp;<\/p>\n<p>&nbsp;<\/p>\n<p><strong>REHABILITACIJSKI PROGRAM BOLNIH STANJA KRALJE\u017dNICE<\/strong><\/p>\n<p>( rehabilitacijski program namijenjen korisnicima s kri\u017eoboljom, vratoboljom ili nakon operativnog zahvata na\u00a0 kralje\u017enici)<\/p>\n<p>&nbsp;<\/p>\n<p>Cilj programa je pobolj\u0161anje pokretljivosti uz pove\u0107anje opsega pokreta i ja\u010danje oslabljene muskulature te stabilizacija i pobolj\u0161anje cjelokupne koordinacije trupa. Smanjenje boli, ve\u0107a mobilnost i stabilnost trupa. Edukacija pacijenta o za\u0161titnim polo\u017eajima i te\u017einskom optere\u0107enju\u00a0 preduvjeti su\u00a0 za osposobljenost pacijenta za samostalno obavljanje aktivnosti svakodnevnog \u017eivota, te povratak korisnika, ako je mogu\u0107e i u sport.<\/p>\n<p><strong>Sadr\u017eaj programa:<\/strong><\/p>\n<ul>\n<li>po\u010detni i zavr\u0161ni pregled lije\u010dnika, specijaliste fizikalne medicine i rehabilitacije<\/li>\n<li>po\u010detna i zavr\u0161na fizioterapeutska procjena i evaluacija<\/li>\n<li>individualna ili grupna medicinska gimnastika<\/li>\n<li>hidrogimnastika<\/li>\n<li>elektroterapija<\/li>\n<\/ul>\n<p>Trajanje programa ovisi o potrebi korisnika i indikaciji lije\u010dnika, uz preporuku za minimalno 15 terapijskih dana.<\/p>\n<p>&nbsp;<\/p>\n<p>&nbsp;<\/p>\n<p><strong>REHABILITACIJSKI PROGRAM NAKON SR\u010cANOG UDARA<\/strong><\/p>\n<p>( rehabilitacijski program namijenjen korisnicima nakon preboljenja sr\u010danog udara )<\/p>\n<p>&nbsp;<\/p>\n<p>Cilj programa je postizanje maksimalnog funkcionalnog kardiorespiratornog kapaciteta i sekundarna prevencija faktora rizika uz edukaciju. Potrebno je usvajanje\u00a0 navika\u00a0 zdrave prehrane i redovite tjelovje\u017ebe uz pobolj\u0161anje op\u0107eg kondicionog stanja i pove\u0107anja respiratornog kapaciteta.<\/p>\n<p><strong>Sadr\u017eaj programa:<\/strong><\/p>\n<ul>\n<li>po\u010detni i zavr\u0161ni pregled lije\u010dnika, specijalist internist\/kardiolog<\/li>\n<li>ergometrija<\/li>\n<li>spirometrija<\/li>\n<li>po\u010detna i zavr\u0161na fizioterapeutska procjena i evaluacija<\/li>\n<li>grupna medicinska gimnastika<\/li>\n<li>trening na ergometar biciklu<\/li>\n<li>hidrogimnastika<\/li>\n<li>respiratorni trening<\/li>\n<li>psiholo\u0161ka evaluacija<\/li>\n<li>nutricionisti\u010dko savjetovanje<\/li>\n<\/ul>\n<p>Trajanje programa ovisi o potrebi korisnika i indikaciji lije\u010dnika, uz preporuku za minimalno 21 terapijskih dana.<\/p>\n<p>&nbsp;<\/p>\n<p>&nbsp;<\/p>\n<p><strong>REHABILITACIJSKI PROGRAM\u00a0 NAKON MO\u017dDANOG UDARA<\/strong><\/p>\n<p>( rehabilitacijski program namijenjen korisnicima nakon\u00a0 preboljenja mo\u017edanog udara)<\/p>\n<p>&nbsp;<\/p>\n<p>Cilj programa je uspostaviti maksimalnu neuromotornu aktivnost i participaciju. Pobolj\u0161anje pokretljivosti uz neuromi\u0161i\u0107nu reedukaciju, pove\u0107anje opsega pokreta te ja\u010danje oslabljene muskulature. Cilj je stabilizacija i pobolj\u0161anje cjelokupne koordinacije trupa te pobolj\u0161anje brzine i spretnosti u aktivnostima svakodnevnog \u017eivota i rekreativnim aktivnostima. Tako\u0111er je cilj suportirati kognitivne i govorne funkcije, ovisno o stupnju o\u0161te\u0107enja.<\/p>\n<p><strong>Sadr\u017eaj programa:<\/strong><\/p>\n<ul>\n<li>po\u010detni i zavr\u0161ni pregled lije\u010dnika, specijaliste fizikalne medicine i rehabilitacije<\/li>\n<li>po\u010detna i zavr\u0161na fizioterapeutska procjena i evaluacija<\/li>\n<li>neuromi\u0161i\u0107na reedukacija<\/li>\n<li>hidrogimnastika<\/li>\n<li>elektroterapija<\/li>\n<li>radna terapija<\/li>\n<li>logopedska procjena i terapija<\/li>\n<li>psiholo\u0161ka procjena i terapija<\/li>\n<\/ul>\n<p>Trajanje programa ovisi o potrebi korisnika i indikaciji lije\u010dnika, uz preporuku za minimalno 21 terapijskih dana.<\/p>\n<p>&nbsp;<\/p>\n<p>&nbsp;<\/p>\n<p><strong>TOPLI\u010cKI REVITAL PROGRAM<\/strong><\/p>\n<p>( wellness program namijenjen radno- aktivnoj populaciji)<\/p>\n<p>&nbsp;<\/p>\n<p>Cilj programa je pobolj\u0161anje cirkulacije i prokrvljenosti uz\u00a0 relaksiraju\u0107i\u00a0 i opu\u0161taju\u0107i efekt\u00a0 topli\u010dke\u00a0 masa\u017ee\u00a0 s elementima istezanja. Izravni pritisci na stopalu u vidu reflekso masa\u017ee\u00a0 predstavljaju blagotvorni u\u010dinak na sve organe tijela posebno na ravnomjerno i smireno disanje. Plivanje u bazenu s hipertermalnom vodom, uz tu\u0161iranje mlakom vodom svakih 15 minuta djeluje blagotvorno na cjelokupni organizam, te\u00a0 na taj na\u010din otklanja nakupljeni stres.<\/p>\n<p><strong>Sadr\u017eaj programa:<\/strong><\/p>\n<ul>\n<li>pregled lije\u010dnika, specijaliste fizikalne medicine i rehabilitacije<\/li>\n<li>topli\u010dka masa\u017ea s elementima istezanja<\/li>\n<li>refleksna masa\u017ea stopala<\/li>\n<li>slobodno plivanje u bazenu<\/li>\n<li>revitaliziraju\u0107i napitak<\/li>\n<\/ul>\n<p>Revitaliziraju\u0107i napitak poma\u017ee kao preventiva koja stvara dodatni\u00a0 imunolo\u0161ki sustav za spre\u010davanje infekcija te daje dodatnu energiju organizmu. Primjenom ovog wellness paketa, pobolj\u0161ava se\u00a0 mentalno i fizi\u010dko zdravlje te\u00a0 dolazi\u00a0 do smanjenja stresa i napetosti te pove\u0107anja mobilnosti \u0161to je preduvjet za\u00a0 normalno funkcioniranje u aktivnostima svakodnevnog \u017eivota.<\/p>\n<p>Trajanje programa ovisi o potrebi\u00a0 i \u017eeljama korisnika.<\/p>\n","protected":false},"excerpt":{"rendered":"<p>REHABILITACIJSKI PROGRAM NAKON TEP-a KUKA ( rehabilitacijski program namijenjen korisnicima nakon ugradnje totalne endoproteze kuka) &nbsp; Cilj programa je pobolj\u0161anje pokretljivosti operiranog zgloba, kori\u0161tenja pomagala za hod, smanjenje edema i bolova te pove\u0107anje opsega pokreta uz ja\u010danje oslabljene muskulature i pobolj\u0161anja op\u0107eg kondicionog statusa. Ciljevi rehabilitacije prilago\u0111eni su individualno ovisno o \u017eeljama i potrebama pacijenta,&#8230; <\/p>\n","protected":false},"author":1,"featured_media":0,"parent":0,"menu_order":0,"comment_status":"closed","ping_status":"closed","template":"","meta":{"footnotes":""},"class_list":["post-10435","page","type-page","status-publish","hentry"],"yoast_head":"<!-- This site is optimized with the Yoast SEO plugin v24.9 - https:\/\/yoast.com\/wordpress\/plugins\/seo\/ -->\n<title>Programi medicinskog wellnessa - sbkt.hr<\/title>\n<meta name=\"robots\" content=\"index, follow, max-snippet:-1, max-image-preview:large, max-video-preview:-1\" \/>\n<link rel=\"canonical\" href=\"https:\/\/www.sbkt.hr\/KT\/programi-medicinskog-wellnessa\/\" \/>\n<meta property=\"og:locale\" content=\"hr_HR\" \/>\n<meta property=\"og:type\" content=\"article\" \/>\n<meta property=\"og:title\" content=\"Programi medicinskog wellnessa - sbkt.hr\" \/>\n<meta property=\"og:description\" content=\"REHABILITACIJSKI PROGRAM NAKON TEP-a KUKA ( rehabilitacijski program namijenjen korisnicima nakon ugradnje totalne endoproteze kuka) &nbsp; Cilj programa je pobolj\u0161anje pokretljivosti operiranog zgloba, kori\u0161tenja pomagala za hod, smanjenje edema i bolova te pove\u0107anje opsega pokreta uz ja\u010danje oslabljene muskulature i pobolj\u0161anja op\u0107eg kondicionog statusa. Ciljevi rehabilitacije prilago\u0111eni su individualno ovisno o \u017eeljama i potrebama pacijenta,...\" \/>\n<meta property=\"og:url\" content=\"https:\/\/www.sbkt.hr\/KT\/programi-medicinskog-wellnessa\/\" \/>\n<meta property=\"og:site_name\" content=\"sbkt.hr\" \/>\n<meta property=\"article:modified_time\" content=\"2025-05-22T12:30:07+00:00\" \/>\n<meta name=\"twitter:card\" content=\"summary_large_image\" \/>\n<meta name=\"twitter:label1\" content=\"Procijenjeno vrijeme \u010ditanja\" \/>\n\t<meta name=\"twitter:data1\" content=\"4 minute\" \/>\n<script type=\"application\/ld+json\" class=\"yoast-schema-graph\">{\"@context\":\"https:\/\/schema.org\",\"@graph\":[{\"@type\":\"WebPage\",\"@id\":\"https:\/\/www.sbkt.hr\/KT\/programi-medicinskog-wellnessa\/\",\"url\":\"https:\/\/www.sbkt.hr\/KT\/programi-medicinskog-wellnessa\/\",\"name\":\"Programi medicinskog wellnessa - sbkt.hr\",\"isPartOf\":{\"@id\":\"https:\/\/www.sbkt.hr\/KT\/#website\"},\"datePublished\":\"2025-05-22T12:12:35+00:00\",\"dateModified\":\"2025-05-22T12:30:07+00:00\",\"breadcrumb\":{\"@id\":\"https:\/\/www.sbkt.hr\/KT\/programi-medicinskog-wellnessa\/#breadcrumb\"},\"inLanguage\":\"hr\",\"potentialAction\":[{\"@type\":\"ReadAction\",\"target\":[\"https:\/\/www.sbkt.hr\/KT\/programi-medicinskog-wellnessa\/\"]}]},{\"@type\":\"BreadcrumbList\",\"@id\":\"https:\/\/www.sbkt.hr\/KT\/programi-medicinskog-wellnessa\/#breadcrumb\",\"itemListElement\":[{\"@type\":\"ListItem\",\"position\":1,\"name\":\"Naslovna\",\"item\":\"https:\/\/www.sbkt.hr\/KT\/\"},{\"@type\":\"ListItem\",\"position\":2,\"name\":\"Programi medicinskog wellnessa\"}]},{\"@type\":\"WebSite\",\"@id\":\"https:\/\/www.sbkt.hr\/KT\/#website\",\"url\":\"https:\/\/www.sbkt.hr\/KT\/\",\"name\":\"sbkt.hr\",\"description\":\"Specijalna bolnica za medicinsku rehabilitaciju\",\"potentialAction\":[{\"@type\":\"SearchAction\",\"target\":{\"@type\":\"EntryPoint\",\"urlTemplate\":\"https:\/\/www.sbkt.hr\/KT\/?s={search_term_string}\"},\"query-input\":{\"@type\":\"PropertyValueSpecification\",\"valueRequired\":true,\"valueName\":\"search_term_string\"}}],\"inLanguage\":\"hr\"}]}<\/script>\n<!-- \/ Yoast SEO plugin. -->","yoast_head_json":{"title":"Programi medicinskog wellnessa - sbkt.hr","robots":{"index":"index","follow":"follow","max-snippet":"max-snippet:-1","max-image-preview":"max-image-preview:large","max-video-preview":"max-video-preview:-1"},"canonical":"https:\/\/www.sbkt.hr\/KT\/programi-medicinskog-wellnessa\/","og_locale":"hr_HR","og_type":"article","og_title":"Programi medicinskog wellnessa - sbkt.hr","og_description":"REHABILITACIJSKI PROGRAM NAKON TEP-a KUKA ( rehabilitacijski program namijenjen korisnicima nakon ugradnje totalne endoproteze kuka) &nbsp; Cilj programa je pobolj\u0161anje pokretljivosti operiranog zgloba, kori\u0161tenja pomagala za hod, smanjenje edema i bolova te pove\u0107anje opsega pokreta uz ja\u010danje oslabljene muskulature i pobolj\u0161anja op\u0107eg kondicionog statusa. Ciljevi rehabilitacije prilago\u0111eni su individualno ovisno o \u017eeljama i potrebama pacijenta,...","og_url":"https:\/\/www.sbkt.hr\/KT\/programi-medicinskog-wellnessa\/","og_site_name":"sbkt.hr","article_modified_time":"2025-05-22T12:30:07+00:00","twitter_card":"summary_large_image","twitter_misc":{"Procijenjeno vrijeme \u010ditanja":"4 minute"},"schema":{"@context":"https:\/\/schema.org","@graph":[{"@type":"WebPage","@id":"https:\/\/www.sbkt.hr\/KT\/programi-medicinskog-wellnessa\/","url":"https:\/\/www.sbkt.hr\/KT\/programi-medicinskog-wellnessa\/","name":"Programi medicinskog wellnessa - sbkt.hr","isPartOf":{"@id":"https:\/\/www.sbkt.hr\/KT\/#website"},"datePublished":"2025-05-22T12:12:35+00:00","dateModified":"2025-05-22T12:30:07+00:00","breadcrumb":{"@id":"https:\/\/www.sbkt.hr\/KT\/programi-medicinskog-wellnessa\/#breadcrumb"},"inLanguage":"hr","potentialAction":[{"@type":"ReadAction","target":["https:\/\/www.sbkt.hr\/KT\/programi-medicinskog-wellnessa\/"]}]},{"@type":"BreadcrumbList","@id":"https:\/\/www.sbkt.hr\/KT\/programi-medicinskog-wellnessa\/#breadcrumb","itemListElement":[{"@type":"ListItem","position":1,"name":"Naslovna","item":"https:\/\/www.sbkt.hr\/KT\/"},{"@type":"ListItem","position":2,"name":"Programi medicinskog wellnessa"}]},{"@type":"WebSite","@id":"https:\/\/www.sbkt.hr\/KT\/#website","url":"https:\/\/www.sbkt.hr\/KT\/","name":"sbkt.hr","description":"Specijalna bolnica za medicinsku rehabilitaciju","potentialAction":[{"@type":"SearchAction","target":{"@type":"EntryPoint","urlTemplate":"https:\/\/www.sbkt.hr\/KT\/?s={search_term_string}"},"query-input":{"@type":"PropertyValueSpecification","valueRequired":true,"valueName":"search_term_string"}}],"inLanguage":"hr"}]}},"_links":{"self":[{"href":"https:\/\/www.sbkt.hr\/KT\/wp-json\/wp\/v2\/pages\/10435","targetHints":{"allow":["GET"]}}],"collection":[{"href":"https:\/\/www.sbkt.hr\/KT\/wp-json\/wp\/v2\/pages"}],"about":[{"href":"https:\/\/www.sbkt.hr\/KT\/wp-json\/wp\/v2\/types\/page"}],"author":[{"embeddable":true,"href":"https:\/\/www.sbkt.hr\/KT\/wp-json\/wp\/v2\/users\/1"}],"replies":[{"embeddable":true,"href":"https:\/\/www.sbkt.hr\/KT\/wp-json\/wp\/v2\/comments?post=10435"}],"version-history":[{"count":2,"href":"https:\/\/www.sbkt.hr\/KT\/wp-json\/wp\/v2\/pages\/10435\/revisions"}],"predecessor-version":[{"id":10437,"href":"https:\/\/www.sbkt.hr\/KT\/wp-json\/wp\/v2\/pages\/10435\/revisions\/10437"}],"wp:attachment":[{"href":"https:\/\/www.sbkt.hr\/KT\/wp-json\/wp\/v2\/media?parent=10435"}],"curies":[{"name":"wp","href":"https:\/\/api.w.org\/{rel}","templated":true}]}}