{"id":1214,"date":"2017-05-27T15:55:51","date_gmt":"2017-05-27T13:55:51","guid":{"rendered":"http:\/\/www.sbkt.hr\/KT\/?page_id=1214"},"modified":"2025-01-03T16:03:55","modified_gmt":"2025-01-03T15:03:55","slug":"sistematski-pregledi","status":"publish","type":"page","link":"https:\/\/www.sbkt.hr\/KT\/sistematski-pregledi\/","title":{"rendered":"Sistematski pregledi"},"content":{"rendered":"<h3>Cjenik sistematskih pregleda:<\/h3>\n<p>&nbsp;<\/p>\n<h4>SISTEMATSKI PREGLED SP-1<\/h4>\n<ul>\n<li>Specijalisti\u010dki pregled interniste\/kardiologa<\/li>\n<li>EKG<\/li>\n<li>Spirometrija<\/li>\n<li>Ergometrija<\/li>\n<li>Ultrazvu\u010dna pretraga srca uz Color Doppler<\/li>\n<li>RTG srca i plu\u0107a<\/li>\n<li>Ultrazvu\u010dna pretraga abdomena<\/li>\n<li>Doppler krvnih \u017eila vrata<\/li>\n<li>Transkranijalni doppler (krvne \u017eile mozga)<\/li>\n<li>LABORATORIJ: kompletna krvna slika, sedimentacija eritrocita, TSH, fT4, \u0161e\u0107er u krvi, mokra\u0107na kiselina, lipidogram, jetrene probe, urea, kreatinin, kalij, natrij, urin.<\/li>\n<\/ul>\n<h4><\/h4>\n<p><strong>Cijena: 310,00 \u20ac<\/strong><\/p>\n<p>&nbsp;<\/p>\n<p>&nbsp;<\/p>\n<h4>SISTEMATSKI PREGLED SP-2<\/h4>\n<ul>\n<li>Specijalisti\u010dki pregled interniste\/kardiologa<\/li>\n<li>EKG<\/li>\n<li>Spirometrija<\/li>\n<li>Ergometrija<\/li>\n<li>Ultrazvu\u010dna pretraga srca uz Color Doppler<\/li>\n<li>RTG srca i plu\u0107a<\/li>\n<li>Ultrazvu\u010dna pretraga abdomena<\/li>\n<li>LABORATORIJ: kompletna krvna slika, sedimentacija eritrocita, TSH, fT4, \u0161e\u0107er u krvi, mokra\u0107na kiselina, lipidogram, jetrene probe, kreatinin, kalij, natrij, urin.<\/li>\n<\/ul>\n<h4><\/h4>\n<p><strong>Cijena: 240,00 \u20ac<\/strong><\/p>\n<p>&nbsp;<\/p>\n<h4><\/h4>\n<h4>SISTEMATSKI PREGLED SP-3<\/h4>\n<ul>\n<li>Specijalisti\u010dki pregled interniste\/kardiologa<\/li>\n<li>EKG<\/li>\n<li>Spirometrija<\/li>\n<li>Ergometrija<\/li>\n<li>RTG srca i plu\u0107a<\/li>\n<li>Ultrazvu\u010dna pretraga abdomena<\/li>\n<li>LABORATORIJ: kompletna krvna slika, \u0161e\u0107er u krvi, mokra\u0107na kiselina, lipidogram, jetrene probe, kreatinin, kalij, natrij, urin<\/li>\n<\/ul>\n<h4><\/h4>\n<p><strong>Cijena: 200,00 \u20ac<\/strong><\/p>\n<p>&nbsp;<\/p>\n<p>&nbsp;<\/p>\n<h4>SISTEMATSKI PREGLED SP-4<\/h4>\n<ul>\n<li>Specijalisti\u010dki pregled interniste\/kardiologa<\/li>\n<li>EKG<\/li>\n<li>Spirometrija<\/li>\n<li>Ergometrija<\/li>\n<li>LABORATORIJ: kompletna krvna slika, \u0161e\u0107er u krvi, lipidogram, kreatinin, urin.<\/li>\n<\/ul>\n<h4><\/h4>\n<p><strong>Cijena: 120,00 \u20ac<\/strong><\/p>\n<p>&nbsp;<\/p>\n<h4><\/h4>\n<h4>SISTEMATSKI PREGLED SP-5<\/h4>\n<ul>\n<li>Specijalisti\u010dki pregled interniste\/kardiologa<\/li>\n<li>EKG<\/li>\n<li>Ergometrija<\/li>\n<li>LABORATORIJ: kompletna krvna slika, \u0161e\u0107er u krvi, lipidogram, urin<\/li>\n<\/ul>\n<h4><\/h4>\n<p><strong>Cijena: 105,00 \u20ac<\/strong><\/p>\n<p>&nbsp;<\/p>\n<p>&nbsp;<\/p>\n<p>Medicinske usluge oslobo\u0111ene su pla\u0107anja PDV-a, a u cijenama svih oporezivih usluga ura\u010dunat je PDV.<\/p>\n<p>Odlukom Ravnatelja mogu se odobriti promotivne cijene i popusti.<\/p>\n<p>Danom primjene ovog Cjenika prestaju va\u017eiti cijene iz Cjenika broj 05-31\/2-2024 s primjenom od travnja 2024. godine.<\/p>\n<p>Cijene u ovom cjeniku primjenjuju se od 06.01.2025. godine.<\/p>\n","protected":false},"excerpt":{"rendered":"<p>Cjenik sistematskih pregleda: &nbsp; SISTEMATSKI PREGLED SP-1 Specijalisti\u010dki pregled interniste\/kardiologa EKG Spirometrija Ergometrija Ultrazvu\u010dna pretraga srca uz Color Doppler RTG srca i plu\u0107a Ultrazvu\u010dna pretraga abdomena Doppler krvnih \u017eila vrata Transkranijalni doppler (krvne \u017eile mozga) LABORATORIJ: kompletna krvna slika, sedimentacija eritrocita, TSH, fT4, \u0161e\u0107er u krvi, mokra\u0107na kiselina, lipidogram, jetrene probe, urea, kreatinin, kalij, natrij,&#8230; <\/p>\n","protected":false},"author":1,"featured_media":0,"parent":0,"menu_order":0,"comment_status":"closed","ping_status":"closed","template":"","meta":{"footnotes":""},"class_list":["post-1214","page","type-page","status-publish","hentry"],"yoast_head":"<!-- This site is optimized with the Yoast SEO plugin v24.9 - https:\/\/yoast.com\/wordpress\/plugins\/seo\/ -->\n<title>Sistematski pregledi - sbkt.hr<\/title>\n<meta name=\"robots\" content=\"index, follow, max-snippet:-1, max-image-preview:large, max-video-preview:-1\" \/>\n<link rel=\"canonical\" href=\"https:\/\/www.sbkt.hr\/KT\/sistematski-pregledi\/\" \/>\n<meta property=\"og:locale\" content=\"hr_HR\" \/>\n<meta property=\"og:type\" content=\"article\" \/>\n<meta property=\"og:title\" content=\"Sistematski pregledi - sbkt.hr\" \/>\n<meta property=\"og:description\" content=\"Cjenik sistematskih pregleda: &nbsp; SISTEMATSKI PREGLED SP-1 Specijalisti\u010dki pregled interniste\/kardiologa EKG Spirometrija Ergometrija Ultrazvu\u010dna pretraga srca uz Color Doppler RTG srca i plu\u0107a Ultrazvu\u010dna pretraga abdomena Doppler krvnih \u017eila vrata Transkranijalni doppler (krvne \u017eile mozga) LABORATORIJ: kompletna krvna slika, sedimentacija eritrocita, TSH, fT4, \u0161e\u0107er u krvi, mokra\u0107na kiselina, lipidogram, jetrene probe, urea, kreatinin, kalij, natrij,...\" \/>\n<meta property=\"og:url\" content=\"https:\/\/www.sbkt.hr\/KT\/sistematski-pregledi\/\" \/>\n<meta property=\"og:site_name\" content=\"sbkt.hr\" \/>\n<meta property=\"article:modified_time\" content=\"2025-01-03T15:03:55+00:00\" \/>\n<meta name=\"twitter:card\" content=\"summary_large_image\" \/>\n<meta name=\"twitter:label1\" content=\"Procijenjeno vrijeme \u010ditanja\" \/>\n\t<meta name=\"twitter:data1\" content=\"1 minuta\" \/>\n<script type=\"application\/ld+json\" class=\"yoast-schema-graph\">{\"@context\":\"https:\/\/schema.org\",\"@graph\":[{\"@type\":\"WebPage\",\"@id\":\"https:\/\/www.sbkt.hr\/KT\/sistematski-pregledi\/\",\"url\":\"https:\/\/www.sbkt.hr\/KT\/sistematski-pregledi\/\",\"name\":\"Sistematski pregledi - sbkt.hr\",\"isPartOf\":{\"@id\":\"https:\/\/www.sbkt.hr\/KT\/#website\"},\"datePublished\":\"2017-05-27T13:55:51+00:00\",\"dateModified\":\"2025-01-03T15:03:55+00:00\",\"breadcrumb\":{\"@id\":\"https:\/\/www.sbkt.hr\/KT\/sistematski-pregledi\/#breadcrumb\"},\"inLanguage\":\"hr\",\"potentialAction\":[{\"@type\":\"ReadAction\",\"target\":[\"https:\/\/www.sbkt.hr\/KT\/sistematski-pregledi\/\"]}]},{\"@type\":\"BreadcrumbList\",\"@id\":\"https:\/\/www.sbkt.hr\/KT\/sistematski-pregledi\/#breadcrumb\",\"itemListElement\":[{\"@type\":\"ListItem\",\"position\":1,\"name\":\"Naslovna\",\"item\":\"https:\/\/www.sbkt.hr\/KT\/\"},{\"@type\":\"ListItem\",\"position\":2,\"name\":\"Sistematski pregledi\"}]},{\"@type\":\"WebSite\",\"@id\":\"https:\/\/www.sbkt.hr\/KT\/#website\",\"url\":\"https:\/\/www.sbkt.hr\/KT\/\",\"name\":\"sbkt.hr\",\"description\":\"Specijalna bolnica za medicinsku rehabilitaciju\",\"potentialAction\":[{\"@type\":\"SearchAction\",\"target\":{\"@type\":\"EntryPoint\",\"urlTemplate\":\"https:\/\/www.sbkt.hr\/KT\/?s={search_term_string}\"},\"query-input\":{\"@type\":\"PropertyValueSpecification\",\"valueRequired\":true,\"valueName\":\"search_term_string\"}}],\"inLanguage\":\"hr\"}]}<\/script>\n<!-- \/ Yoast SEO plugin. -->","yoast_head_json":{"title":"Sistematski pregledi - sbkt.hr","robots":{"index":"index","follow":"follow","max-snippet":"max-snippet:-1","max-image-preview":"max-image-preview:large","max-video-preview":"max-video-preview:-1"},"canonical":"https:\/\/www.sbkt.hr\/KT\/sistematski-pregledi\/","og_locale":"hr_HR","og_type":"article","og_title":"Sistematski pregledi - sbkt.hr","og_description":"Cjenik sistematskih pregleda: &nbsp; SISTEMATSKI PREGLED SP-1 Specijalisti\u010dki pregled interniste\/kardiologa EKG Spirometrija Ergometrija Ultrazvu\u010dna pretraga srca uz Color Doppler RTG srca i plu\u0107a Ultrazvu\u010dna pretraga abdomena Doppler krvnih \u017eila vrata Transkranijalni doppler (krvne \u017eile mozga) LABORATORIJ: kompletna krvna slika, sedimentacija eritrocita, TSH, fT4, \u0161e\u0107er u krvi, mokra\u0107na kiselina, lipidogram, jetrene probe, urea, kreatinin, kalij, natrij,...","og_url":"https:\/\/www.sbkt.hr\/KT\/sistematski-pregledi\/","og_site_name":"sbkt.hr","article_modified_time":"2025-01-03T15:03:55+00:00","twitter_card":"summary_large_image","twitter_misc":{"Procijenjeno vrijeme \u010ditanja":"1 minuta"},"schema":{"@context":"https:\/\/schema.org","@graph":[{"@type":"WebPage","@id":"https:\/\/www.sbkt.hr\/KT\/sistematski-pregledi\/","url":"https:\/\/www.sbkt.hr\/KT\/sistematski-pregledi\/","name":"Sistematski pregledi - sbkt.hr","isPartOf":{"@id":"https:\/\/www.sbkt.hr\/KT\/#website"},"datePublished":"2017-05-27T13:55:51+00:00","dateModified":"2025-01-03T15:03:55+00:00","breadcrumb":{"@id":"https:\/\/www.sbkt.hr\/KT\/sistematski-pregledi\/#breadcrumb"},"inLanguage":"hr","potentialAction":[{"@type":"ReadAction","target":["https:\/\/www.sbkt.hr\/KT\/sistematski-pregledi\/"]}]},{"@type":"BreadcrumbList","@id":"https:\/\/www.sbkt.hr\/KT\/sistematski-pregledi\/#breadcrumb","itemListElement":[{"@type":"ListItem","position":1,"name":"Naslovna","item":"https:\/\/www.sbkt.hr\/KT\/"},{"@type":"ListItem","position":2,"name":"Sistematski pregledi"}]},{"@type":"WebSite","@id":"https:\/\/www.sbkt.hr\/KT\/#website","url":"https:\/\/www.sbkt.hr\/KT\/","name":"sbkt.hr","description":"Specijalna bolnica za medicinsku rehabilitaciju","potentialAction":[{"@type":"SearchAction","target":{"@type":"EntryPoint","urlTemplate":"https:\/\/www.sbkt.hr\/KT\/?s={search_term_string}"},"query-input":{"@type":"PropertyValueSpecification","valueRequired":true,"valueName":"search_term_string"}}],"inLanguage":"hr"}]}},"_links":{"self":[{"href":"https:\/\/www.sbkt.hr\/KT\/wp-json\/wp\/v2\/pages\/1214","targetHints":{"allow":["GET"]}}],"collection":[{"href":"https:\/\/www.sbkt.hr\/KT\/wp-json\/wp\/v2\/pages"}],"about":[{"href":"https:\/\/www.sbkt.hr\/KT\/wp-json\/wp\/v2\/types\/page"}],"author":[{"embeddable":true,"href":"https:\/\/www.sbkt.hr\/KT\/wp-json\/wp\/v2\/users\/1"}],"replies":[{"embeddable":true,"href":"https:\/\/www.sbkt.hr\/KT\/wp-json\/wp\/v2\/comments?post=1214"}],"version-history":[{"count":18,"href":"https:\/\/www.sbkt.hr\/KT\/wp-json\/wp\/v2\/pages\/1214\/revisions"}],"predecessor-version":[{"id":9656,"href":"https:\/\/www.sbkt.hr\/KT\/wp-json\/wp\/v2\/pages\/1214\/revisions\/9656"}],"wp:attachment":[{"href":"https:\/\/www.sbkt.hr\/KT\/wp-json\/wp\/v2\/media?parent=1214"}],"curies":[{"name":"wp","href":"https:\/\/api.w.org\/{rel}","templated":true}]}}