{"id":1229,"date":"2017-06-03T14:34:11","date_gmt":"2017-06-03T12:34:11","guid":{"rendered":"http:\/\/www.sbkt.hr\/KT\/?page_id=1229"},"modified":"2017-06-03T14:41:03","modified_gmt":"2017-06-03T12:41:03","slug":"kako-do-nas","status":"publish","type":"page","link":"https:\/\/www.sbkt.hr\/KT\/kako-do-nas\/","title":{"rendered":"Kako do nas"},"content":{"rendered":"<h4>Polo\u017eaj na karti u odnosu na Zagreb ( udaljenost od centra Zagreba je 46km, od \u010dega 34km suvremenih cesta), pravca prema Mariboru ( 76km) i Vara\u017edinu ( udaljenost 64km):<\/h4>\n<p><iframe loading=\"lazy\" src=\"https:\/\/www.google.com\/maps\/embed?pb=!1m14!1m8!1m3!1d708005.2992186646!2d15.248851258800348!3d46.11796642441243!3m2!1i1024!2i768!4f13.1!3m3!1m2!1s0x0%3A0x29c7bbfdb4536b19!2sSpecijalna+bolnica+za+medicinsku+rehabilitaciju!5e0!3m2!1shr!2shr!4v1496493427390\" width=\"600\" height=\"800\" frameborder=\"0\" style=\"border:0\" allowfullscreen><\/iframe><\/p>\n","protected":false},"excerpt":{"rendered":"<p>Polo\u017eaj na karti u odnosu na Zagreb ( udaljenost od centra Zagreba je 46km, od \u010dega 34km suvremenih cesta), pravca prema Mariboru ( 76km) i Vara\u017edinu ( udaljenost 64km):<\/p>\n","protected":false},"author":1,"featured_media":0,"parent":0,"menu_order":0,"comment_status":"closed","ping_status":"closed","template":"","meta":{"footnotes":""},"class_list":["post-1229","page","type-page","status-publish","hentry"],"yoast_head":"<!-- This site is optimized with the Yoast SEO plugin v24.9 - https:\/\/yoast.com\/wordpress\/plugins\/seo\/ -->\n<title>Kako do nas - sbkt.hr<\/title>\n<meta name=\"robots\" content=\"index, follow, max-snippet:-1, max-image-preview:large, max-video-preview:-1\" \/>\n<link rel=\"canonical\" href=\"https:\/\/www.sbkt.hr\/KT\/kako-do-nas\/\" \/>\n<meta property=\"og:locale\" content=\"hr_HR\" \/>\n<meta property=\"og:type\" content=\"article\" \/>\n<meta property=\"og:title\" content=\"Kako do nas - sbkt.hr\" \/>\n<meta property=\"og:description\" content=\"Polo\u017eaj na karti u odnosu na Zagreb ( udaljenost od centra Zagreba je 46km, od \u010dega 34km suvremenih cesta), pravca prema Mariboru ( 76km) i Vara\u017edinu ( udaljenost 64km):\" \/>\n<meta property=\"og:url\" content=\"https:\/\/www.sbkt.hr\/KT\/kako-do-nas\/\" \/>\n<meta property=\"og:site_name\" content=\"sbkt.hr\" \/>\n<meta property=\"article:modified_time\" content=\"2017-06-03T12:41:03+00:00\" \/>\n<meta name=\"twitter:card\" content=\"summary_large_image\" \/>\n<script type=\"application\/ld+json\" class=\"yoast-schema-graph\">{\"@context\":\"https:\/\/schema.org\",\"@graph\":[{\"@type\":\"WebPage\",\"@id\":\"https:\/\/www.sbkt.hr\/KT\/kako-do-nas\/\",\"url\":\"https:\/\/www.sbkt.hr\/KT\/kako-do-nas\/\",\"name\":\"Kako do nas - sbkt.hr\",\"isPartOf\":{\"@id\":\"https:\/\/www.sbkt.hr\/KT\/#website\"},\"datePublished\":\"2017-06-03T12:34:11+00:00\",\"dateModified\":\"2017-06-03T12:41:03+00:00\",\"breadcrumb\":{\"@id\":\"https:\/\/www.sbkt.hr\/KT\/kako-do-nas\/#breadcrumb\"},\"inLanguage\":\"hr\",\"potentialAction\":[{\"@type\":\"ReadAction\",\"target\":[\"https:\/\/www.sbkt.hr\/KT\/kako-do-nas\/\"]}]},{\"@type\":\"BreadcrumbList\",\"@id\":\"https:\/\/www.sbkt.hr\/KT\/kako-do-nas\/#breadcrumb\",\"itemListElement\":[{\"@type\":\"ListItem\",\"position\":1,\"name\":\"Naslovna\",\"item\":\"https:\/\/www.sbkt.hr\/KT\/\"},{\"@type\":\"ListItem\",\"position\":2,\"name\":\"Kako do nas\"}]},{\"@type\":\"WebSite\",\"@id\":\"https:\/\/www.sbkt.hr\/KT\/#website\",\"url\":\"https:\/\/www.sbkt.hr\/KT\/\",\"name\":\"sbkt.hr\",\"description\":\"Specijalna bolnica za medicinsku rehabilitaciju\",\"potentialAction\":[{\"@type\":\"SearchAction\",\"target\":{\"@type\":\"EntryPoint\",\"urlTemplate\":\"https:\/\/www.sbkt.hr\/KT\/?s={search_term_string}\"},\"query-input\":{\"@type\":\"PropertyValueSpecification\",\"valueRequired\":true,\"valueName\":\"search_term_string\"}}],\"inLanguage\":\"hr\"}]}<\/script>\n<!-- \/ Yoast SEO plugin. -->","yoast_head_json":{"title":"Kako do nas - sbkt.hr","robots":{"index":"index","follow":"follow","max-snippet":"max-snippet:-1","max-image-preview":"max-image-preview:large","max-video-preview":"max-video-preview:-1"},"canonical":"https:\/\/www.sbkt.hr\/KT\/kako-do-nas\/","og_locale":"hr_HR","og_type":"article","og_title":"Kako do nas - sbkt.hr","og_description":"Polo\u017eaj na karti u odnosu na Zagreb ( udaljenost od centra Zagreba je 46km, od \u010dega 34km suvremenih cesta), pravca prema Mariboru ( 76km) i Vara\u017edinu ( udaljenost 64km):","og_url":"https:\/\/www.sbkt.hr\/KT\/kako-do-nas\/","og_site_name":"sbkt.hr","article_modified_time":"2017-06-03T12:41:03+00:00","twitter_card":"summary_large_image","schema":{"@context":"https:\/\/schema.org","@graph":[{"@type":"WebPage","@id":"https:\/\/www.sbkt.hr\/KT\/kako-do-nas\/","url":"https:\/\/www.sbkt.hr\/KT\/kako-do-nas\/","name":"Kako do nas - sbkt.hr","isPartOf":{"@id":"https:\/\/www.sbkt.hr\/KT\/#website"},"datePublished":"2017-06-03T12:34:11+00:00","dateModified":"2017-06-03T12:41:03+00:00","breadcrumb":{"@id":"https:\/\/www.sbkt.hr\/KT\/kako-do-nas\/#breadcrumb"},"inLanguage":"hr","potentialAction":[{"@type":"ReadAction","target":["https:\/\/www.sbkt.hr\/KT\/kako-do-nas\/"]}]},{"@type":"BreadcrumbList","@id":"https:\/\/www.sbkt.hr\/KT\/kako-do-nas\/#breadcrumb","itemListElement":[{"@type":"ListItem","position":1,"name":"Naslovna","item":"https:\/\/www.sbkt.hr\/KT\/"},{"@type":"ListItem","position":2,"name":"Kako do nas"}]},{"@type":"WebSite","@id":"https:\/\/www.sbkt.hr\/KT\/#website","url":"https:\/\/www.sbkt.hr\/KT\/","name":"sbkt.hr","description":"Specijalna bolnica za medicinsku rehabilitaciju","potentialAction":[{"@type":"SearchAction","target":{"@type":"EntryPoint","urlTemplate":"https:\/\/www.sbkt.hr\/KT\/?s={search_term_string}"},"query-input":{"@type":"PropertyValueSpecification","valueRequired":true,"valueName":"search_term_string"}}],"inLanguage":"hr"}]}},"_links":{"self":[{"href":"https:\/\/www.sbkt.hr\/KT\/wp-json\/wp\/v2\/pages\/1229","targetHints":{"allow":["GET"]}}],"collection":[{"href":"https:\/\/www.sbkt.hr\/KT\/wp-json\/wp\/v2\/pages"}],"about":[{"href":"https:\/\/www.sbkt.hr\/KT\/wp-json\/wp\/v2\/types\/page"}],"author":[{"embeddable":true,"href":"https:\/\/www.sbkt.hr\/KT\/wp-json\/wp\/v2\/users\/1"}],"replies":[{"embeddable":true,"href":"https:\/\/www.sbkt.hr\/KT\/wp-json\/wp\/v2\/comments?post=1229"}],"version-history":[{"count":4,"href":"https:\/\/www.sbkt.hr\/KT\/wp-json\/wp\/v2\/pages\/1229\/revisions"}],"predecessor-version":[{"id":1233,"href":"https:\/\/www.sbkt.hr\/KT\/wp-json\/wp\/v2\/pages\/1229\/revisions\/1233"}],"wp:attachment":[{"href":"https:\/\/www.sbkt.hr\/KT\/wp-json\/wp\/v2\/media?parent=1229"}],"curies":[{"name":"wp","href":"https:\/\/api.w.org\/{rel}","templated":true}]}}