{"id":1259,"date":"2017-06-04T15:18:20","date_gmt":"2017-06-04T13:18:20","guid":{"rendered":"http:\/\/www.sbkt.hr\/KT\/?page_id=1259"},"modified":"2026-04-13T13:39:50","modified_gmt":"2026-04-13T11:39:50","slug":"odjel-za-medicinsku-rehabilitaciju-bolesnika-s-misicno-kostanim-bolestima-i-zdravstveni-turizam","status":"publish","type":"page","link":"https:\/\/www.sbkt.hr\/KT\/odjel-za-medicinsku-rehabilitaciju-bolesnika-s-misicno-kostanim-bolestima-i-zdravstveni-turizam\/","title":{"rendered":"Odjel za medicinsku rehabilitaciju bolesnika s mi\u0161i\u0107no-ko\u0161tanim bolestima i zdravstveni turizam"},"content":{"rendered":"<h4><\/h4>\n<h4><\/h4>\n<h4>Voditelj odjela za medicinsku rehabilitaciju bolesnika s mi\u0161i\u0107no-ko\u0161tanim bolestima i zdravstveni turizam:<\/h4>\n<h5>Domagoj Andri\u0107, dr.med., spec.fiz.med. i rehabilitacije<\/h5>\n<h3><\/h3>\n<h4><\/h4>\n<h4>v.d. Glavne medicinske sestre odjela:<\/h4>\n<h5>v.d. Martina Kova\u010dec, univ.mag.med.techn.<\/h5>\n<h3><\/h3>\n<h4><\/h4>\n<h4>Glavna fizioterapeutkinja odjela:<\/h4>\n<h5 align=\"JUSTIFY\">Martina Risek, mag.physioth<\/h5>\n<h3><\/h3>\n<h4><\/h4>\n<h4>Voditeljica tima fizioterapije:<\/h4>\n<h5 align=\"JUSTIFY\">Helena Habulinec, bacc.physioth.<\/h5>\n<h3><\/h3>\n<h4><\/h4>\n<h4>Lije\u010dnici na odjelu:<\/h4>\n<p>Vesna Drag\u010devi\u0107, dr.med., spec. fizikalne medicine i rehabilitacije<br \/>\nPetra \u0160o\u0161tari\u0107, dr.med., spec. fizikalne medicine i rehabilitacije<\/p>\n<h4><\/h4>\n<h4><\/h4>\n<h4>Va\u017ene izravne telefonske linije i e-mail:<\/h4>\n<ul>\n<li>Voditelj odjela: (+385 49) 383-141 E-mail: <a href=\"mailto:domagoj.andric@sbkt.hr\">domagoj.andric@sbkt.hr<\/a><\/li>\n<li>v.d. Glavne medicinske sestre odjela: (+385 49) 383-423 E-mail: <a href=\"mailto:martina.kovacec@sbkt.hr\">martina.kovacec@sbkt.hr<\/a><\/li>\n<li>Glavni fizioterapeut odjela: (+385 49) 383-161 E-mail: <a href=\"mailto:martina.risek@sbkt.hr\">martina.risek@sbkt.hr<\/a><\/li>\n<\/ul>\n<ul>\n<li>Naru\u010divanje na medicinsku rehabilitaciju: (+385 49) 383-402 E-mail: <a href=\"mailto:recepcija@sbkt.hr\">recepcija@sbkt.hr<\/a><\/li>\n<\/ul>\n<h3><\/h3>\n<h4><\/h4>\n<p>Odjel je smje\u0161ten u novom bolni\u010dkom objektu s komfornim jednokrevetnim i dvokrevetnim sobama (ukupno 90-tak bolesni\u010dkih\/hotelskih kreveta). Specijalizirani smo za pru\u017eanje podr\u0161ke pacijentima u procesu oporavka od bolesti i poreme\u0107aja mi\u0161i\u0107no-ko\u0161tanog sustava. Zahvaljuju\u0107i stru\u010dnom timu iskusnih lije\u010dnika, fizioterapeuta i medicinskih sestara, razvijamo personalizirane programe rehabilitacije prilago\u0111ene va\u0161im potrebama i ciljevima.<\/p>\n<p>Kako vam mo\u017eemo pomo\u0107i?<\/p>\n<p>Rehabilitacija nakon operacija kralje\u017enice Uz stru\u010dno vo\u0111ene medicinske vje\u017ebe, radimo na ponovnom uspostavljanju stabilnosti kralje\u017enice, smanjenju boli i povratku funkcionalnosti. Fokus rehabilitacije je na ja\u010danju mi\u0161i\u0107a, pobolj\u0161anju dr\u017eanja i smanjenju straha od pokreta (kineziofobija).<\/p>\n<p>Rehabilitacija nakon ortopedskih operacija zglobova i mekih tkiva<\/p>\n<p>Neovisno o tome radi li se o operaciji nakon sportske ozljede, traume ili lije\u010denju kroni\u010dnih bolnih stanja, cilj rehabilitacije je povratak bezbolnog i funkcionalnog opsega pokreta, jakosti mi\u0161i\u0107a i mi\u0161i\u0107ne izdr\u017eljivosti kako bi se mogli vratiti u svoje svakodnevne aktivnosti i participirati u svim dru\u0161tvenim doga\u0111anjima.<\/p>\n<p>Sindromi prenaprezanja<\/p>\n<p>Stalni ponavljaju\u0107i pokreti vezani uz posao ili sportsku aktivnost koji dovode do promjena na mi\u0161i\u0107no-ko\u0161tanom sustavu i izazivaju bol i nelagodu, zahtijevaju individualni kineziterapijski pristup kojim se mo\u017ee posti\u0107i smanjenje boli i povratak funkcionalne ravnote\u017ee mi\u0161i\u0107a. Na\u0161 rehabilitacijski tim \u0107e Vam izraditi individualni program vje\u017ebi prilago\u0111enih Va\u0161em funkcionalnom statusu i fazi oporavka nakon ozljede.<\/p>\n<p>Plu\u0107na rehabilitacija<\/p>\n<p>Na\u0161 program namijenjen je pacijentima s respiratornim bolestima poput KOPB-a, astme ili onima koji su zbog iscrpljuju\u0107ih operacija ili dugotrajnog lije\u010denja kroni\u010dne bolesti izgubili kardiorespiratorni kapacitet vje\u017ebanja. Cilj plu\u0107ne rehabilitacije je programom edukacije i provo\u0111enja specifi\u010dnih vje\u017ebi za ja\u010danje mi\u0161i\u0107a za disanje i pove\u0107anje kardiorespiratornog kapaciteta, omogu\u0107iti pacijentima lak\u0161e izvo\u0111enje svakodnevnih aktivnosti uz manji osje\u0107aj zaduhe i bolju kontrolu simptoma kroni\u010dnih respiratornih bolesti.<\/p>\n<p>Za\u0161to odabrati nas?<\/p>\n<p>Individualizirani pristup: Svaki pacijent dobiva plan prilago\u0111en svojim potrebama i ciljevima.<\/p>\n<p>Multidisciplinarni tim: Stru\u010dnjaci iz razli\u010ditih podru\u010dja zajedni\u010dki rade na Va\u0161em oporavku.<\/p>\n<p>Na\u0161a oprema i metode:<\/p>\n<p>Koristimo moderne terapijske tehnike i suvremenu opremu za \u0161to br\u017ei i u\u010dinkovitiji oporavak.<\/p>\n<p>Podr\u0161ka i edukacija:<\/p>\n<p>Uz fizikalne terapije, pru\u017eamo informacije i savjete kako biste i sami mogli aktivno sudjelovati u procesu rehabilitacije i njegovanju zdravog na\u010dina \u017eivota.<\/p>\n<p>Nije va\u017eno zapo\u010dinjete li oporavak nakon ozbiljnih operacija, kroni\u010dnog stanja ili \u017eelite sprije\u010diti daljnje pogor\u0161anje sustava za kretanje \u2013 pomo\u0107i \u0107emo Vam napraviti prvi korak prema boljem zdravlju i kvaliteti \u017eivota.<\/p>\n<p>Cijeli proces rehabilitacije pod stalnim je nadzorom stru\u010dnog rehabilitacijskog tima koji \u010dine fizijatar, fizioterapeuti, medicinske sestre, a po potrebi i ostali suradnici (radiolog, neurolog, neurokirurg, psiholog, pulmolog, kardiolog, reumatolog, radni terapeut).<\/p>\n","protected":false},"excerpt":{"rendered":"<p>Voditelj odjela za medicinsku rehabilitaciju bolesnika s mi\u0161i\u0107no-ko\u0161tanim bolestima i zdravstveni turizam: Domagoj Andri\u0107, dr.med., spec.fiz.med. i rehabilitacije v.d. Glavne medicinske sestre odjela: v.d. Martina Kova\u010dec, univ.mag.med.techn. Glavna fizioterapeutkinja odjela: Martina Risek, mag.physioth Voditeljica tima fizioterapije: Helena Habulinec, bacc.physioth. Lije\u010dnici na odjelu: Vesna Drag\u010devi\u0107, dr.med., spec. fizikalne medicine i rehabilitacije Petra \u0160o\u0161tari\u0107, dr.med., spec. fizikalne&#8230; <\/p>\n","protected":false},"author":1,"featured_media":0,"parent":0,"menu_order":0,"comment_status":"closed","ping_status":"closed","template":"","meta":{"footnotes":""},"class_list":["post-1259","page","type-page","status-publish","hentry"],"yoast_head":"<!-- This site is optimized with the Yoast SEO plugin v24.9 - https:\/\/yoast.com\/wordpress\/plugins\/seo\/ -->\n<title>Odjel za medicinsku rehabilitaciju bolesnika s mi\u0161i\u0107no-ko\u0161tanim bolestima i zdravstveni turizam - sbkt.hr<\/title>\n<meta name=\"robots\" content=\"index, follow, max-snippet:-1, max-image-preview:large, max-video-preview:-1\" \/>\n<link rel=\"canonical\" href=\"https:\/\/www.sbkt.hr\/KT\/odjel-za-medicinsku-rehabilitaciju-bolesnika-s-misicno-kostanim-bolestima-i-zdravstveni-turizam\/\" \/>\n<meta property=\"og:locale\" content=\"hr_HR\" \/>\n<meta property=\"og:type\" content=\"article\" \/>\n<meta property=\"og:title\" content=\"Odjel za medicinsku rehabilitaciju bolesnika s mi\u0161i\u0107no-ko\u0161tanim bolestima i zdravstveni turizam - sbkt.hr\" \/>\n<meta property=\"og:description\" content=\"Voditelj odjela za medicinsku rehabilitaciju bolesnika s mi\u0161i\u0107no-ko\u0161tanim bolestima i zdravstveni turizam: Domagoj Andri\u0107, dr.med., spec.fiz.med. i rehabilitacije v.d. Glavne medicinske sestre odjela: v.d. Martina Kova\u010dec, univ.mag.med.techn. Glavna fizioterapeutkinja odjela: Martina Risek, mag.physioth Voditeljica tima fizioterapije: Helena Habulinec, bacc.physioth. Lije\u010dnici na odjelu: Vesna Drag\u010devi\u0107, dr.med., spec. fizikalne medicine i rehabilitacije Petra \u0160o\u0161tari\u0107, dr.med., spec. fizikalne...\" \/>\n<meta property=\"og:url\" content=\"https:\/\/www.sbkt.hr\/KT\/odjel-za-medicinsku-rehabilitaciju-bolesnika-s-misicno-kostanim-bolestima-i-zdravstveni-turizam\/\" \/>\n<meta property=\"og:site_name\" content=\"sbkt.hr\" \/>\n<meta property=\"article:modified_time\" content=\"2026-04-13T11:39:50+00:00\" \/>\n<meta name=\"twitter:card\" content=\"summary_large_image\" \/>\n<meta name=\"twitter:label1\" content=\"Procijenjeno vrijeme \u010ditanja\" \/>\n\t<meta name=\"twitter:data1\" content=\"3 minute\" \/>\n<script type=\"application\/ld+json\" class=\"yoast-schema-graph\">{\"@context\":\"https:\/\/schema.org\",\"@graph\":[{\"@type\":\"WebPage\",\"@id\":\"https:\/\/www.sbkt.hr\/KT\/odjel-za-medicinsku-rehabilitaciju-bolesnika-s-misicno-kostanim-bolestima-i-zdravstveni-turizam\/\",\"url\":\"https:\/\/www.sbkt.hr\/KT\/odjel-za-medicinsku-rehabilitaciju-bolesnika-s-misicno-kostanim-bolestima-i-zdravstveni-turizam\/\",\"name\":\"Odjel za medicinsku rehabilitaciju bolesnika s mi\u0161i\u0107no-ko\u0161tanim bolestima i zdravstveni turizam - sbkt.hr\",\"isPartOf\":{\"@id\":\"https:\/\/www.sbkt.hr\/KT\/#website\"},\"datePublished\":\"2017-06-04T13:18:20+00:00\",\"dateModified\":\"2026-04-13T11:39:50+00:00\",\"breadcrumb\":{\"@id\":\"https:\/\/www.sbkt.hr\/KT\/odjel-za-medicinsku-rehabilitaciju-bolesnika-s-misicno-kostanim-bolestima-i-zdravstveni-turizam\/#breadcrumb\"},\"inLanguage\":\"hr\",\"potentialAction\":[{\"@type\":\"ReadAction\",\"target\":[\"https:\/\/www.sbkt.hr\/KT\/odjel-za-medicinsku-rehabilitaciju-bolesnika-s-misicno-kostanim-bolestima-i-zdravstveni-turizam\/\"]}]},{\"@type\":\"BreadcrumbList\",\"@id\":\"https:\/\/www.sbkt.hr\/KT\/odjel-za-medicinsku-rehabilitaciju-bolesnika-s-misicno-kostanim-bolestima-i-zdravstveni-turizam\/#breadcrumb\",\"itemListElement\":[{\"@type\":\"ListItem\",\"position\":1,\"name\":\"Naslovna\",\"item\":\"https:\/\/www.sbkt.hr\/KT\/\"},{\"@type\":\"ListItem\",\"position\":2,\"name\":\"Odjel za medicinsku rehabilitaciju bolesnika s mi\u0161i\u0107no-ko\u0161tanim bolestima i zdravstveni turizam\"}]},{\"@type\":\"WebSite\",\"@id\":\"https:\/\/www.sbkt.hr\/KT\/#website\",\"url\":\"https:\/\/www.sbkt.hr\/KT\/\",\"name\":\"sbkt.hr\",\"description\":\"Specijalna bolnica za medicinsku rehabilitaciju\",\"potentialAction\":[{\"@type\":\"SearchAction\",\"target\":{\"@type\":\"EntryPoint\",\"urlTemplate\":\"https:\/\/www.sbkt.hr\/KT\/?s={search_term_string}\"},\"query-input\":{\"@type\":\"PropertyValueSpecification\",\"valueRequired\":true,\"valueName\":\"search_term_string\"}}],\"inLanguage\":\"hr\"}]}<\/script>\n<!-- \/ Yoast SEO plugin. -->","yoast_head_json":{"title":"Odjel za medicinsku rehabilitaciju bolesnika s mi\u0161i\u0107no-ko\u0161tanim bolestima i zdravstveni turizam - sbkt.hr","robots":{"index":"index","follow":"follow","max-snippet":"max-snippet:-1","max-image-preview":"max-image-preview:large","max-video-preview":"max-video-preview:-1"},"canonical":"https:\/\/www.sbkt.hr\/KT\/odjel-za-medicinsku-rehabilitaciju-bolesnika-s-misicno-kostanim-bolestima-i-zdravstveni-turizam\/","og_locale":"hr_HR","og_type":"article","og_title":"Odjel za medicinsku rehabilitaciju bolesnika s mi\u0161i\u0107no-ko\u0161tanim bolestima i zdravstveni turizam - sbkt.hr","og_description":"Voditelj odjela za medicinsku rehabilitaciju bolesnika s mi\u0161i\u0107no-ko\u0161tanim bolestima i zdravstveni turizam: Domagoj Andri\u0107, dr.med., spec.fiz.med. i rehabilitacije v.d. Glavne medicinske sestre odjela: v.d. Martina Kova\u010dec, univ.mag.med.techn. Glavna fizioterapeutkinja odjela: Martina Risek, mag.physioth Voditeljica tima fizioterapije: Helena Habulinec, bacc.physioth. Lije\u010dnici na odjelu: Vesna Drag\u010devi\u0107, dr.med., spec. fizikalne medicine i rehabilitacije Petra \u0160o\u0161tari\u0107, dr.med., spec. fizikalne...","og_url":"https:\/\/www.sbkt.hr\/KT\/odjel-za-medicinsku-rehabilitaciju-bolesnika-s-misicno-kostanim-bolestima-i-zdravstveni-turizam\/","og_site_name":"sbkt.hr","article_modified_time":"2026-04-13T11:39:50+00:00","twitter_card":"summary_large_image","twitter_misc":{"Procijenjeno vrijeme \u010ditanja":"3 minute"},"schema":{"@context":"https:\/\/schema.org","@graph":[{"@type":"WebPage","@id":"https:\/\/www.sbkt.hr\/KT\/odjel-za-medicinsku-rehabilitaciju-bolesnika-s-misicno-kostanim-bolestima-i-zdravstveni-turizam\/","url":"https:\/\/www.sbkt.hr\/KT\/odjel-za-medicinsku-rehabilitaciju-bolesnika-s-misicno-kostanim-bolestima-i-zdravstveni-turizam\/","name":"Odjel za medicinsku rehabilitaciju bolesnika s mi\u0161i\u0107no-ko\u0161tanim bolestima i zdravstveni turizam - sbkt.hr","isPartOf":{"@id":"https:\/\/www.sbkt.hr\/KT\/#website"},"datePublished":"2017-06-04T13:18:20+00:00","dateModified":"2026-04-13T11:39:50+00:00","breadcrumb":{"@id":"https:\/\/www.sbkt.hr\/KT\/odjel-za-medicinsku-rehabilitaciju-bolesnika-s-misicno-kostanim-bolestima-i-zdravstveni-turizam\/#breadcrumb"},"inLanguage":"hr","potentialAction":[{"@type":"ReadAction","target":["https:\/\/www.sbkt.hr\/KT\/odjel-za-medicinsku-rehabilitaciju-bolesnika-s-misicno-kostanim-bolestima-i-zdravstveni-turizam\/"]}]},{"@type":"BreadcrumbList","@id":"https:\/\/www.sbkt.hr\/KT\/odjel-za-medicinsku-rehabilitaciju-bolesnika-s-misicno-kostanim-bolestima-i-zdravstveni-turizam\/#breadcrumb","itemListElement":[{"@type":"ListItem","position":1,"name":"Naslovna","item":"https:\/\/www.sbkt.hr\/KT\/"},{"@type":"ListItem","position":2,"name":"Odjel za medicinsku rehabilitaciju bolesnika s mi\u0161i\u0107no-ko\u0161tanim bolestima i zdravstveni turizam"}]},{"@type":"WebSite","@id":"https:\/\/www.sbkt.hr\/KT\/#website","url":"https:\/\/www.sbkt.hr\/KT\/","name":"sbkt.hr","description":"Specijalna bolnica za medicinsku rehabilitaciju","potentialAction":[{"@type":"SearchAction","target":{"@type":"EntryPoint","urlTemplate":"https:\/\/www.sbkt.hr\/KT\/?s={search_term_string}"},"query-input":{"@type":"PropertyValueSpecification","valueRequired":true,"valueName":"search_term_string"}}],"inLanguage":"hr"}]}},"_links":{"self":[{"href":"https:\/\/www.sbkt.hr\/KT\/wp-json\/wp\/v2\/pages\/1259","targetHints":{"allow":["GET"]}}],"collection":[{"href":"https:\/\/www.sbkt.hr\/KT\/wp-json\/wp\/v2\/pages"}],"about":[{"href":"https:\/\/www.sbkt.hr\/KT\/wp-json\/wp\/v2\/types\/page"}],"author":[{"embeddable":true,"href":"https:\/\/www.sbkt.hr\/KT\/wp-json\/wp\/v2\/users\/1"}],"replies":[{"embeddable":true,"href":"https:\/\/www.sbkt.hr\/KT\/wp-json\/wp\/v2\/comments?post=1259"}],"version-history":[{"count":89,"href":"https:\/\/www.sbkt.hr\/KT\/wp-json\/wp\/v2\/pages\/1259\/revisions"}],"predecessor-version":[{"id":12236,"href":"https:\/\/www.sbkt.hr\/KT\/wp-json\/wp\/v2\/pages\/1259\/revisions\/12236"}],"wp:attachment":[{"href":"https:\/\/www.sbkt.hr\/KT\/wp-json\/wp\/v2\/media?parent=1259"}],"curies":[{"name":"wp","href":"https:\/\/api.w.org\/{rel}","templated":true}]}}