{"id":1272,"date":"2017-06-04T15:37:20","date_gmt":"2017-06-04T13:37:20","guid":{"rendered":"http:\/\/www.sbkt.hr\/KT\/?page_id=1272"},"modified":"2026-04-13T16:57:42","modified_gmt":"2026-04-13T14:57:42","slug":"rehabilitacija-neuroloskih-bolesnika","status":"publish","type":"page","link":"https:\/\/www.sbkt.hr\/KT\/rehabilitacija-neuroloskih-bolesnika\/","title":{"rendered":"Odjel za medicinsku rehabilitaciju neurolo\u0161kih bolesnika"},"content":{"rendered":"<h4><\/h4>\n<h4><\/h4>\n<h4>v.d. Voditelj odjela za medicinsku rehabilitaciju neurolo\u0161kih bolesnika:<\/h4>\n<h5>Martina Hr\u0161ak, dr.med., spec. fizijatar<\/h5>\n<h3><\/h3>\n<h4><\/h4>\n<h4>Glavna medicinska sestra odjela:<\/h4>\n<h5>Anica Cajhen, bacc.med.techn.<\/h5>\n<h3><\/h3>\n<h4><\/h4>\n<h4>Glavni fizioterapeut odjela:<\/h4>\n<h5>Mario Mandi\u0107, mag.physioth.<\/h5>\n<h3><\/h3>\n<h4><\/h4>\n<h4>Voditelji timova fizioterapije:<\/h4>\n<h5>Tomislav Dunaj, mag.physioth.<\/h5>\n<h3><\/h3>\n<h4><\/h4>\n<h4>Glavni radni terapeut odjela:<\/h4>\n<h5>Ivana Klepo, bacc.therap.occup.,\u00a0MSc<\/h5>\n<h3><\/h3>\n<h4><\/h4>\n<h4>Voditelj\/ica tima zdravstvene njege:<\/h4>\n<p>Kristina Puljek, bacc.med.techn.<br \/>\nKsenija Buri\u0107, bacc.med.techn.<\/p>\n<h3><\/h3>\n<h4><\/h4>\n<h4>Va\u017ene izravne telefonske linije:<\/h4>\n<ul>\n<li>Glavna medicinska sestra odjela: (+385 49) 383-207<\/li>\n<li>Glavni fizioterapeut odjela: (+385 49) 383-374<\/li>\n<li>Lije\u010dnik odjela N3: (+385 49) 383-250<\/li>\n<li>Ambulanta &#8211; sestre N3: (+385 49) 383-253<\/li>\n<li>Lije\u010dnik odjela N4: (+385 49) 383-250<\/li>\n<li>Ambulanta &#8211; sestre N4: (+385 49) 383-253<\/li>\n<\/ul>\n<ul>\n<li>E-mail za naru\u010divanje na medicinsku rehabilitaciju: <a href=\"mailto:recepcija@sbkt.hr\">recepcija@sbkt.hr<\/a><\/li>\n<\/ul>\n<h4><\/h4>\n<h4><\/h4>\n<p>Na odjelu se provode rehabilitacija, lije\u010denje i dijagnostika odraslih osoba sa smanjenjem aktivnosti i participacije, koje su posljedica o\u0161te\u0107enja sredi\u0161njeg ili perifernog \u017eiv\u010danog sustava kao i osoba s neuromi\u0161i\u010dnim oboljenjima.<\/p>\n<p>U suradnji sa sli\u010dnim centrima u Europi i USA usvajamo i prenosimo najnovije spoznaje na na\u0161 odjel. U skladu s mogu\u0107nostima adaptiramo i opremamo postoje\u0107e i izgra\u0111ujemo nove prostore omogu\u0107uju\u0107i na\u0161im pacijentima i osoblju kvalitetniji boravak, rehabilitaciju, dijagnostiku i lije\u010denje. Centar smo za edukaciju fizioterapeuta, radnih terapeuta, logopeda i lije\u010dnika \u2013 specijalizanata iz fizikalne i rehabilitacisjke medicine.<\/p>\n<p>Na\u0161 je odjel jedini u Hrvatskoj gdje je na stacionarnoj medicinskoj rehabilitaciji mogu\u0107e provo\u0111enje lije\u010denja osoba sa spasti\u010dnim mi\u0161i\u0107ima botulinum toksinom A ili B (Botox, Dysport, Xeomin, NeuroBloc), a u suradnji sa svim \u010dlanovima tima mogu\u0107e je provoditi i specifi\u010dne rehbilitacijske metode poput Constraint Induced Movement Therapy (CIMT), biofeedback trening (Pablo sustav, EMG). U\u017ei \u010dlanovi rehabilitacijskog tima uz pacijenta su lije\u010dnici (fizijatar, neurolog, ortoped), fizioterapeut, logoped, medicinska sestra, psiholog i radni terapeut, a navedenom se timu priklju\u010duju i drugi zdravstveni djelatnici, suradnici i nezdravstveni djelatnici.<\/p>\n<h4><\/h4>\n<h4><\/h4>\n<h4>Lije\u010dnici na odjelu:<\/h4>\n<p>Matea \u0160okli\u0107, dr.med., spec. fizijatar<br \/>\nMateo Turalija, dr.med., spec. fizijatar<\/p>\n<h4><\/h4>\n<h4><\/h4>\n<h4>Od fizioterapijskih postupaka mogu\u0107e je koristiti razli\u010dite postupke:<\/h4>\n<h4><\/h4>\n<h4>Ovisno o indikacijama za rehabilitaciju kao i ciljevima rehabilitacije:<\/h4>\n<ul>\n<li>Razli\u010diti koncepti medicinske gimnastike (Bobath, Schroth, PNF&#8230;)<\/li>\n<li>FES (funkcionalna elektrostimulacija)<\/li>\n<li>COMPEX (kompjuterizirani \u0111epni elektrostimulator) sa vi\u0161e od stotinjak programa (za ja\u010danje mi\u0161i\u0107a, opu\u0161tanje mi\u0161i\u0107a, smanjenje bolova, pobolj\u0161anje cirkulacije, strimulaciju agonisti\u010dkih i antagonosti\u010dkih mi\u0161i\u0107a , elektrostimulaciju analnog i urinarnog sfinktera kod inkontinencije&#8230;)<\/li>\n<li>EMG biofeedback trening, Pablo \u2013 biofeedback trening, galvanske, interferentne, dijadinamske struje, kratki val, laser (skeniraju\u0107i i to\u010dkasti)<\/li>\n<li>Magnetoterapija<\/li>\n<li>Traka za hodanje<\/li>\n<li>Balans platforme<\/li>\n<li>Hidrokinezioterapija u bazenu u Hubbardovoj kadi (za pokretne i nepokretne bolesnike)<\/li>\n<li>Podvodna masa\u017ea (individualna i u whirpool-u)<\/li>\n<li>Hauffeove kupke<\/li>\n<li>Izmjeni\u010dne kupke<\/li>\n<li>Fango<\/li>\n<li>Parafinoterapija<\/li>\n<li>Radna terapija<\/li>\n<li>Kognitivni trening te procjena kognitivnih funkcija bihevioralnog i emocionalnog statusa koju provodi klini\u010dki psiholog<\/li>\n<li>Logopedske vje\u017ebe<\/li>\n<li>Primjerena medicinska njega, dijagnostika i medikamentozno lije\u010denje<\/li>\n<\/ul>\n<h4><\/h4>\n<h4>Psiholozi:<\/h4>\n<p>Dr.sc. Dubravko Tr\u0161inski, spec.klin.psihologije<br \/>\nDr.sc. Svjetlana Salki\u010devi\u0107 Pi\u0161oni\u0107, psiholog<\/p>\n<h4><\/h4>\n<h4><\/h4>\n<h4><\/h4>\n<h4>Logopedski tretman<\/h4>\n<h4>Na odjelu za Neurolo\u0161ku rehabilitaciju provodi se organizirani logopedski tretman u \u010dijem timu sudjeluju:<\/h4>\n<h4><\/h4>\n<h4><\/h4>\n<h4>Glavni logoped:<\/h4>\n<p>mr.sc.Sanja Habus, prof.logoped<\/p>\n<h4><\/h4>\n<h4><\/h4>\n<h4>Logopedi:<\/h4>\n<p>Marina Sumrak Tu\u0161ak, prof.logoped<br \/>\nDunja Fu\u010dkar, prof. logoped<br \/>\nMartina Hr\u017eina Jakop\u010devi\u0107, mag.logoped<br \/>\nTomislava Strsoglavec, mag.log<\/p>\n<h4><\/h4>\n<h4><\/h4>\n<h4><\/h4>\n<p>Uz dijagnostiku provodi se i specifi\u010dna logopedska rehabilitacija odraslih bolesnika koji imaju te\u0161ko\u0107e govora i jezika i te\u0161ko\u0107e gutanja koje su posljedica mo\u017edanih udara, operacija tm i aneurizmi te drugih neurolo\u0161kih bolesti.<\/p>\n<p>Posebnu skupinu bolesnika \u010dine osobe sa poreme\u0107ajem svijesti kod kojih logopedi provode polisenzornu stimulaciju.<\/p>\n<p>Naj\u010de\u0161\u0107i govorno jezi\u010dni poreme\u0107aji:Aphasie, Dysarthrie i Anarthrie, Dyspfonie i Aphonie, Komunikacijske te\u0161ko\u0107e nakon TOMTe\u0161ko\u0107e gutanja \u2013 dysphagia, aphagia.<\/p>\n<p>Ovisno o postavljenoj dijagnozi i ciljevima rehabilitacije primjenjuju se suvremeni postupci logopedske terapije u cilju postizanja kvalitetne govorno jezi\u010dne komunikacije ili potpomognute komunikacije.<\/p>\n<p>Sura\u0111ujemo sa Edukacijsko rehabilitacijskim fakultetom u Zagrebu u preddiplomskom studiju smjera Logopedija iz kolegija Dysphagia te u diplomskom studiju iz kolegija Aphasia. \u010diji studenti odra\u0111uju vje\u017ebe i praksu u na\u0161oj ustanovi.<\/p>\n<h4><\/h4>\n<p>Kontakt e-mail: <a href=\"mailto:sanja.habus@sbkt.hr\">sanja.habus@sbkt.hr<\/a>, tel.: (+385 49) 383 257, 383 385,383 227<\/p>\n","protected":false},"excerpt":{"rendered":"<p>v.d. Voditelj odjela za medicinsku rehabilitaciju neurolo\u0161kih bolesnika: Martina Hr\u0161ak, dr.med., spec. fizijatar Glavna medicinska sestra odjela: Anica Cajhen, bacc.med.techn. Glavni fizioterapeut odjela: Mario Mandi\u0107, mag.physioth. Voditelji timova fizioterapije: Tomislav Dunaj, mag.physioth. Glavni radni terapeut odjela: Ivana Klepo, bacc.therap.occup.,\u00a0MSc Voditelj\/ica tima zdravstvene njege: Kristina Puljek, bacc.med.techn. Ksenija Buri\u0107, bacc.med.techn. Va\u017ene izravne telefonske linije: Glavna medicinska&#8230; <\/p>\n","protected":false},"author":1,"featured_media":0,"parent":0,"menu_order":0,"comment_status":"closed","ping_status":"closed","template":"","meta":{"footnotes":""},"class_list":["post-1272","page","type-page","status-publish","hentry"],"yoast_head":"<!-- This site is optimized with the Yoast SEO plugin v24.9 - https:\/\/yoast.com\/wordpress\/plugins\/seo\/ -->\n<title>Odjel za medicinsku rehabilitaciju neurolo\u0161kih bolesnika - sbkt.hr<\/title>\n<meta name=\"robots\" content=\"index, follow, max-snippet:-1, max-image-preview:large, max-video-preview:-1\" \/>\n<link rel=\"canonical\" href=\"https:\/\/www.sbkt.hr\/KT\/rehabilitacija-neuroloskih-bolesnika\/\" \/>\n<meta property=\"og:locale\" content=\"hr_HR\" \/>\n<meta property=\"og:type\" content=\"article\" \/>\n<meta property=\"og:title\" content=\"Odjel za medicinsku rehabilitaciju neurolo\u0161kih bolesnika - sbkt.hr\" \/>\n<meta property=\"og:description\" content=\"v.d. Voditelj odjela za medicinsku rehabilitaciju neurolo\u0161kih bolesnika: Martina Hr\u0161ak, dr.med., spec. fizijatar Glavna medicinska sestra odjela: Anica Cajhen, bacc.med.techn. Glavni fizioterapeut odjela: Mario Mandi\u0107, mag.physioth. Voditelji timova fizioterapije: Tomislav Dunaj, mag.physioth. Glavni radni terapeut odjela: Ivana Klepo, bacc.therap.occup.,\u00a0MSc Voditelj\/ica tima zdravstvene njege: Kristina Puljek, bacc.med.techn. Ksenija Buri\u0107, bacc.med.techn. Va\u017ene izravne telefonske linije: Glavna medicinska...\" \/>\n<meta property=\"og:url\" content=\"https:\/\/www.sbkt.hr\/KT\/rehabilitacija-neuroloskih-bolesnika\/\" \/>\n<meta property=\"og:site_name\" content=\"sbkt.hr\" \/>\n<meta property=\"article:modified_time\" content=\"2026-04-13T14:57:42+00:00\" \/>\n<meta name=\"twitter:card\" content=\"summary_large_image\" \/>\n<meta name=\"twitter:label1\" content=\"Procijenjeno vrijeme \u010ditanja\" \/>\n\t<meta name=\"twitter:data1\" content=\"4 minute\" \/>\n<script type=\"application\/ld+json\" class=\"yoast-schema-graph\">{\"@context\":\"https:\/\/schema.org\",\"@graph\":[{\"@type\":\"WebPage\",\"@id\":\"https:\/\/www.sbkt.hr\/KT\/rehabilitacija-neuroloskih-bolesnika\/\",\"url\":\"https:\/\/www.sbkt.hr\/KT\/rehabilitacija-neuroloskih-bolesnika\/\",\"name\":\"Odjel za medicinsku rehabilitaciju neurolo\u0161kih bolesnika - sbkt.hr\",\"isPartOf\":{\"@id\":\"https:\/\/www.sbkt.hr\/KT\/#website\"},\"datePublished\":\"2017-06-04T13:37:20+00:00\",\"dateModified\":\"2026-04-13T14:57:42+00:00\",\"breadcrumb\":{\"@id\":\"https:\/\/www.sbkt.hr\/KT\/rehabilitacija-neuroloskih-bolesnika\/#breadcrumb\"},\"inLanguage\":\"hr\",\"potentialAction\":[{\"@type\":\"ReadAction\",\"target\":[\"https:\/\/www.sbkt.hr\/KT\/rehabilitacija-neuroloskih-bolesnika\/\"]}]},{\"@type\":\"BreadcrumbList\",\"@id\":\"https:\/\/www.sbkt.hr\/KT\/rehabilitacija-neuroloskih-bolesnika\/#breadcrumb\",\"itemListElement\":[{\"@type\":\"ListItem\",\"position\":1,\"name\":\"Naslovna\",\"item\":\"https:\/\/www.sbkt.hr\/KT\/\"},{\"@type\":\"ListItem\",\"position\":2,\"name\":\"Odjel za medicinsku rehabilitaciju neurolo\u0161kih bolesnika\"}]},{\"@type\":\"WebSite\",\"@id\":\"https:\/\/www.sbkt.hr\/KT\/#website\",\"url\":\"https:\/\/www.sbkt.hr\/KT\/\",\"name\":\"sbkt.hr\",\"description\":\"Specijalna bolnica za medicinsku rehabilitaciju\",\"potentialAction\":[{\"@type\":\"SearchAction\",\"target\":{\"@type\":\"EntryPoint\",\"urlTemplate\":\"https:\/\/www.sbkt.hr\/KT\/?s={search_term_string}\"},\"query-input\":{\"@type\":\"PropertyValueSpecification\",\"valueRequired\":true,\"valueName\":\"search_term_string\"}}],\"inLanguage\":\"hr\"}]}<\/script>\n<!-- \/ Yoast SEO plugin. -->","yoast_head_json":{"title":"Odjel za medicinsku rehabilitaciju neurolo\u0161kih bolesnika - sbkt.hr","robots":{"index":"index","follow":"follow","max-snippet":"max-snippet:-1","max-image-preview":"max-image-preview:large","max-video-preview":"max-video-preview:-1"},"canonical":"https:\/\/www.sbkt.hr\/KT\/rehabilitacija-neuroloskih-bolesnika\/","og_locale":"hr_HR","og_type":"article","og_title":"Odjel za medicinsku rehabilitaciju neurolo\u0161kih bolesnika - sbkt.hr","og_description":"v.d. Voditelj odjela za medicinsku rehabilitaciju neurolo\u0161kih bolesnika: Martina Hr\u0161ak, dr.med., spec. fizijatar Glavna medicinska sestra odjela: Anica Cajhen, bacc.med.techn. Glavni fizioterapeut odjela: Mario Mandi\u0107, mag.physioth. Voditelji timova fizioterapije: Tomislav Dunaj, mag.physioth. Glavni radni terapeut odjela: Ivana Klepo, bacc.therap.occup.,\u00a0MSc Voditelj\/ica tima zdravstvene njege: Kristina Puljek, bacc.med.techn. Ksenija Buri\u0107, bacc.med.techn. Va\u017ene izravne telefonske linije: Glavna medicinska...","og_url":"https:\/\/www.sbkt.hr\/KT\/rehabilitacija-neuroloskih-bolesnika\/","og_site_name":"sbkt.hr","article_modified_time":"2026-04-13T14:57:42+00:00","twitter_card":"summary_large_image","twitter_misc":{"Procijenjeno vrijeme \u010ditanja":"4 minute"},"schema":{"@context":"https:\/\/schema.org","@graph":[{"@type":"WebPage","@id":"https:\/\/www.sbkt.hr\/KT\/rehabilitacija-neuroloskih-bolesnika\/","url":"https:\/\/www.sbkt.hr\/KT\/rehabilitacija-neuroloskih-bolesnika\/","name":"Odjel za medicinsku rehabilitaciju neurolo\u0161kih bolesnika - sbkt.hr","isPartOf":{"@id":"https:\/\/www.sbkt.hr\/KT\/#website"},"datePublished":"2017-06-04T13:37:20+00:00","dateModified":"2026-04-13T14:57:42+00:00","breadcrumb":{"@id":"https:\/\/www.sbkt.hr\/KT\/rehabilitacija-neuroloskih-bolesnika\/#breadcrumb"},"inLanguage":"hr","potentialAction":[{"@type":"ReadAction","target":["https:\/\/www.sbkt.hr\/KT\/rehabilitacija-neuroloskih-bolesnika\/"]}]},{"@type":"BreadcrumbList","@id":"https:\/\/www.sbkt.hr\/KT\/rehabilitacija-neuroloskih-bolesnika\/#breadcrumb","itemListElement":[{"@type":"ListItem","position":1,"name":"Naslovna","item":"https:\/\/www.sbkt.hr\/KT\/"},{"@type":"ListItem","position":2,"name":"Odjel za medicinsku rehabilitaciju neurolo\u0161kih bolesnika"}]},{"@type":"WebSite","@id":"https:\/\/www.sbkt.hr\/KT\/#website","url":"https:\/\/www.sbkt.hr\/KT\/","name":"sbkt.hr","description":"Specijalna bolnica za medicinsku rehabilitaciju","potentialAction":[{"@type":"SearchAction","target":{"@type":"EntryPoint","urlTemplate":"https:\/\/www.sbkt.hr\/KT\/?s={search_term_string}"},"query-input":{"@type":"PropertyValueSpecification","valueRequired":true,"valueName":"search_term_string"}}],"inLanguage":"hr"}]}},"_links":{"self":[{"href":"https:\/\/www.sbkt.hr\/KT\/wp-json\/wp\/v2\/pages\/1272","targetHints":{"allow":["GET"]}}],"collection":[{"href":"https:\/\/www.sbkt.hr\/KT\/wp-json\/wp\/v2\/pages"}],"about":[{"href":"https:\/\/www.sbkt.hr\/KT\/wp-json\/wp\/v2\/types\/page"}],"author":[{"embeddable":true,"href":"https:\/\/www.sbkt.hr\/KT\/wp-json\/wp\/v2\/users\/1"}],"replies":[{"embeddable":true,"href":"https:\/\/www.sbkt.hr\/KT\/wp-json\/wp\/v2\/comments?post=1272"}],"version-history":[{"count":53,"href":"https:\/\/www.sbkt.hr\/KT\/wp-json\/wp\/v2\/pages\/1272\/revisions"}],"predecessor-version":[{"id":12233,"href":"https:\/\/www.sbkt.hr\/KT\/wp-json\/wp\/v2\/pages\/1272\/revisions\/12233"}],"wp:attachment":[{"href":"https:\/\/www.sbkt.hr\/KT\/wp-json\/wp\/v2\/media?parent=1272"}],"curies":[{"name":"wp","href":"https:\/\/api.w.org\/{rel}","templated":true}]}}