{"id":1285,"date":"2017-06-04T18:52:53","date_gmt":"2017-06-04T16:52:53","guid":{"rendered":"http:\/\/www.sbkt.hr\/KT\/?page_id=1285"},"modified":"2026-04-13T17:06:39","modified_gmt":"2026-04-13T15:06:39","slug":"odjel-za-medicinsku-rehabilitaciju-ortopedsko-reumatoloskih-bolesnika","status":"publish","type":"page","link":"https:\/\/www.sbkt.hr\/KT\/odjel-za-medicinsku-rehabilitaciju-ortopedsko-reumatoloskih-bolesnika\/","title":{"rendered":"Odjel za medicinsku rehabilitaciju ortopedsko-reumatolo\u0161kih bolesnika"},"content":{"rendered":"<h4><\/h4>\n<h4>Voditelj odjela:<\/h4>\n<h5>dr. sc. Darija Granec, dr. med., spec. fizikalne medicine i rehabilitacije \u2013 subspec. reumatologije<\/h5>\n<h3><\/h3>\n<h4><\/h4>\n<h4>Glavna medicinska sestra odjela:<\/h4>\n<h5>Nadica Glas, bacc.med.techn.<\/h5>\n<h3><\/h3>\n<h4><\/h4>\n<h4>Glavni fizioterapeut odjela:<\/h4>\n<h5>Andreja \u0160\u0107ukanec Besednik, mag.physioth.<\/h5>\n<h3><\/h3>\n<h4><\/h4>\n<h4><\/h4>\n<h4>Lije\u010dnici na odjelu:<\/h4>\n<p>Ksenija Petek-Bu\u0161eli\u0107, dr. med., spec. fizikalne medicine i rehabilitacije<br \/>\nMartina Jan\u017eekovi\u0107, dr. med., spec. fizikalne medicine i rehabilitacije, FEBPRM<br \/>\nSandra Kri\u017eani\u0107, dr. med. spec. fizikalne medicine i rehabilitacije<br \/>\nKatarina Marija Kobe\u0161\u010dak, dr. med., specijalizantica fizikalne medicine i rehabilitacije<br \/>\nManuela Sovulj, dr. med., specijalizantica fizikalne medicine i rehabilitacije<br \/>\nPetra Posavec Deak, dr. med.<\/p>\n<p>Anamaria Palameta, dr.med., specijalizantica fizikalne medicine i rehabilitacije<br \/>\nJure Modri\u010d, dr.med., specijalizant fizikalne medicine i rehabilitacije<\/p>\n<h4><\/h4>\n<h4>Voditeljice tima zdravstvene njege:<\/h4>\n<p>Katarina Orai\u0107, bacc. med. techn.<br \/>\nGordana Buri\u0107, bacc. med. techn.<br \/>\nValentina \u0160anjug, bacc. med. techn.<br \/>\nVlasta Ve\u010dek, bacc. med. techn.<br \/>\nBarbara Vu\u010dilovski, bacc. med. techn.<\/p>\n<h4>Voditelj tima fizioterapije:<\/h4>\n<p>Andrijana Herak Koprivnjak, mag.physioth.<\/p>\n<h4><\/h4>\n<h4>Va\u017ene izravne telefonske linije i e-mail:<\/h4>\n<ul>\n<li>Voditelj odjela: (+385 49) 244-992 <strong>E-mail:<\/strong>\u00a0<a href=\"mailto:darija.granec@sbkt.hr\">darija.granec@sbkt.hr<\/a><\/li>\n<li>Glavna medicinska sestra odjela: (+385 49) 383-246 <strong>E-mail:<\/strong> <a href=\"mailto:nadica.glas@sbkt.hr\">nadica.glas@sbkt.hr<\/a><\/li>\n<li>Glavni fizioterapeut odjela: (+385 49) 383-283 <strong>E-mail:<\/strong>\u00a0<a href=\"mailto:andreja.scukanec@sbkt.hr\">andreja.scukanec@sbkt.hr<\/a><\/li>\n<li>Naru\u010divanje na medicinsku rehabilitaciju:\u00a0(+385 49) 383-402 <strong>E-mail:<\/strong>\u00a0<a href=\"mailto:recepcija@sbkt.hr\">recepcija@sbkt.hr<\/a><\/li>\n<\/ul>\n<h4><\/h4>\n<p>Odjel za medicinsku rehabilitaciju ortopedskih i reumatolo\u0161kih bolesnika Specijalne bolnice za medicinsku rehabilitaciju Krapinske Toplice najstariji je odjel za rehabilitaciju u bolnici. Osnovan je jo\u0161 1956. godine, tada punog naziva Odjel za ortopedsku rehabilitaciju i reumatske bolesti. Kroz povijest i organizacijske promjene odjel je mijenjao svoju strukturu, te su reumatolo\u0161ki pacijenti izdvojeni, a na Odjelu za rehabilitaciju ortopedskih i traumatolo\u0161kih bolesnika rehabilitirani su bolesnici nakon ortopedskih zahvata na donjim ekstremitetima, bilo korektivnih osteotomija, tetivno-ligamentarnih rekonstrukcija, nakon ugradnje endoproteze kuka ili koljena te politraumatizirani bolesnici i bolesnici nakon amputacije ekstremiteta. Danas su okolnosti pridonjele novoj organizaciji odjela i ponovnom udru\u017eivanju u rehabilitaciji ortopedskih i reumatolo\u0161kih bolesnika te Odjel za medicisnku rehabilitaciju ortopedsko-reumatolo\u0161kih bolesnika raspola\u017ee s 90 bolesni\u010dkih postelja u komfornim dvokrevetnim i trokrevetnim sobama s vlastitim sanitarnim \u010dvorom, a ve\u0107ina soba ima i balkon.<\/p>\n<p>Medicinsku skrb provodi tim lije\u010dnika fizijatara, medicinskih sestara i fizioterapeuta educiranih za podru\u010dje ortopedske i reumatolo\u0161ke rehabilitacije. Na odjelu radi 5 lije\u010dnica specijalista fizikalne medicine i rehabilitacije, od \u010dega su dvije lije\u010dnice doktori znanosti, a jedna lije\u010dnica polo\u017eila su Europski ispit fizikalne i rehabilitacijske medicine te stekla naziv FEBPRM. Na\u0161i lije\u010dnici osim rada na odjelu, svakodnevno sudjeluju u polivalentnom ambulantom radu uklju\u010duju\u0107i i dijagnosti\u010dke metode (ultrazvuk mi\u0161i\u0107noko\u0161tanog sustava, elektromioneurografiju). Kontiuirano imamo mlade lije\u010dnike na specijalizaciji iz fizikalne medicine i rehabilitacije Od ukupno 40 medicinskih sestara tri su magistre sestrinstva, a 14 prvostupnice sestrinstva. Na odjelu od ukupno 10 fizioterapeuta, \u010detvero su magistri fizioterapije i 4 prvostupnici fizioterapije.<\/p>\n<p>Odjel raspola\u017ee s dvije dvorane za fizikalnu terapiju, a u prizemlju zgrade nalazi se hidroterapija s terapijskih bazenom i prostorima za masa\u017eu. Od rehabilitacijskih intervencija provodi se individualna kinezioterapija, elektrostimulacija mi\u0161i\u0107a, antiedematozna terapija, a bolesnicima su dostupni i razni drugi modaliteti moderne fizikalne terapije, uklju\u010duju\u0107i i modalitete na\u0161ih prirodnih resursa \u2013 hidrokinezioterapiju, podvodnu masa\u017eu i terapiju peloidima. Kontinuirano se provodi edukacija bolesnika kako bi ih se pripremilo za povratak u obitelj i dru\u0161tvenu zajednicu. Rehabilitacijski protokoli sastavljeni su prema stru\u010dnoj literaturi i suvremenim smjernicama, a za dokumentirane su i pisane upute za pacijente nakon naj\u010de\u0161\u0107ih operativnih zahvata koji borave na na\u0161em odjelu.<\/p>\n<p>Bolesnicima je osigurana kontinuirana zdravstvena skrb, a mogu\u0107e komplikacije lije\u010denja rje\u0161avaju se interdisciplinarnom suradnjom s kolegama internistima, radiolozima, neurolozima, kardiolozima i reumatolozima. Kontinuirano je dostupna suvremena radiolo\u0161ka dijagnostika uklju\u010duju\u0107i klasi\u010dnu radiolo\u0161ku dijagnostiku, ultrazvuk i CT, te medicinsko \u2013 biokemijska dijagnostika. Isto tako za pojedine slu\u010dajeve kada je to neophodno za planiranje programa rehabilitacije dostupna je kompletna neinvazivna kardiolo\u0161ka i neurolo\u0161ka dijagnostika te elektromioneurografija. S vanjskim ustanovama imamo suradnju za potrebe individualne ortotske opskrbe.<\/p>\n","protected":false},"excerpt":{"rendered":"<p>Voditelj odjela: dr. sc. Darija Granec, dr. med., spec. fizikalne medicine i rehabilitacije \u2013 subspec. reumatologije Glavna medicinska sestra odjela: Nadica Glas, bacc.med.techn. Glavni fizioterapeut odjela: Andreja \u0160\u0107ukanec Besednik, mag.physioth. Lije\u010dnici na odjelu: Ksenija Petek-Bu\u0161eli\u0107, dr. med., spec. fizikalne medicine i rehabilitacije Martina Jan\u017eekovi\u0107, dr. med., spec. fizikalne medicine i rehabilitacije, FEBPRM Sandra Kri\u017eani\u0107, dr&#8230;. <\/p>\n","protected":false},"author":1,"featured_media":0,"parent":0,"menu_order":0,"comment_status":"closed","ping_status":"closed","template":"","meta":{"footnotes":""},"class_list":["post-1285","page","type-page","status-publish","hentry"],"yoast_head":"<!-- This site is optimized with the Yoast SEO plugin v24.9 - https:\/\/yoast.com\/wordpress\/plugins\/seo\/ -->\n<title>Odjel za medicinsku rehabilitaciju ortopedsko-reumatolo\u0161kih bolesnika - sbkt.hr<\/title>\n<meta name=\"robots\" content=\"index, follow, max-snippet:-1, max-image-preview:large, max-video-preview:-1\" \/>\n<link rel=\"canonical\" href=\"https:\/\/www.sbkt.hr\/KT\/odjel-za-medicinsku-rehabilitaciju-ortopedsko-reumatoloskih-bolesnika\/\" \/>\n<meta property=\"og:locale\" content=\"hr_HR\" \/>\n<meta property=\"og:type\" content=\"article\" \/>\n<meta property=\"og:title\" content=\"Odjel za medicinsku rehabilitaciju ortopedsko-reumatolo\u0161kih bolesnika - sbkt.hr\" \/>\n<meta property=\"og:description\" content=\"Voditelj odjela: dr. sc. Darija Granec, dr. med., spec. fizikalne medicine i rehabilitacije \u2013 subspec. reumatologije Glavna medicinska sestra odjela: Nadica Glas, bacc.med.techn. Glavni fizioterapeut odjela: Andreja \u0160\u0107ukanec Besednik, mag.physioth. Lije\u010dnici na odjelu: Ksenija Petek-Bu\u0161eli\u0107, dr. med., spec. fizikalne medicine i rehabilitacije Martina Jan\u017eekovi\u0107, dr. med., spec. fizikalne medicine i rehabilitacije, FEBPRM Sandra Kri\u017eani\u0107, dr....\" \/>\n<meta property=\"og:url\" content=\"https:\/\/www.sbkt.hr\/KT\/odjel-za-medicinsku-rehabilitaciju-ortopedsko-reumatoloskih-bolesnika\/\" \/>\n<meta property=\"og:site_name\" content=\"sbkt.hr\" \/>\n<meta property=\"article:modified_time\" content=\"2026-04-13T15:06:39+00:00\" \/>\n<meta name=\"twitter:card\" content=\"summary_large_image\" \/>\n<meta name=\"twitter:label1\" content=\"Procijenjeno vrijeme \u010ditanja\" \/>\n\t<meta name=\"twitter:data1\" content=\"4 minute\" \/>\n<script type=\"application\/ld+json\" class=\"yoast-schema-graph\">{\"@context\":\"https:\/\/schema.org\",\"@graph\":[{\"@type\":\"WebPage\",\"@id\":\"https:\/\/www.sbkt.hr\/KT\/odjel-za-medicinsku-rehabilitaciju-ortopedsko-reumatoloskih-bolesnika\/\",\"url\":\"https:\/\/www.sbkt.hr\/KT\/odjel-za-medicinsku-rehabilitaciju-ortopedsko-reumatoloskih-bolesnika\/\",\"name\":\"Odjel za medicinsku rehabilitaciju ortopedsko-reumatolo\u0161kih bolesnika - sbkt.hr\",\"isPartOf\":{\"@id\":\"https:\/\/www.sbkt.hr\/KT\/#website\"},\"datePublished\":\"2017-06-04T16:52:53+00:00\",\"dateModified\":\"2026-04-13T15:06:39+00:00\",\"breadcrumb\":{\"@id\":\"https:\/\/www.sbkt.hr\/KT\/odjel-za-medicinsku-rehabilitaciju-ortopedsko-reumatoloskih-bolesnika\/#breadcrumb\"},\"inLanguage\":\"hr\",\"potentialAction\":[{\"@type\":\"ReadAction\",\"target\":[\"https:\/\/www.sbkt.hr\/KT\/odjel-za-medicinsku-rehabilitaciju-ortopedsko-reumatoloskih-bolesnika\/\"]}]},{\"@type\":\"BreadcrumbList\",\"@id\":\"https:\/\/www.sbkt.hr\/KT\/odjel-za-medicinsku-rehabilitaciju-ortopedsko-reumatoloskih-bolesnika\/#breadcrumb\",\"itemListElement\":[{\"@type\":\"ListItem\",\"position\":1,\"name\":\"Naslovna\",\"item\":\"https:\/\/www.sbkt.hr\/KT\/\"},{\"@type\":\"ListItem\",\"position\":2,\"name\":\"Odjel za medicinsku rehabilitaciju ortopedsko-reumatolo\u0161kih bolesnika\"}]},{\"@type\":\"WebSite\",\"@id\":\"https:\/\/www.sbkt.hr\/KT\/#website\",\"url\":\"https:\/\/www.sbkt.hr\/KT\/\",\"name\":\"sbkt.hr\",\"description\":\"Specijalna bolnica za medicinsku rehabilitaciju\",\"potentialAction\":[{\"@type\":\"SearchAction\",\"target\":{\"@type\":\"EntryPoint\",\"urlTemplate\":\"https:\/\/www.sbkt.hr\/KT\/?s={search_term_string}\"},\"query-input\":{\"@type\":\"PropertyValueSpecification\",\"valueRequired\":true,\"valueName\":\"search_term_string\"}}],\"inLanguage\":\"hr\"}]}<\/script>\n<!-- \/ Yoast SEO plugin. -->","yoast_head_json":{"title":"Odjel za medicinsku rehabilitaciju ortopedsko-reumatolo\u0161kih bolesnika - sbkt.hr","robots":{"index":"index","follow":"follow","max-snippet":"max-snippet:-1","max-image-preview":"max-image-preview:large","max-video-preview":"max-video-preview:-1"},"canonical":"https:\/\/www.sbkt.hr\/KT\/odjel-za-medicinsku-rehabilitaciju-ortopedsko-reumatoloskih-bolesnika\/","og_locale":"hr_HR","og_type":"article","og_title":"Odjel za medicinsku rehabilitaciju ortopedsko-reumatolo\u0161kih bolesnika - sbkt.hr","og_description":"Voditelj odjela: dr. sc. Darija Granec, dr. med., spec. fizikalne medicine i rehabilitacije \u2013 subspec. reumatologije Glavna medicinska sestra odjela: Nadica Glas, bacc.med.techn. Glavni fizioterapeut odjela: Andreja \u0160\u0107ukanec Besednik, mag.physioth. Lije\u010dnici na odjelu: Ksenija Petek-Bu\u0161eli\u0107, dr. med., spec. fizikalne medicine i rehabilitacije Martina Jan\u017eekovi\u0107, dr. med., spec. fizikalne medicine i rehabilitacije, FEBPRM Sandra Kri\u017eani\u0107, dr....","og_url":"https:\/\/www.sbkt.hr\/KT\/odjel-za-medicinsku-rehabilitaciju-ortopedsko-reumatoloskih-bolesnika\/","og_site_name":"sbkt.hr","article_modified_time":"2026-04-13T15:06:39+00:00","twitter_card":"summary_large_image","twitter_misc":{"Procijenjeno vrijeme \u010ditanja":"4 minute"},"schema":{"@context":"https:\/\/schema.org","@graph":[{"@type":"WebPage","@id":"https:\/\/www.sbkt.hr\/KT\/odjel-za-medicinsku-rehabilitaciju-ortopedsko-reumatoloskih-bolesnika\/","url":"https:\/\/www.sbkt.hr\/KT\/odjel-za-medicinsku-rehabilitaciju-ortopedsko-reumatoloskih-bolesnika\/","name":"Odjel za medicinsku rehabilitaciju ortopedsko-reumatolo\u0161kih bolesnika - sbkt.hr","isPartOf":{"@id":"https:\/\/www.sbkt.hr\/KT\/#website"},"datePublished":"2017-06-04T16:52:53+00:00","dateModified":"2026-04-13T15:06:39+00:00","breadcrumb":{"@id":"https:\/\/www.sbkt.hr\/KT\/odjel-za-medicinsku-rehabilitaciju-ortopedsko-reumatoloskih-bolesnika\/#breadcrumb"},"inLanguage":"hr","potentialAction":[{"@type":"ReadAction","target":["https:\/\/www.sbkt.hr\/KT\/odjel-za-medicinsku-rehabilitaciju-ortopedsko-reumatoloskih-bolesnika\/"]}]},{"@type":"BreadcrumbList","@id":"https:\/\/www.sbkt.hr\/KT\/odjel-za-medicinsku-rehabilitaciju-ortopedsko-reumatoloskih-bolesnika\/#breadcrumb","itemListElement":[{"@type":"ListItem","position":1,"name":"Naslovna","item":"https:\/\/www.sbkt.hr\/KT\/"},{"@type":"ListItem","position":2,"name":"Odjel za medicinsku rehabilitaciju ortopedsko-reumatolo\u0161kih bolesnika"}]},{"@type":"WebSite","@id":"https:\/\/www.sbkt.hr\/KT\/#website","url":"https:\/\/www.sbkt.hr\/KT\/","name":"sbkt.hr","description":"Specijalna bolnica za medicinsku rehabilitaciju","potentialAction":[{"@type":"SearchAction","target":{"@type":"EntryPoint","urlTemplate":"https:\/\/www.sbkt.hr\/KT\/?s={search_term_string}"},"query-input":{"@type":"PropertyValueSpecification","valueRequired":true,"valueName":"search_term_string"}}],"inLanguage":"hr"}]}},"_links":{"self":[{"href":"https:\/\/www.sbkt.hr\/KT\/wp-json\/wp\/v2\/pages\/1285","targetHints":{"allow":["GET"]}}],"collection":[{"href":"https:\/\/www.sbkt.hr\/KT\/wp-json\/wp\/v2\/pages"}],"about":[{"href":"https:\/\/www.sbkt.hr\/KT\/wp-json\/wp\/v2\/types\/page"}],"author":[{"embeddable":true,"href":"https:\/\/www.sbkt.hr\/KT\/wp-json\/wp\/v2\/users\/1"}],"replies":[{"embeddable":true,"href":"https:\/\/www.sbkt.hr\/KT\/wp-json\/wp\/v2\/comments?post=1285"}],"version-history":[{"count":44,"href":"https:\/\/www.sbkt.hr\/KT\/wp-json\/wp\/v2\/pages\/1285\/revisions"}],"predecessor-version":[{"id":12243,"href":"https:\/\/www.sbkt.hr\/KT\/wp-json\/wp\/v2\/pages\/1285\/revisions\/12243"}],"wp:attachment":[{"href":"https:\/\/www.sbkt.hr\/KT\/wp-json\/wp\/v2\/media?parent=1285"}],"curies":[{"name":"wp","href":"https:\/\/api.w.org\/{rel}","templated":true}]}}