{"id":1293,"date":"2017-06-05T12:59:05","date_gmt":"2017-06-05T10:59:05","guid":{"rendered":"http:\/\/www.sbkt.hr\/KT\/?page_id=1293"},"modified":"2025-04-03T11:48:03","modified_gmt":"2025-04-03T09:48:03","slug":"odjel-medicinsku-rehabilitaciju-kardioloskih-bolesnika","status":"publish","type":"page","link":"https:\/\/www.sbkt.hr\/KT\/odjel-medicinsku-rehabilitaciju-kardioloskih-bolesnika\/","title":{"rendered":"Odjel za medicinsku rehabilitaciju kardiolo\u0161kih bolesnika"},"content":{"rendered":"<h4><\/h4>\n<h4><\/h4>\n<h4>Voditelj odjela za medicinsku rehabilitaciju kardiolo\u0161kih bolesnika:<\/h4>\n<h5>Doc.dr.sc. Du\u0161ko Cerovec, dr.med., spec. internist-kardiolog<\/h5>\n<p>E-mail: <a href=\"mailto:dusko.cerovec@sbkt.hr\">dusko.cerovec@sbkt.hr<\/a><\/p>\n<h3><\/h3>\n<h4><\/h4>\n<p>&nbsp;<\/p>\n<h4>Glavna medicinska sestra odjela:<\/h4>\n<h5>Josipa Halapir, bacc.med.techn.<\/h5>\n<p>&nbsp;<\/p>\n<p>&nbsp;<\/p>\n<h4>Glavni fizioterapeut odjela:<\/h4>\n<h5>Jadranka Paun Juda\u0161, univ.mag.physioth. \u2013\u00a0<a href=\"https:\/\/www.sbkt.hr\/KT\/wp-content\/uploads\/2023\/03\/CV-JADRANKA-PAUN.pdf\">CV.pdf<\/a><\/h5>\n<h3><\/h3>\n<p>&nbsp;<\/p>\n<h4>Voditeljica tima fizioterapije:<\/h4>\n<h5>Sanja Halambek, bacc. physioth.<\/h5>\n<h3><\/h3>\n<h4><\/h4>\n<p>&nbsp;<\/p>\n<h4>Va\u017ene izravne telefonske linije:<\/h4>\n<ul>\n<li>Glavna medicinska sestra odjela: (+385 49) 383-482<\/li>\n<li>E-mail za naru\u010divanje na medicinsku rehabilitaciju: <a href=\"mailto:recepcija@sbkt.hr\">recepcija@sbkt.hr<\/a><\/li>\n<\/ul>\n<h3><\/h3>\n<p>&nbsp;<\/p>\n<h4><\/h4>\n<h4>Lije\u010dnici na odjelu:<\/h4>\n<p>Prof.prim.dr.sc. Nenad Laku\u0161i\u0107, dr.med., spec. internist\u2013kardiolog: E-mail: <a href=\"mailto:nenad.lakusic@sbkt.hr\">nenad.lakusic@sbkt.hr<\/a> <a href=\"https:\/\/www.sbkt.hr\/KT\/wp-content\/uploads\/2017\/06\/CV-Nenad-Laku\u0161i\u0107.doc\">, CV.doc <\/a><br \/>\nSre\u010dko Tu\u0161ek, dr. med., spec. internist-endokrinolog: (+385 49) 383-481<br \/>\nLjiljana Lu\u010dinger, dr.med.spec.internist-kardiolog: (+385 49) 383-456<br \/>\nRomano Kurnik, dr.med.spec.internist-kardiolog: (+385 49) 383-437<br \/>\nIvan Kos, dr.med., spec.kardiolog: (+385 49) 383-437<br \/>\nMateja Pracai\u0107, dr.med. spec.kardiolog (+385 49) 383-456<\/p>\n<h3><\/h3>\n<h4><\/h4>\n<p><a href=\"https:\/\/www.sbkt.hr\/KT\/wp-content\/uploads\/2022\/11\/Popis-radova-svi-kardiologija-interna.pdf\">Znanstveni i stru\u010dni radovi.pdf<\/a><\/p>\n<h3><\/h3>\n<h4><\/h4>\n<h4>Voditelj\/ica tima zdravstvene njege:<\/h4>\n<p>K1 &#8211; Gordana Kosalec, mag.med.techn. (+385 49) 383-327<br \/>\nK2 \u2013 Ljiljana Slovenec, bacc.med.techn. (+385 49) 383-337<br \/>\nK3 \u2013 \u0110ur\u0111ica Barilar, bacc.med.techn. (+385 49) 383-438<br \/>\nK4 \u2013 Hrestak Ksenija, bacc.med.techn. (+385 49) 383-438<br \/>\nK5 \u2013 Tajana \u0160o\u0161tar, mag.med.techn. (+385 49) 383-327<\/p>\n<p>&nbsp;<\/p>\n<p>Odjel za kardiolo\u0161ku rehabilitaciju ve\u0107 gotovo 50 godina uspje\u0161no provodi rehabilitaciju bolesnika s preboljelim sr\u010danim infarktom, anginom pektoris, u\u010dinjenom perkutanom koronarnom intervencijom (PCI), operacijom sr\u010danih premosnica (CABG) ili sr\u010danih zalistaka te u bolesnika s bolestima periferne arterijske cirkulacije.<\/p>\n<p>Brigu o bolesnicima vodi iskusan tim koji obuhva\u0107a lije\u010dnike specijaliste interne medicine \u2013 kardiologe, medicinske sestre i tehni\u010dare (bacc.med.techn., VMS, SSS), fizioterapeute (VMS, SSS), psihologa, dijeteti\u010dare te po potrebi i druge zdravstvene profile poput lije\u010dnika spec. fizikalne medicine i rehabilitacije, neurologa, radiologa, konzilijarnog kardijanog kirurga, radnog terapueta, logopeda i dr.<\/p>\n<p>Odjel raspola\u017ee s komfornim trokrevetnim, dvokrevetnim, jednokrevetnim sobama i apartmanima te posebno opremljenim prostorima i dvoranama za medicinsku gimnastiku.<\/p>\n<p>Kardiolo\u0161ka rehabilitacija obuhva\u0107a skup mjera i postupaka sa svrhom postizanja najboljeg mogu\u0107eg fizi\u010dkog, psihi\u010dkog i socijalnog stanja tako da bolesnici nakon akutne epizode kardiovaskularne bolesti, znatnim dijelom svojim osobnim snagama, o\u010duvaju, odnosno ponovno zauzmu mjesto u zajednici i nastave s dotada\u0161njim aktivnim \u017eivotom.<\/p>\n<p>&nbsp;<\/p>\n<h3><\/h3>\n<h4>Poznati povoljni u\u010dinci kardiolo\u0161ke rehabilitacije:<\/h4>\n<ul>\n<li>Pobolj\u0161anje funkcionalnog kapaciteta (podno\u0161enja napora)<\/li>\n<li>Smanjenje simptoma bolesti<\/li>\n<li>Smanjenje koncentracije masno\u0107a u krvi<\/li>\n<li>Smanjenje pu\u0161enja<\/li>\n<li>Pobolj\u0161anje osje\u0107aja dobrog zdravlja i smanjenje stresa<\/li>\n<li>Smanjenje ponavljanja sr\u010danog infarkta i u\u010destalosti bolni\u010dkog lije\u010denja<\/li>\n<li>Smanjenje ukupne i sr\u010dane smrtnosti<\/li>\n<\/ul>\n<p>Kontinuirani tjelesni trening \u010dini osnovu programa i sadr\u017eaja kardiolo\u0161ke rehabilitacije.<\/p>\n<p>&nbsp;<\/p>\n<h4>Ciljevi kardiolo\u0161ke rehabilitacije su vi\u0161estruki i dijele se na:<\/h4>\n<ul>\n<li><strong>Fizi\u010dke<\/strong> \u2013 upoznavanje s fizi\u010dkim ograni\u010denjima, u\u010denje daljnjeg \u017eivljenja sa somatskim invaliditetom, optimiziranje tolerancije napora kao i evaluacija uzroka ograni\u010denosti tolerancije napora<\/li>\n<li><strong>Psiholo\u0161ke<\/strong> \u2013 pobje\u0111ivanje straha od fizi\u010dkih optere\u0107enja, obnavljanje emocionalne stabilnost te \u017eivljenje sa sr\u010danom bole\u0161\u0107u u konstruktivnom obliku<\/li>\n<li><strong>Socijalne<\/strong> \u2013 odr\u017eavanje neovisnog stila \u017eivljenja, povratak poslu i svakodnevnim du\u017enostima kao i obnavljanje obiteljskih i dru\u0161tvenih uloga<\/li>\n<\/ul>\n<h3><\/h3>\n<h4><\/h4>\n<h4>Sadr\u017eaj na\u0161ih rehabilitacijskih\u00a0 programa:<\/h4>\n<ul>\n<li>Prilagodba, pra\u0107enje i optimiziranje medikametne terapije, postizanje klini\u010dke stabilnosti<\/li>\n<li>Prognosti\u010dka procjena i procjena rizika, potrebe za daljom dijagnostikom i lije\u010denjem<\/li>\n<li>Tjelesno vje\u017ebanje<\/li>\n<li>Edukacija i savjetovanje (\u010dimbenici rizika, promjene \u017eivotnih navika)<\/li>\n<li>Intervencije u na\u010dinu prilagodbe na bolest i savjetovanje oko povratka na posao<\/li>\n<li>Kardiolo\u0161ko pra\u0107enje<\/li>\n<\/ul>\n<h3><\/h3>\n<h4><\/h4>\n<h4>Uobi\u010dajeni tijek rehabilitacije<\/h4>\n<ul>\n<li>Po\u010detna procjena bolesnika<\/li>\n<li>Provo\u0111enje potrebnih dijagnosti\u010dkih postupaka (EKG, laboratorijske pretrage, ergometrijsko testiranje, po potrebi i druge pretrage)<\/li>\n<li>Svakodnevno tjelesno vje\u017ebanje na sobnom biciklu te grupnih vje\u017ebi u dvorani (i bazenu) pod vodstvom fizioterapeuta, psiholo\u0161ka podr\u0161ka (individualne seanse i rad u malim grupama). Tjelesno vje\u017ebanje nadzire iskusno medicinsko osoblje, a koriste se i telemetrijski EKG ure\u0111aji za pra\u0107enje rada srca.<\/li>\n<li>Edukacije kroz razli\u010dita predavanja i savjetovanja<\/li>\n<li>Dijetni re\u017eim prehrane i tretmana svih kardiovaskularnih \u010dimbenika rizika<\/li>\n<li>Pra\u0107enje tijeka rehabilitacije<\/li>\n<li>Zavr\u0161na procjena i preporuke<\/li>\n<\/ul>\n<p>&nbsp;<\/p>\n<p>U dijelu godine kada vremenske prilike dopu\u0161taju, vje\u017ebe se za dio bolesnika provede i u prirodi.<\/p>\n<p>&nbsp;<\/p>\n","protected":false},"excerpt":{"rendered":"<p>Voditelj odjela za medicinsku rehabilitaciju kardiolo\u0161kih bolesnika: Doc.dr.sc. Du\u0161ko Cerovec, dr.med., spec. internist-kardiolog E-mail: dusko.cerovec@sbkt.hr &nbsp; Glavna medicinska sestra odjela: Josipa Halapir, bacc.med.techn. &nbsp; &nbsp; Glavni fizioterapeut odjela: Jadranka Paun Juda\u0161, univ.mag.physioth. \u2013\u00a0CV.pdf &nbsp; Voditeljica tima fizioterapije: Sanja Halambek, bacc. physioth. &nbsp; Va\u017ene izravne telefonske linije: Glavna medicinska sestra odjela: (+385 49) 383-482 E-mail za&#8230; <\/p>\n","protected":false},"author":1,"featured_media":0,"parent":0,"menu_order":0,"comment_status":"closed","ping_status":"closed","template":"","meta":{"footnotes":""},"class_list":["post-1293","page","type-page","status-publish","hentry"],"yoast_head":"<!-- This site is optimized with the Yoast SEO plugin v24.9 - https:\/\/yoast.com\/wordpress\/plugins\/seo\/ -->\n<title>Odjel za medicinsku rehabilitaciju kardiolo\u0161kih bolesnika - sbkt.hr<\/title>\n<meta name=\"robots\" content=\"index, follow, max-snippet:-1, max-image-preview:large, max-video-preview:-1\" \/>\n<link rel=\"canonical\" href=\"https:\/\/www.sbkt.hr\/KT\/odjel-medicinsku-rehabilitaciju-kardioloskih-bolesnika\/\" \/>\n<meta property=\"og:locale\" content=\"hr_HR\" \/>\n<meta property=\"og:type\" content=\"article\" \/>\n<meta property=\"og:title\" content=\"Odjel za medicinsku rehabilitaciju kardiolo\u0161kih bolesnika - sbkt.hr\" \/>\n<meta property=\"og:description\" content=\"Voditelj odjela za medicinsku rehabilitaciju kardiolo\u0161kih bolesnika: Doc.dr.sc. Du\u0161ko Cerovec, dr.med., spec. internist-kardiolog E-mail: dusko.cerovec@sbkt.hr &nbsp; Glavna medicinska sestra odjela: Josipa Halapir, bacc.med.techn. &nbsp; &nbsp; Glavni fizioterapeut odjela: Jadranka Paun Juda\u0161, univ.mag.physioth. \u2013\u00a0CV.pdf &nbsp; Voditeljica tima fizioterapije: Sanja Halambek, bacc. physioth. &nbsp; Va\u017ene izravne telefonske linije: Glavna medicinska sestra odjela: (+385 49) 383-482 E-mail za...\" \/>\n<meta property=\"og:url\" content=\"https:\/\/www.sbkt.hr\/KT\/odjel-medicinsku-rehabilitaciju-kardioloskih-bolesnika\/\" \/>\n<meta property=\"og:site_name\" content=\"sbkt.hr\" \/>\n<meta property=\"article:modified_time\" content=\"2025-04-03T09:48:03+00:00\" \/>\n<meta name=\"twitter:card\" content=\"summary_large_image\" \/>\n<meta name=\"twitter:label1\" content=\"Procijenjeno vrijeme \u010ditanja\" \/>\n\t<meta name=\"twitter:data1\" content=\"3 minute\" \/>\n<script type=\"application\/ld+json\" class=\"yoast-schema-graph\">{\"@context\":\"https:\/\/schema.org\",\"@graph\":[{\"@type\":\"WebPage\",\"@id\":\"https:\/\/www.sbkt.hr\/KT\/odjel-medicinsku-rehabilitaciju-kardioloskih-bolesnika\/\",\"url\":\"https:\/\/www.sbkt.hr\/KT\/odjel-medicinsku-rehabilitaciju-kardioloskih-bolesnika\/\",\"name\":\"Odjel za medicinsku rehabilitaciju kardiolo\u0161kih bolesnika - sbkt.hr\",\"isPartOf\":{\"@id\":\"https:\/\/www.sbkt.hr\/KT\/#website\"},\"datePublished\":\"2017-06-05T10:59:05+00:00\",\"dateModified\":\"2025-04-03T09:48:03+00:00\",\"breadcrumb\":{\"@id\":\"https:\/\/www.sbkt.hr\/KT\/odjel-medicinsku-rehabilitaciju-kardioloskih-bolesnika\/#breadcrumb\"},\"inLanguage\":\"hr\",\"potentialAction\":[{\"@type\":\"ReadAction\",\"target\":[\"https:\/\/www.sbkt.hr\/KT\/odjel-medicinsku-rehabilitaciju-kardioloskih-bolesnika\/\"]}]},{\"@type\":\"BreadcrumbList\",\"@id\":\"https:\/\/www.sbkt.hr\/KT\/odjel-medicinsku-rehabilitaciju-kardioloskih-bolesnika\/#breadcrumb\",\"itemListElement\":[{\"@type\":\"ListItem\",\"position\":1,\"name\":\"Naslovna\",\"item\":\"https:\/\/www.sbkt.hr\/KT\/\"},{\"@type\":\"ListItem\",\"position\":2,\"name\":\"Odjel za medicinsku rehabilitaciju kardiolo\u0161kih bolesnika\"}]},{\"@type\":\"WebSite\",\"@id\":\"https:\/\/www.sbkt.hr\/KT\/#website\",\"url\":\"https:\/\/www.sbkt.hr\/KT\/\",\"name\":\"sbkt.hr\",\"description\":\"Specijalna bolnica za medicinsku rehabilitaciju\",\"potentialAction\":[{\"@type\":\"SearchAction\",\"target\":{\"@type\":\"EntryPoint\",\"urlTemplate\":\"https:\/\/www.sbkt.hr\/KT\/?s={search_term_string}\"},\"query-input\":{\"@type\":\"PropertyValueSpecification\",\"valueRequired\":true,\"valueName\":\"search_term_string\"}}],\"inLanguage\":\"hr\"}]}<\/script>\n<!-- \/ Yoast SEO plugin. -->","yoast_head_json":{"title":"Odjel za medicinsku rehabilitaciju kardiolo\u0161kih bolesnika - sbkt.hr","robots":{"index":"index","follow":"follow","max-snippet":"max-snippet:-1","max-image-preview":"max-image-preview:large","max-video-preview":"max-video-preview:-1"},"canonical":"https:\/\/www.sbkt.hr\/KT\/odjel-medicinsku-rehabilitaciju-kardioloskih-bolesnika\/","og_locale":"hr_HR","og_type":"article","og_title":"Odjel za medicinsku rehabilitaciju kardiolo\u0161kih bolesnika - sbkt.hr","og_description":"Voditelj odjela za medicinsku rehabilitaciju kardiolo\u0161kih bolesnika: Doc.dr.sc. Du\u0161ko Cerovec, dr.med., spec. internist-kardiolog E-mail: dusko.cerovec@sbkt.hr &nbsp; Glavna medicinska sestra odjela: Josipa Halapir, bacc.med.techn. &nbsp; &nbsp; Glavni fizioterapeut odjela: Jadranka Paun Juda\u0161, univ.mag.physioth. \u2013\u00a0CV.pdf &nbsp; Voditeljica tima fizioterapije: Sanja Halambek, bacc. physioth. &nbsp; Va\u017ene izravne telefonske linije: Glavna medicinska sestra odjela: (+385 49) 383-482 E-mail za...","og_url":"https:\/\/www.sbkt.hr\/KT\/odjel-medicinsku-rehabilitaciju-kardioloskih-bolesnika\/","og_site_name":"sbkt.hr","article_modified_time":"2025-04-03T09:48:03+00:00","twitter_card":"summary_large_image","twitter_misc":{"Procijenjeno vrijeme \u010ditanja":"3 minute"},"schema":{"@context":"https:\/\/schema.org","@graph":[{"@type":"WebPage","@id":"https:\/\/www.sbkt.hr\/KT\/odjel-medicinsku-rehabilitaciju-kardioloskih-bolesnika\/","url":"https:\/\/www.sbkt.hr\/KT\/odjel-medicinsku-rehabilitaciju-kardioloskih-bolesnika\/","name":"Odjel za medicinsku rehabilitaciju kardiolo\u0161kih bolesnika - sbkt.hr","isPartOf":{"@id":"https:\/\/www.sbkt.hr\/KT\/#website"},"datePublished":"2017-06-05T10:59:05+00:00","dateModified":"2025-04-03T09:48:03+00:00","breadcrumb":{"@id":"https:\/\/www.sbkt.hr\/KT\/odjel-medicinsku-rehabilitaciju-kardioloskih-bolesnika\/#breadcrumb"},"inLanguage":"hr","potentialAction":[{"@type":"ReadAction","target":["https:\/\/www.sbkt.hr\/KT\/odjel-medicinsku-rehabilitaciju-kardioloskih-bolesnika\/"]}]},{"@type":"BreadcrumbList","@id":"https:\/\/www.sbkt.hr\/KT\/odjel-medicinsku-rehabilitaciju-kardioloskih-bolesnika\/#breadcrumb","itemListElement":[{"@type":"ListItem","position":1,"name":"Naslovna","item":"https:\/\/www.sbkt.hr\/KT\/"},{"@type":"ListItem","position":2,"name":"Odjel za medicinsku rehabilitaciju kardiolo\u0161kih bolesnika"}]},{"@type":"WebSite","@id":"https:\/\/www.sbkt.hr\/KT\/#website","url":"https:\/\/www.sbkt.hr\/KT\/","name":"sbkt.hr","description":"Specijalna bolnica za medicinsku rehabilitaciju","potentialAction":[{"@type":"SearchAction","target":{"@type":"EntryPoint","urlTemplate":"https:\/\/www.sbkt.hr\/KT\/?s={search_term_string}"},"query-input":{"@type":"PropertyValueSpecification","valueRequired":true,"valueName":"search_term_string"}}],"inLanguage":"hr"}]}},"_links":{"self":[{"href":"https:\/\/www.sbkt.hr\/KT\/wp-json\/wp\/v2\/pages\/1293","targetHints":{"allow":["GET"]}}],"collection":[{"href":"https:\/\/www.sbkt.hr\/KT\/wp-json\/wp\/v2\/pages"}],"about":[{"href":"https:\/\/www.sbkt.hr\/KT\/wp-json\/wp\/v2\/types\/page"}],"author":[{"embeddable":true,"href":"https:\/\/www.sbkt.hr\/KT\/wp-json\/wp\/v2\/users\/1"}],"replies":[{"embeddable":true,"href":"https:\/\/www.sbkt.hr\/KT\/wp-json\/wp\/v2\/comments?post=1293"}],"version-history":[{"count":55,"href":"https:\/\/www.sbkt.hr\/KT\/wp-json\/wp\/v2\/pages\/1293\/revisions"}],"predecessor-version":[{"id":12231,"href":"https:\/\/www.sbkt.hr\/KT\/wp-json\/wp\/v2\/pages\/1293\/revisions\/12231"}],"wp:attachment":[{"href":"https:\/\/www.sbkt.hr\/KT\/wp-json\/wp\/v2\/media?parent=1293"}],"curies":[{"name":"wp","href":"https:\/\/api.w.org\/{rel}","templated":true}]}}