{"id":1317,"date":"2017-06-05T13:45:35","date_gmt":"2017-06-05T11:45:35","guid":{"rendered":"http:\/\/www.sbkt.hr\/KT\/?page_id=1317"},"modified":"2026-04-13T17:03:36","modified_gmt":"2026-04-13T15:03:36","slug":"odjel-rehabilitaciju-kraniocerebralnih-bolesnika-akutnu-neurologiju","status":"publish","type":"page","link":"https:\/\/www.sbkt.hr\/KT\/odjel-rehabilitaciju-kraniocerebralnih-bolesnika-akutnu-neurologiju\/","title":{"rendered":"Odjel za medicinsku rehabilitaciju kraniocerebralnih bolesnika i akutnu neurologiju"},"content":{"rendered":"<h3>\u00a0<\/h3>\n<h4>Voditelj odjela za medicinsku rehabilitaciju kraniocerebralnih bolesnika i akutnu neurologiju:<\/h4>\n<h5>Mr.sc. Ivan Dubroja, dr.med., spec. neurolog, subspec. cerebrovaskularnih bolesti<\/h5>\n<h5>E-mail: <a href=\"mailto:ivan.dubroja@sbkt.hr\">ivan.dubroja@sbkt.hr<\/a><\/h5>\n<h3>\u00a0<\/h3>\n<h4>\u00a0<\/h4>\n<h4>Glavna medicinska sestra Odjela:<\/h4>\n<h5>Julija Kro\u0161lin, bacc.med.techn.<\/h5>\n<h5>E-mail: <a href=\"mailto:julija.kroslin@sbkt.hr\">julija.kroslin@sbkt.hr<\/a><\/h5>\n<h3>\u00a0<\/h3>\n<h4>\u00a0<\/h4>\n<h4>Voditeljice timova zdravstvene njege<\/h4>\n<h5>KC1 Sanja Dolov\u010dak, bacc.med.techn.<\/h5>\n<h5>KC2 Slavica Bednjanec, bacc.med.techn.<\/h5>\n<h3>\u00a0<\/h3>\n<h4>\u00a0<\/h4>\n<h4>Glavni fizioterapeut Odjela:<\/h4>\n<h5>Dr.sc. Zdravko Ma\u010dek, mag.physioth.<\/h5>\n<h3>\u00a0<\/h3>\n<h4>Voditelji timova fizioterapije:<\/h4>\n<h5>KC1 Matija Cvrtila, bacc.physioth.<\/h5>\n<h5>KC2 Dr.sc. Zdravko Ma\u010dek, mag.physioth.<\/h5>\n<h3>\u00a0<\/h3>\n<h4>\u00a0<\/h4>\n<h4>Va\u017ene izravne telefonske linije:<\/h4>\n<ul>\n<li>Voditelj odjela: (+385 49) 244-944<\/li>\n<li>Glavna sestra odjela: (+385 49) 383-243<\/li>\n<li>Glavni fizioterapeut odjela: (+385 49) 383-315<\/li>\n<li>KC1 voditeljica tima zdravstvene njege: (+385 49) 383-157<\/li>\n<li>KC2 voditeljica tima zdravstvene njege: (+385 49) 383-244<\/li>\n<li>KC1 voditeljica tima fizioterapije: (+385 49) 383-315<\/li>\n<li>KC2 voditelj tima fizioterapije: (+385 49) 383-315<\/li>\n<li>Neurolo\u0161ka ambulanta: (+385 49) 244-976<\/li>\n<li>Ordinacija za neurolo\u0161ku dijagnostiku &#8211; EEG (elektroencefalografija): (+385 49) 244-975<\/li>\n<li>Ordinacija za ultrazvuk &#8211; TCD (transkranijalni doppler): (+385 49) 244-974<\/li>\n<li>Ordinacija za ultrazvuk &#8211; doppler karotida (Ekstrakranijski obojeni doppler &#8211; CDFI- Color Doppler Flow Imaging): (+385 49) 244-974<\/li>\n<\/ul>\n<ul>\n<li>E-mail za naru\u010divanje na medicinsku rehabilitaciju: <a href=\"mailto:recepcija@sbkt.hr\">recepcija@sbkt.hr<\/a><\/li>\n<\/ul>\n<h3>\u00a0<\/h3>\n<h4>\u00a0<\/h4>\n<h4>Odjelni lije\u010dnici specijalisti<\/h4>\n<ul>\n<li>KC1 Ivica \u0160\u010duri\u0107, dr.med., spec neurolog, u\u017ea spec. iz cerebrovaskularnih bol. (+385 49) 244-994<\/li>\n<li>KC1 Valentina Bla\u017ein\u010di\u0107, dr.med., spec. fizikalne medicine i rehabilitacije (+385 49) 383-210<\/li>\n<li>KC1 Manuela Foro Znika, dr.med., spec neurolog (+385 49) 383-210<\/li>\n<li>KC2 Marija Jer\u0161ek, dr.med., spec. fizikalne medicine i rehabilitacije (+385 49) 383-242<\/li>\n<\/ul>\n<p>Odjel za rehabilitaciju kraniocerebralnih bolesnika i akutnu neurologiju ima slijede\u0107e sastavnice: Odjel za rehabilitaciju kraniocerebralnih bolesnika i akutnu neurologiju, Dnevnu bolnicu za neurologiju, Ordinaciju za neurologiju, Ordinaciju za neurolo\u0161ku dijagnostiku \u2013 EEG, Ordinaciju za ultrazvuk \u2013 doppler karotida i Ordinaciju za za ultrazvuk \u2013 TCD. Odjel raspola\u017ee s 45 postelja za rehabilitaciju bolesnika s kraniocerebralnim ozljedama te 10 postelja za akutnu neurologiju (9 + 1 postelja u Jedinici intenzivnog lije\u010denja (JIL). U sklopu Poliklinike nalazi se Dnevna bolnica za neurologiju.<\/p>\n<h4>\u00a0<\/h4>\n<h4>Odjel za rehabilitaciju kraniocerebralnih bolesnika<\/h4>\n<p>Odjel za rehabilitaciju kraniocerebralnih bolesnika provodi suvremenu rehabilitaciju bolesnika s kraniocerebralnim ozljedama. U odjel se pored uobi\u010dajenih bolesnika s ozljedom mozga zaprimaju i te\u0161ki bolesnici s poreme\u0107ajem svijesti (koma, vegetativno stanje, minimalno svjesno stanje) koji su nepokretni, opskrbljeni trahealnim kanilama, urinarnim kateterima, nazogastri\u010dnim sondama ili perkutanim gastrostomama, i elektri\u010dnim kortikalnim stimulatorima i zahtijevaju slo\u017eenu medicinsku njegu i nadzor. Neurolo\u0161ka rehabilitacija koja se provodi u Odjelu je multidisciplinarna i timska (neurolog, fizijatar, fizioterapeuti, logoped, psiholog, radna terapija\u2026). Provodi se fizikalna terapija po Bobath principu. Pored rehabilitacije govora provodi se i rehabilitacija gutanja usljed neurogene orofaringealne disfagije. U radu se koriste suvremene tehnologije (robotski potpomognuta rehabilitacija hoda i funkcija \u0161ake, rehabilitacija uz primjenu virtualne stvarnosti (VR). U lije\u010denju spasti\u010dnih stanja nakon ozljede mozga primjenjuje se Botulinum toksin tip A (Botox, Xeomin). Mogu\u0107e su konzultacije razli\u010ditih medicinskih specijalnosti ovisno o potrebama bolesnika (ortoped, neurokirurg, ORL specijalist, oftalmolog, urolog, internist, psihijatar\u2026).<\/p>\n<h4>\u00a0<\/h4>\n<h4>Odjel za akutnu neurologiju s dnevnom bolnicom<\/h4>\n<p>Odjel za akutnu neurologiju je op\u0107eg tipa: prihva\u0107a sve bolesnike s neurolo\u0161kim poreme\u0107ajima, bilo akutnim, bilo pogor\u0161anjima kroni\u010dnih neurolo\u0161kih bolesti. Koriste se suvremene metode lije\u010denja u neurologiji, uklju\u010divo i tromboliti\u010dku terapiju akutnog ishemijskog mo\u017edanog udara na odjelu i mehani\u010dku trombektomiju koja se obavlja u suradnoj ustanovi &#8211; klinici. Zahvaljuju\u0107i modernoj dijagnosti\u010dkoj opremi omogu\u0107eno je pra\u0107enje slo\u017eenih neurolo\u0161kih problema tijekom hospitalizacije, ili ambulantno. Odjel za akutnu neurologiju tako\u0111er pru\u017ea konzilijarne usluge unutar cijele bolnice. Ordinacije i Odjel raspola\u017eu s modernom neurofiziologijskom i neurovaskularnom dijagnostikom. Bolesnici se mogu obra\u0111ivati i lije\u010diti i putem Dnevne bolnice za neurologiju.<\/p>\n<h4>\u00a0<\/h4>\n<h4>Lije\u010dnici Odjela za rehabilitaciju kraniocerebralnih bolesnika i akutnu neurologiju:<\/h4>\n<p>Mr.sc. Ivan Dubroja, dr.med., spec. neurolog, subspec. cerebrovaskulatnih bolesti, voditelj odjela tel.: (+385 49) 244 994, E-mail: <a href=\"mailto:ivan.dubroja@sbkt.hr\">ivan.dubroja@sbkt.hr<\/a><br \/>Ivica \u0160\u010duri\u0107, dr med., spec. neurolog, subspec. cerebrovaskularnih bolesti, odjelni lije\u010dnik, tel.: (+385 49) 244 994,\u00a0 E-mail: <a href=\"mailto:ivica.scuric@sbkt.hr\">ivica.scuric@sbkt.hr<\/a><br \/>Valentina Bla\u017ein\u010di\u0107, dr med., spec. fizikalne medicine i rehabilitacije, odjelni lije\u010dnik, tel.: (+385 49) 383 210, E-mail: <a href=\"mailto:valentina.blazincic@sbkt.hr\">valentina.blazincic@sbkt.hr<\/a> <br \/>Marija Jer\u0161ek, dr med., spec. fizikalne medicine i rehabilitacije, odjelni lije\u010dnik, tel.: (+385 49) 383 242), E-mail: <a href=\"mailto:marija.jersek@sbkt.hr\">marija.jersek@sbkt.hr<\/a><\/p>\n<h3>\u00a0<\/h3>\n<h4>Glavna medicinska sestra Odjela za rehabilitaciju kraniocerebralnih bolesnika i akutnu neurologiju:<\/h4>\n<h5>Julija Kro\u0161lin, bacc.med.techn, tel.: (+385 49) 383 243<\/h5>\n<p>E-mail: <a href=\"mailto:julija.kroslin@sbkt.hr\">julija.kroslin@sbkt.hr<\/a><\/p>\n<h4 align=\"JUSTIFY\">Neurolo\u0161ka dijagnostika<\/h4>\n<p align=\"JUSTIFY\"><strong>EEG (elektroencefalografija)<\/strong><\/p>\n<p align=\"JUSTIFY\">Digitalni EEG ure\u0111aj s mogu\u0107no\u0161\u0107u cerebralne kartografije (\u201cbrain mapping\u201d \u2013 oslikavanje mo\u017edane aktivnosti). Ure\u0111aj je neizostavan u dijagnostici epilepsija i ostalih poreme\u0107aja mo\u017edanog ritma, te glavobolja.<\/p>\n<p align=\"JUSTIFY\"><b>TCD (transkranijalni doppler)<\/b><\/p>\n<p align=\"JUSTIFY\">Ultrazvu\u010dni ure\u0111aj za ispitivanje poreme\u0107aja intrakranijske cirkulacije. Kratki pregled brzo i posve bezbolno daje podatke o mo\u017edanom protoku. Koristi se u dijagnostici cerebrovaskularnih bolesti, glavobolja, kao i stanja nakon ozljeda glave i vratne kralje\u017enice.<\/p>\n<p align=\"JUSTIFY\"><b>Ekstrakranijalni obojeni doppler (CDFI-Color Doppler Flow Imaging)<\/b><\/p>\n<p align=\"JUSTIFY\">Ultrazvu\u010dni ure\u0111aj novije generacije koji koristi tehniku obojenog (color) i power (energetskog) dopplera u prikazu anatomskih promjena kod ateroskleroze (su\u017eenja i plakovi), kao i protoka u karotidnim i vertebralnim arterijama na vratu. Pregled je tako\u0111er brz i bezbolan.<\/p>\n<h4>Ordinacija za neurologiju<\/h4>\n<h4>U neurolo\u0161koj ordinaciji i neurolo\u0161koj dijagnostici (EEG, doppler dijagnostika) rade lije\u010dnici:<\/h4>\n<p align=\"JUSTIFY\">Mr.sc. Ivan Dubroja, dr.med., spec neurolog, subspec. cerebrovaskularnih bolesti<br \/>Ivica \u0160\u010duri\u0107 dr.med., spec. neurolog, subspec. cerebrovaskularnih bolesti<br \/>Manuela Foro Znika, dr.med., spec. neurolog<\/p>\n<p><strong>Narud\u017ebe za neurolo\u0161ki pregled<\/strong> na tel.: (+385 49) 244-975 <br \/><strong>Narud\u017ebe za za TCD i ekstrakranijski obojeni doppler<\/strong> (CDFI-Color Doppler Flow<br \/>Imaging) kod Josipe Mik\u0161a, bacc. fizioth. na tel.: (+385 49) 244-974<\/p>\n\n\n<p><\/p>\n","protected":false},"excerpt":{"rendered":"<p>\u00a0 Voditelj odjela za medicinsku rehabilitaciju kraniocerebralnih bolesnika i akutnu neurologiju: Mr.sc. Ivan Dubroja, dr.med., spec. neurolog, subspec. cerebrovaskularnih bolesti E-mail: ivan.dubroja@sbkt.hr \u00a0 \u00a0 Glavna medicinska sestra Odjela: Julija Kro\u0161lin, bacc.med.techn. E-mail: julija.kroslin@sbkt.hr \u00a0 \u00a0 Voditeljice timova zdravstvene njege KC1 Sanja Dolov\u010dak, bacc.med.techn. KC2 Slavica Bednjanec, bacc.med.techn. \u00a0 \u00a0 Glavni fizioterapeut Odjela: Dr.sc. Zdravko Ma\u010dek,&#8230; <\/p>\n","protected":false},"author":1,"featured_media":0,"parent":0,"menu_order":0,"comment_status":"closed","ping_status":"closed","template":"","meta":{"footnotes":""},"class_list":["post-1317","page","type-page","status-publish","hentry"],"yoast_head":"<!-- This site is optimized with the Yoast SEO plugin v24.9 - https:\/\/yoast.com\/wordpress\/plugins\/seo\/ -->\n<title>Odjel za medicinsku rehabilitaciju kraniocerebralnih bolesnika i akutnu neurologiju - sbkt.hr<\/title>\n<meta name=\"robots\" content=\"index, follow, max-snippet:-1, max-image-preview:large, max-video-preview:-1\" \/>\n<link rel=\"canonical\" href=\"https:\/\/www.sbkt.hr\/KT\/odjel-rehabilitaciju-kraniocerebralnih-bolesnika-akutnu-neurologiju\/\" \/>\n<meta property=\"og:locale\" content=\"hr_HR\" \/>\n<meta property=\"og:type\" content=\"article\" \/>\n<meta property=\"og:title\" content=\"Odjel za medicinsku rehabilitaciju kraniocerebralnih bolesnika i akutnu neurologiju - sbkt.hr\" \/>\n<meta property=\"og:description\" content=\"\u00a0 Voditelj odjela za medicinsku rehabilitaciju kraniocerebralnih bolesnika i akutnu neurologiju: Mr.sc. Ivan Dubroja, dr.med., spec. neurolog, subspec. cerebrovaskularnih bolesti E-mail: ivan.dubroja@sbkt.hr \u00a0 \u00a0 Glavna medicinska sestra Odjela: Julija Kro\u0161lin, bacc.med.techn. E-mail: julija.kroslin@sbkt.hr \u00a0 \u00a0 Voditeljice timova zdravstvene njege KC1 Sanja Dolov\u010dak, bacc.med.techn. KC2 Slavica Bednjanec, bacc.med.techn. \u00a0 \u00a0 Glavni fizioterapeut Odjela: Dr.sc. Zdravko Ma\u010dek,...\" \/>\n<meta property=\"og:url\" content=\"https:\/\/www.sbkt.hr\/KT\/odjel-rehabilitaciju-kraniocerebralnih-bolesnika-akutnu-neurologiju\/\" \/>\n<meta property=\"og:site_name\" content=\"sbkt.hr\" \/>\n<meta property=\"article:modified_time\" content=\"2026-04-13T15:03:36+00:00\" \/>\n<meta name=\"twitter:card\" content=\"summary_large_image\" \/>\n<meta name=\"twitter:label1\" content=\"Procijenjeno vrijeme \u010ditanja\" \/>\n\t<meta name=\"twitter:data1\" content=\"5 minuta\" \/>\n<script type=\"application\/ld+json\" class=\"yoast-schema-graph\">{\"@context\":\"https:\/\/schema.org\",\"@graph\":[{\"@type\":\"WebPage\",\"@id\":\"https:\/\/www.sbkt.hr\/KT\/odjel-rehabilitaciju-kraniocerebralnih-bolesnika-akutnu-neurologiju\/\",\"url\":\"https:\/\/www.sbkt.hr\/KT\/odjel-rehabilitaciju-kraniocerebralnih-bolesnika-akutnu-neurologiju\/\",\"name\":\"Odjel za medicinsku rehabilitaciju kraniocerebralnih bolesnika i akutnu neurologiju - sbkt.hr\",\"isPartOf\":{\"@id\":\"https:\/\/www.sbkt.hr\/KT\/#website\"},\"datePublished\":\"2017-06-05T11:45:35+00:00\",\"dateModified\":\"2026-04-13T15:03:36+00:00\",\"breadcrumb\":{\"@id\":\"https:\/\/www.sbkt.hr\/KT\/odjel-rehabilitaciju-kraniocerebralnih-bolesnika-akutnu-neurologiju\/#breadcrumb\"},\"inLanguage\":\"hr\",\"potentialAction\":[{\"@type\":\"ReadAction\",\"target\":[\"https:\/\/www.sbkt.hr\/KT\/odjel-rehabilitaciju-kraniocerebralnih-bolesnika-akutnu-neurologiju\/\"]}]},{\"@type\":\"BreadcrumbList\",\"@id\":\"https:\/\/www.sbkt.hr\/KT\/odjel-rehabilitaciju-kraniocerebralnih-bolesnika-akutnu-neurologiju\/#breadcrumb\",\"itemListElement\":[{\"@type\":\"ListItem\",\"position\":1,\"name\":\"Naslovna\",\"item\":\"https:\/\/www.sbkt.hr\/KT\/\"},{\"@type\":\"ListItem\",\"position\":2,\"name\":\"Odjel za medicinsku rehabilitaciju kraniocerebralnih bolesnika i akutnu neurologiju\"}]},{\"@type\":\"WebSite\",\"@id\":\"https:\/\/www.sbkt.hr\/KT\/#website\",\"url\":\"https:\/\/www.sbkt.hr\/KT\/\",\"name\":\"sbkt.hr\",\"description\":\"Specijalna bolnica za medicinsku rehabilitaciju\",\"potentialAction\":[{\"@type\":\"SearchAction\",\"target\":{\"@type\":\"EntryPoint\",\"urlTemplate\":\"https:\/\/www.sbkt.hr\/KT\/?s={search_term_string}\"},\"query-input\":{\"@type\":\"PropertyValueSpecification\",\"valueRequired\":true,\"valueName\":\"search_term_string\"}}],\"inLanguage\":\"hr\"}]}<\/script>\n<!-- \/ Yoast SEO plugin. -->","yoast_head_json":{"title":"Odjel za medicinsku rehabilitaciju kraniocerebralnih bolesnika i akutnu neurologiju - sbkt.hr","robots":{"index":"index","follow":"follow","max-snippet":"max-snippet:-1","max-image-preview":"max-image-preview:large","max-video-preview":"max-video-preview:-1"},"canonical":"https:\/\/www.sbkt.hr\/KT\/odjel-rehabilitaciju-kraniocerebralnih-bolesnika-akutnu-neurologiju\/","og_locale":"hr_HR","og_type":"article","og_title":"Odjel za medicinsku rehabilitaciju kraniocerebralnih bolesnika i akutnu neurologiju - sbkt.hr","og_description":"\u00a0 Voditelj odjela za medicinsku rehabilitaciju kraniocerebralnih bolesnika i akutnu neurologiju: Mr.sc. Ivan Dubroja, dr.med., spec. neurolog, subspec. cerebrovaskularnih bolesti E-mail: ivan.dubroja@sbkt.hr \u00a0 \u00a0 Glavna medicinska sestra Odjela: Julija Kro\u0161lin, bacc.med.techn. E-mail: julija.kroslin@sbkt.hr \u00a0 \u00a0 Voditeljice timova zdravstvene njege KC1 Sanja Dolov\u010dak, bacc.med.techn. KC2 Slavica Bednjanec, bacc.med.techn. \u00a0 \u00a0 Glavni fizioterapeut Odjela: Dr.sc. Zdravko Ma\u010dek,...","og_url":"https:\/\/www.sbkt.hr\/KT\/odjel-rehabilitaciju-kraniocerebralnih-bolesnika-akutnu-neurologiju\/","og_site_name":"sbkt.hr","article_modified_time":"2026-04-13T15:03:36+00:00","twitter_card":"summary_large_image","twitter_misc":{"Procijenjeno vrijeme \u010ditanja":"5 minuta"},"schema":{"@context":"https:\/\/schema.org","@graph":[{"@type":"WebPage","@id":"https:\/\/www.sbkt.hr\/KT\/odjel-rehabilitaciju-kraniocerebralnih-bolesnika-akutnu-neurologiju\/","url":"https:\/\/www.sbkt.hr\/KT\/odjel-rehabilitaciju-kraniocerebralnih-bolesnika-akutnu-neurologiju\/","name":"Odjel za medicinsku rehabilitaciju kraniocerebralnih bolesnika i akutnu neurologiju - sbkt.hr","isPartOf":{"@id":"https:\/\/www.sbkt.hr\/KT\/#website"},"datePublished":"2017-06-05T11:45:35+00:00","dateModified":"2026-04-13T15:03:36+00:00","breadcrumb":{"@id":"https:\/\/www.sbkt.hr\/KT\/odjel-rehabilitaciju-kraniocerebralnih-bolesnika-akutnu-neurologiju\/#breadcrumb"},"inLanguage":"hr","potentialAction":[{"@type":"ReadAction","target":["https:\/\/www.sbkt.hr\/KT\/odjel-rehabilitaciju-kraniocerebralnih-bolesnika-akutnu-neurologiju\/"]}]},{"@type":"BreadcrumbList","@id":"https:\/\/www.sbkt.hr\/KT\/odjel-rehabilitaciju-kraniocerebralnih-bolesnika-akutnu-neurologiju\/#breadcrumb","itemListElement":[{"@type":"ListItem","position":1,"name":"Naslovna","item":"https:\/\/www.sbkt.hr\/KT\/"},{"@type":"ListItem","position":2,"name":"Odjel za medicinsku rehabilitaciju kraniocerebralnih bolesnika i akutnu neurologiju"}]},{"@type":"WebSite","@id":"https:\/\/www.sbkt.hr\/KT\/#website","url":"https:\/\/www.sbkt.hr\/KT\/","name":"sbkt.hr","description":"Specijalna bolnica za medicinsku rehabilitaciju","potentialAction":[{"@type":"SearchAction","target":{"@type":"EntryPoint","urlTemplate":"https:\/\/www.sbkt.hr\/KT\/?s={search_term_string}"},"query-input":{"@type":"PropertyValueSpecification","valueRequired":true,"valueName":"search_term_string"}}],"inLanguage":"hr"}]}},"_links":{"self":[{"href":"https:\/\/www.sbkt.hr\/KT\/wp-json\/wp\/v2\/pages\/1317","targetHints":{"allow":["GET"]}}],"collection":[{"href":"https:\/\/www.sbkt.hr\/KT\/wp-json\/wp\/v2\/pages"}],"about":[{"href":"https:\/\/www.sbkt.hr\/KT\/wp-json\/wp\/v2\/types\/page"}],"author":[{"embeddable":true,"href":"https:\/\/www.sbkt.hr\/KT\/wp-json\/wp\/v2\/users\/1"}],"replies":[{"embeddable":true,"href":"https:\/\/www.sbkt.hr\/KT\/wp-json\/wp\/v2\/comments?post=1317"}],"version-history":[{"count":38,"href":"https:\/\/www.sbkt.hr\/KT\/wp-json\/wp\/v2\/pages\/1317\/revisions"}],"predecessor-version":[{"id":12241,"href":"https:\/\/www.sbkt.hr\/KT\/wp-json\/wp\/v2\/pages\/1317\/revisions\/12241"}],"wp:attachment":[{"href":"https:\/\/www.sbkt.hr\/KT\/wp-json\/wp\/v2\/media?parent=1317"}],"curies":[{"name":"wp","href":"https:\/\/api.w.org\/{rel}","templated":true}]}}