{"id":1324,"date":"2017-06-06T21:35:21","date_gmt":"2017-06-06T19:35:21","guid":{"rendered":"http:\/\/www.sbkt.hr\/KT\/?page_id=1324"},"modified":"2026-04-13T13:43:05","modified_gmt":"2026-04-13T11:43:05","slug":"odjel-rehabilitaciju-djece","status":"publish","type":"page","link":"https:\/\/www.sbkt.hr\/KT\/odjel-rehabilitaciju-djece\/","title":{"rendered":"Odjel za medicinsku rehabilitaciju djece"},"content":{"rendered":"<h4><\/h4>\n<h4><\/h4>\n<h4>Voditelj odjela za medicinsku rehabilitaciju djece:<\/h4>\n<h5>Mario Fu\u010dkar, dr.med., specijalist fizikalne medicine i rehabilitacije<\/h5>\n<h3><\/h3>\n<h4><\/h4>\n<h4>Glavna medicinska sestra odjela:<\/h4>\n<h5>Lucija Buntak, bacc.med.techn.<\/h5>\n<h3><\/h3>\n<h4><\/h4>\n<h4>Voditelj tima zdravstvene njege:<\/h4>\n<h5>Roko Hajdinjak bacc. med. techn.<\/h5>\n<h3><\/h3>\n<h4><\/h4>\n<h4>Glavni fizioterapeut Odjela:<\/h4>\n<h5>Branka Ma\u010dek, bacc.physioth.<\/h5>\n<h3><\/h3>\n<h4><\/h4>\n<h4>Voditelji timova fizioterapije:<\/h4>\n<p>Jasna Jurekovi\u0107, bacc.physioth.<br \/>\nMarko Ple\u010dko, bacc.physioth.<\/p>\n<h3><\/h3>\n<h4><\/h4>\n<h4>Voditelj tima radne terapije:<\/h4>\n<p>Vesna \u0160epec, bacc.therap.occup.<\/p>\n<h3><\/h3>\n<h4><\/h4>\n<p>Naru\u010divanje za bolni\u010dku medicinsku rehabilitaciju: <a href=\"mailto:recepcija-djecji@sbkt.hr\" rel=\"noreferrer\">recepcija-djecji@sbkt.hr<\/a><\/p>\n<p>Naru\u010divanje za polikliniku (pregledi i terapijski postupci): <a href=\"mailto:djecja.ambulanta@sbkt.hr\" rel=\"noreferrer\">djecja.ambulanta@sbkt.hr<\/a><br \/>\nili telefonskim putem (+385 49) 383 &#8211; 239\u00a0 svaki dan od 13 -15 h<\/p>\n<h4><\/h4>\n<h4>Va\u017ene izravne telefonske linije:<\/h4>\n<ul>\n<li>Voditelj odjela: (+385 49) 383-266<\/li>\n<li>Recepcija odjela za rehabilitaciju djece: (+385 49) 383-259<\/li>\n<li>Sestrinska ambulanta Odjela : (+385 49) 383-262<\/li>\n<li>Fizijatrijska amb. za djecu :\u00a0(+385 49) 383 239<\/li>\n<li>Dvorana za fizikalnu terapiju poliklinike: (+385 49) 383-260<\/li>\n<li>Dvorana 4: (+385 49) 383 261<\/li>\n<li>Logoped: (+385 49) 383-272; 383-396, telefonske informacije od 15.00-15.30., naru\u010divanje na mail: <span id=\"OBJ_PREFIX_DWT65_ZmEmailObjectHandler\" class=\"Object\" role=\"link\"><span id=\"OBJ_PREFIX_DWT67_ZmEmailObjectHandler\" class=\"Object\" role=\"link\"><a href=\"mailto:logopedi.djecji@sbkt.hr\" target=\"_blank\" rel=\"nofollow noopener noreferrer\">logopedi.djecji@sbkt.hr<\/a><\/span><\/span><\/li>\n<li>Psiholog: (+385 49) 383-271, naru\u010divanje na broj 383 &#8211; 239<\/li>\n<li>Voditelj Odjela socijalne skrbi, Jasnica Fir\u0161t-Petri\u0161i\u0107,dipl.socijalna radnica: (+385 49) 383-214<\/li>\n<li>Logoped &#8211; patrona\u017ea, Maja Boc, mag.log., mob: 091\/5712-127<\/li>\n<\/ul>\n<h3><\/h3>\n<h4><\/h4>\n<h4>Stru\u010dni tim<\/h4>\n<ul>\n<li>Voditelj odjela Mario Fu\u010dkar, dr.med., spec. fizikalne medicine i rehabilitacije<\/li>\n<li>Odjelni lije\u010dnik Valerija Pavi\u0107-Halu\u017ean, dr.med., specijalist pedijatar<\/li>\n<li>Odjelni lije\u010dnik Samir Haoui, dr. med., spec. fizikalne medicine i rehabilitacije<\/li>\n<li>Glavna sestra odjela Lucija Buntak, bacc.med.techn.<\/li>\n<li>Voditelj tima zdravstvene njege Josipa Podgajski, mag.med.techn.<\/li>\n<li>Glavni fizioterapeut odjela Branka Ma\u010dek, bacc.phisioth.<\/li>\n<li>Voditelj tima radne terapije Vesna \u0161epec, bacc.therap.occup.<\/li>\n<li>Lucija Mlakar, mag. logoped.<\/li>\n<li>Ana Gorup Hr\u0161ak, prof.logoped<\/li>\n<li>Tajana Plani\u0107, mag.logoped.<\/li>\n<\/ul>\n<h3><\/h3>\n<h4><\/h4>\n<p><img loading=\"lazy\" decoding=\"async\" class=\"alignnone wp-image-2704 size-full\" src=\"https:\/\/www.sbkt.hr\/KT\/wp-content\/uploads\/2017\/06\/Djecjiodjel1.jpg\" alt=\"\" width=\"601\" height=\"400\" srcset=\"https:\/\/www.sbkt.hr\/KT\/wp-content\/uploads\/2017\/06\/Djecjiodjel1.jpg 601w, https:\/\/www.sbkt.hr\/KT\/wp-content\/uploads\/2017\/06\/Djecjiodjel1-300x200.jpg 300w, https:\/\/www.sbkt.hr\/KT\/wp-content\/uploads\/2017\/06\/Djecjiodjel1-600x400.jpg 600w, https:\/\/www.sbkt.hr\/KT\/wp-content\/uploads\/2017\/06\/Djecjiodjel1-272x182.jpg 272w\" sizes=\"auto, (max-width: 601px) 100vw, 601px\" \/><\/p>\n<h4>Odjel za rehabilitaciju djece obuhva\u0107a \u0161iroku problematiku i rehabilitaciju raznih bolesti i stanja:<\/h4>\n<ul>\n<li>akutna i odr\u017eavaju\u0107a neurolo\u0161ka rehabilitacija ( traumatske ozljede mozga, mo\u017edani udar, cerebralna paraliza, mi\u0161i\u0107na distrofija, spinalna mi\u0161i\u0107na atrofija)<\/li>\n<li>ortopedsko-traumatolo\u0161ka rehabilitacija (prijelomi, postoperativna stanja nakon ortopedskih i kirur\u0161kih zahvata)<\/li>\n<li>rehabilitacija neurorazvojnih pote\u0161ko\u0107a i genetskih poreme\u0107aja<\/li>\n<li>sportska rehabilitacija<\/li>\n<\/ul>\n<h3><\/h3>\n<h4><\/h4>\n<p>Na Odjel se zaprimaju djeca sa cijelog podru\u010dja Republike Hrvatske. Tijekom postupka rehabilitacije provode se specifi\u010dne kineziterapijske tehnike, elektroprocedure, hidrokineziterapija, radna terapija, logopedska i psiholo\u0161ka procjena i tretman kao i ostali postupci fizikalne terapije. Rehabilitaciju provode educirani \u010dlanovi stru\u010dnog tima koji me\u0111usobno sura\u0111uju na svim nivoima rehabilitacijskog postupka. Suradnja se odvija kroz interdisciplinarni pristup u rje\u0161avanju problematike i postizanju postavljenih ciljeva.<\/p>\n<p>Na\u0161 fokus je individualni pristup svakom djetetu. Cilj nam je na kraju procesa rehabilitacije posti\u0107i pobolj\u0161anje funkcionalnih sposobnosti i aktivnosti djeteta te podi\u0107i razinu neovisnosti i samozbrinjavanja sukladno njihovim mogu\u0107nostima. Smatramo da je obitelj va\u017ena spona u postupku rehabilitacije pa pru\u017eanje potpore obitelji dovodi do njenog ja\u010danja \u0161to predstavlja preduvjet za stabilno funkcioniranje. Tijekom cijelog postupka rehabilitacije provodi se suradnja s roditeljima kao i njihova edukacija za provo\u0111enje op\u0107ih i specifi\u010dnih postupaka njege. Cilj nam je kroz sveobuhvatan rehabilitacijski program omogu\u0107iti obitelji \u0161to lak\u0161i povratak u svakodnevni \u017eivot.<\/p>\n<p>Na Odjelu postoji mogu\u0107nost zajedni\u010dkog smje\u0161taja roditelja i djece uz prethodno odobrenje HZZO-a a sukladno va\u017ee\u0107im Pravilnicima te smje\u0161tajnim kapacitetima.<\/p>\n<h4><\/h4>\n<h4>Rehabilitacijski program na Odjelu obuhva\u0107a postupke:<\/h4>\n<ul>\n<li>Kineziterapija u dvorani po rehabilitacijskim protokolima uz primjenu specifi\u010dnih tehnika<\/li>\n<li>Hidrokineziterapija uz mogu\u0107nost podvodne masa\u017ee<\/li>\n<li>Elektroterapijske procedure ( TENS, interferentne stuje, magnetoterapija, bio-feedback mi\u0161i\u0107ni trening, Compex mi\u0161i\u0107na elektrostimulacija, FES )<\/li>\n<li>Radna terapija<\/li>\n<li>Evaluacija i terapijska intervencija psihologa<\/li>\n<li>Evaluacija i terapijska intervencija logopeda<\/li>\n<\/ul>\n<h3><\/h3>\n<h4><\/h4>\n<h4><img loading=\"lazy\" decoding=\"async\" class=\"alignnone wp-image-2705 size-full\" src=\"https:\/\/www.sbkt.hr\/KT\/wp-content\/uploads\/2017\/06\/Djecji_hidroterapija2.jpg\" alt=\"\" width=\"601\" height=\"400\" srcset=\"https:\/\/www.sbkt.hr\/KT\/wp-content\/uploads\/2017\/06\/Djecji_hidroterapija2.jpg 601w, https:\/\/www.sbkt.hr\/KT\/wp-content\/uploads\/2017\/06\/Djecji_hidroterapija2-300x200.jpg 300w, https:\/\/www.sbkt.hr\/KT\/wp-content\/uploads\/2017\/06\/Djecji_hidroterapija2-600x400.jpg 600w, https:\/\/www.sbkt.hr\/KT\/wp-content\/uploads\/2017\/06\/Djecji_hidroterapija2-272x182.jpg 272w\" sizes=\"auto, (max-width: 601px) 100vw, 601px\" \/><\/h4>\n<h4><\/h4>\n<h4><\/h4>\n<h4>Poliklinika<\/h4>\n<p>Kao sastavni dio Poliklini\u010dke slu\u017ebe djeluje i Dje\u010dja fizijatrijska ambulanta i Dvorana za fizikalnu terapiju i rehabilitaciju djece gdje se provode postupci neurorazvojne terapije i ortopedsko-traumatolo\u0161ke rehabilitacije. Postupci koji se provode kroz poliklini\u010dki dio obuhva\u0107aju djecu od novoro\u0111ena\u010dke dobi do 18-te godine.<\/p>\n<p>Radno vrijeme Poliklinike je od ponedjeljka do petka od 7\u201315 h.<\/p>\n<h3><\/h3>\n<h4><\/h4>\n<h4>Izravne telefonske linije Poliklinike:<\/h4>\n<ul>\n<li>Dvorana za kineziterapiju: (+385 49) 383-260<\/li>\n<li>Jedinica za radnu terapiju: (+385 49) 383-273<\/li>\n<li>Logopedska slu\u017eba: (+385 49) 383-272; 383-396<\/li>\n<li>Psiholog: (+385 49) 383-271<\/li>\n<\/ul>\n<p>Rehabilitacijske postupke u Poliklinici, pod vodstvom lije\u010dnika specijaliste, provodi stru\u010dni tim u sastavu: fizioterapeut, radni terapeut, logoped i psiholog.<\/p>\n<p><img loading=\"lazy\" decoding=\"async\" class=\"alignnone wp-image-2706 size-full\" src=\"https:\/\/www.sbkt.hr\/KT\/wp-content\/uploads\/2017\/06\/Djecji_kineziterapija3.jpg\" alt=\"\" width=\"266\" height=\"400\" srcset=\"https:\/\/www.sbkt.hr\/KT\/wp-content\/uploads\/2017\/06\/Djecji_kineziterapija3.jpg 266w, https:\/\/www.sbkt.hr\/KT\/wp-content\/uploads\/2017\/06\/Djecji_kineziterapija3-200x300.jpg 200w\" sizes=\"auto, (max-width: 266px) 100vw, 266px\" \/><\/p>\n<p>\u201eNije nebo visoko,\u00a0nisu zvijezde daleko,\u00a0samo\u00a0spusti glavu i\u00a0pogledaj dje\u010dje o\u010di\u201c (A.M)<\/p>\n","protected":false},"excerpt":{"rendered":"<p>Voditelj odjela za medicinsku rehabilitaciju djece: Mario Fu\u010dkar, dr.med., specijalist fizikalne medicine i rehabilitacije Glavna medicinska sestra odjela: Lucija Buntak, bacc.med.techn. Voditelj tima zdravstvene njege: Roko Hajdinjak bacc. med. techn. Glavni fizioterapeut Odjela: Branka Ma\u010dek, bacc.physioth. Voditelji timova fizioterapije: Jasna Jurekovi\u0107, bacc.physioth. Marko Ple\u010dko, bacc.physioth. Voditelj tima radne terapije: Vesna \u0160epec, bacc.therap.occup. Naru\u010divanje za bolni\u010dku&#8230; <\/p>\n","protected":false},"author":1,"featured_media":0,"parent":0,"menu_order":0,"comment_status":"closed","ping_status":"closed","template":"","meta":{"footnotes":""},"class_list":["post-1324","page","type-page","status-publish","hentry"],"yoast_head":"<!-- This site is optimized with the Yoast SEO plugin v24.9 - https:\/\/yoast.com\/wordpress\/plugins\/seo\/ -->\n<title>Odjel za medicinsku rehabilitaciju djece - sbkt.hr<\/title>\n<meta name=\"robots\" content=\"index, follow, max-snippet:-1, max-image-preview:large, max-video-preview:-1\" \/>\n<link rel=\"canonical\" href=\"https:\/\/www.sbkt.hr\/KT\/odjel-rehabilitaciju-djece\/\" \/>\n<meta property=\"og:locale\" content=\"hr_HR\" \/>\n<meta property=\"og:type\" content=\"article\" \/>\n<meta property=\"og:title\" content=\"Odjel za medicinsku rehabilitaciju djece - sbkt.hr\" \/>\n<meta property=\"og:description\" content=\"Voditelj odjela za medicinsku rehabilitaciju djece: Mario Fu\u010dkar, dr.med., specijalist fizikalne medicine i rehabilitacije Glavna medicinska sestra odjela: Lucija Buntak, bacc.med.techn. Voditelj tima zdravstvene njege: Roko Hajdinjak bacc. med. techn. Glavni fizioterapeut Odjela: Branka Ma\u010dek, bacc.physioth. Voditelji timova fizioterapije: Jasna Jurekovi\u0107, bacc.physioth. Marko Ple\u010dko, bacc.physioth. Voditelj tima radne terapije: Vesna \u0160epec, bacc.therap.occup. Naru\u010divanje za bolni\u010dku...\" \/>\n<meta property=\"og:url\" content=\"https:\/\/www.sbkt.hr\/KT\/odjel-rehabilitaciju-djece\/\" \/>\n<meta property=\"og:site_name\" content=\"sbkt.hr\" \/>\n<meta property=\"article:modified_time\" content=\"2026-04-13T11:43:05+00:00\" \/>\n<meta property=\"og:image\" content=\"https:\/\/www.sbkt.hr\/KT\/wp-content\/uploads\/2017\/06\/Djecjiodjel1.jpg\" \/>\n\t<meta property=\"og:image:width\" content=\"601\" \/>\n\t<meta property=\"og:image:height\" content=\"400\" \/>\n\t<meta property=\"og:image:type\" content=\"image\/jpeg\" \/>\n<meta name=\"twitter:card\" content=\"summary_large_image\" \/>\n<meta name=\"twitter:label1\" content=\"Procijenjeno vrijeme \u010ditanja\" \/>\n\t<meta name=\"twitter:data1\" content=\"4 minute\" \/>\n<script type=\"application\/ld+json\" class=\"yoast-schema-graph\">{\"@context\":\"https:\/\/schema.org\",\"@graph\":[{\"@type\":\"WebPage\",\"@id\":\"https:\/\/www.sbkt.hr\/KT\/odjel-rehabilitaciju-djece\/\",\"url\":\"https:\/\/www.sbkt.hr\/KT\/odjel-rehabilitaciju-djece\/\",\"name\":\"Odjel za medicinsku rehabilitaciju djece - sbkt.hr\",\"isPartOf\":{\"@id\":\"https:\/\/www.sbkt.hr\/KT\/#website\"},\"primaryImageOfPage\":{\"@id\":\"https:\/\/www.sbkt.hr\/KT\/odjel-rehabilitaciju-djece\/#primaryimage\"},\"image\":{\"@id\":\"https:\/\/www.sbkt.hr\/KT\/odjel-rehabilitaciju-djece\/#primaryimage\"},\"thumbnailUrl\":\"https:\/\/www.sbkt.hr\/KT\/wp-content\/uploads\/2017\/06\/Djecjiodjel1.jpg\",\"datePublished\":\"2017-06-06T19:35:21+00:00\",\"dateModified\":\"2026-04-13T11:43:05+00:00\",\"breadcrumb\":{\"@id\":\"https:\/\/www.sbkt.hr\/KT\/odjel-rehabilitaciju-djece\/#breadcrumb\"},\"inLanguage\":\"hr\",\"potentialAction\":[{\"@type\":\"ReadAction\",\"target\":[\"https:\/\/www.sbkt.hr\/KT\/odjel-rehabilitaciju-djece\/\"]}]},{\"@type\":\"ImageObject\",\"inLanguage\":\"hr\",\"@id\":\"https:\/\/www.sbkt.hr\/KT\/odjel-rehabilitaciju-djece\/#primaryimage\",\"url\":\"https:\/\/www.sbkt.hr\/KT\/wp-content\/uploads\/2017\/06\/Djecjiodjel1.jpg\",\"contentUrl\":\"https:\/\/www.sbkt.hr\/KT\/wp-content\/uploads\/2017\/06\/Djecjiodjel1.jpg\",\"width\":601,\"height\":400},{\"@type\":\"BreadcrumbList\",\"@id\":\"https:\/\/www.sbkt.hr\/KT\/odjel-rehabilitaciju-djece\/#breadcrumb\",\"itemListElement\":[{\"@type\":\"ListItem\",\"position\":1,\"name\":\"Naslovna\",\"item\":\"https:\/\/www.sbkt.hr\/KT\/\"},{\"@type\":\"ListItem\",\"position\":2,\"name\":\"Odjel za medicinsku rehabilitaciju djece\"}]},{\"@type\":\"WebSite\",\"@id\":\"https:\/\/www.sbkt.hr\/KT\/#website\",\"url\":\"https:\/\/www.sbkt.hr\/KT\/\",\"name\":\"sbkt.hr\",\"description\":\"Specijalna bolnica za medicinsku rehabilitaciju\",\"potentialAction\":[{\"@type\":\"SearchAction\",\"target\":{\"@type\":\"EntryPoint\",\"urlTemplate\":\"https:\/\/www.sbkt.hr\/KT\/?s={search_term_string}\"},\"query-input\":{\"@type\":\"PropertyValueSpecification\",\"valueRequired\":true,\"valueName\":\"search_term_string\"}}],\"inLanguage\":\"hr\"}]}<\/script>\n<!-- \/ Yoast SEO plugin. -->","yoast_head_json":{"title":"Odjel za medicinsku rehabilitaciju djece - sbkt.hr","robots":{"index":"index","follow":"follow","max-snippet":"max-snippet:-1","max-image-preview":"max-image-preview:large","max-video-preview":"max-video-preview:-1"},"canonical":"https:\/\/www.sbkt.hr\/KT\/odjel-rehabilitaciju-djece\/","og_locale":"hr_HR","og_type":"article","og_title":"Odjel za medicinsku rehabilitaciju djece - sbkt.hr","og_description":"Voditelj odjela za medicinsku rehabilitaciju djece: Mario Fu\u010dkar, dr.med., specijalist fizikalne medicine i rehabilitacije Glavna medicinska sestra odjela: Lucija Buntak, bacc.med.techn. Voditelj tima zdravstvene njege: Roko Hajdinjak bacc. med. techn. Glavni fizioterapeut Odjela: Branka Ma\u010dek, bacc.physioth. Voditelji timova fizioterapije: Jasna Jurekovi\u0107, bacc.physioth. Marko Ple\u010dko, bacc.physioth. Voditelj tima radne terapije: Vesna \u0160epec, bacc.therap.occup. Naru\u010divanje za bolni\u010dku...","og_url":"https:\/\/www.sbkt.hr\/KT\/odjel-rehabilitaciju-djece\/","og_site_name":"sbkt.hr","article_modified_time":"2026-04-13T11:43:05+00:00","og_image":[{"width":601,"height":400,"url":"https:\/\/www.sbkt.hr\/KT\/wp-content\/uploads\/2017\/06\/Djecjiodjel1.jpg","type":"image\/jpeg"}],"twitter_card":"summary_large_image","twitter_misc":{"Procijenjeno vrijeme \u010ditanja":"4 minute"},"schema":{"@context":"https:\/\/schema.org","@graph":[{"@type":"WebPage","@id":"https:\/\/www.sbkt.hr\/KT\/odjel-rehabilitaciju-djece\/","url":"https:\/\/www.sbkt.hr\/KT\/odjel-rehabilitaciju-djece\/","name":"Odjel za medicinsku rehabilitaciju djece - sbkt.hr","isPartOf":{"@id":"https:\/\/www.sbkt.hr\/KT\/#website"},"primaryImageOfPage":{"@id":"https:\/\/www.sbkt.hr\/KT\/odjel-rehabilitaciju-djece\/#primaryimage"},"image":{"@id":"https:\/\/www.sbkt.hr\/KT\/odjel-rehabilitaciju-djece\/#primaryimage"},"thumbnailUrl":"https:\/\/www.sbkt.hr\/KT\/wp-content\/uploads\/2017\/06\/Djecjiodjel1.jpg","datePublished":"2017-06-06T19:35:21+00:00","dateModified":"2026-04-13T11:43:05+00:00","breadcrumb":{"@id":"https:\/\/www.sbkt.hr\/KT\/odjel-rehabilitaciju-djece\/#breadcrumb"},"inLanguage":"hr","potentialAction":[{"@type":"ReadAction","target":["https:\/\/www.sbkt.hr\/KT\/odjel-rehabilitaciju-djece\/"]}]},{"@type":"ImageObject","inLanguage":"hr","@id":"https:\/\/www.sbkt.hr\/KT\/odjel-rehabilitaciju-djece\/#primaryimage","url":"https:\/\/www.sbkt.hr\/KT\/wp-content\/uploads\/2017\/06\/Djecjiodjel1.jpg","contentUrl":"https:\/\/www.sbkt.hr\/KT\/wp-content\/uploads\/2017\/06\/Djecjiodjel1.jpg","width":601,"height":400},{"@type":"BreadcrumbList","@id":"https:\/\/www.sbkt.hr\/KT\/odjel-rehabilitaciju-djece\/#breadcrumb","itemListElement":[{"@type":"ListItem","position":1,"name":"Naslovna","item":"https:\/\/www.sbkt.hr\/KT\/"},{"@type":"ListItem","position":2,"name":"Odjel za medicinsku rehabilitaciju djece"}]},{"@type":"WebSite","@id":"https:\/\/www.sbkt.hr\/KT\/#website","url":"https:\/\/www.sbkt.hr\/KT\/","name":"sbkt.hr","description":"Specijalna bolnica za medicinsku rehabilitaciju","potentialAction":[{"@type":"SearchAction","target":{"@type":"EntryPoint","urlTemplate":"https:\/\/www.sbkt.hr\/KT\/?s={search_term_string}"},"query-input":{"@type":"PropertyValueSpecification","valueRequired":true,"valueName":"search_term_string"}}],"inLanguage":"hr"}]}},"_links":{"self":[{"href":"https:\/\/www.sbkt.hr\/KT\/wp-json\/wp\/v2\/pages\/1324","targetHints":{"allow":["GET"]}}],"collection":[{"href":"https:\/\/www.sbkt.hr\/KT\/wp-json\/wp\/v2\/pages"}],"about":[{"href":"https:\/\/www.sbkt.hr\/KT\/wp-json\/wp\/v2\/types\/page"}],"author":[{"embeddable":true,"href":"https:\/\/www.sbkt.hr\/KT\/wp-json\/wp\/v2\/users\/1"}],"replies":[{"embeddable":true,"href":"https:\/\/www.sbkt.hr\/KT\/wp-json\/wp\/v2\/comments?post=1324"}],"version-history":[{"count":46,"href":"https:\/\/www.sbkt.hr\/KT\/wp-json\/wp\/v2\/pages\/1324\/revisions"}],"predecessor-version":[{"id":12239,"href":"https:\/\/www.sbkt.hr\/KT\/wp-json\/wp\/v2\/pages\/1324\/revisions\/12239"}],"wp:attachment":[{"href":"https:\/\/www.sbkt.hr\/KT\/wp-json\/wp\/v2\/media?parent=1324"}],"curies":[{"name":"wp","href":"https:\/\/api.w.org\/{rel}","templated":true}]}}