{"id":1332,"date":"2017-06-06T21:49:28","date_gmt":"2017-06-06T19:49:28","guid":{"rendered":"http:\/\/www.sbkt.hr\/KT\/?page_id=1332"},"modified":"2025-05-13T13:57:00","modified_gmt":"2025-05-13T11:57:00","slug":"poliklinika-fizikalnu-medicinu-rehabilitaciju","status":"publish","type":"page","link":"https:\/\/www.sbkt.hr\/KT\/poliklinika-fizikalnu-medicinu-rehabilitaciju\/","title":{"rendered":"Poliklinika za fizikalnu medicinu i rehabilitaciju s dnevnom bolnicom"},"content":{"rendered":"<h4>\u00a0<\/h4>\n<h4>\u00a0<\/h4>\n<h4>Voditelj poliklinike za fizikalnu medicinu i rehabilitaciju s dnevnom bolnicom:<\/h4>\n<h5>dr.sc. Gordana Cesarec, dr.med., spec.fizikalne medicine i rehabilitacije<\/h5>\n<p>E-mail: <a href=\"mailto:gordana.cesarec@sbkt.hr\">gordana.cesarec@sbkt.hr<\/a><\/p>\n<h3>\u00a0<\/h3>\n<h4>\u00a0<\/h4>\n<h4>Glavna medicinska sestra poliklinike:<\/h4>\n<h5>Sandra Novak, bacc. med. techn.<\/h5>\n<h3>\u00a0<\/h3>\n<h4>\u00a0<\/h4>\n<h4>Voditeljica tima poliklinike:<\/h4>\n<h5>Petra Bolfek Cerovec, univ.mag.med.techn.<\/h5>\n<h3>\u00a0<\/h3>\n<h4>\u00a0<\/h4>\n<h4>Glavni fizioterapeut poliklinike:<\/h4>\n<h5>Dubravka Jakopli\u0107, prof.rehabilitator<\/h5>\n<h3>\u00a0<\/h3>\n<h4>\u00a0<\/h4>\n<h4>Voditelji timova fizioterapije:<\/h4>\n<p>Biserka Vuzem, univ. mag. physoth.<br \/>Ivan Balagovi\u0107, mag. physioth.<br \/>Mirjana Tu\u0161ek, mag. physioth.<br \/>Marina Macan, bacc.physoth.<br \/>Natalija Bla\u017ei\u010dko, bacc. physioth.<br \/>Vesna Hrestak , bacc. physioth.<\/p>\n<h3>\u00a0<\/h3>\n<h4>\u00a0<\/h4>\n<h4>Naru\u010divanje pacijenata:<\/h4>\n<ol>\n<li style=\"list-style-type: none;\">\n<ol>\n<li>Fizijatrijska ambulanta:(+385 49) 244-961 radnim danom od 12.00 do 14.00, osobno od 10.00. do 12.00h ( s naznakom: Ambulantu za osteoporozu ili lije\u010denje mi\u0161i\u0107no ko\u0161tane boli, spazma ili plu\u0107nu rehebilitaciju) <br \/>E-mail: <a href=\"mailto:fizijatrijska.ambulanta@sbkt.hr\">fizijatrijska.ambulanta@sbkt.hr<\/a><\/li>\n<li>UZV muskuloskeletnog sustava (+385 49) 244-963 radnim danom od 08.00. do 09.00h <br \/>E-mail: <a href=\"mailto:uzv-lokomotornog@sbkt.hr\">uzv-lokomotornog@sbkt.hr<\/a><\/li>\n<li>Elektomioneurografija (EMNG): (+385 49)244-975 osobno od 08.00. do09.00h<br \/>E-mail: <a href=\"mailto:emng.elektrofiziologija@sbkt.hr\">emng.elektrofiziologija@sbkt.hr<\/a><\/li>\n<li>Fizijatrijska ambulanta za djecu: (+385 49) 383-239 radnim danom od 08.00-10.00h<br \/>E-mail: <a href=\"mailto:djecja.ambulanta@sbkt.hr\">djecja.ambulanta@sbkt.hr<\/a><\/li>\n<li>Fizijatrijska ambulanta Tuheljske Toplice: (+385 49) 557-313 radnim danom od 08.00 do 09.30h<br \/>E-mail: <a href=\"mailto:fizikalna-tuheljske@sbkt.hr\">fizikalna-tuheljske@sbkt.hr<\/a><\/li>\n<li>Reumatolo\u0161ka ambulanta: mob: 099 542-2552, radnim danom od 11.00 do 12.00h<br \/>E-mail: <a href=\"mailto:reumatologija@sbkt.hr\">reumatologija@sbkt.hr<\/a><\/li>\n<\/ol>\n<\/li>\n<\/ol>\n<p><strong>U poliklinici se pru\u017eaju medicinske usluge iz podru\u010dja fizikalne medicine i rehabilitacije.<\/strong><\/p>\n<p>Mo\u017eete dogovoriti specijalisti\u010dki pregled kod bolnih stanja zglobova i kralje\u017enice, sportskih ozljeda i sindroma prenaprezanja. Provodimo rehabilitaciju prije i poslije operativnih zahvata, nakon mi\u0161i\u0107no ko\u0161tanih trauma, mo\u017edanog udara, karniocerbralnih ozljeda i neurokiru\u0161kih zahvata.<\/p>\n<p>Rehabilitacijski programi uklju\u010duju: hidroterapiju, podvodnu masa\u017eu, limfnu drena\u017eu, suhu masa\u017eu, individualnu i grupnu medicinsku gimnastiku, terapijski ultrazvuk magnetoterapiju , elektroanalgetske procedure , elektrostimulaciju, terapiju laserom, kontinuirano pasivno razgibavanje, kineziotaping , krioterapiju, parafin, fango. Programi po potrebi sadr\u017ee okupacionu i funkcionalnu radnu terapiju te tretman logopeda i psihologa.<\/p>\n<p>Cijeli proces rehabilitacije pod stalnim je nadzorom stru\u010dnog rehabilitacijskog tima.<\/p>\n<p>Rehabilitacija se planira i prilago\u0111uje individualno, ovisno o operativnom zahvatu ili vrsti i te\u017eini bolesti, op\u0107em stanju pacijenta, njegovim potrebama i mogu\u0107nostima.<\/p>\n<p>Cilj nam je smanjiti bol, potaknuti proces cijeljenja, pobolj\u0161ati tonus oslabljene muskulature, utjecati na elasti\u010dnost tkiva, smanjiti napetost pojedinih mi\u0161i\u0107nih skupina odnosno \u0161to bolji funkcionalni oporavak po zavr\u0161etku rehabilitacije.<\/p>\n<p>Tijekom rehabilitacije osim pobolj\u0161anja pokretljivosti, snage i izdr\u017eljivosti pacijent stje\u010de znanja i vje\u0161tine kojima \u0107e u svakodnevnom \u017eivotu odr\u017eavati postignute rezultate, prevenirati ponovne ozljede i usporiti degenerativne procese (pravilno samostalno vje\u017ebanje, odabir adekvatne fizi\u010dke aktivnosti, ergonomska prilagodba \u2026).<\/p>\n<p><b>Dnevna bolnica<\/b> pru\u017ea sve dijagnosti\u010dke i terapijske postupke ugovorene kroz Polikliniku. Time je omogu\u0107eno obavljanje pretraga i terapijskih postupaka bez potrebne pojedina\u010dnog naru\u010divanja \u010dime se znatno skra\u0107uje lista \u010dekanja i smanjuje potreba za stacionarnom medicinskom rehabilitacijom.<\/p>\n<p>Kroz dnevnu bolnicu pru\u017eamo visoku razinu zdravstvene za\u0161tite najte\u017eim bolesnicima ( nakon traumatske ozljede mozga, nakon mo\u017edanog udara i politraume te djeci s neurorazvojnim poreme\u0107ajima..).<\/p>\n<h3>\u00a0<\/h3>\n<h4>\u00a0<\/h4>\n<h4>U sklopu Poliklinike za fizikalnu medicinu i rehabilitaciju rade i 3 izdvojene ambulante:<\/h4>\n<p>1. <strong>Ambulanta za osteoporozu<br \/><\/strong><br \/>Unutar bolnice provodi se ukupna dijagnostika potrebna za postavljenje dijagnoze, lije\u010denje I pra\u0107enje bolesnika s osteoporozom. U sklopu ambulante i dnevne bolnice provodi se edukacija bolesnika vezana za medikamentozno lije\u010denje i preporu\u010denu fizi\u010dku aktivnost. Omogu\u0107eno je redovito pra\u0107enje tijeka bolesti i komplikacija te modifikacija medikamentozne terapije.<\/p>\n<h4>\u00a0<\/h4>\n<p>2. <strong>Ambulanta za lije\u010denje mi\u0161i\u0107no ko\u0161tane boli<br \/><\/strong><br \/>U ambulanti se primjenjuje multimodalni postupak lije\u010denja neinvazivnim i minimalno invazivnim metodama. Multimodalno lije\u010denje predstavlja istovremenu primjenu farmakolo\u0161kih i nefarmakolo\u0161kih postupaka uz intenzivno i svjesno integriranje pacijenta u proces lije\u010denja \u010dime se posti\u017ee zna\u010dajna sinergija, a time uspje\u0161nost lije\u010denja. U rehabilitacijskom timu aktivno sudjeluje i psiholog sa kognitivno-bihevioralnim tretmenom lije\u010denja boli. Terapijski postupci: akupunktura, dry needling, blokada\u201d trigger\u201d to\u010dki, analgetski blokovi zglobova, periferni blokovi \u017eivaca, primjena plazme bogate trombocitima-PRP, radifrekveneta terapija, laser visokog ineziteta, udarni val\u2026)<\/p>\n<h4>\u00a0<\/h4>\n<p>3. <strong>Fizijatrijska ambulanta za plu\u0107nu rehabilitaciju<br \/><\/strong><br \/>Plu\u0107na rehabilitacija (PR) je sveobuhvatna intervencija kojom je obuhva\u0107ena edukacija bolesnika, individualizirani program vje\u017ebanja i poticanje promjene pona\u0161anja s ciljem pobolj\u0161anja tjelesnog i mentalnog zdravlja te promocije zdravog na\u010dina \u017eivota. Klju\u010dnu ulogu u PR zauzima nadzirani program tjelesnog vje\u017ebanja koji se svojim intenzitetom, frekvencijom i tipom vje\u017ebi prilago\u0111ava svakom bolesniku. Prvi pregled fizijatra u ambulanti za PR obuhva\u0107a uzimanje anamneze i uvid u medicinsku dokumentaciju u\u010dinjene pulmolo\u0161ke obrade, pregled mi\u0161i\u0107no-ko\u0161tanog sustava i procjenu tjelesne spremnosti\/funkcionalnog kapaciteta vje\u017ebanja. Osnovni test koji se koristi za procjenu funkcionalnog kapaciteta vje\u017ebanja je \u0161estominutni test hoda. Primarna mjera ishoda je udaljenost koju bolesnik prije\u0111e u 6 minuta, a sekundarne mjere ishoda su subjektivni osje\u0107aj zaduhe i umora, kretanje saturacije krvi kisikom mjerene pulsnim oksimetrom, tlaka i pulsa. Na kraju pregleda fizijatar donosi odluku o uklju\u010divanju u program plu\u0107ne rehabilitacije.<\/p>\n<h4>\u00a0<\/h4>\n<p>4. <strong>Ambulanta za lije\u010denje mi\u0161i\u0107nog spazma<\/strong><\/p>\n<p>U sklopu ambulante provodi se: procjena i dijagnosticiranje spazma gornjih i donjih ekstremiteta kao posljedice mo\u017edanog udara i traumatske ozljede mozga u odraslih bolesnika, UZV aplikacija botulinum toksina na temelju indikacije s kriterijima za primjenu lijeka prema odobrenju HZZO, propisivanje peroralnih lijekova, propisivanje ortopedskih pomagala, edukacija bolesnika i skrbnika, pra\u0107enje klini\u010dkog statusa bolesnika s ciljem prevencije komplikacija spazma (bolova i kontraktura), preporuke vezano za ostale mogu\u0107nosti lije\u010denja spazma gornjih i donjih ekstremiteta posljedice mo\u017edanog udara i traumatske ozljede mozga u odraslih bolesnika.<\/p>\n\n\n<p><\/p>\n","protected":false},"excerpt":{"rendered":"<p>\u00a0 \u00a0 Voditelj poliklinike za fizikalnu medicinu i rehabilitaciju s dnevnom bolnicom: dr.sc. Gordana Cesarec, dr.med., spec.fizikalne medicine i rehabilitacije E-mail: gordana.cesarec@sbkt.hr \u00a0 \u00a0 Glavna medicinska sestra poliklinike: Sandra Novak, bacc. med. techn. \u00a0 \u00a0 Voditeljica tima poliklinike: Petra Bolfek Cerovec, univ.mag.med.techn. \u00a0 \u00a0 Glavni fizioterapeut poliklinike: Dubravka Jakopli\u0107, prof.rehabilitator \u00a0 \u00a0 Voditelji timova fizioterapije:&#8230; <\/p>\n","protected":false},"author":1,"featured_media":0,"parent":0,"menu_order":0,"comment_status":"closed","ping_status":"closed","template":"","meta":{"footnotes":""},"class_list":["post-1332","page","type-page","status-publish","hentry"],"yoast_head":"<!-- This site is optimized with the Yoast SEO plugin v24.9 - https:\/\/yoast.com\/wordpress\/plugins\/seo\/ -->\n<title>Poliklinika za fizikalnu medicinu i rehabilitaciju s dnevnom bolnicom - sbkt.hr<\/title>\n<meta name=\"robots\" content=\"index, follow, max-snippet:-1, max-image-preview:large, max-video-preview:-1\" \/>\n<link rel=\"canonical\" href=\"https:\/\/www.sbkt.hr\/KT\/poliklinika-fizikalnu-medicinu-rehabilitaciju\/\" \/>\n<meta property=\"og:locale\" content=\"hr_HR\" \/>\n<meta property=\"og:type\" content=\"article\" \/>\n<meta property=\"og:title\" content=\"Poliklinika za fizikalnu medicinu i rehabilitaciju s dnevnom bolnicom - sbkt.hr\" \/>\n<meta property=\"og:description\" content=\"\u00a0 \u00a0 Voditelj poliklinike za fizikalnu medicinu i rehabilitaciju s dnevnom bolnicom: dr.sc. Gordana Cesarec, dr.med., spec.fizikalne medicine i rehabilitacije E-mail: gordana.cesarec@sbkt.hr \u00a0 \u00a0 Glavna medicinska sestra poliklinike: Sandra Novak, bacc. med. techn. \u00a0 \u00a0 Voditeljica tima poliklinike: Petra Bolfek Cerovec, univ.mag.med.techn. \u00a0 \u00a0 Glavni fizioterapeut poliklinike: Dubravka Jakopli\u0107, prof.rehabilitator \u00a0 \u00a0 Voditelji timova fizioterapije:...\" \/>\n<meta property=\"og:url\" content=\"https:\/\/www.sbkt.hr\/KT\/poliklinika-fizikalnu-medicinu-rehabilitaciju\/\" \/>\n<meta property=\"og:site_name\" content=\"sbkt.hr\" \/>\n<meta property=\"article:modified_time\" content=\"2025-05-13T11:57:00+00:00\" \/>\n<meta name=\"twitter:card\" content=\"summary_large_image\" \/>\n<meta name=\"twitter:label1\" content=\"Procijenjeno vrijeme \u010ditanja\" \/>\n\t<meta name=\"twitter:data1\" content=\"5 minuta\" \/>\n<script type=\"application\/ld+json\" class=\"yoast-schema-graph\">{\"@context\":\"https:\/\/schema.org\",\"@graph\":[{\"@type\":\"WebPage\",\"@id\":\"https:\/\/www.sbkt.hr\/KT\/poliklinika-fizikalnu-medicinu-rehabilitaciju\/\",\"url\":\"https:\/\/www.sbkt.hr\/KT\/poliklinika-fizikalnu-medicinu-rehabilitaciju\/\",\"name\":\"Poliklinika za fizikalnu medicinu i rehabilitaciju s dnevnom bolnicom - sbkt.hr\",\"isPartOf\":{\"@id\":\"https:\/\/www.sbkt.hr\/KT\/#website\"},\"datePublished\":\"2017-06-06T19:49:28+00:00\",\"dateModified\":\"2025-05-13T11:57:00+00:00\",\"breadcrumb\":{\"@id\":\"https:\/\/www.sbkt.hr\/KT\/poliklinika-fizikalnu-medicinu-rehabilitaciju\/#breadcrumb\"},\"inLanguage\":\"hr\",\"potentialAction\":[{\"@type\":\"ReadAction\",\"target\":[\"https:\/\/www.sbkt.hr\/KT\/poliklinika-fizikalnu-medicinu-rehabilitaciju\/\"]}]},{\"@type\":\"BreadcrumbList\",\"@id\":\"https:\/\/www.sbkt.hr\/KT\/poliklinika-fizikalnu-medicinu-rehabilitaciju\/#breadcrumb\",\"itemListElement\":[{\"@type\":\"ListItem\",\"position\":1,\"name\":\"Naslovna\",\"item\":\"https:\/\/www.sbkt.hr\/KT\/\"},{\"@type\":\"ListItem\",\"position\":2,\"name\":\"Poliklinika za fizikalnu medicinu i rehabilitaciju s dnevnom bolnicom\"}]},{\"@type\":\"WebSite\",\"@id\":\"https:\/\/www.sbkt.hr\/KT\/#website\",\"url\":\"https:\/\/www.sbkt.hr\/KT\/\",\"name\":\"sbkt.hr\",\"description\":\"Specijalna bolnica za medicinsku rehabilitaciju\",\"potentialAction\":[{\"@type\":\"SearchAction\",\"target\":{\"@type\":\"EntryPoint\",\"urlTemplate\":\"https:\/\/www.sbkt.hr\/KT\/?s={search_term_string}\"},\"query-input\":{\"@type\":\"PropertyValueSpecification\",\"valueRequired\":true,\"valueName\":\"search_term_string\"}}],\"inLanguage\":\"hr\"}]}<\/script>\n<!-- \/ Yoast SEO plugin. -->","yoast_head_json":{"title":"Poliklinika za fizikalnu medicinu i rehabilitaciju s dnevnom bolnicom - sbkt.hr","robots":{"index":"index","follow":"follow","max-snippet":"max-snippet:-1","max-image-preview":"max-image-preview:large","max-video-preview":"max-video-preview:-1"},"canonical":"https:\/\/www.sbkt.hr\/KT\/poliklinika-fizikalnu-medicinu-rehabilitaciju\/","og_locale":"hr_HR","og_type":"article","og_title":"Poliklinika za fizikalnu medicinu i rehabilitaciju s dnevnom bolnicom - sbkt.hr","og_description":"\u00a0 \u00a0 Voditelj poliklinike za fizikalnu medicinu i rehabilitaciju s dnevnom bolnicom: dr.sc. Gordana Cesarec, dr.med., spec.fizikalne medicine i rehabilitacije E-mail: gordana.cesarec@sbkt.hr \u00a0 \u00a0 Glavna medicinska sestra poliklinike: Sandra Novak, bacc. med. techn. \u00a0 \u00a0 Voditeljica tima poliklinike: Petra Bolfek Cerovec, univ.mag.med.techn. \u00a0 \u00a0 Glavni fizioterapeut poliklinike: Dubravka Jakopli\u0107, prof.rehabilitator \u00a0 \u00a0 Voditelji timova fizioterapije:...","og_url":"https:\/\/www.sbkt.hr\/KT\/poliklinika-fizikalnu-medicinu-rehabilitaciju\/","og_site_name":"sbkt.hr","article_modified_time":"2025-05-13T11:57:00+00:00","twitter_card":"summary_large_image","twitter_misc":{"Procijenjeno vrijeme \u010ditanja":"5 minuta"},"schema":{"@context":"https:\/\/schema.org","@graph":[{"@type":"WebPage","@id":"https:\/\/www.sbkt.hr\/KT\/poliklinika-fizikalnu-medicinu-rehabilitaciju\/","url":"https:\/\/www.sbkt.hr\/KT\/poliklinika-fizikalnu-medicinu-rehabilitaciju\/","name":"Poliklinika za fizikalnu medicinu i rehabilitaciju s dnevnom bolnicom - sbkt.hr","isPartOf":{"@id":"https:\/\/www.sbkt.hr\/KT\/#website"},"datePublished":"2017-06-06T19:49:28+00:00","dateModified":"2025-05-13T11:57:00+00:00","breadcrumb":{"@id":"https:\/\/www.sbkt.hr\/KT\/poliklinika-fizikalnu-medicinu-rehabilitaciju\/#breadcrumb"},"inLanguage":"hr","potentialAction":[{"@type":"ReadAction","target":["https:\/\/www.sbkt.hr\/KT\/poliklinika-fizikalnu-medicinu-rehabilitaciju\/"]}]},{"@type":"BreadcrumbList","@id":"https:\/\/www.sbkt.hr\/KT\/poliklinika-fizikalnu-medicinu-rehabilitaciju\/#breadcrumb","itemListElement":[{"@type":"ListItem","position":1,"name":"Naslovna","item":"https:\/\/www.sbkt.hr\/KT\/"},{"@type":"ListItem","position":2,"name":"Poliklinika za fizikalnu medicinu i rehabilitaciju s dnevnom bolnicom"}]},{"@type":"WebSite","@id":"https:\/\/www.sbkt.hr\/KT\/#website","url":"https:\/\/www.sbkt.hr\/KT\/","name":"sbkt.hr","description":"Specijalna bolnica za medicinsku rehabilitaciju","potentialAction":[{"@type":"SearchAction","target":{"@type":"EntryPoint","urlTemplate":"https:\/\/www.sbkt.hr\/KT\/?s={search_term_string}"},"query-input":{"@type":"PropertyValueSpecification","valueRequired":true,"valueName":"search_term_string"}}],"inLanguage":"hr"}]}},"_links":{"self":[{"href":"https:\/\/www.sbkt.hr\/KT\/wp-json\/wp\/v2\/pages\/1332","targetHints":{"allow":["GET"]}}],"collection":[{"href":"https:\/\/www.sbkt.hr\/KT\/wp-json\/wp\/v2\/pages"}],"about":[{"href":"https:\/\/www.sbkt.hr\/KT\/wp-json\/wp\/v2\/types\/page"}],"author":[{"embeddable":true,"href":"https:\/\/www.sbkt.hr\/KT\/wp-json\/wp\/v2\/users\/1"}],"replies":[{"embeddable":true,"href":"https:\/\/www.sbkt.hr\/KT\/wp-json\/wp\/v2\/comments?post=1332"}],"version-history":[{"count":42,"href":"https:\/\/www.sbkt.hr\/KT\/wp-json\/wp\/v2\/pages\/1332\/revisions"}],"predecessor-version":[{"id":10372,"href":"https:\/\/www.sbkt.hr\/KT\/wp-json\/wp\/v2\/pages\/1332\/revisions\/10372"}],"wp:attachment":[{"href":"https:\/\/www.sbkt.hr\/KT\/wp-json\/wp\/v2\/media?parent=1332"}],"curies":[{"name":"wp","href":"https:\/\/api.w.org\/{rel}","templated":true}]}}