{"id":1337,"date":"2017-06-06T21:57:55","date_gmt":"2017-06-06T19:57:55","guid":{"rendered":"http:\/\/www.sbkt.hr\/KT\/?page_id=1337"},"modified":"2025-05-29T13:07:57","modified_gmt":"2025-05-29T11:07:57","slug":"odjel-unutarnje-bolesti","status":"publish","type":"page","link":"https:\/\/www.sbkt.hr\/KT\/odjel-unutarnje-bolesti\/","title":{"rendered":"Odjel za unutarnje bolesti"},"content":{"rendered":"<h3><\/h3>\n<h4><\/h4>\n<h4>Voditelj Odjela za unutarnje bolesti:<\/h4>\n<h5>Vlatka Japec, dr.med., specijalistica interne medicine, subspecijalistica nefrologije<\/h5>\n<p>E-mail: <a href=\"mailto:vlatka.japec@sbkt.hr\">vlatka.japec@sbkt.hr<\/a><br \/>\nIzravna telefonska linija: (+385 49) 383-433<\/p>\n<h3><\/h3>\n<h4><\/h4>\n<h4>Glavna medicinska sestra Odjela:<\/h4>\n<h5>Valerija Brodar, bacc.med.techn.<\/h5>\n<p>E-mail: <a href=\"mailto:valerija.brodar@sbkt.hr\">valerija.brodar@sbkt.hr<\/a><\/p>\n<h3><\/h3>\n<h4><\/h4>\n<h4>Va\u017ene izravne telefonske linije:<\/h4>\n<ul>\n<li>Voditelj Odjela: (+385 49) 383-433<\/li>\n<li>Glavna medicinska sestra Odjela: (+385 49) 383-321<\/li>\n<li>Voditelj tima zdrastvene njege: (+385 49) 383-321<\/li>\n<li>Ambulanta &#8211; soba za sestre: (+385 49) 383-367<\/li>\n<li>mr.sc. Ru\u017eica \u010cunovi\u0107-Dubroja, dr.med.spec.internist-reumatolog: (+385 49) 383-409<\/li>\n<li>Ambulanta za hitni prijem bolesnika: (+385 49) 383-322<\/li>\n<\/ul>\n<h4><\/h4>\n<h4><\/h4>\n<h4>Odjel za unutarnje bolesti<\/h4>\n<h5>Voditelj tima zdrastvene njege:<\/h5>\n<p>Kristina Petri\u0107 Zajec, mag.med.techn.<\/p>\n<h4><\/h4>\n<h4><\/h4>\n<p>Odjel za unutarnje bolesti Specijalne bolnice za medicinsku rehabilitaciju Krapinske Toplice osnovan je 1993 godine. Na odjelu se nalazi 20 kreveta za lije\u010denje bolesnika u trokrevetnim sobama. Tu se lije\u010de bolesnici koji dominantno boluju od kardiovaskularnih bolesti. Prijem na odjel ostvaruje se preko ambulante za hitni prijem koja radi 24 sata dnevno i dnevne bolnice, a ujedno i s ostalih odjela rehabilitacije ako za to postoje indikacije.<\/p>\n<p>Osim uobi\u010dajenih dijagnosti\u010dkih pretraga, bolesnicima su dostupne gotovo sve neinvazivne kardiolo\u0161ke dijagnosti\u010dke metode. Odjel raspola\u017ee sa 6 jedinica za telemetrijsko pra\u0107enje EKG-a. Dijagnosti\u010dke metode koje su invazivnog karaktera ostvaruju se u suradnji s Klinikom Magdalena. U sklopu odjela rade dijabetolo\u0161ka, reumatolo\u0161ka i kardiolo\u0161ka ambulanta.<\/p>\n<h4><\/h4>\n<h4>Reumatolo\u0161ka ambulanta &#8211; lije\u010dnik<\/h4>\n<p>Mr.sci. Ru\u017eica \u010cunovi\u0107-Dubroja, dr.med., spec. internist-reumatolog<br \/>\nLorena Petra\u010d Frlju\u017eec, dr.med., spec.reumatolog<\/p>\n<ul>\n<li>Soba lije\u010dnika dr. \u010cunovi\u0107-Dubroja: (+385 49) 383-409<\/li>\n<li>Narud\u017ebe i informacije kod Branke Fu\u010dkar, bacc.med.techn na tel.: (+385 49) 244-971<\/li>\n<\/ul>\n<h3><\/h3>\n<h4><\/h4>\n<h4>Hitni prijem i dnevna bolnica<\/h4>\n<h5>Radno vrijeme 0 &#8211; 24h:<\/h5>\n<h3><\/h3>\n<h4>Izravna telefonska linija:<\/h4>\n<ul>\n<li>Ambulanta za hitni prijem bolesnika i dnevna bolnica: (+385 49) 383-322<\/li>\n<\/ul>\n","protected":false},"excerpt":{"rendered":"<p>Voditelj Odjela za unutarnje bolesti: Vlatka Japec, dr.med., specijalistica interne medicine, subspecijalistica nefrologije E-mail: vlatka.japec@sbkt.hr Izravna telefonska linija: (+385 49) 383-433 Glavna medicinska sestra Odjela: Valerija Brodar, bacc.med.techn. E-mail: valerija.brodar@sbkt.hr Va\u017ene izravne telefonske linije: Voditelj Odjela: (+385 49) 383-433 Glavna medicinska sestra Odjela: (+385 49) 383-321 Voditelj tima zdrastvene njege: (+385 49) 383-321 Ambulanta &#8211;&#8230; <\/p>\n","protected":false},"author":1,"featured_media":0,"parent":0,"menu_order":0,"comment_status":"closed","ping_status":"closed","template":"","meta":{"footnotes":""},"class_list":["post-1337","page","type-page","status-publish","hentry"],"yoast_head":"<!-- This site is optimized with the Yoast SEO plugin v24.9 - https:\/\/yoast.com\/wordpress\/plugins\/seo\/ -->\n<title>Odjel za unutarnje bolesti - sbkt.hr<\/title>\n<meta name=\"robots\" content=\"index, follow, max-snippet:-1, max-image-preview:large, max-video-preview:-1\" \/>\n<link rel=\"canonical\" href=\"https:\/\/www.sbkt.hr\/KT\/odjel-unutarnje-bolesti\/\" \/>\n<meta property=\"og:locale\" content=\"hr_HR\" \/>\n<meta property=\"og:type\" content=\"article\" \/>\n<meta property=\"og:title\" content=\"Odjel za unutarnje bolesti - sbkt.hr\" \/>\n<meta property=\"og:description\" content=\"Voditelj Odjela za unutarnje bolesti: Vlatka Japec, dr.med., specijalistica interne medicine, subspecijalistica nefrologije E-mail: vlatka.japec@sbkt.hr Izravna telefonska linija: (+385 49) 383-433 Glavna medicinska sestra Odjela: Valerija Brodar, bacc.med.techn. E-mail: valerija.brodar@sbkt.hr Va\u017ene izravne telefonske linije: Voditelj Odjela: (+385 49) 383-433 Glavna medicinska sestra Odjela: (+385 49) 383-321 Voditelj tima zdrastvene njege: (+385 49) 383-321 Ambulanta &#8211;...\" \/>\n<meta property=\"og:url\" content=\"https:\/\/www.sbkt.hr\/KT\/odjel-unutarnje-bolesti\/\" \/>\n<meta property=\"og:site_name\" content=\"sbkt.hr\" \/>\n<meta property=\"article:modified_time\" content=\"2025-05-29T11:07:57+00:00\" \/>\n<meta name=\"twitter:card\" content=\"summary_large_image\" \/>\n<meta name=\"twitter:label1\" content=\"Procijenjeno vrijeme \u010ditanja\" \/>\n\t<meta name=\"twitter:data1\" content=\"2 minute\" \/>\n<script type=\"application\/ld+json\" class=\"yoast-schema-graph\">{\"@context\":\"https:\/\/schema.org\",\"@graph\":[{\"@type\":\"WebPage\",\"@id\":\"https:\/\/www.sbkt.hr\/KT\/odjel-unutarnje-bolesti\/\",\"url\":\"https:\/\/www.sbkt.hr\/KT\/odjel-unutarnje-bolesti\/\",\"name\":\"Odjel za unutarnje bolesti - sbkt.hr\",\"isPartOf\":{\"@id\":\"https:\/\/www.sbkt.hr\/KT\/#website\"},\"datePublished\":\"2017-06-06T19:57:55+00:00\",\"dateModified\":\"2025-05-29T11:07:57+00:00\",\"breadcrumb\":{\"@id\":\"https:\/\/www.sbkt.hr\/KT\/odjel-unutarnje-bolesti\/#breadcrumb\"},\"inLanguage\":\"hr\",\"potentialAction\":[{\"@type\":\"ReadAction\",\"target\":[\"https:\/\/www.sbkt.hr\/KT\/odjel-unutarnje-bolesti\/\"]}]},{\"@type\":\"BreadcrumbList\",\"@id\":\"https:\/\/www.sbkt.hr\/KT\/odjel-unutarnje-bolesti\/#breadcrumb\",\"itemListElement\":[{\"@type\":\"ListItem\",\"position\":1,\"name\":\"Naslovna\",\"item\":\"https:\/\/www.sbkt.hr\/KT\/\"},{\"@type\":\"ListItem\",\"position\":2,\"name\":\"Odjel za unutarnje bolesti\"}]},{\"@type\":\"WebSite\",\"@id\":\"https:\/\/www.sbkt.hr\/KT\/#website\",\"url\":\"https:\/\/www.sbkt.hr\/KT\/\",\"name\":\"sbkt.hr\",\"description\":\"Specijalna bolnica za medicinsku rehabilitaciju\",\"potentialAction\":[{\"@type\":\"SearchAction\",\"target\":{\"@type\":\"EntryPoint\",\"urlTemplate\":\"https:\/\/www.sbkt.hr\/KT\/?s={search_term_string}\"},\"query-input\":{\"@type\":\"PropertyValueSpecification\",\"valueRequired\":true,\"valueName\":\"search_term_string\"}}],\"inLanguage\":\"hr\"}]}<\/script>\n<!-- \/ Yoast SEO plugin. -->","yoast_head_json":{"title":"Odjel za unutarnje bolesti - sbkt.hr","robots":{"index":"index","follow":"follow","max-snippet":"max-snippet:-1","max-image-preview":"max-image-preview:large","max-video-preview":"max-video-preview:-1"},"canonical":"https:\/\/www.sbkt.hr\/KT\/odjel-unutarnje-bolesti\/","og_locale":"hr_HR","og_type":"article","og_title":"Odjel za unutarnje bolesti - sbkt.hr","og_description":"Voditelj Odjela za unutarnje bolesti: Vlatka Japec, dr.med., specijalistica interne medicine, subspecijalistica nefrologije E-mail: vlatka.japec@sbkt.hr Izravna telefonska linija: (+385 49) 383-433 Glavna medicinska sestra Odjela: Valerija Brodar, bacc.med.techn. E-mail: valerija.brodar@sbkt.hr Va\u017ene izravne telefonske linije: Voditelj Odjela: (+385 49) 383-433 Glavna medicinska sestra Odjela: (+385 49) 383-321 Voditelj tima zdrastvene njege: (+385 49) 383-321 Ambulanta &#8211;...","og_url":"https:\/\/www.sbkt.hr\/KT\/odjel-unutarnje-bolesti\/","og_site_name":"sbkt.hr","article_modified_time":"2025-05-29T11:07:57+00:00","twitter_card":"summary_large_image","twitter_misc":{"Procijenjeno vrijeme \u010ditanja":"2 minute"},"schema":{"@context":"https:\/\/schema.org","@graph":[{"@type":"WebPage","@id":"https:\/\/www.sbkt.hr\/KT\/odjel-unutarnje-bolesti\/","url":"https:\/\/www.sbkt.hr\/KT\/odjel-unutarnje-bolesti\/","name":"Odjel za unutarnje bolesti - sbkt.hr","isPartOf":{"@id":"https:\/\/www.sbkt.hr\/KT\/#website"},"datePublished":"2017-06-06T19:57:55+00:00","dateModified":"2025-05-29T11:07:57+00:00","breadcrumb":{"@id":"https:\/\/www.sbkt.hr\/KT\/odjel-unutarnje-bolesti\/#breadcrumb"},"inLanguage":"hr","potentialAction":[{"@type":"ReadAction","target":["https:\/\/www.sbkt.hr\/KT\/odjel-unutarnje-bolesti\/"]}]},{"@type":"BreadcrumbList","@id":"https:\/\/www.sbkt.hr\/KT\/odjel-unutarnje-bolesti\/#breadcrumb","itemListElement":[{"@type":"ListItem","position":1,"name":"Naslovna","item":"https:\/\/www.sbkt.hr\/KT\/"},{"@type":"ListItem","position":2,"name":"Odjel za unutarnje bolesti"}]},{"@type":"WebSite","@id":"https:\/\/www.sbkt.hr\/KT\/#website","url":"https:\/\/www.sbkt.hr\/KT\/","name":"sbkt.hr","description":"Specijalna bolnica za medicinsku rehabilitaciju","potentialAction":[{"@type":"SearchAction","target":{"@type":"EntryPoint","urlTemplate":"https:\/\/www.sbkt.hr\/KT\/?s={search_term_string}"},"query-input":{"@type":"PropertyValueSpecification","valueRequired":true,"valueName":"search_term_string"}}],"inLanguage":"hr"}]}},"_links":{"self":[{"href":"https:\/\/www.sbkt.hr\/KT\/wp-json\/wp\/v2\/pages\/1337","targetHints":{"allow":["GET"]}}],"collection":[{"href":"https:\/\/www.sbkt.hr\/KT\/wp-json\/wp\/v2\/pages"}],"about":[{"href":"https:\/\/www.sbkt.hr\/KT\/wp-json\/wp\/v2\/types\/page"}],"author":[{"embeddable":true,"href":"https:\/\/www.sbkt.hr\/KT\/wp-json\/wp\/v2\/users\/1"}],"replies":[{"embeddable":true,"href":"https:\/\/www.sbkt.hr\/KT\/wp-json\/wp\/v2\/comments?post=1337"}],"version-history":[{"count":21,"href":"https:\/\/www.sbkt.hr\/KT\/wp-json\/wp\/v2\/pages\/1337\/revisions"}],"predecessor-version":[{"id":10486,"href":"https:\/\/www.sbkt.hr\/KT\/wp-json\/wp\/v2\/pages\/1337\/revisions\/10486"}],"wp:attachment":[{"href":"https:\/\/www.sbkt.hr\/KT\/wp-json\/wp\/v2\/media?parent=1337"}],"curies":[{"name":"wp","href":"https:\/\/api.w.org\/{rel}","templated":true}]}}