{"id":1342,"date":"2017-06-07T18:32:13","date_gmt":"2017-06-07T16:32:13","guid":{"rendered":"http:\/\/www.sbkt.hr\/KT\/?page_id=1342"},"modified":"2026-03-31T14:04:06","modified_gmt":"2026-03-31T12:04:06","slug":"odjel-reanimatologiju-intenzivno-lijecenje-jil","status":"publish","type":"page","link":"https:\/\/www.sbkt.hr\/KT\/odjel-reanimatologiju-intenzivno-lijecenje-jil\/","title":{"rendered":"Odjel za intenzivnu medicinu s hitnom internisti\u010dkom ambulantom"},"content":{"rendered":"<h4><\/h4>\n<h4><\/h4>\n<h4>Voditelj odjela za intenzivnu medicinu s hitnom internisti\u010dkom ambulantom:<\/h4>\n<h5>Dr.sc. Krunoslav Fu\u010dkar, dr.med., spec.internist-kardiolog<\/h5>\n<p>E-mail: <a href=\"mailto:krunoslav.fuckar@sbkt.hr\">krunoslav.fuckar@sbkt.hr<\/a><\/p>\n<h3><\/h3>\n<h4><\/h4>\n<h4>Glavna medicinska sestra Odjela:<\/h4>\n<h5>Marija Mate\u010di\u0107, bacc.med.techn.<\/h5>\n<p>E-mail: <a href=\"mailto:marija.matecic@sbkt.hr\">marija.matecic@sbkt.hr<\/a><\/p>\n<h4>Va\u017ene izravne telefonske linije:<\/h4>\n<ul>\n<li>Voditelj Odjela: (+385 49) 383-412<\/li>\n<li>Glavna medicinska sestra Odjela: (+385 49) 383-326<\/li>\n<li>Ambulanta &#8211; soba za sestre: (+385 49) 383-444<\/li>\n<\/ul>\n<h4><\/h4>\n<h4><\/h4>\n<h4>Lije\u010dnik na odjelu<\/h4>\n<p>Dr.sc. Krunoslav Fu\u010dkar, dr.med., spec.internist-kardiolog: (+385 49) 383-336<\/p>\n<h4><\/h4>\n<h4><\/h4>\n<h4>Odjel za reanimatologiju i intenzivno lije\u010denje<\/h4>\n<p>Odjel reanimatologije i intenzivnog lije\u010denja osnovan je zajedno s Internim odjelom 1993. godine isprva samo kao opservacijska jedicina, da bi 1995. godine u novom i ve\u0107em prostoru bio oformljen Odjel od ukupno \u0161est kreveta, od kojih su pet otvorenog tipa te jedan izolacijski. Danas je Odjel opremljen suvremenom medicinskom opremom za monitoriranje, nadzor i lije\u010denje intenzivnih bolesnika prema najvi\u0161im standardima moderne medicinske struke. Na Odjelu reanimatologije i intenzivnog lije\u010denja zbrinjavaju se te\u0161ki i \u017eivotno ugro\u017eeni bolesnici zaprimljeni kroz Odjel za hitni prijem te oni kod kojih je do pogor\u0161anja stanja do\u0161lo tijekom provo\u0111enja jednog od vida lije\u010denja ili rehabilitacije u na\u0161oj Ustanovi. Osim koronarnih bolesnika sve ve\u0107i udio u kazuistici zaprimljenih imaju te\u0161ka septi\u010dka stanja te zatajenje disanja razli\u010ditog urzoka.<\/p>\n<p>Osoblje Odjela redovito sudjeluje u procesima trajnog stru\u010dnog i znanstvenog usavr\u0161avanja u skladu s primjenom novih tehnologija i modaliteta intenzivnog lije\u010denja. Primjenjivane metode i postupci intenzivnog lije\u010denja uskla\u0111eni su s va\u017ee\u0107im me\u0111unarodnim smjernicama i standardima lije\u010denja pojedinih bolesti po\u0161tivaju\u0107i medicinu temeljenu na dokazima. Kako je ve\u0107 spomenuto u kontinuitetu se radi na osuvremenjavanju medicinske opreme za dijagnostiku, invazivni te neinvazivni monitoring i lije\u010denje intenzivnih bolesnika.<\/p>\n","protected":false},"excerpt":{"rendered":"<p>Voditelj odjela za intenzivnu medicinu s hitnom internisti\u010dkom ambulantom: Dr.sc. Krunoslav Fu\u010dkar, dr.med., spec.internist-kardiolog E-mail: krunoslav.fuckar@sbkt.hr Glavna medicinska sestra Odjela: Marija Mate\u010di\u0107, bacc.med.techn. E-mail: marija.matecic@sbkt.hr Va\u017ene izravne telefonske linije: Voditelj Odjela: (+385 49) 383-412 Glavna medicinska sestra Odjela: (+385 49) 383-326 Ambulanta &#8211; soba za sestre: (+385 49) 383-444 Lije\u010dnik na odjelu Dr.sc. Krunoslav Fu\u010dkar,&#8230; <\/p>\n","protected":false},"author":1,"featured_media":0,"parent":0,"menu_order":0,"comment_status":"closed","ping_status":"closed","template":"","meta":{"footnotes":""},"class_list":["post-1342","page","type-page","status-publish","hentry"],"yoast_head":"<!-- This site is optimized with the Yoast SEO plugin v24.9 - https:\/\/yoast.com\/wordpress\/plugins\/seo\/ -->\n<title>Odjel za intenzivnu medicinu s hitnom internisti\u010dkom ambulantom - sbkt.hr<\/title>\n<meta name=\"robots\" content=\"index, follow, max-snippet:-1, max-image-preview:large, max-video-preview:-1\" \/>\n<link rel=\"canonical\" href=\"https:\/\/www.sbkt.hr\/KT\/odjel-reanimatologiju-intenzivno-lijecenje-jil\/\" \/>\n<meta property=\"og:locale\" content=\"hr_HR\" \/>\n<meta property=\"og:type\" content=\"article\" \/>\n<meta property=\"og:title\" content=\"Odjel za intenzivnu medicinu s hitnom internisti\u010dkom ambulantom - sbkt.hr\" \/>\n<meta property=\"og:description\" content=\"Voditelj odjela za intenzivnu medicinu s hitnom internisti\u010dkom ambulantom: Dr.sc. Krunoslav Fu\u010dkar, dr.med., spec.internist-kardiolog E-mail: krunoslav.fuckar@sbkt.hr Glavna medicinska sestra Odjela: Marija Mate\u010di\u0107, bacc.med.techn. E-mail: marija.matecic@sbkt.hr Va\u017ene izravne telefonske linije: Voditelj Odjela: (+385 49) 383-412 Glavna medicinska sestra Odjela: (+385 49) 383-326 Ambulanta &#8211; soba za sestre: (+385 49) 383-444 Lije\u010dnik na odjelu Dr.sc. Krunoslav Fu\u010dkar,...\" \/>\n<meta property=\"og:url\" content=\"https:\/\/www.sbkt.hr\/KT\/odjel-reanimatologiju-intenzivno-lijecenje-jil\/\" \/>\n<meta property=\"og:site_name\" content=\"sbkt.hr\" \/>\n<meta property=\"article:modified_time\" content=\"2026-03-31T12:04:06+00:00\" \/>\n<meta name=\"twitter:card\" content=\"summary_large_image\" \/>\n<meta name=\"twitter:label1\" content=\"Procijenjeno vrijeme \u010ditanja\" \/>\n\t<meta name=\"twitter:data1\" content=\"2 minute\" \/>\n<script type=\"application\/ld+json\" class=\"yoast-schema-graph\">{\"@context\":\"https:\/\/schema.org\",\"@graph\":[{\"@type\":\"WebPage\",\"@id\":\"https:\/\/www.sbkt.hr\/KT\/odjel-reanimatologiju-intenzivno-lijecenje-jil\/\",\"url\":\"https:\/\/www.sbkt.hr\/KT\/odjel-reanimatologiju-intenzivno-lijecenje-jil\/\",\"name\":\"Odjel za intenzivnu medicinu s hitnom internisti\u010dkom ambulantom - sbkt.hr\",\"isPartOf\":{\"@id\":\"https:\/\/www.sbkt.hr\/KT\/#website\"},\"datePublished\":\"2017-06-07T16:32:13+00:00\",\"dateModified\":\"2026-03-31T12:04:06+00:00\",\"breadcrumb\":{\"@id\":\"https:\/\/www.sbkt.hr\/KT\/odjel-reanimatologiju-intenzivno-lijecenje-jil\/#breadcrumb\"},\"inLanguage\":\"hr\",\"potentialAction\":[{\"@type\":\"ReadAction\",\"target\":[\"https:\/\/www.sbkt.hr\/KT\/odjel-reanimatologiju-intenzivno-lijecenje-jil\/\"]}]},{\"@type\":\"BreadcrumbList\",\"@id\":\"https:\/\/www.sbkt.hr\/KT\/odjel-reanimatologiju-intenzivno-lijecenje-jil\/#breadcrumb\",\"itemListElement\":[{\"@type\":\"ListItem\",\"position\":1,\"name\":\"Naslovna\",\"item\":\"https:\/\/www.sbkt.hr\/KT\/\"},{\"@type\":\"ListItem\",\"position\":2,\"name\":\"Odjel za intenzivnu medicinu s hitnom internisti\u010dkom ambulantom\"}]},{\"@type\":\"WebSite\",\"@id\":\"https:\/\/www.sbkt.hr\/KT\/#website\",\"url\":\"https:\/\/www.sbkt.hr\/KT\/\",\"name\":\"sbkt.hr\",\"description\":\"Specijalna bolnica za medicinsku rehabilitaciju\",\"potentialAction\":[{\"@type\":\"SearchAction\",\"target\":{\"@type\":\"EntryPoint\",\"urlTemplate\":\"https:\/\/www.sbkt.hr\/KT\/?s={search_term_string}\"},\"query-input\":{\"@type\":\"PropertyValueSpecification\",\"valueRequired\":true,\"valueName\":\"search_term_string\"}}],\"inLanguage\":\"hr\"}]}<\/script>\n<!-- \/ Yoast SEO plugin. -->","yoast_head_json":{"title":"Odjel za intenzivnu medicinu s hitnom internisti\u010dkom ambulantom - sbkt.hr","robots":{"index":"index","follow":"follow","max-snippet":"max-snippet:-1","max-image-preview":"max-image-preview:large","max-video-preview":"max-video-preview:-1"},"canonical":"https:\/\/www.sbkt.hr\/KT\/odjel-reanimatologiju-intenzivno-lijecenje-jil\/","og_locale":"hr_HR","og_type":"article","og_title":"Odjel za intenzivnu medicinu s hitnom internisti\u010dkom ambulantom - sbkt.hr","og_description":"Voditelj odjela za intenzivnu medicinu s hitnom internisti\u010dkom ambulantom: Dr.sc. Krunoslav Fu\u010dkar, dr.med., spec.internist-kardiolog E-mail: krunoslav.fuckar@sbkt.hr Glavna medicinska sestra Odjela: Marija Mate\u010di\u0107, bacc.med.techn. E-mail: marija.matecic@sbkt.hr Va\u017ene izravne telefonske linije: Voditelj Odjela: (+385 49) 383-412 Glavna medicinska sestra Odjela: (+385 49) 383-326 Ambulanta &#8211; soba za sestre: (+385 49) 383-444 Lije\u010dnik na odjelu Dr.sc. Krunoslav Fu\u010dkar,...","og_url":"https:\/\/www.sbkt.hr\/KT\/odjel-reanimatologiju-intenzivno-lijecenje-jil\/","og_site_name":"sbkt.hr","article_modified_time":"2026-03-31T12:04:06+00:00","twitter_card":"summary_large_image","twitter_misc":{"Procijenjeno vrijeme \u010ditanja":"2 minute"},"schema":{"@context":"https:\/\/schema.org","@graph":[{"@type":"WebPage","@id":"https:\/\/www.sbkt.hr\/KT\/odjel-reanimatologiju-intenzivno-lijecenje-jil\/","url":"https:\/\/www.sbkt.hr\/KT\/odjel-reanimatologiju-intenzivno-lijecenje-jil\/","name":"Odjel za intenzivnu medicinu s hitnom internisti\u010dkom ambulantom - sbkt.hr","isPartOf":{"@id":"https:\/\/www.sbkt.hr\/KT\/#website"},"datePublished":"2017-06-07T16:32:13+00:00","dateModified":"2026-03-31T12:04:06+00:00","breadcrumb":{"@id":"https:\/\/www.sbkt.hr\/KT\/odjel-reanimatologiju-intenzivno-lijecenje-jil\/#breadcrumb"},"inLanguage":"hr","potentialAction":[{"@type":"ReadAction","target":["https:\/\/www.sbkt.hr\/KT\/odjel-reanimatologiju-intenzivno-lijecenje-jil\/"]}]},{"@type":"BreadcrumbList","@id":"https:\/\/www.sbkt.hr\/KT\/odjel-reanimatologiju-intenzivno-lijecenje-jil\/#breadcrumb","itemListElement":[{"@type":"ListItem","position":1,"name":"Naslovna","item":"https:\/\/www.sbkt.hr\/KT\/"},{"@type":"ListItem","position":2,"name":"Odjel za intenzivnu medicinu s hitnom internisti\u010dkom ambulantom"}]},{"@type":"WebSite","@id":"https:\/\/www.sbkt.hr\/KT\/#website","url":"https:\/\/www.sbkt.hr\/KT\/","name":"sbkt.hr","description":"Specijalna bolnica za medicinsku rehabilitaciju","potentialAction":[{"@type":"SearchAction","target":{"@type":"EntryPoint","urlTemplate":"https:\/\/www.sbkt.hr\/KT\/?s={search_term_string}"},"query-input":{"@type":"PropertyValueSpecification","valueRequired":true,"valueName":"search_term_string"}}],"inLanguage":"hr"}]}},"_links":{"self":[{"href":"https:\/\/www.sbkt.hr\/KT\/wp-json\/wp\/v2\/pages\/1342","targetHints":{"allow":["GET"]}}],"collection":[{"href":"https:\/\/www.sbkt.hr\/KT\/wp-json\/wp\/v2\/pages"}],"about":[{"href":"https:\/\/www.sbkt.hr\/KT\/wp-json\/wp\/v2\/types\/page"}],"author":[{"embeddable":true,"href":"https:\/\/www.sbkt.hr\/KT\/wp-json\/wp\/v2\/users\/1"}],"replies":[{"embeddable":true,"href":"https:\/\/www.sbkt.hr\/KT\/wp-json\/wp\/v2\/comments?post=1342"}],"version-history":[{"count":14,"href":"https:\/\/www.sbkt.hr\/KT\/wp-json\/wp\/v2\/pages\/1342\/revisions"}],"predecessor-version":[{"id":12185,"href":"https:\/\/www.sbkt.hr\/KT\/wp-json\/wp\/v2\/pages\/1342\/revisions\/12185"}],"wp:attachment":[{"href":"https:\/\/www.sbkt.hr\/KT\/wp-json\/wp\/v2\/media?parent=1342"}],"curies":[{"name":"wp","href":"https:\/\/api.w.org\/{rel}","templated":true}]}}