{"id":1350,"date":"2017-06-07T18:39:09","date_gmt":"2017-06-07T16:39:09","guid":{"rendered":"http:\/\/www.sbkt.hr\/KT\/?page_id=1350"},"modified":"2025-12-12T12:39:26","modified_gmt":"2025-12-12T11:39:26","slug":"odjel-radiolosku-dijagnostiku","status":"publish","type":"page","link":"https:\/\/www.sbkt.hr\/KT\/odjel-radiolosku-dijagnostiku\/","title":{"rendered":"Odjel za radiolo\u0161ku dijagnostiku"},"content":{"rendered":"<h4><\/h4>\n<h4><\/h4>\n<h4>Voditelj odjela za radiolo\u0161ku dijagnostiku:<\/h4>\n<h5>Dr.sc. Damir Ple\u010dko, dr.med., spec. radiolog<\/h5>\n<p>E-mail: <a href=\"mailto:damir.plecko@sbkt.hr\">damir.plecko@sbkt.hr<\/a><\/p>\n<h3><\/h3>\n<h4><\/h4>\n<h4>Glavni ing. med. radiologije:<\/h4>\n<h5>Ivica Brli\u0107, bacc.radiol.techn.<\/h5>\n<h3><\/h3>\n<h4><\/h4>\n<h4>Va\u017ene izravne telefonske linije:<\/h4>\n<ul>\n<li>Voditelj odjela za radiolo\u0161ku dijagnostiku: (+385 49) 383-222<\/li>\n<li>Snimaona 1 radiolo\u0161ke dijagnostike: (+385 49) 383-230<\/li>\n<li>Snimaona 2 radiolo\u0161ke dijagnostike: (+385 49) 383-230<\/li>\n<li>Radiolo\u0161ka dijagnostika-narud\u017ebe: od 12 do13h, E-mail: <a href=\"mailto:rtg.naruci@sbkt.hr\">rtg.naruci@sbkt.hr<\/a><\/li>\n<li>CT-dijagnostika: (+385 49) 383-231, E-mail:<a href=\"mailto:ct-dijagnostika@sbkt.hr\"> ct-dijagnostika@sbkt.hr<\/a><\/li>\n<li>Ultrazvu\u010dna dijagnostika: (+385 49) 383-202<\/li>\n<li>Ultrazvu\u010dna dijagnostika-narud\u017ebe: od 12 do 13h, E-mail: <a href=\"mailto:rtg.naruci@sbkt.hr\">rtg.naruci@sbkt.hr<\/a><\/li>\n<li>Denzitometrija-narud\u017ebe:\u00a0 od 12 do 13h, E-mail: <a href=\"mailto:rtg.naruci@sbkt.hr\">rtg.naruci@sbkt.hr<\/a><\/li>\n<li>RTG administracija: (+385 49) 383-231<\/li>\n<\/ul>\n<h4>Klasi\u010dna i kontrastna radiolo\u0161ka dijagnostika<\/h4>\n<p>Radiologija je specijalnost medicine koja koristi rendgenske zrake za dijagnosticiranje i lije\u010denje bolesti. U klasi\u010dnoj radiologiji u dijagnosticiranju bolesti koristi se slikovna tehnologija gdje rendgenske zrake nakon \u0161to pro\u0111u kroz tkiva organa pacijenta stvaraju zapis na rendgenskim filmovima koje lije\u010dnici radiolozi analiziraju i zapisuju u svoj nalaz. Digitalnom radiologijom, gdje se tako\u0111er koriste rendgenske zrake ra\u010dunalnom (digitalnom) slikovnom tehnologijom stvara se digitalni zapis slike i pohranjuje u ra\u010dunalne privremene baze podataka, a zatim u trajniju pohranu na tzv. servere podataka, gdje se po potrebi mogu ponovno aktivirati i otvoriti za ponovnu analizu..<\/p>\n<p>Radiolo\u0161ka dijagnostika kao odjel pri Specijalnoj bolnici za medicinsku rehabilitaciju Krapinske Toplice raspola\u017ee s dva potpuno digitalna rtg ure\u0111aja. Samsung DX i Ysio Max Siemens koji osim plivaju\u0107e plo\u010de za pozicioniranje pacijenata koja pru\u017eaju veliku komociju i funkcionalnost pri izvo\u0111enju rendgenskih postupaka, imaju i montiran plafostat s teleskopskim dr\u017ea\u010dima za rendgensku cijev koji omogu\u0107avaju snimanje pacijenata u svim smjerovima. Tako\u0111er imaju i dva flat mobilna detektora povezanih wi-fi tehnologijom koji su naro\u010dito dodatno pogodni za snimanje nepokretnih pacijenata u kolicima ili na pokretnom bolesni\u010dkom krevetu.<\/p>\n<h3><\/h3>\n<h4><\/h4>\n<h4>U radiolo\u0161koj dijagnostici rade lije\u010dnici radiolozi:<\/h4>\n<p>Dr.sc. Damir Ple\u010dko, dr.med., specijalist radiolog<br \/>\nRomeo \u0160alkovi\u0107, dr.med., specijalist neuroradiolog<br \/>\nKsenija Gospo\u010di\u0107, dr.med., specijalist radiolog, u\u017ea spec. iz ultrazvuka<br \/>\nJelena Jakopa\u010d, dr.med., specijalist. radiolog<\/p>\n<h3><\/h3>\n<h4><\/h4>\n<h4>In\u017eenjeri medicinske radiologije:<\/h4>\n<p>Ivica Brli\u0107, bacc.radiol.techn.<br \/>\nNeven Ivekovi\u0107, bacc.radiol.techn.<br \/>\nDaniela Kos, bacc.radiol.techn.<br \/>\nMarko Vdovi\u0107, bacc.radiol.techn.<br \/>\nHrvoje Ple\u010dko, mag.radiol.techn.<br \/>\nDario Grilec, bacc.radiol.techn.<br \/>\nAna Mesar, bacc.radiol.techn.<\/p>\n<h3><\/h3>\n<h4><\/h4>\n<p>Od ostalih djelatnika radiolo\u0161ke dijegnostike tu su i dvije djelatnice u administraciji: Vedrana Celjak i Gordana Koprivnjak. U UZV dijagnostici kao asistentica radi MIljenka Petrovi\u0107.<\/p>\n<p>Radiolo\u0161ki postupci koji se provode u na\u0161oj radiolo\u0161koj dijagnostici su sve vrste standardnih i specijalnih snimanja kostiju i zglobova, snimanje prsnih organa, fluoroskopija (dijaskopija) i snimanje unutarnjih organa thoraksa i abdomena uz pomo\u0107 oralnih i intravenoznih kontrastnih sredstava.<\/p>\n<h4>Mamografija<\/h4>\n<p>Mamografska snimanja provode se svakodnevno prema narud\u017ebama pacijenata i prema programu &#8220;MAMMA&#8221; Ministarstva zdravstva. Postupci se provode na modernom i kvalitetnom Siemens Mammomat inspiration digitalnom rendgenskom ure\u0111aju. Ure\u0111aj je konstruiran za provo\u0111enje postupaka snimanja digitalnim sustavom\u00a0 s visokom rezolucijom koja je neophodna za kvalitetnu analizu stanja snimane dojke.<\/p>\n<h4>CT dijagnostika<\/h4>\n<p>CT je kompjuterska rekonstrukcija tomografirane ravnine tijela. Princip rada temelji se na slabljenju i atenuaciji rendgenskih zraka prolaskom kroz snimani dio tijela, pri \u010demu dolazi zbog apsorpcije i rasapa rendgenskih zraka. Nakon prolaska kroz tkiva razli\u010ditih organa, oslabljeno zra\u010denje pada na detektore koji ga pretvaraju u elektri\u010dne signale proporcionalne atenuaciji snimanog objekta. Iz niza takvih projekcija nastalih za vrijeme rotacije RTG cijevi i detektora, slo\u017eenim matemati\u010dkim algoritmima uz pomo\u0107 ra\u010dunala rekonstruira se slika objekta i prikazuje u obliku slikovnog zapisa na zaslonu ra\u010dunala CT ure\u0111aja.<\/p>\n<p>CT dijagnostika raspola\u017ee sa SIEMENS DEFINITION AS+ CT ure\u0111ajem koji ima 128 slojeva detektora, \u0161to zna\u010di da se jednom rotacijom u odnosu na ranije jednoslojne ure\u0111aje sada istovremeno dobiva 128 slojeva. To nam omogu\u0107ava da pacijent primi daleko manje zra\u010denja prilikom CT postupka, a dobivena informacija u obliku slikovnog zapisa je br\u017ea, kvalitetnija i omogu\u0107uje kasnije 3D i &#8220;inspace&#8221; rekonstrukcije u razli\u010ditim ravninama tijela. Takve rekonstrukcije omogu\u0107avaju neusporedivo kvalitetniju analizu i zaklju\u010dke nakon izvr\u0161enog snimanja.<\/p>\n<p>Medicinske indikacije za izvo\u0111enje CT postupaka su sve vrste nativnih i kontrastnih CT pretraga svih organa tijela, a naro\u010dito vaskularni programi poput arteriografija, flebografija i pulmonalne angiografije.<\/p>\n<h4>Ultrazvuk<\/h4>\n<p>Ultrazvuk je zvuk \u010dija je frekvencija iznad gornje granice \u010dujnosti za normalno ljudsko uho, a iznosi 20 kHz (20000 herca). U medicini to je postupak pri kojem se kroz ljudsko tijelo oda\u0161ilje utrazvu\u010dni val koji se zatim odbija od prepreke te se prema vremenu potrebnom da se val vrati, ra\u010dunalnim algoritmima odre\u0111uje udaljenost i oblik snimanog organa tijela, odnosno, dobije se slikovni zapis na zaslonu ultrazvu\u010dnog ure\u0111aja.<\/p>\n<p>Ultrazvu\u010dna dijagnostika pri odjelu radiolo\u0161ke dijagnostike Specijalne bolnice za medicinsku rehabilitaciju Krapinske Toplice raspola\u017ee s novim Siemens Acuson X500 ultrazvu\u010dnim ure\u0111ajem.<\/p>\n<p>Indikacije za ultrazvu\u010dne postupke su bolesti unutarnjih organa abdomena, dojki, \u0161titnja\u010de, vrata i kompletnog lokomotornog sustava. Pretrage se izvode prema listi \u010dekanja, a ovisno i o stanju pacijenta i hitno\u0161\u0107u potrebe za provo\u0111enje postupka.<\/p>\n<h4>Denzitometrija<\/h4>\n<p>Pri odjelu rendgen dijagnostike provodi se ko\u0161tana dual fotonska denzitometrija za odre\u0111ivanje ko\u0161tano mineralne gusto\u0107e.<\/p>\n<h5>Telefonska linija za kontakt i narud\u017ebu: (+385 49) 383-231<\/h5>\n","protected":false},"excerpt":{"rendered":"<p>Voditelj odjela za radiolo\u0161ku dijagnostiku: Dr.sc. Damir Ple\u010dko, dr.med., spec. radiolog E-mail: damir.plecko@sbkt.hr Glavni ing. med. radiologije: Ivica Brli\u0107, bacc.radiol.techn. Va\u017ene izravne telefonske linije: Voditelj odjela za radiolo\u0161ku dijagnostiku: (+385 49) 383-222 Snimaona 1 radiolo\u0161ke dijagnostike: (+385 49) 383-230 Snimaona 2 radiolo\u0161ke dijagnostike: (+385 49) 383-230 Radiolo\u0161ka dijagnostika-narud\u017ebe: od 12 do13h, E-mail: rtg.naruci@sbkt.hr CT-dijagnostika: (+385&#8230; <\/p>\n","protected":false},"author":1,"featured_media":0,"parent":0,"menu_order":0,"comment_status":"closed","ping_status":"closed","template":"","meta":{"footnotes":""},"class_list":["post-1350","page","type-page","status-publish","hentry"],"yoast_head":"<!-- This site is optimized with the Yoast SEO plugin v24.9 - https:\/\/yoast.com\/wordpress\/plugins\/seo\/ -->\n<title>Odjel za radiolo\u0161ku dijagnostiku - sbkt.hr<\/title>\n<meta name=\"robots\" content=\"index, follow, max-snippet:-1, max-image-preview:large, max-video-preview:-1\" \/>\n<link rel=\"canonical\" href=\"https:\/\/www.sbkt.hr\/KT\/odjel-radiolosku-dijagnostiku\/\" \/>\n<meta property=\"og:locale\" content=\"hr_HR\" \/>\n<meta property=\"og:type\" content=\"article\" \/>\n<meta property=\"og:title\" content=\"Odjel za radiolo\u0161ku dijagnostiku - sbkt.hr\" \/>\n<meta property=\"og:description\" content=\"Voditelj odjela za radiolo\u0161ku dijagnostiku: Dr.sc. Damir Ple\u010dko, dr.med., spec. radiolog E-mail: damir.plecko@sbkt.hr Glavni ing. med. radiologije: Ivica Brli\u0107, bacc.radiol.techn. Va\u017ene izravne telefonske linije: Voditelj odjela za radiolo\u0161ku dijagnostiku: (+385 49) 383-222 Snimaona 1 radiolo\u0161ke dijagnostike: (+385 49) 383-230 Snimaona 2 radiolo\u0161ke dijagnostike: (+385 49) 383-230 Radiolo\u0161ka dijagnostika-narud\u017ebe: od 12 do13h, E-mail: rtg.naruci@sbkt.hr CT-dijagnostika: (+385...\" \/>\n<meta property=\"og:url\" content=\"https:\/\/www.sbkt.hr\/KT\/odjel-radiolosku-dijagnostiku\/\" \/>\n<meta property=\"og:site_name\" content=\"sbkt.hr\" \/>\n<meta property=\"article:modified_time\" content=\"2025-12-12T11:39:26+00:00\" \/>\n<meta name=\"twitter:card\" content=\"summary_large_image\" \/>\n<meta name=\"twitter:label1\" content=\"Procijenjeno vrijeme \u010ditanja\" \/>\n\t<meta name=\"twitter:data1\" content=\"5 minuta\" \/>\n<script type=\"application\/ld+json\" class=\"yoast-schema-graph\">{\"@context\":\"https:\/\/schema.org\",\"@graph\":[{\"@type\":\"WebPage\",\"@id\":\"https:\/\/www.sbkt.hr\/KT\/odjel-radiolosku-dijagnostiku\/\",\"url\":\"https:\/\/www.sbkt.hr\/KT\/odjel-radiolosku-dijagnostiku\/\",\"name\":\"Odjel za radiolo\u0161ku dijagnostiku - sbkt.hr\",\"isPartOf\":{\"@id\":\"https:\/\/www.sbkt.hr\/KT\/#website\"},\"datePublished\":\"2017-06-07T16:39:09+00:00\",\"dateModified\":\"2025-12-12T11:39:26+00:00\",\"breadcrumb\":{\"@id\":\"https:\/\/www.sbkt.hr\/KT\/odjel-radiolosku-dijagnostiku\/#breadcrumb\"},\"inLanguage\":\"hr\",\"potentialAction\":[{\"@type\":\"ReadAction\",\"target\":[\"https:\/\/www.sbkt.hr\/KT\/odjel-radiolosku-dijagnostiku\/\"]}]},{\"@type\":\"BreadcrumbList\",\"@id\":\"https:\/\/www.sbkt.hr\/KT\/odjel-radiolosku-dijagnostiku\/#breadcrumb\",\"itemListElement\":[{\"@type\":\"ListItem\",\"position\":1,\"name\":\"Naslovna\",\"item\":\"https:\/\/www.sbkt.hr\/KT\/\"},{\"@type\":\"ListItem\",\"position\":2,\"name\":\"Odjel za radiolo\u0161ku dijagnostiku\"}]},{\"@type\":\"WebSite\",\"@id\":\"https:\/\/www.sbkt.hr\/KT\/#website\",\"url\":\"https:\/\/www.sbkt.hr\/KT\/\",\"name\":\"sbkt.hr\",\"description\":\"Specijalna bolnica za medicinsku rehabilitaciju\",\"potentialAction\":[{\"@type\":\"SearchAction\",\"target\":{\"@type\":\"EntryPoint\",\"urlTemplate\":\"https:\/\/www.sbkt.hr\/KT\/?s={search_term_string}\"},\"query-input\":{\"@type\":\"PropertyValueSpecification\",\"valueRequired\":true,\"valueName\":\"search_term_string\"}}],\"inLanguage\":\"hr\"}]}<\/script>\n<!-- \/ Yoast SEO plugin. -->","yoast_head_json":{"title":"Odjel za radiolo\u0161ku dijagnostiku - sbkt.hr","robots":{"index":"index","follow":"follow","max-snippet":"max-snippet:-1","max-image-preview":"max-image-preview:large","max-video-preview":"max-video-preview:-1"},"canonical":"https:\/\/www.sbkt.hr\/KT\/odjel-radiolosku-dijagnostiku\/","og_locale":"hr_HR","og_type":"article","og_title":"Odjel za radiolo\u0161ku dijagnostiku - sbkt.hr","og_description":"Voditelj odjela za radiolo\u0161ku dijagnostiku: Dr.sc. Damir Ple\u010dko, dr.med., spec. radiolog E-mail: damir.plecko@sbkt.hr Glavni ing. med. radiologije: Ivica Brli\u0107, bacc.radiol.techn. Va\u017ene izravne telefonske linije: Voditelj odjela za radiolo\u0161ku dijagnostiku: (+385 49) 383-222 Snimaona 1 radiolo\u0161ke dijagnostike: (+385 49) 383-230 Snimaona 2 radiolo\u0161ke dijagnostike: (+385 49) 383-230 Radiolo\u0161ka dijagnostika-narud\u017ebe: od 12 do13h, E-mail: rtg.naruci@sbkt.hr CT-dijagnostika: (+385...","og_url":"https:\/\/www.sbkt.hr\/KT\/odjel-radiolosku-dijagnostiku\/","og_site_name":"sbkt.hr","article_modified_time":"2025-12-12T11:39:26+00:00","twitter_card":"summary_large_image","twitter_misc":{"Procijenjeno vrijeme \u010ditanja":"5 minuta"},"schema":{"@context":"https:\/\/schema.org","@graph":[{"@type":"WebPage","@id":"https:\/\/www.sbkt.hr\/KT\/odjel-radiolosku-dijagnostiku\/","url":"https:\/\/www.sbkt.hr\/KT\/odjel-radiolosku-dijagnostiku\/","name":"Odjel za radiolo\u0161ku dijagnostiku - sbkt.hr","isPartOf":{"@id":"https:\/\/www.sbkt.hr\/KT\/#website"},"datePublished":"2017-06-07T16:39:09+00:00","dateModified":"2025-12-12T11:39:26+00:00","breadcrumb":{"@id":"https:\/\/www.sbkt.hr\/KT\/odjel-radiolosku-dijagnostiku\/#breadcrumb"},"inLanguage":"hr","potentialAction":[{"@type":"ReadAction","target":["https:\/\/www.sbkt.hr\/KT\/odjel-radiolosku-dijagnostiku\/"]}]},{"@type":"BreadcrumbList","@id":"https:\/\/www.sbkt.hr\/KT\/odjel-radiolosku-dijagnostiku\/#breadcrumb","itemListElement":[{"@type":"ListItem","position":1,"name":"Naslovna","item":"https:\/\/www.sbkt.hr\/KT\/"},{"@type":"ListItem","position":2,"name":"Odjel za radiolo\u0161ku dijagnostiku"}]},{"@type":"WebSite","@id":"https:\/\/www.sbkt.hr\/KT\/#website","url":"https:\/\/www.sbkt.hr\/KT\/","name":"sbkt.hr","description":"Specijalna bolnica za medicinsku rehabilitaciju","potentialAction":[{"@type":"SearchAction","target":{"@type":"EntryPoint","urlTemplate":"https:\/\/www.sbkt.hr\/KT\/?s={search_term_string}"},"query-input":{"@type":"PropertyValueSpecification","valueRequired":true,"valueName":"search_term_string"}}],"inLanguage":"hr"}]}},"_links":{"self":[{"href":"https:\/\/www.sbkt.hr\/KT\/wp-json\/wp\/v2\/pages\/1350","targetHints":{"allow":["GET"]}}],"collection":[{"href":"https:\/\/www.sbkt.hr\/KT\/wp-json\/wp\/v2\/pages"}],"about":[{"href":"https:\/\/www.sbkt.hr\/KT\/wp-json\/wp\/v2\/types\/page"}],"author":[{"embeddable":true,"href":"https:\/\/www.sbkt.hr\/KT\/wp-json\/wp\/v2\/users\/1"}],"replies":[{"embeddable":true,"href":"https:\/\/www.sbkt.hr\/KT\/wp-json\/wp\/v2\/comments?post=1350"}],"version-history":[{"count":28,"href":"https:\/\/www.sbkt.hr\/KT\/wp-json\/wp\/v2\/pages\/1350\/revisions"}],"predecessor-version":[{"id":11568,"href":"https:\/\/www.sbkt.hr\/KT\/wp-json\/wp\/v2\/pages\/1350\/revisions\/11568"}],"wp:attachment":[{"href":"https:\/\/www.sbkt.hr\/KT\/wp-json\/wp\/v2\/media?parent=1350"}],"curies":[{"name":"wp","href":"https:\/\/api.w.org\/{rel}","templated":true}]}}