{"id":1358,"date":"2017-06-07T18:56:22","date_gmt":"2017-06-07T16:56:22","guid":{"rendered":"http:\/\/www.sbkt.hr\/KT\/?page_id=1358"},"modified":"2026-03-02T21:23:10","modified_gmt":"2026-03-02T20:23:10","slug":"odjel-medicinsko-biokemijski-laboratorij","status":"publish","type":"page","link":"https:\/\/www.sbkt.hr\/KT\/odjel-medicinsko-biokemijski-laboratorij\/","title":{"rendered":"Medicinsko-biokemijski laboratorij"},"content":{"rendered":"<h4><\/h4>\n<h4><\/h4>\n<h4>Voditelj Medicinsko-biokemijskog laboratorija:<\/h4>\n<h5>Danijela Polak Erceg, mag.med.biochem., spec.med. biokemije<\/h5>\n<p>E-mail: <a href=\"mailto:danijela.polak@sbkt.hr\">danijela.polak@sbkt.hr<\/a><\/p>\n<h3><\/h3>\n<h4><\/h4>\n<h4>Glavni medicinsko laboratorijski ing.:<\/h4>\n<h5>Jasna \u017dorat, med.lab.ing.<\/h5>\n<h4><\/h4>\n<h4><\/h4>\n<h4>Va\u017ene izravne telefonske linije:<\/h4>\n<ul>\n<li>Voditelj Medicinsko-biokemijskog laboratorija: (+385 49) 383-226<\/li>\n<li>Medicinska biokemija: (+385 49) 383-237<\/li>\n<li>Hematologija: (+385 49) 383-203<\/li>\n<li>Koagulacija: (+385 49) 383-236<\/li>\n<li>Hitna laborat.dijagnostika: (+385 99) 233-9971 ( de\u017eurni)<\/li>\n<\/ul>\n<p>Odjel Medicinsko-biokemijski laboratorij je medicinska jedinica u sastavu Specijalne bolnice za medicinsku rehabilitaciju Krapinske Toplice s osnovnom djelatno\u0161\u0107u medicinsko-laboratorijske dijagnostike iz podru\u010dja op\u0107e medicinske biokemije, specijalisti\u010dke medicinske biokemije, hematologije i koagulacije te hitne laboratorijske dijagnostike. Sve pretrage izra\u0111uju se u skladu sa standardima i pravilima dobre laboratorijske prakse.<\/p>\n<p>Medicinsko-biokemijski laboratorij provodi laboratorijske pretrage na razini primarne zdravstvene za\u0161tite i specijalisti\u010dke dijagnostike. Svoje usluge pru\u017ea odjelima Specijalne bolnice za medicinsku rehabilitaciju Krapinske Toplice, te drugim zdravstvenim ustanovama: Klinici za kardiovaskularne bolesti Medicinskog fakulteta Sveu\u010dili\u0161ta J. J. Strossmayera u Osijeku \u201eMagdalena\u201c i Specijalnoj bolnici za ortopediju i traumatologiju lokomotornog sustava \u201cAkromion\u201d.<\/p>\n<h4>Informacije za korisnike laboratorijskih usluga:<\/h4>\n<h4>Prijam bolesnika i izdavanje nalaza<\/h4>\n<p>Radno vrijeme laboratorija:<\/p>\n<ul>\n<li>redovan rad : 07:00 do 15:00<\/li>\n<li>prijam ambulantnih bolesnika: 07:15 do 09:00<\/li>\n<li>prijam hitnih bolni\u010dkih uzoraka: 00:00 do 24:00<\/li>\n<li>izdavanje nalaza: 10:00 do 11:00 i 15:00 do 16:00<\/li>\n<li>vrijeme od prihvata uzorka do izdavanja nalaza za laboratorijske pretrage iz podru\u010dja op\u0107e medicinske biokemije je 24h, a za specijalisti\u010dke laboratorijske pretrage 7 dana<\/li>\n<\/ul>\n<h4><\/h4>\n<p><strong><br \/>\nNaru\u010divanje:<\/strong>\u00a0 Za laboratorijske pretrage nije potrebno prethodno naru\u010divanje.<\/p>\n<h3><\/h3>\n<h4><\/h4>\n<h4>Laboratorij-informacije<\/h4>\n<ul>\n<li>radnim danom od 13 do 14 sati na broj 099 33 9971<\/li>\n<\/ul>\n<h4><\/h4>\n<h4><\/h4>\n<h4>Priprema za laboratorijske pretrage:<\/h4>\n<ul>\n<li>Op\u0107e upute za pripremu bolesnika prije uzimanja uzorka krvi\n<ul>\n<li>Tijekom 48 sati prije uzimanja uzorka krvi potrebno je izbjegavati sve lijekove (osim onih koje je lije\u010dnik odredio kao obavezne).<\/li>\n<li>Dan prije uzimanja uzorka krvi potrebno je izbjegavati intenzivnu tjelesnu aktivnost te uzeti uobi\u010dajene obroke hrane, ali ne premasne.<\/li>\n<li>Poslije 22 sata dan prije odlaska u laboratorij ne uzimati hranu, piti alkohol te pu\u0161iti.<\/li>\n<li>Za redovne pretrage uzorak krvi od bolesnika uzima se ujutro izme\u0111u 7 i 9 h prije nego \u0161to je bolesnik podvrgnut dijagnosti\u010dkim i terapijskim postupcima.<\/li>\n<\/ul>\n<\/li>\n<\/ul>\n<ul>\n<li>Upute za pripremu bolesnika prije odre\u0111ivanja \u017eeljeza\n<ul>\n<li>Bolesnicima na terapiji \u017eeljezom krv se uzima:\n<ul>\n<li>sedam do deset dana nakon peroralnog uzimanja preparata \u017eeljeza<\/li>\n<li>mjesec dana nakon intramuskularnog davanja \u017eeljeza<\/li>\n<li>tri dana nakon davanja intravenoznih preparata<\/li>\n<\/ul>\n<\/li>\n<li>Dva dana prije odlaska u laboratorij ne piti sokove oboga\u0107ene vitaminima (borovnica, crni ribizl, kupine, cikla) te kupinovo vino.<\/li>\n<li>Odre\u0111ivanje \u017eeljeza ne treba provoditi u stanju akutne infekcije.<\/li>\n<\/ul>\n<\/li>\n<\/ul>\n<ul>\n<li>Upute za pripremu bolesnika prije odre\u0111ivanja lipidnog statusa\n<ul>\n<li>24 sata prije uzimanja uzorka krvi : uzimati uobi\u010dajene obroke hrane, ali ne premasne ( ne uzimati mlije\u010dne proizvode, pr\u017eena jela , jaja, masno meso, masno\u0107e, slastice).<\/li>\n<li>12 sati prije uzimanja uzorka krvi: poslije 19 sati uve\u010der dan prije odlaska u laboratorij ne uzimati hranu, piti alkohol, kavu te pu\u0161iti.<\/li>\n<li>Odre\u0111ivanje kolesterola ne bi se trebalo provoditi prije nego \u0161to pro\u0111e 8 tjedana od:\n<ul>\n<li>akutnog infarkta miokarda<\/li>\n<li>kirur\u0161ke operacije<\/li>\n<li>traume<\/li>\n<li>sekundarne bolesti s promjenama u metabolizmu lipida<\/li>\n<li>akutne bakterijske ili virusne infekcije<\/li>\n<\/ul>\n<\/li>\n<\/ul>\n<\/li>\n<\/ul>\n<ul>\n<li>Upute za pripremu bolesnika prije provo\u0111enja testa oralne podno\u0161ljivosti glukoze (OGTT)\n<ul>\n<li>Za izvo\u0111enje pretrage OGTT bolesnici se primaju isklju\u010divo do 8 sati.<\/li>\n<li>Tri dana prije izvo\u0111enja testa bolesnik mora biti na prehrani zasi\u0107enoj ugljikohidratima ( kruh, tjestenina, krumpir, ri\u017ea).<\/li>\n<li>Za vrijeme testa koji traje dva sata, bolesnik ne smije pu\u0161iti, jesti i piti kavu ili druga pi\u0107a , niti se izlagati poja\u010danoj tjelesnoj aktivnosti.<\/li>\n<\/ul>\n<\/li>\n<\/ul>\n<ul>\n<li>Upute za pripremu bolesnika kod pra\u0107enja oralne antikoakulantne terapije pretragom &#8220;protrombinsko vrijeme<br \/>\n&#8220;<\/li>\n<\/ul>\n<ul>\n<li>Ne uzimati oralnu antikoagulantnu terapiju prije va\u0111enja krvi.<\/li>\n<li>Tri do pet dana prije izvo\u0111enja pretrage bolesnik ne smije uzimati ve\u0107e koli\u010dine namirnica bogatih vitaminom K (raj\u010dica, banana, zeleno lisnato povr\u0107e).<\/li>\n<\/ul>\n<ul>\n<li>Upute za pripremu bolesnika prije testa na okultno krvarenje u stolici\n<ul>\n<li>Sedam dana prije testa (Gvajakov test ) ne preporu\u010duje se uzimati lijekove koji mogu dovesti do krvarenja u probavnom sustavu i pojave krvi u stolici (aspirin, indometacin, fenilbutazon, rezerpin, kortikosteroidi i dr.).<\/li>\n<li>Test treba odgoditi kod proljeva, menstruacije, krvarenja iz hemoroida i urinarnog trakta.<\/li>\n<li>Preporu\u010duje se analizirati tri uzastopna uzorka stolice, tijekom tri dana.<\/li>\n<li>Bolesnik treba biti na posebnoj dijeti tri dana prije (najmanje 48 sati) i tijekom ispitivanja:\n<ul>\n<li>Treba izbjegavati: nedovoljno pe\u010deno crveno meso (janjetina, govedina), jetrene kobasice, bijelu repu, hren, dinje, lubenice , banane i raj\u010dice, vitamin C, naran\u010de i limune<\/li>\n<li>Preporu\u010duje se: dobro kuhano meso, perad, riba, \u017eitna ka\u0161a, kuhano vo\u0107e i povr\u0107e, kikiriki i drugo ko\u0161tunjavo vo\u0107e, kokice, kruh od mekinja, salate<\/li>\n<\/ul>\n<\/li>\n<\/ul>\n<\/li>\n<\/ul>\n<ul>\n<li>Upute za uzimanje uzorka mokra\u0107e\n<ul>\n<li>Uzorak izbora je srednji mlaz prve jutarnje mokra\u0107e nakon no\u0107nog sna, toalete vanjskog spolovila, prije doru\u010dka i drugih aktivnosti, pri \u010demu vrijeme od posljednjeg pra\u017enjenja mjehura treba biti najmanje 4, a najvi\u0161e 8 sati.<\/li>\n<li>Analizu se ne preporu\u010duje raditi kod \u017eena neposredno prije, za vrijeme i neposredno nakon menstruacije kao ni kod \u017eena koje imaju vidljiv vaginalni iscjedak.<\/li>\n<li>Ukoliko se uzorak uzima kod ku\u0107e, uzorak treba prikupiti u sterilnu posudu s poklopcem (kupuje se u ljekarni).<\/li>\n<\/ul>\n<\/li>\n<\/ul>\n<ul>\n<li>Upute za sakupljanje 24 satne mokra\u0107e\n<ul>\n<li>Mokra\u0107a se sakuplja u \u010diste plasti\u010dne boce od negazirane vode.<\/li>\n<li>Na dan po\u010detka sakupljanja mokra\u0107e, prvu jutarnju mokra\u0107u izmokriti u wc, svu daljnju mokra\u0107u tijekom cijelog dana i no\u0107i sakupiti u bocu (ili vi\u0161e boca), uklju\u010duju\u0107i i prvu mokra\u0107u slijede\u0107eg jutra.<\/li>\n<li>Sakupljenu mokra\u0107u potrbno je \u010duvati na hladnom mjestu.<\/li>\n<li>Iznimno je va\u017eno donijeti u laboratorij cijelu koli\u010dinu sakupljene mokra\u0107e.<\/li>\n<\/ul>\n<\/li>\n<\/ul>\n<h4><\/h4>\n<h4>Kontrola kvalitete<\/h4>\n<p>Medicinsko-biokemijski laboratorij provodi svakodnevnu unutra\u0161nju kontrolu analiti\u010dkog rada te sudjeluje u vanjskoj procjeni kvalitete koju provodi tri puta godi\u0161nje HDMBLM &#8211; Hrvatsko dru\u0161tvo za medicinsku biokemiju i laboratorijsku medicinu. Procjena obuhva\u0107a slijede\u0107a podru\u010dja laboratorijske dijagnostike: op\u0107u medicinsku biokemiju, specifi\u010dne proteine, laboratorijsku hematologiju, laboratorijsku koagulaciju, D-dimere i sr\u010dane biljege, kompletnu analizu mokra\u0107e, POC-analizu pH, plinova, elektrolita, glukoze, laktata, hormone \u0161titne \u017elijezde, tumorske biljege, hemoglobin A1C, predanaliti\u010dku i postanaliti\u010dku fazu laboratorijskog rada.<\/p>\n<p>Medicinsko-biokemijski laboratorij tako\u0111er sudjeluje i u me\u0111unarodnim programima vanjske procjene kvalitete.<\/p>\n<h4>Usluge medicinsko-biokemijskog laboratorija<\/h4>\n<h5>Medicinska biokemija<\/h5>\n<ul>\n<li>Metaboliti i supstrati\n<ul>\n<li>Glukoza, HbA1c, Ureja, Kreatinin, Urati, Bilirubin ukupni, Bilirubin konjugirani, Amonijak, Laktat<\/li>\n<\/ul>\n<\/li>\n<li>Enzimi\n<ul>\n<li>Aspartat-aminotransferaza (AST), Alanin- aminotransferaza (ALT), Alkalna fosfataza (ALP), Gama-glutamil transferaza (GGT), Kreatin kinaza (CK), Kreatin kinaza izoenzim MB (CK-MB), Laktat-dehidrogenaza (LD), Alfa-amilaza (AMS), Lipaza (LPS)<\/li>\n<\/ul>\n<\/li>\n<li>Elektroliti\n<ul>\n<li>Kalij, Natrij, Kloridi, Kalcij ukupni, Magnezij ukupni, Fosfor anorganski<\/li>\n<\/ul>\n<\/li>\n<li>Elementi u tragovima\n<ul>\n<li>\u017deljezo, Nezasi\u0107eni kapacitet vezanja \u017eeljeza (UIBC), Ukupni kapacitet vezanja \u017eeljeza (TIBC)<\/li>\n<\/ul>\n<\/li>\n<li>Proteini\n<ul>\n<li>C-reaktivni protein (CRP),Visoko osjetljivi C-reaktivni protein (hs CRP), Prokalcitonin, Albumin, Feritin, Ukupni proteini, Elektroforeza serumskih proteina<\/li>\n<\/ul>\n<\/li>\n<li>Lipidi\n<ul>\n<li>Trigliceridi, Kolesterol, HDL-Kolesterol, LDL-Kolesterol<\/li>\n<\/ul>\n<\/li>\n<li>Biokemijske analize u mokra\u0107i\n<ul>\n<li>Mikroalbumin, ACR, Alfa-amilaza, Fosfati-anorganski-dU, Kalcij-dU, Kalij-dU, Natrij-dU, Urati-dU, Kreatinin-dU, Ukupni proteini-dU<\/li>\n<\/ul>\n<\/li>\n<li>Kvalitativna analiza mokra\u0107e\n<ul>\n<li>Pregled mokra\u0107e fizikalno-kemijski (test traka) , Mikroskopski pregled mokra\u0107nog sedimenta<\/li>\n<\/ul>\n<\/li>\n<li>Analiza stolice\n<ul>\n<li>Hemoglobin-okultno krvarenje<\/li>\n<\/ul>\n<\/li>\n<li>Testovi\n<ul>\n<li>Test oralne podno\u0161ljivosti glukoze (OGTT), Klirens kreatinina,Procijenjena brzina glomerularne filtracije (eGFR-MDRD, eGFR-CKD EPI)<\/li>\n<\/ul>\n<\/li>\n<li>Serolo\u0161ki testovi\n<ul>\n<li>Reumatoidni faktor (antitijela protiv Fc fragmenta imunoglobulina) , Antitijela protiv cikli\u010dki citruliniziranih peptida (CCP), Antitijela na Helicobacter pylori<\/li>\n<\/ul>\n<\/li>\n<li>Sr\u010dani biljezi\n<ul>\n<li>hs Troponin I, BNP<\/li>\n<\/ul>\n<\/li>\n<li>Hormoni\n<ul>\n<li>Tireotropni hormon (TSH), Trijodtironin slobodni (FT3),Tiroksin slobodni (FT4)<\/li>\n<li>Antitijela protiv tiroidne peroksidaze (TPO) i Antitijela protiv tiroglobulina (Tg). Antitijela protiv tirotropinskog receptora (Anti-TSHR, TRAb, TRAk).<\/li>\n<\/ul>\n<\/li>\n<li>Tumorski biljezi\n<ul>\n<li>Prostata specifi\u010dni antigen ukupni (PSA), Prostata specifi\u010dni antigen slobodni (fPSA)<\/li>\n<li>AFP<\/li>\n<li>HCG<\/li>\n<li>CEA<\/li>\n<li>CA 15-3<\/li>\n<li>CA 19-9<\/li>\n<li>CA 125<\/li>\n<li>HE4<\/li>\n<li>ROMA indeks<\/li>\n<li>CYFRA 21-1<\/li>\n<\/ul>\n<\/li>\n<li>Vitamini\n<ul>\n<li>25-OH vitamin D, Vitamin B12, Folna kiselina<\/li>\n<\/ul>\n<\/li>\n<li>Ko\u0161tani biljezi\n<ul>\n<li>Osteokalcin, \u00df-CrossLaps C-terminalni telopeptid kolagena tipa 1 (CTX), Prokolagen tip 1 N-terminalni propeptid (P1NP)<\/li>\n<\/ul>\n<\/li>\n<\/ul>\n<h4><\/h4>\n<h4>Hematologija<\/h4>\n<ul>\n<li>Kompletna krvna slika s 3 modalnom razdiobom leukocita (KKS), Diferencijalna krvna slika (DKS), Brzina sedimentacije eritrocita (SE), Retikulociti<\/li>\n<\/ul>\n<h4><\/h4>\n<h4>Koagulacija<\/h4>\n<ul>\n<li>Protrombinsko vrijeme-udjel, Protrombinsko vrijeme-INR, Aktivirano parcijalno tromboplastinsko vrijeme, Trombinsko vrijeme, Fibrinogen, D-dimeri<\/li>\n<\/ul>\n","protected":false},"excerpt":{"rendered":"<p>Voditelj Medicinsko-biokemijskog laboratorija: Danijela Polak Erceg, mag.med.biochem., spec.med. biokemije E-mail: danijela.polak@sbkt.hr Glavni medicinsko laboratorijski ing.: Jasna \u017dorat, med.lab.ing. Va\u017ene izravne telefonske linije: Voditelj Medicinsko-biokemijskog laboratorija: (+385 49) 383-226 Medicinska biokemija: (+385 49) 383-237 Hematologija: (+385 49) 383-203 Koagulacija: (+385 49) 383-236 Hitna laborat.dijagnostika: (+385 99) 233-9971 ( de\u017eurni) Odjel Medicinsko-biokemijski laboratorij je medicinska jedinica u&#8230; <\/p>\n","protected":false},"author":1,"featured_media":0,"parent":0,"menu_order":0,"comment_status":"closed","ping_status":"closed","template":"","meta":{"footnotes":""},"class_list":["post-1358","page","type-page","status-publish","hentry"],"yoast_head":"<!-- This site is optimized with the Yoast SEO plugin v24.9 - https:\/\/yoast.com\/wordpress\/plugins\/seo\/ -->\n<title>Medicinsko-biokemijski laboratorij - sbkt.hr<\/title>\n<meta name=\"robots\" content=\"index, follow, max-snippet:-1, max-image-preview:large, max-video-preview:-1\" \/>\n<link rel=\"canonical\" href=\"https:\/\/www.sbkt.hr\/KT\/odjel-medicinsko-biokemijski-laboratorij\/\" \/>\n<meta property=\"og:locale\" content=\"hr_HR\" \/>\n<meta property=\"og:type\" content=\"article\" \/>\n<meta property=\"og:title\" content=\"Medicinsko-biokemijski laboratorij - sbkt.hr\" \/>\n<meta property=\"og:description\" content=\"Voditelj Medicinsko-biokemijskog laboratorija: Danijela Polak Erceg, mag.med.biochem., spec.med. biokemije E-mail: danijela.polak@sbkt.hr Glavni medicinsko laboratorijski ing.: Jasna \u017dorat, med.lab.ing. Va\u017ene izravne telefonske linije: Voditelj Medicinsko-biokemijskog laboratorija: (+385 49) 383-226 Medicinska biokemija: (+385 49) 383-237 Hematologija: (+385 49) 383-203 Koagulacija: (+385 49) 383-236 Hitna laborat.dijagnostika: (+385 99) 233-9971 ( de\u017eurni) Odjel Medicinsko-biokemijski laboratorij je medicinska jedinica u...\" \/>\n<meta property=\"og:url\" content=\"https:\/\/www.sbkt.hr\/KT\/odjel-medicinsko-biokemijski-laboratorij\/\" \/>\n<meta property=\"og:site_name\" content=\"sbkt.hr\" \/>\n<meta property=\"article:modified_time\" content=\"2026-03-02T20:23:10+00:00\" \/>\n<meta name=\"twitter:card\" content=\"summary_large_image\" \/>\n<meta name=\"twitter:label1\" content=\"Procijenjeno vrijeme \u010ditanja\" \/>\n\t<meta name=\"twitter:data1\" content=\"7 minuta\" \/>\n<script type=\"application\/ld+json\" class=\"yoast-schema-graph\">{\"@context\":\"https:\/\/schema.org\",\"@graph\":[{\"@type\":\"WebPage\",\"@id\":\"https:\/\/www.sbkt.hr\/KT\/odjel-medicinsko-biokemijski-laboratorij\/\",\"url\":\"https:\/\/www.sbkt.hr\/KT\/odjel-medicinsko-biokemijski-laboratorij\/\",\"name\":\"Medicinsko-biokemijski laboratorij - sbkt.hr\",\"isPartOf\":{\"@id\":\"https:\/\/www.sbkt.hr\/KT\/#website\"},\"datePublished\":\"2017-06-07T16:56:22+00:00\",\"dateModified\":\"2026-03-02T20:23:10+00:00\",\"breadcrumb\":{\"@id\":\"https:\/\/www.sbkt.hr\/KT\/odjel-medicinsko-biokemijski-laboratorij\/#breadcrumb\"},\"inLanguage\":\"hr\",\"potentialAction\":[{\"@type\":\"ReadAction\",\"target\":[\"https:\/\/www.sbkt.hr\/KT\/odjel-medicinsko-biokemijski-laboratorij\/\"]}]},{\"@type\":\"BreadcrumbList\",\"@id\":\"https:\/\/www.sbkt.hr\/KT\/odjel-medicinsko-biokemijski-laboratorij\/#breadcrumb\",\"itemListElement\":[{\"@type\":\"ListItem\",\"position\":1,\"name\":\"Naslovna\",\"item\":\"https:\/\/www.sbkt.hr\/KT\/\"},{\"@type\":\"ListItem\",\"position\":2,\"name\":\"Medicinsko-biokemijski laboratorij\"}]},{\"@type\":\"WebSite\",\"@id\":\"https:\/\/www.sbkt.hr\/KT\/#website\",\"url\":\"https:\/\/www.sbkt.hr\/KT\/\",\"name\":\"sbkt.hr\",\"description\":\"Specijalna bolnica za medicinsku rehabilitaciju\",\"potentialAction\":[{\"@type\":\"SearchAction\",\"target\":{\"@type\":\"EntryPoint\",\"urlTemplate\":\"https:\/\/www.sbkt.hr\/KT\/?s={search_term_string}\"},\"query-input\":{\"@type\":\"PropertyValueSpecification\",\"valueRequired\":true,\"valueName\":\"search_term_string\"}}],\"inLanguage\":\"hr\"}]}<\/script>\n<!-- \/ Yoast SEO plugin. -->","yoast_head_json":{"title":"Medicinsko-biokemijski laboratorij - sbkt.hr","robots":{"index":"index","follow":"follow","max-snippet":"max-snippet:-1","max-image-preview":"max-image-preview:large","max-video-preview":"max-video-preview:-1"},"canonical":"https:\/\/www.sbkt.hr\/KT\/odjel-medicinsko-biokemijski-laboratorij\/","og_locale":"hr_HR","og_type":"article","og_title":"Medicinsko-biokemijski laboratorij - sbkt.hr","og_description":"Voditelj Medicinsko-biokemijskog laboratorija: Danijela Polak Erceg, mag.med.biochem., spec.med. biokemije E-mail: danijela.polak@sbkt.hr Glavni medicinsko laboratorijski ing.: Jasna \u017dorat, med.lab.ing. Va\u017ene izravne telefonske linije: Voditelj Medicinsko-biokemijskog laboratorija: (+385 49) 383-226 Medicinska biokemija: (+385 49) 383-237 Hematologija: (+385 49) 383-203 Koagulacija: (+385 49) 383-236 Hitna laborat.dijagnostika: (+385 99) 233-9971 ( de\u017eurni) Odjel Medicinsko-biokemijski laboratorij je medicinska jedinica u...","og_url":"https:\/\/www.sbkt.hr\/KT\/odjel-medicinsko-biokemijski-laboratorij\/","og_site_name":"sbkt.hr","article_modified_time":"2026-03-02T20:23:10+00:00","twitter_card":"summary_large_image","twitter_misc":{"Procijenjeno vrijeme \u010ditanja":"7 minuta"},"schema":{"@context":"https:\/\/schema.org","@graph":[{"@type":"WebPage","@id":"https:\/\/www.sbkt.hr\/KT\/odjel-medicinsko-biokemijski-laboratorij\/","url":"https:\/\/www.sbkt.hr\/KT\/odjel-medicinsko-biokemijski-laboratorij\/","name":"Medicinsko-biokemijski laboratorij - sbkt.hr","isPartOf":{"@id":"https:\/\/www.sbkt.hr\/KT\/#website"},"datePublished":"2017-06-07T16:56:22+00:00","dateModified":"2026-03-02T20:23:10+00:00","breadcrumb":{"@id":"https:\/\/www.sbkt.hr\/KT\/odjel-medicinsko-biokemijski-laboratorij\/#breadcrumb"},"inLanguage":"hr","potentialAction":[{"@type":"ReadAction","target":["https:\/\/www.sbkt.hr\/KT\/odjel-medicinsko-biokemijski-laboratorij\/"]}]},{"@type":"BreadcrumbList","@id":"https:\/\/www.sbkt.hr\/KT\/odjel-medicinsko-biokemijski-laboratorij\/#breadcrumb","itemListElement":[{"@type":"ListItem","position":1,"name":"Naslovna","item":"https:\/\/www.sbkt.hr\/KT\/"},{"@type":"ListItem","position":2,"name":"Medicinsko-biokemijski laboratorij"}]},{"@type":"WebSite","@id":"https:\/\/www.sbkt.hr\/KT\/#website","url":"https:\/\/www.sbkt.hr\/KT\/","name":"sbkt.hr","description":"Specijalna bolnica za medicinsku rehabilitaciju","potentialAction":[{"@type":"SearchAction","target":{"@type":"EntryPoint","urlTemplate":"https:\/\/www.sbkt.hr\/KT\/?s={search_term_string}"},"query-input":{"@type":"PropertyValueSpecification","valueRequired":true,"valueName":"search_term_string"}}],"inLanguage":"hr"}]}},"_links":{"self":[{"href":"https:\/\/www.sbkt.hr\/KT\/wp-json\/wp\/v2\/pages\/1358","targetHints":{"allow":["GET"]}}],"collection":[{"href":"https:\/\/www.sbkt.hr\/KT\/wp-json\/wp\/v2\/pages"}],"about":[{"href":"https:\/\/www.sbkt.hr\/KT\/wp-json\/wp\/v2\/types\/page"}],"author":[{"embeddable":true,"href":"https:\/\/www.sbkt.hr\/KT\/wp-json\/wp\/v2\/users\/1"}],"replies":[{"embeddable":true,"href":"https:\/\/www.sbkt.hr\/KT\/wp-json\/wp\/v2\/comments?post=1358"}],"version-history":[{"count":23,"href":"https:\/\/www.sbkt.hr\/KT\/wp-json\/wp\/v2\/pages\/1358\/revisions"}],"predecessor-version":[{"id":12059,"href":"https:\/\/www.sbkt.hr\/KT\/wp-json\/wp\/v2\/pages\/1358\/revisions\/12059"}],"wp:attachment":[{"href":"https:\/\/www.sbkt.hr\/KT\/wp-json\/wp\/v2\/media?parent=1358"}],"curies":[{"name":"wp","href":"https:\/\/api.w.org\/{rel}","templated":true}]}}