{"id":1364,"date":"2017-06-07T21:41:00","date_gmt":"2017-06-07T19:41:00","guid":{"rendered":"http:\/\/www.sbkt.hr\/KT\/?page_id=1364"},"modified":"2025-09-25T13:23:39","modified_gmt":"2025-09-25T11:23:39","slug":"jedinica-osiguranje-unapredenje-kvalitete-zdravstvene-zastite","status":"publish","type":"page","link":"https:\/\/www.sbkt.hr\/KT\/jedinica-osiguranje-unapredenje-kvalitete-zdravstvene-zastite\/","title":{"rendered":"Jedinica za osiguranje i unaprje\u0111enje kvalitete zdravstvene za\u0161tite i edukaciju"},"content":{"rendered":"<h4>Pomo\u0107nik ravnatelja za osiguranje i unaprje\u0111enje kvalitete zdravstvene za\u0161tite i edukaciju:<\/h4>\n<h5>Domagoj Andri\u0107, dr.med., spec.fiz.med. i rehab.<\/h5>\n<p>Telefon: 049\/ 383-443<br \/>\nE-mail: <a href=\"mailto:domagoj.andric@sbkt.hr\">domagoj.andric@sbkt.hr<\/a><\/p>\n<h3><\/h3>\n<h4><\/h4>\n<h4>Voditelj Jedinice za osiguranje i unaprje\u0111enje kvalitete zdravstvene za\u0161tite i edukaciju:<\/h4>\n<h5>Sanja Mutak, mag.med.techn.<\/h5>\n<p>Telefon: 049\/ 383-483<br \/>\nE-mail: <a href=\"mailto:sanja.mutak@sbkt.hr\">sanja.mutak@sbkt.hr<\/a><\/p>\n<h3><\/h3>\n<h4><\/h4>\n<h4>Glavna sestra za osiguranje i unaprje\u0111enje kvalitete zdravstvene za\u0161tite i edukaciju:<\/h4>\n<h5>Martina Goluban, univ.mag.med.techn.<\/h5>\n<p>Telefon: 049\/383-483<br \/>\nE-mail: <a href=\"mailto:kvalitetasbkt@sbkt.hr\">kvalitetasbkt@sbkt.hr<\/a><\/p>\n<h3><\/h3>\n<h4><\/h4>\n<p>Svrha uvo\u0111enja sustava kvalitete i provo\u0111enja na\u010dela kvalitete zdravstvene za\u0161tite je da se suvremenim spoznajama u zdravstvenim postupcima osigura najve\u0107i mogu\u0107i povoljan ishod lije\u010denja i smanji rizik za nastanak ne\u017eeljenih posljedica za zdravlje pacijenata i sigurnost osoblja.<\/p>\n<h4><\/h4>\n<h4>ORGANIZACIJSKA STRUKTURA SUSTAVA KVALITETE U SBKT<\/h4>\n<ul>\n<li>Jedinica za osiguranje i unapre\u0111enje kvalitete zdravstvene za\u0161tite i edukaciju<\/li>\n<li>Povjerenstvo za kvalitetu<\/li>\n<li>Predstavnici za kvalitetu svake ustrojstvene jedinice<\/li>\n<\/ul>\n<h4>Jedinica za osiguranje i unapre\u0111enje kvalitete zdravstvene za\u0161tite i edukaciju<\/h4>\n<ul>\n<li>prikuplja, obra\u0111uje, \u00a0raspore\u0111uje i \u010duva podatke o provjeri kvalitete zdravstvene za\u0161tite i obavlja druge stru\u010dne i administrativne poslove vezano za osiguranje i unapre\u0111enje kvalitete zdravstvene za\u0161tite<\/li>\n<li>prati uspostavu i nadzire provo\u0111enje obveznih standarda kvalitete zdravstvene za\u0161tite definiranih &#8220;Pravilnikom o standardima kvalitete zdravstvene za\u0161tite i na\u010dinu njihove primjene&#8221;<\/li>\n<li>sudjeluje u izradi dokumentacije sustava osiguranja i unapre\u0111enja kvalitete zdravstvene za\u0161tite i drugih dokumenata prema zahtjevima standarda kvalitete<\/li>\n<li>poti\u010de i promi\u010de neprekidan rad na pobolj\u0161anju kvalitete klini\u010dkih i neklini\u010dkih postupaka<\/li>\n<li>prati i prou\u010dava ne\u017eeljene doga\u0111aje (pokazatelje sigurnosti) prema pacijentima<\/li>\n<li>sudjeluje u provedbi aktivnosti vezanih za uspostavu sustava sigurnosti pacijenta<\/li>\n<li>prati ne\u017eeljene doga\u0111aje prema osoblju<\/li>\n<li>prati pokazatelje klini\u010dke u\u010dinkovitosti i dostupnosti<\/li>\n<li>obavlja stru\u010dne i administrativne poslove za Povjerenstvo za kvalitetu<\/li>\n<li>prema potrebi, sudjeluje u radu drugih povjerenstava, timova i radnih skupina<\/li>\n<li>poduzima aktivnosti vezane za pobolj\u0161anje kvalitete medicinske dokumentacije<\/li>\n<li>sura\u0111uje sa Slu\u017ebom za informatiku kroz prijedloge za razvoj i pobolj\u0161anje bolni\u010dkog informacijskog sustava<\/li>\n<li>sudjeluje u organizaciji provedbe ankete o iskustvu i zadovoljstvu pacijenata te ankete o zadovoljstvu zaposlenika<\/li>\n<li>predla\u017ee i sudjeluje u provedbi edukacije iz podru\u010dja kvalitete zdravstvene za\u0161tite<\/li>\n<li>prepoznaje i smanjuje razli\u010dite rizi\u010dne \u010dimbenike koji postoje u bolnici<\/li>\n<li>voditelj odjela sudjeluje u radu Stru\u010dnog vije\u0107a<\/li>\n<li>evidentira pritu\u017ebe pacijenata i rje\u0161ava one koji se odnose na kvalitetu zdravstvene za\u0161tite<\/li>\n<li>sura\u0111uje s Ministarstvom zdravstva, stru\u010dnim dru\u0161tvima te drugim institucijama usmjerenim uspostavi i unapre\u0111enju kvalitete<\/li>\n<\/ul>\n<h4>Povjerenstvo za kvalitetu<\/h4>\n<ul>\n<li>Povjerenstvo ima ulogu strate\u0161kog planiranja i dono\u0161enja odluka o postupcima osiguranja i pobolj\u0161anja kvalitete.<\/li>\n<li>U Povjerenstvu za kvalitetu su zastupljeni predstavnici svih djelatnosti Bolnice.<\/li>\n<\/ul>\n<p><strong>Korisni linkovi:<\/strong><\/p>\n<p><a href=\"https:\/\/www.sbkt.hr\/KT\/prava-pacijenata-2\/\">Prava pacijenata<\/a><br \/>\n<a href=\"https:\/\/www.sbkt.hr\/KT\/prigovori-prituzbe-pohvale-pacijenata\/\">Prigovori, pritu\u017ebe i pohvale<\/a><br \/>\n<a href=\"https:\/\/www.sbkt.hr\/KT\/ankete\/\">Ankete za pacijente<\/a><br \/>\nMinistarstvo zdravlja <a href=\"https:\/\/zdravlje.gov.hr\/\">https:\/\/zdravlje.gov.hr\/<\/a><\/p>\n","protected":false},"excerpt":{"rendered":"<p>Pomo\u0107nik ravnatelja za osiguranje i unaprje\u0111enje kvalitete zdravstvene za\u0161tite i edukaciju: Domagoj Andri\u0107, dr.med., spec.fiz.med. i rehab. Telefon: 049\/ 383-443 E-mail: domagoj.andric@sbkt.hr Voditelj Jedinice za osiguranje i unaprje\u0111enje kvalitete zdravstvene za\u0161tite i edukaciju: Sanja Mutak, mag.med.techn. Telefon: 049\/ 383-483 E-mail: sanja.mutak@sbkt.hr Glavna sestra za osiguranje i unaprje\u0111enje kvalitete zdravstvene za\u0161tite i edukaciju: Martina Goluban, univ.mag.med.techn&#8230;. <\/p>\n","protected":false},"author":1,"featured_media":0,"parent":0,"menu_order":0,"comment_status":"closed","ping_status":"closed","template":"","meta":{"footnotes":""},"class_list":["post-1364","page","type-page","status-publish","hentry"],"yoast_head":"<!-- This site is optimized with the Yoast SEO plugin v24.9 - https:\/\/yoast.com\/wordpress\/plugins\/seo\/ -->\n<title>Jedinica za osiguranje i unaprje\u0111enje kvalitete zdravstvene za\u0161tite i edukaciju - sbkt.hr<\/title>\n<meta name=\"robots\" content=\"index, follow, max-snippet:-1, max-image-preview:large, max-video-preview:-1\" \/>\n<link rel=\"canonical\" href=\"https:\/\/www.sbkt.hr\/KT\/jedinica-osiguranje-unapredenje-kvalitete-zdravstvene-zastite\/\" \/>\n<meta property=\"og:locale\" content=\"hr_HR\" \/>\n<meta property=\"og:type\" content=\"article\" \/>\n<meta property=\"og:title\" content=\"Jedinica za osiguranje i unaprje\u0111enje kvalitete zdravstvene za\u0161tite i edukaciju - sbkt.hr\" \/>\n<meta property=\"og:description\" content=\"Pomo\u0107nik ravnatelja za osiguranje i unaprje\u0111enje kvalitete zdravstvene za\u0161tite i edukaciju: Domagoj Andri\u0107, dr.med., spec.fiz.med. i rehab. Telefon: 049\/ 383-443 E-mail: domagoj.andric@sbkt.hr Voditelj Jedinice za osiguranje i unaprje\u0111enje kvalitete zdravstvene za\u0161tite i edukaciju: Sanja Mutak, mag.med.techn. Telefon: 049\/ 383-483 E-mail: sanja.mutak@sbkt.hr Glavna sestra za osiguranje i unaprje\u0111enje kvalitete zdravstvene za\u0161tite i edukaciju: Martina Goluban, univ.mag.med.techn....\" \/>\n<meta property=\"og:url\" content=\"https:\/\/www.sbkt.hr\/KT\/jedinica-osiguranje-unapredenje-kvalitete-zdravstvene-zastite\/\" \/>\n<meta property=\"og:site_name\" content=\"sbkt.hr\" \/>\n<meta property=\"article:modified_time\" content=\"2025-09-25T11:23:39+00:00\" \/>\n<meta name=\"twitter:card\" content=\"summary_large_image\" \/>\n<meta name=\"twitter:label1\" content=\"Procijenjeno vrijeme \u010ditanja\" \/>\n\t<meta name=\"twitter:data1\" content=\"3 minute\" \/>\n<script type=\"application\/ld+json\" class=\"yoast-schema-graph\">{\"@context\":\"https:\/\/schema.org\",\"@graph\":[{\"@type\":\"WebPage\",\"@id\":\"https:\/\/www.sbkt.hr\/KT\/jedinica-osiguranje-unapredenje-kvalitete-zdravstvene-zastite\/\",\"url\":\"https:\/\/www.sbkt.hr\/KT\/jedinica-osiguranje-unapredenje-kvalitete-zdravstvene-zastite\/\",\"name\":\"Jedinica za osiguranje i unaprje\u0111enje kvalitete zdravstvene za\u0161tite i edukaciju - sbkt.hr\",\"isPartOf\":{\"@id\":\"https:\/\/www.sbkt.hr\/KT\/#website\"},\"datePublished\":\"2017-06-07T19:41:00+00:00\",\"dateModified\":\"2025-09-25T11:23:39+00:00\",\"breadcrumb\":{\"@id\":\"https:\/\/www.sbkt.hr\/KT\/jedinica-osiguranje-unapredenje-kvalitete-zdravstvene-zastite\/#breadcrumb\"},\"inLanguage\":\"hr\",\"potentialAction\":[{\"@type\":\"ReadAction\",\"target\":[\"https:\/\/www.sbkt.hr\/KT\/jedinica-osiguranje-unapredenje-kvalitete-zdravstvene-zastite\/\"]}]},{\"@type\":\"BreadcrumbList\",\"@id\":\"https:\/\/www.sbkt.hr\/KT\/jedinica-osiguranje-unapredenje-kvalitete-zdravstvene-zastite\/#breadcrumb\",\"itemListElement\":[{\"@type\":\"ListItem\",\"position\":1,\"name\":\"Naslovna\",\"item\":\"https:\/\/www.sbkt.hr\/KT\/\"},{\"@type\":\"ListItem\",\"position\":2,\"name\":\"Jedinica za osiguranje i unaprje\u0111enje kvalitete zdravstvene za\u0161tite i edukaciju\"}]},{\"@type\":\"WebSite\",\"@id\":\"https:\/\/www.sbkt.hr\/KT\/#website\",\"url\":\"https:\/\/www.sbkt.hr\/KT\/\",\"name\":\"sbkt.hr\",\"description\":\"Specijalna bolnica za medicinsku rehabilitaciju\",\"potentialAction\":[{\"@type\":\"SearchAction\",\"target\":{\"@type\":\"EntryPoint\",\"urlTemplate\":\"https:\/\/www.sbkt.hr\/KT\/?s={search_term_string}\"},\"query-input\":{\"@type\":\"PropertyValueSpecification\",\"valueRequired\":true,\"valueName\":\"search_term_string\"}}],\"inLanguage\":\"hr\"}]}<\/script>\n<!-- \/ Yoast SEO plugin. -->","yoast_head_json":{"title":"Jedinica za osiguranje i unaprje\u0111enje kvalitete zdravstvene za\u0161tite i edukaciju - sbkt.hr","robots":{"index":"index","follow":"follow","max-snippet":"max-snippet:-1","max-image-preview":"max-image-preview:large","max-video-preview":"max-video-preview:-1"},"canonical":"https:\/\/www.sbkt.hr\/KT\/jedinica-osiguranje-unapredenje-kvalitete-zdravstvene-zastite\/","og_locale":"hr_HR","og_type":"article","og_title":"Jedinica za osiguranje i unaprje\u0111enje kvalitete zdravstvene za\u0161tite i edukaciju - sbkt.hr","og_description":"Pomo\u0107nik ravnatelja za osiguranje i unaprje\u0111enje kvalitete zdravstvene za\u0161tite i edukaciju: Domagoj Andri\u0107, dr.med., spec.fiz.med. i rehab. Telefon: 049\/ 383-443 E-mail: domagoj.andric@sbkt.hr Voditelj Jedinice za osiguranje i unaprje\u0111enje kvalitete zdravstvene za\u0161tite i edukaciju: Sanja Mutak, mag.med.techn. Telefon: 049\/ 383-483 E-mail: sanja.mutak@sbkt.hr Glavna sestra za osiguranje i unaprje\u0111enje kvalitete zdravstvene za\u0161tite i edukaciju: Martina Goluban, univ.mag.med.techn....","og_url":"https:\/\/www.sbkt.hr\/KT\/jedinica-osiguranje-unapredenje-kvalitete-zdravstvene-zastite\/","og_site_name":"sbkt.hr","article_modified_time":"2025-09-25T11:23:39+00:00","twitter_card":"summary_large_image","twitter_misc":{"Procijenjeno vrijeme \u010ditanja":"3 minute"},"schema":{"@context":"https:\/\/schema.org","@graph":[{"@type":"WebPage","@id":"https:\/\/www.sbkt.hr\/KT\/jedinica-osiguranje-unapredenje-kvalitete-zdravstvene-zastite\/","url":"https:\/\/www.sbkt.hr\/KT\/jedinica-osiguranje-unapredenje-kvalitete-zdravstvene-zastite\/","name":"Jedinica za osiguranje i unaprje\u0111enje kvalitete zdravstvene za\u0161tite i edukaciju - sbkt.hr","isPartOf":{"@id":"https:\/\/www.sbkt.hr\/KT\/#website"},"datePublished":"2017-06-07T19:41:00+00:00","dateModified":"2025-09-25T11:23:39+00:00","breadcrumb":{"@id":"https:\/\/www.sbkt.hr\/KT\/jedinica-osiguranje-unapredenje-kvalitete-zdravstvene-zastite\/#breadcrumb"},"inLanguage":"hr","potentialAction":[{"@type":"ReadAction","target":["https:\/\/www.sbkt.hr\/KT\/jedinica-osiguranje-unapredenje-kvalitete-zdravstvene-zastite\/"]}]},{"@type":"BreadcrumbList","@id":"https:\/\/www.sbkt.hr\/KT\/jedinica-osiguranje-unapredenje-kvalitete-zdravstvene-zastite\/#breadcrumb","itemListElement":[{"@type":"ListItem","position":1,"name":"Naslovna","item":"https:\/\/www.sbkt.hr\/KT\/"},{"@type":"ListItem","position":2,"name":"Jedinica za osiguranje i unaprje\u0111enje kvalitete zdravstvene za\u0161tite i edukaciju"}]},{"@type":"WebSite","@id":"https:\/\/www.sbkt.hr\/KT\/#website","url":"https:\/\/www.sbkt.hr\/KT\/","name":"sbkt.hr","description":"Specijalna bolnica za medicinsku rehabilitaciju","potentialAction":[{"@type":"SearchAction","target":{"@type":"EntryPoint","urlTemplate":"https:\/\/www.sbkt.hr\/KT\/?s={search_term_string}"},"query-input":{"@type":"PropertyValueSpecification","valueRequired":true,"valueName":"search_term_string"}}],"inLanguage":"hr"}]}},"_links":{"self":[{"href":"https:\/\/www.sbkt.hr\/KT\/wp-json\/wp\/v2\/pages\/1364","targetHints":{"allow":["GET"]}}],"collection":[{"href":"https:\/\/www.sbkt.hr\/KT\/wp-json\/wp\/v2\/pages"}],"about":[{"href":"https:\/\/www.sbkt.hr\/KT\/wp-json\/wp\/v2\/types\/page"}],"author":[{"embeddable":true,"href":"https:\/\/www.sbkt.hr\/KT\/wp-json\/wp\/v2\/users\/1"}],"replies":[{"embeddable":true,"href":"https:\/\/www.sbkt.hr\/KT\/wp-json\/wp\/v2\/comments?post=1364"}],"version-history":[{"count":73,"href":"https:\/\/www.sbkt.hr\/KT\/wp-json\/wp\/v2\/pages\/1364\/revisions"}],"predecessor-version":[{"id":11201,"href":"https:\/\/www.sbkt.hr\/KT\/wp-json\/wp\/v2\/pages\/1364\/revisions\/11201"}],"wp:attachment":[{"href":"https:\/\/www.sbkt.hr\/KT\/wp-json\/wp\/v2\/media?parent=1364"}],"curies":[{"name":"wp","href":"https:\/\/api.w.org\/{rel}","templated":true}]}}