{"id":1378,"date":"2017-06-07T22:07:02","date_gmt":"2017-06-07T20:07:02","guid":{"rendered":"http:\/\/www.sbkt.hr\/KT\/?page_id=1378"},"modified":"2025-02-25T19:13:52","modified_gmt":"2025-02-25T18:13:52","slug":"ostali-odjeli","status":"publish","type":"page","link":"https:\/\/www.sbkt.hr\/KT\/ostali-odjeli\/","title":{"rendered":"Ostali odjeli"},"content":{"rendered":"<h4><\/h4>\n<ul>\n<li>\n<h4>ODJEL BOLNI\u010cKE LJEKARNE<\/h4>\n<h4>Voditelj odjela bolni\u010dke ljekarne:<\/h4>\n<p>Snje\u017eana \u0110ogi\u0107, mag.pharm., spec. klini\u010dke farmacije<\/p>\n<p>E-mail: <a href=\"mailto:snjezana.dogic@sbkt.hr\">snjezana.dogic@sbkt.hr<\/a><br \/>\nTelefon: 049 383 205<\/li>\n<li>\n<h4>ODJEL ZA FINANCIJSKO\u2013RA\u010cUNOVODSTVENE POSLOVE<\/h4>\n<h4>Voditelj odjela za financijsko-ra\u010dunovodstvene poslove:<\/h4>\n<p>Irena Fu\u010dkar, dipl.oec.<\/p>\n<p>E-mail: <a href=\"mailto:irena.fuckar@sbkt.hr\">irena.fuckar@sbkt.hr<\/a><br \/>\nTelefon: 049 383 360<\/p>\n<h4>Unutar odjela za financijsko-ra\u010dunovodstvene poslove ustrojeni su odsjeci i to:<\/h4>\n<ul>\n<li style=\"list-style-type: none;\">\n<ul>\n<li>\n<h4>Odsjek ra\u010dunovodstva<\/h4>\n<h4>Voditelj financijsko-ra\u010dunovodstvenog odsjeka:<\/h4>\n<p>Ivana \u0160poljar, bacc.oec.<\/p>\n<p>E-mail: <u><span id=\"OBJ_PREFIX_DWT154_ZmEmailObjectHandler\" class=\"Object\" role=\"link\"><span id=\"OBJ_PREFIX_DWT173_ZmEmailObjectHandler\" class=\"Object\" role=\"link\"><a href=\"mailto:financijsko@sbkt.hr\" target=\"_blank\" rel=\"nofollow noopener noreferrer\">financijsko@sbkt.hr<\/a><\/span><\/span><\/u><br \/>\nTelefon: 049 383 351<\/li>\n<li>\n<h4>Odsjek obra\u010duna osobnog dohotka radnika<\/h4>\n<h4>Voditelj odsjeka:<\/h4>\n<p>Mia Gradi\u0161ki, dipl.oec.<\/p>\n<p>E-mail: <a href=\"mailto:mia.gradiski@sbkt.hr\">mia.gradiski@sbkt.hr<\/a><br \/>\nTelefon: 049 383 349<\/li>\n<li>\n<h4>Odsjek fakturiranja<\/h4>\n<h4>Voditelj odsjeka fakturiranja:<\/h4>\n<p>Vladimir Biller, bacc.oec.<\/p>\n<p>E-mail: <a href=\"mailto:fakturni@sbkt.hr\">fakturni@sbkt.hr<\/a><br \/>\nTelefon: 049 383 352<\/li>\n<li>\n<h4>Odsjek za\u00a0 informati\u010dke poslove<\/h4>\n<h4>Voditelj odsjeka za informatiku<\/h4>\n<p>Maja Martinjak, dipl.info.<\/p>\n<p>E-mail: <a href=\"mailto:maja.martinjak@sbkt.hr\">maja.martinjak@sbkt.hr<\/a><br \/>\nTelefon: 049 383 358<\/li>\n<li>\n<h4>Odsjek za prijam pacijenata, odnose s javno\u0161\u0107u i marketing<\/h4>\n<h4>Voditelj odsjeka za prijam pacijenata, odnose s javno\u0161\u0107u i marketing:<\/h4>\n<p>Ivana Bakli\u017ea, univ.spec.oec., dipl.novinar<\/p>\n<p>E-mail: <a href=\"mailto:ivana.bakliza@sbkt.hr\">ivana.bakliza@sbkt.hr<\/a><br \/>\nTelefon: 049 383 373<\/li>\n<\/ul>\n<\/li>\n<\/ul>\n<\/li>\n<li>\n<h4>ODJEL ZA JAVNU NABAVU, PLANIRANJE I FONDOVE EUROPSKE UNIJE<\/h4>\n<h4>Voditelj odjela:<\/h4>\n<p>Maja Bratkovi\u0107, dipl.oec.<\/p>\n<p>E-mail: <a href=\"maja.bratkovic@sbkt.hr\">maja.bratkovic@sbkt.hr<\/a><br \/>\nTelefon: 049 383 166<\/p>\n<ul>\n<li>\n<h4>Odsjek za javnu nabavu i fondove EU<\/h4>\n<\/li>\n<li>\n<h4>Odsjek za planske i analiti\u010dke poslove i izvje\u0161tavanje<\/h4>\n<\/li>\n<li>\n<h4>Odsjek nabave i skladi\u0161tenja<\/h4>\n<p>&nbsp;<\/li>\n<\/ul>\n<\/li>\n<li>\n<h4>ODJEL ZA PRAVNE, KADROVSKE I OP\u0106E POSLOVE<\/h4>\n<h4>Voditelj odjela za pravne, kadrovske i op\u0107e poslove:<\/h4>\n<p>Doroteja Mendek, dipl.iur.<\/p>\n<p>E-mail: <a href=\"mailto:doroteja.mendek@sbkt.hr\">doroteja.mendek@sbkt.hr<\/a><br \/>\nTelefon: 049 383 384<\/p>\n<h4>Unutar odjela ustrojeni su odsjeci i to:<\/h4>\n<ul>\n<li>\n<h4>Odsjek za pravne i op\u0107e poslove i za\u0161titu na radu<\/h4>\n<\/li>\n<li>\n<h4>Odsjek za kadrovske poslove i obra\u010dun osobnih dohodaka<\/h4>\n<\/li>\n<\/ul>\n<\/li>\n<li>\n<h4>ODJEL ZA TEHNI\u010cKO-USLU\u017dNE POSLOVE<\/h4>\n<h4>Voditelj odjela za tehni\u010dko uslu\u017ene poslove:<\/h4>\n<p>Branimir Suton, dipl.ing.prom.<\/p>\n<p>E-mail: <a href=\"mailto:branimir.suton@sbkt.hr\">branimir.suton@sbkt.hr<\/a><br \/>\nTelefon: 049 383 300<\/p>\n<h4>Unutar odjela ustrojeni su odsjeci i to:<\/h4>\n<ul>\n<li>\n<h4>Odsjek za tehni\u010dke poslove<\/h4>\n<\/li>\n<li>\n<h4>Odsjek za kontrolu voda i sanitarnu higijenu<\/h4>\n<\/li>\n<li>\n<h4>Odsjek bolni\u010dke prehrane<\/h4>\n<\/li>\n<li>\n<h4>Odsjek ugostiteljstva<\/h4>\n<\/li>\n<\/ul>\n<\/li>\n<\/ul>\n","protected":false},"excerpt":{"rendered":"<p>ODJEL BOLNI\u010cKE LJEKARNE Voditelj odjela bolni\u010dke ljekarne: Snje\u017eana \u0110ogi\u0107, mag.pharm., spec. klini\u010dke farmacije E-mail: snjezana.dogic@sbkt.hr Telefon: 049 383 205 ODJEL ZA FINANCIJSKO\u2013RA\u010cUNOVODSTVENE POSLOVE Voditelj odjela za financijsko-ra\u010dunovodstvene poslove: Irena Fu\u010dkar, dipl.oec. E-mail: irena.fuckar@sbkt.hr Telefon: 049 383 360 Unutar odjela za financijsko-ra\u010dunovodstvene poslove ustrojeni su odsjeci i to: Odsjek ra\u010dunovodstva Voditelj financijsko-ra\u010dunovodstvenog odsjeka: Ivana \u0160poljar, bacc.oec&#8230;. <\/p>\n","protected":false},"author":1,"featured_media":0,"parent":0,"menu_order":0,"comment_status":"closed","ping_status":"closed","template":"","meta":{"footnotes":""},"class_list":["post-1378","page","type-page","status-publish","hentry"],"yoast_head":"<!-- This site is optimized with the Yoast SEO plugin v24.9 - https:\/\/yoast.com\/wordpress\/plugins\/seo\/ -->\n<title>Ostali odjeli - sbkt.hr<\/title>\n<meta name=\"robots\" content=\"index, follow, max-snippet:-1, max-image-preview:large, max-video-preview:-1\" \/>\n<link rel=\"canonical\" href=\"https:\/\/www.sbkt.hr\/KT\/ostali-odjeli\/\" \/>\n<meta property=\"og:locale\" content=\"hr_HR\" \/>\n<meta property=\"og:type\" content=\"article\" \/>\n<meta property=\"og:title\" content=\"Ostali odjeli - sbkt.hr\" \/>\n<meta property=\"og:description\" content=\"ODJEL BOLNI\u010cKE LJEKARNE Voditelj odjela bolni\u010dke ljekarne: Snje\u017eana \u0110ogi\u0107, mag.pharm., spec. klini\u010dke farmacije E-mail: snjezana.dogic@sbkt.hr Telefon: 049 383 205 ODJEL ZA FINANCIJSKO\u2013RA\u010cUNOVODSTVENE POSLOVE Voditelj odjela za financijsko-ra\u010dunovodstvene poslove: Irena Fu\u010dkar, dipl.oec. E-mail: irena.fuckar@sbkt.hr Telefon: 049 383 360 Unutar odjela za financijsko-ra\u010dunovodstvene poslove ustrojeni su odsjeci i to: Odsjek ra\u010dunovodstva Voditelj financijsko-ra\u010dunovodstvenog odsjeka: Ivana \u0160poljar, bacc.oec....\" \/>\n<meta property=\"og:url\" content=\"https:\/\/www.sbkt.hr\/KT\/ostali-odjeli\/\" \/>\n<meta property=\"og:site_name\" content=\"sbkt.hr\" \/>\n<meta property=\"article:modified_time\" content=\"2025-02-25T18:13:52+00:00\" \/>\n<meta name=\"twitter:card\" content=\"summary_large_image\" \/>\n<meta name=\"twitter:label1\" content=\"Procijenjeno vrijeme \u010ditanja\" \/>\n\t<meta name=\"twitter:data1\" content=\"2 minute\" \/>\n<script type=\"application\/ld+json\" class=\"yoast-schema-graph\">{\"@context\":\"https:\/\/schema.org\",\"@graph\":[{\"@type\":\"WebPage\",\"@id\":\"https:\/\/www.sbkt.hr\/KT\/ostali-odjeli\/\",\"url\":\"https:\/\/www.sbkt.hr\/KT\/ostali-odjeli\/\",\"name\":\"Ostali odjeli - sbkt.hr\",\"isPartOf\":{\"@id\":\"https:\/\/www.sbkt.hr\/KT\/#website\"},\"datePublished\":\"2017-06-07T20:07:02+00:00\",\"dateModified\":\"2025-02-25T18:13:52+00:00\",\"breadcrumb\":{\"@id\":\"https:\/\/www.sbkt.hr\/KT\/ostali-odjeli\/#breadcrumb\"},\"inLanguage\":\"hr\",\"potentialAction\":[{\"@type\":\"ReadAction\",\"target\":[\"https:\/\/www.sbkt.hr\/KT\/ostali-odjeli\/\"]}]},{\"@type\":\"BreadcrumbList\",\"@id\":\"https:\/\/www.sbkt.hr\/KT\/ostali-odjeli\/#breadcrumb\",\"itemListElement\":[{\"@type\":\"ListItem\",\"position\":1,\"name\":\"Naslovna\",\"item\":\"https:\/\/www.sbkt.hr\/KT\/\"},{\"@type\":\"ListItem\",\"position\":2,\"name\":\"Ostali odjeli\"}]},{\"@type\":\"WebSite\",\"@id\":\"https:\/\/www.sbkt.hr\/KT\/#website\",\"url\":\"https:\/\/www.sbkt.hr\/KT\/\",\"name\":\"sbkt.hr\",\"description\":\"Specijalna bolnica za medicinsku rehabilitaciju\",\"potentialAction\":[{\"@type\":\"SearchAction\",\"target\":{\"@type\":\"EntryPoint\",\"urlTemplate\":\"https:\/\/www.sbkt.hr\/KT\/?s={search_term_string}\"},\"query-input\":{\"@type\":\"PropertyValueSpecification\",\"valueRequired\":true,\"valueName\":\"search_term_string\"}}],\"inLanguage\":\"hr\"}]}<\/script>\n<!-- \/ Yoast SEO plugin. -->","yoast_head_json":{"title":"Ostali odjeli - sbkt.hr","robots":{"index":"index","follow":"follow","max-snippet":"max-snippet:-1","max-image-preview":"max-image-preview:large","max-video-preview":"max-video-preview:-1"},"canonical":"https:\/\/www.sbkt.hr\/KT\/ostali-odjeli\/","og_locale":"hr_HR","og_type":"article","og_title":"Ostali odjeli - sbkt.hr","og_description":"ODJEL BOLNI\u010cKE LJEKARNE Voditelj odjela bolni\u010dke ljekarne: Snje\u017eana \u0110ogi\u0107, mag.pharm., spec. klini\u010dke farmacije E-mail: snjezana.dogic@sbkt.hr Telefon: 049 383 205 ODJEL ZA FINANCIJSKO\u2013RA\u010cUNOVODSTVENE POSLOVE Voditelj odjela za financijsko-ra\u010dunovodstvene poslove: Irena Fu\u010dkar, dipl.oec. E-mail: irena.fuckar@sbkt.hr Telefon: 049 383 360 Unutar odjela za financijsko-ra\u010dunovodstvene poslove ustrojeni su odsjeci i to: Odsjek ra\u010dunovodstva Voditelj financijsko-ra\u010dunovodstvenog odsjeka: Ivana \u0160poljar, bacc.oec....","og_url":"https:\/\/www.sbkt.hr\/KT\/ostali-odjeli\/","og_site_name":"sbkt.hr","article_modified_time":"2025-02-25T18:13:52+00:00","twitter_card":"summary_large_image","twitter_misc":{"Procijenjeno vrijeme \u010ditanja":"2 minute"},"schema":{"@context":"https:\/\/schema.org","@graph":[{"@type":"WebPage","@id":"https:\/\/www.sbkt.hr\/KT\/ostali-odjeli\/","url":"https:\/\/www.sbkt.hr\/KT\/ostali-odjeli\/","name":"Ostali odjeli - sbkt.hr","isPartOf":{"@id":"https:\/\/www.sbkt.hr\/KT\/#website"},"datePublished":"2017-06-07T20:07:02+00:00","dateModified":"2025-02-25T18:13:52+00:00","breadcrumb":{"@id":"https:\/\/www.sbkt.hr\/KT\/ostali-odjeli\/#breadcrumb"},"inLanguage":"hr","potentialAction":[{"@type":"ReadAction","target":["https:\/\/www.sbkt.hr\/KT\/ostali-odjeli\/"]}]},{"@type":"BreadcrumbList","@id":"https:\/\/www.sbkt.hr\/KT\/ostali-odjeli\/#breadcrumb","itemListElement":[{"@type":"ListItem","position":1,"name":"Naslovna","item":"https:\/\/www.sbkt.hr\/KT\/"},{"@type":"ListItem","position":2,"name":"Ostali odjeli"}]},{"@type":"WebSite","@id":"https:\/\/www.sbkt.hr\/KT\/#website","url":"https:\/\/www.sbkt.hr\/KT\/","name":"sbkt.hr","description":"Specijalna bolnica za medicinsku rehabilitaciju","potentialAction":[{"@type":"SearchAction","target":{"@type":"EntryPoint","urlTemplate":"https:\/\/www.sbkt.hr\/KT\/?s={search_term_string}"},"query-input":{"@type":"PropertyValueSpecification","valueRequired":true,"valueName":"search_term_string"}}],"inLanguage":"hr"}]}},"_links":{"self":[{"href":"https:\/\/www.sbkt.hr\/KT\/wp-json\/wp\/v2\/pages\/1378","targetHints":{"allow":["GET"]}}],"collection":[{"href":"https:\/\/www.sbkt.hr\/KT\/wp-json\/wp\/v2\/pages"}],"about":[{"href":"https:\/\/www.sbkt.hr\/KT\/wp-json\/wp\/v2\/types\/page"}],"author":[{"embeddable":true,"href":"https:\/\/www.sbkt.hr\/KT\/wp-json\/wp\/v2\/users\/1"}],"replies":[{"embeddable":true,"href":"https:\/\/www.sbkt.hr\/KT\/wp-json\/wp\/v2\/comments?post=1378"}],"version-history":[{"count":20,"href":"https:\/\/www.sbkt.hr\/KT\/wp-json\/wp\/v2\/pages\/1378\/revisions"}],"predecessor-version":[{"id":9886,"href":"https:\/\/www.sbkt.hr\/KT\/wp-json\/wp\/v2\/pages\/1378\/revisions\/9886"}],"wp:attachment":[{"href":"https:\/\/www.sbkt.hr\/KT\/wp-json\/wp\/v2\/media?parent=1378"}],"curies":[{"name":"wp","href":"https:\/\/api.w.org\/{rel}","templated":true}]}}