{"id":1607,"date":"2017-07-19T12:31:15","date_gmt":"2017-07-19T10:31:15","guid":{"rendered":"http:\/\/www.sbkt.hr\/KT\/?page_id=1607"},"modified":"2026-01-25T15:55:31","modified_gmt":"2026-01-25T14:55:31","slug":"rezervacija-soba-apartmana","status":"publish","type":"page","link":"https:\/\/www.sbkt.hr\/KT\/rezervacija-soba-apartmana\/","title":{"rendered":"Rezervacija soba i apartmana"},"content":{"rendered":"<div class=\"responsive-tabs\">\n<h2 class=\"tabtitle\">Pacijenti HZZO<\/h2>\n<div class=\"tabcontent\">\n\n<p id=\"natpisrezervacija\">Ako ste pacijent HZZO-a koji koristi odobrenje lije\u010dni\u010dkog povjerenstva za medicinsku rehabilitaciju, a \u017eelite koristiti uslugu nadstandarda ispunite polja u izbornicima te zatim po\u0161aljite zahtjev za rezervacijom . Usluga nadstandarda uklju\u010duje smje\u0161taj u jednokrevetnim i dvokrevetnim sobama te apartmanima, doru\u010dak, ru\u010dak i ve\u010deru sa \u0161vedskog stola, TV u sobi te dostupnost be\u017ei\u010dnog interneta.<\/p>\n<div class=\"wpforms-container wpforms-container-full wpforms-render-modern\" id=\"wpforms-11694\"><form id=\"wpforms-form-11694\" class=\"wpforms-validate wpforms-form wpforms-ajax-form\" data-formid=\"11694\" method=\"post\" enctype=\"multipart\/form-data\" action=\"\/KT\/wp-json\/wp\/v2\/pages\/1607?wpforms_form_id=11694\" data-token=\"30e60911dacb9f6bc3b382fe051c9803\" data-token-time=\"1776487535\"><noscript class=\"wpforms-error-noscript\">Please enable JavaScript in your browser to complete this form.<\/noscript><div id=\"wpforms-error-noscript\" style=\"display: none;\">Please enable JavaScript in your browser to complete this form.<\/div><div class=\"wpforms-field-container\"><div id=\"wpforms-11694-field_3-container\" class=\"wpforms-field wpforms-field-layout\" data-field-id=\"3\"><div class=\"wpforms-field-layout-columns wpforms-field-layout-preset-50-50\"><div class=\"wpforms-layout-column wpforms-layout-column-50\" ><div id=\"wpforms-11694-field_5-container\" class=\"wpforms-field wpforms-field-text\" data-field-id=\"5\"><label class=\"wpforms-field-label\" for=\"wpforms-11694-field_5\">Ime i prezime <span class=\"wpforms-required-label\" aria-hidden=\"true\">*<\/span><\/label><input type=\"text\" id=\"wpforms-11694-field_5\" class=\"wpforms-field-medium wpforms-field-required\" name=\"wpforms[fields][5]\" aria-errormessage=\"wpforms-11694-field_5-error\" required><\/div><div id=\"wpforms-11694-field_6-container\" class=\"wpforms-field wpforms-field-number\" data-field-id=\"6\"><label class=\"wpforms-field-label\" for=\"wpforms-11694-field_6\">Telefon <span class=\"wpforms-required-label\" aria-hidden=\"true\">*<\/span><\/label><input type=\"number\" id=\"wpforms-11694-field_6\" class=\"wpforms-field-medium wpforms-field-required\" name=\"wpforms[fields][6]\" step=\"any\" aria-errormessage=\"wpforms-11694-field_6-error\" required><\/div><div id=\"wpforms-11694-field_1-container\" class=\"wpforms-field wpforms-field-email\" data-field-id=\"1\"><label class=\"wpforms-field-label\" for=\"wpforms-11694-field_1\">Email <span class=\"wpforms-required-label\" aria-hidden=\"true\">*<\/span><\/label><input type=\"email\" id=\"wpforms-11694-field_1\" class=\"wpforms-field-medium wpforms-field-required\" name=\"wpforms[fields][1]\" spellcheck=\"false\" aria-errormessage=\"wpforms-11694-field_1-error\" required><\/div><div id=\"wpforms-11694-field_2-container\" class=\"wpforms-field wpforms-field-textarea\" data-field-id=\"2\"><label class=\"wpforms-field-label\" for=\"wpforms-11694-field_2\">Va\u0161a poruka<\/label><textarea id=\"wpforms-11694-field_2\" class=\"wpforms-field-small\" name=\"wpforms[fields][2]\" aria-errormessage=\"wpforms-11694-field_2-error\" ><\/textarea><\/div><\/div><div class=\"wpforms-layout-column wpforms-layout-column-50\" ><div id=\"wpforms-11694-field_19-container\" class=\"wpforms-field wpforms-field-select wpforms-field-select-style-classic\" data-field-id=\"19\"><label class=\"wpforms-field-label\" for=\"wpforms-11694-field_19\">Tip smje\u0161taja<\/label><select id=\"wpforms-11694-field_19\" class=\"wpforms-field-medium\" name=\"wpforms[fields][19]\"><option value=\"Odaberite..\" >Odaberite..<\/option><option value=\"Jednokrevetna soba\" >Jednokrevetna soba<\/option><option value=\"Dvokrevetna soba\" >Dvokrevetna soba<\/option><option value=\"Trokrevetna soba\" >Trokrevetna soba<\/option><option value=\"Apartman\" >Apartman<\/option><\/select><\/div><div id=\"wpforms-11694-field_21-container\" class=\"wpforms-field wpforms-field-date-time\" data-field-id=\"21\"><label class=\"wpforms-field-label\" for=\"wpforms-11694-field_21\">Datum od kad \u017eelite smje\u0161taj<\/label><div class=\"wpforms-datepicker-wrap\"><input type=\"text\" id=\"wpforms-11694-field_21\" class=\"wpforms-field-date-time-date wpforms-datepicker wpforms-field-medium\" data-date-format=\"d\/m\/Y\" data-disable-past-dates=\"0\" data-input=\"true\" name=\"wpforms[fields][21][date]\" aria-errormessage=\"wpforms-11694-field_21-error\" ><a title=\"Clear Date\" data-clear class=\"wpforms-datepicker-clear\" style=\"display:none;\"><\/a><\/div><\/div><div id=\"wpforms-11694-field_22-container\" class=\"wpforms-field wpforms-field-date-time\" data-field-id=\"22\"><label class=\"wpforms-field-label\" for=\"wpforms-11694-field_22\">Datum do kad \u017eelite smje\u0161taj<\/label><div class=\"wpforms-datepicker-wrap\"><input type=\"text\" id=\"wpforms-11694-field_22\" class=\"wpforms-field-date-time-date wpforms-datepicker wpforms-field-medium\" data-date-format=\"d\/m\/Y\" data-disable-past-dates=\"0\" data-input=\"true\" name=\"wpforms[fields][22][date]\" aria-errormessage=\"wpforms-11694-field_22-error\" ><a title=\"Clear Date\" data-clear class=\"wpforms-datepicker-clear\" style=\"display:none;\"><\/a><\/div><\/div><div id=\"wpforms-11694-field_16-container\" class=\"wpforms-field wpforms-field-file-upload\" data-field-id=\"16\"><label class=\"wpforms-field-label\" for=\"wpforms-11694-field_16\">Po\u0161aljite dokumente<\/label><input type=\"file\" id=\"wpforms-11694-field_16\" data-rule-extension=\"pdf,doc,xls,xlsx,png,jpg,bmp\" data-rule-maxsize=\"268435456\" name=\"wpforms_11694_16\" accept=\".pdf,.doc,.xls,.xlsx,.png,.jpg,.bmp\" aria-errormessage=\"wpforms-11694-field_16-error\" ><\/div><\/div><\/div><\/div>\t\t<div id=\"wpforms-11694-field_4-container\"\n\t\t\tclass=\"wpforms-field wpforms-field-text\"\n\t\t\tdata-field-type=\"text\"\n\t\t\tdata-field-id=\"4\"\n\t\t\t>\n\t\t\t<label class=\"wpforms-field-label\" for=\"wpforms-11694-field_4\" >do i poruka<\/label>\n\t\t\t<input type=\"text\" id=\"wpforms-11694-field_4\" class=\"wpforms-field-medium\" name=\"wpforms[fields][4]\" >\n\t\t<\/div>\n\t\t<div id=\"wpforms-11694-field_14-container\" class=\"wpforms-field wpforms-field-checkbox\" data-field-id=\"14\"><fieldset><legend class=\"wpforms-field-label\">Sla\u017eem se <span class=\"wpforms-required-label\" aria-hidden=\"true\">*<\/span><\/legend><ul id=\"wpforms-11694-field_14\" class=\"wpforms-field-required\"><li class=\"choice-1 depth-1\"><input type=\"checkbox\" id=\"wpforms-11694-field_14_1\" name=\"wpforms[fields][14][]\" value=\"Kori\u0161tenjem obrasca sla\u017eete se s politikom privatnosti o prikupljanju i obradu osobnih podataka danih u obrascu bez kojih Va\u0161 zahtjev ne mo\u017ee biti poslan\" aria-errormessage=\"wpforms-11694-field_14_1-error\" required ><label class=\"wpforms-field-label-inline\" for=\"wpforms-11694-field_14_1\">Kori\u0161tenjem obrasca sla\u017eete se s politikom privatnosti o prikupljanju i obradu osobnih podataka danih u obrascu bez kojih Va\u0161 zahtjev ne mo\u017ee biti poslan<\/label><\/li><\/ul><\/fieldset><\/div><script>\n\t\t\t\t( function() {\n\t\t\t\t\tconst style = document.createElement( 'style' );\n\t\t\t\t\tstyle.appendChild( document.createTextNode( '#wpforms-11694-field_4-container { position: absolute !important; overflow: hidden !important; display: inline !important; height: 1px !important; width: 1px !important; z-index: -1000 !important; padding: 0 !important; } #wpforms-11694-field_4-container input { visibility: hidden; } #wpforms-conversational-form-page #wpforms-11694-field_4-container label { counter-increment: none; }' ) );\n\t\t\t\t\tdocument.head.appendChild( style );\n\t\t\t\t\tdocument.currentScript?.remove();\n\t\t\t\t} )();\n\t\t\t<\/script><\/div><!-- .wpforms-field-container --><div class=\"wpforms-recaptcha-container wpforms-is-recaptcha wpforms-is-recaptcha-type-v2\" ><div class=\"g-recaptcha\" data-sitekey=\"6LcYnoArAAAAAHk6OK6NdzoJldNFpDoVJOSPAy4e\"><\/div><input type=\"text\" name=\"g-recaptcha-hidden\" class=\"wpforms-recaptcha-hidden\" style=\"position:absolute!important;clip:rect(0,0,0,0)!important;height:1px!important;width:1px!important;border:0!important;overflow:hidden!important;padding:0!important;margin:0!important;\" data-rule-recaptcha=\"1\"><\/div><div class=\"wpforms-submit-container\" ><input type=\"hidden\" name=\"wpforms[id]\" value=\"11694\"><input type=\"hidden\" name=\"page_title\" value=\"\"><input type=\"hidden\" name=\"page_url\" value=\"https:\/\/www.sbkt.hr\/KT\/wp-json\/wp\/v2\/pages\/1607\"><input type=\"hidden\" name=\"url_referer\" value=\"\"><button type=\"submit\" name=\"wpforms[submit]\" id=\"wpforms-submit-11694\" class=\"wpforms-submit\" data-alt-text=\"\u0160aljem..\" data-submit-text=\"Po\u0161aljite\" aria-live=\"assertive\" value=\"wpforms-submit\">Po\u0161aljite<\/button><img loading=\"lazy\" decoding=\"async\" src=\"https:\/\/www.sbkt.hr\/KT\/wp-content\/plugins\/wpforms\/assets\/images\/submit-spin.svg\" class=\"wpforms-submit-spinner\" style=\"display: none;\" width=\"26\" height=\"26\" alt=\"Loading\"><\/div><\/form><\/div>  <!-- .wpforms-container -->\n\n<\/div><h2 class=\"tabtitle\">Privatni korisnici<\/h2>\n<div class=\"tabcontent\">\n\n<p id=\"natpisrezervacija\">Ako sami snosite tro\u0161kove smje\u0161taja i terapija ili sami snosite tro\u0161kove smje\u0161taja, a terapije koristite na uputnicu D1 za ambulantnu fizikalnu terapiju molimo Vas da popunite sljede\u0107a polja i po\u0161aljete zahtjev za rezervacijom.<\/p>\n<div class=\"wpforms-container wpforms-container-full wpforms-render-modern\" id=\"wpforms-11711\"><form id=\"wpforms-form-11711\" class=\"wpforms-validate wpforms-form wpforms-ajax-form\" data-formid=\"11711\" method=\"post\" enctype=\"multipart\/form-data\" action=\"\/KT\/wp-json\/wp\/v2\/pages\/1607?wpforms_form_id=11711\" data-token=\"f20df0b4eb33b567f48b0a4c380994aa\" data-token-time=\"1776487535\"><noscript class=\"wpforms-error-noscript\">Please enable JavaScript in your browser to complete this form.<\/noscript><div id=\"wpforms-error-noscript\" style=\"display: none;\">Please enable JavaScript in your browser to complete this form.<\/div><div class=\"wpforms-field-container\">\t\t<div id=\"wpforms-11711-field_4-container\"\n\t\t\tclass=\"wpforms-field wpforms-field-text\"\n\t\t\tdata-field-type=\"text\"\n\t\t\tdata-field-id=\"4\"\n\t\t\t>\n\t\t\t<label class=\"wpforms-field-label\" for=\"wpforms-11711-field_4\" >Datum dokumente do<\/label>\n\t\t\t<input type=\"text\" id=\"wpforms-11711-field_4\" class=\"wpforms-field-medium\" name=\"wpforms[fields][4]\" >\n\t\t<\/div>\n\t\t<div id=\"wpforms-11711-field_3-container\" class=\"wpforms-field wpforms-field-layout\" data-field-id=\"3\"><div class=\"wpforms-field-layout-columns wpforms-field-layout-preset-50-50\"><div class=\"wpforms-layout-column wpforms-layout-column-50\" ><div id=\"wpforms-11711-field_5-container\" class=\"wpforms-field wpforms-field-text\" data-field-id=\"5\"><label class=\"wpforms-field-label\" for=\"wpforms-11711-field_5\">Ime i prezime <span class=\"wpforms-required-label\" aria-hidden=\"true\">*<\/span><\/label><input type=\"text\" id=\"wpforms-11711-field_5\" class=\"wpforms-field-medium wpforms-field-required\" name=\"wpforms[fields][5]\" aria-errormessage=\"wpforms-11711-field_5-error\" required><\/div><div id=\"wpforms-11711-field_6-container\" class=\"wpforms-field wpforms-field-number\" data-field-id=\"6\"><label class=\"wpforms-field-label\" for=\"wpforms-11711-field_6\">Telefon <span class=\"wpforms-required-label\" aria-hidden=\"true\">*<\/span><\/label><input type=\"number\" id=\"wpforms-11711-field_6\" class=\"wpforms-field-medium wpforms-field-required\" name=\"wpforms[fields][6]\" step=\"any\" aria-errormessage=\"wpforms-11711-field_6-error\" required><\/div><div id=\"wpforms-11711-field_1-container\" class=\"wpforms-field wpforms-field-email\" data-field-id=\"1\"><label class=\"wpforms-field-label\" for=\"wpforms-11711-field_1\">Email <span class=\"wpforms-required-label\" aria-hidden=\"true\">*<\/span><\/label><input type=\"email\" id=\"wpforms-11711-field_1\" class=\"wpforms-field-medium wpforms-field-required\" name=\"wpforms[fields][1]\" spellcheck=\"false\" aria-errormessage=\"wpforms-11711-field_1-error\" required><\/div><div id=\"wpforms-11711-field_2-container\" class=\"wpforms-field wpforms-field-textarea\" data-field-id=\"2\"><label class=\"wpforms-field-label\" for=\"wpforms-11711-field_2\">Va\u0161a poruka<\/label><textarea id=\"wpforms-11711-field_2\" class=\"wpforms-field-small\" name=\"wpforms[fields][2]\" aria-errormessage=\"wpforms-11711-field_2-error\" ><\/textarea><\/div><\/div><div class=\"wpforms-layout-column wpforms-layout-column-50\" ><div id=\"wpforms-11711-field_19-container\" class=\"wpforms-field wpforms-field-select wpforms-field-select-style-classic\" data-field-id=\"19\"><label class=\"wpforms-field-label\" for=\"wpforms-11711-field_19\">Tip smje\u0161taja<\/label><select id=\"wpforms-11711-field_19\" class=\"wpforms-field-medium\" name=\"wpforms[fields][19]\"><option value=\"Odaberite..\" >Odaberite..<\/option><option value=\"Jednokrevetna soba\" >Jednokrevetna soba<\/option><option value=\"Dvokrevetna soba\" >Dvokrevetna soba<\/option><option value=\"Apartman\" >Apartman<\/option><\/select><\/div><div id=\"wpforms-11711-field_21-container\" class=\"wpforms-field wpforms-field-date-time\" data-field-id=\"21\"><label class=\"wpforms-field-label\" for=\"wpforms-11711-field_21\">Datum od kad \u017eelite smje\u0161taj<\/label><div class=\"wpforms-datepicker-wrap\"><input type=\"text\" id=\"wpforms-11711-field_21\" class=\"wpforms-field-date-time-date wpforms-datepicker wpforms-field-medium\" data-date-format=\"d\/m\/Y\" data-disable-past-dates=\"0\" data-input=\"true\" name=\"wpforms[fields][21][date]\" aria-errormessage=\"wpforms-11711-field_21-error\" ><a title=\"Clear Date\" data-clear class=\"wpforms-datepicker-clear\" style=\"display:none;\"><\/a><\/div><\/div><div id=\"wpforms-11711-field_22-container\" class=\"wpforms-field wpforms-field-date-time\" data-field-id=\"22\"><label class=\"wpforms-field-label\" for=\"wpforms-11711-field_22\">Datum do kad \u017eelite smje\u0161taj<\/label><div class=\"wpforms-datepicker-wrap\"><input type=\"text\" id=\"wpforms-11711-field_22\" class=\"wpforms-field-date-time-date wpforms-datepicker wpforms-field-medium\" data-date-format=\"d\/m\/Y\" data-disable-past-dates=\"0\" data-input=\"true\" name=\"wpforms[fields][22][date]\" aria-errormessage=\"wpforms-11711-field_22-error\" ><a title=\"Clear Date\" data-clear class=\"wpforms-datepicker-clear\" style=\"display:none;\"><\/a><\/div><\/div><div id=\"wpforms-11711-field_16-container\" class=\"wpforms-field wpforms-field-file-upload\" data-field-id=\"16\"><label class=\"wpforms-field-label\" for=\"wpforms-11711-field_16\">Po\u0161aljite dokumente<\/label><input type=\"file\" id=\"wpforms-11711-field_16\" data-rule-extension=\"pdf,doc,xls,xlsx,png,jpg,bmp\" data-rule-maxsize=\"268435456\" name=\"wpforms_11711_16\" accept=\".pdf,.doc,.xls,.xlsx,.png,.jpg,.bmp\" aria-errormessage=\"wpforms-11711-field_16-error\" ><\/div><\/div><\/div><\/div><div id=\"wpforms-11711-field_14-container\" class=\"wpforms-field wpforms-field-checkbox\" data-field-id=\"14\"><fieldset><legend class=\"wpforms-field-label\">Sla\u017eem se <span class=\"wpforms-required-label\" aria-hidden=\"true\">*<\/span><\/legend><ul id=\"wpforms-11711-field_14\" class=\"wpforms-field-required\"><li class=\"choice-1 depth-1\"><input type=\"checkbox\" id=\"wpforms-11711-field_14_1\" name=\"wpforms[fields][14][]\" value=\"Kori\u0161tenjem obrasca sla\u017eete se s politikom privatnosti o prikupljanju i obradu osobnih podataka danih u obrascu bez kojih Va\u0161 zahtjev ne mo\u017ee biti poslan\" aria-errormessage=\"wpforms-11711-field_14_1-error\" required ><label class=\"wpforms-field-label-inline\" for=\"wpforms-11711-field_14_1\">Kori\u0161tenjem obrasca sla\u017eete se s politikom privatnosti o prikupljanju i obradu osobnih podataka danih u obrascu bez kojih Va\u0161 zahtjev ne mo\u017ee biti poslan<\/label><\/li><\/ul><\/fieldset><\/div><script>\n\t\t\t\t( function() {\n\t\t\t\t\tconst style = document.createElement( 'style' );\n\t\t\t\t\tstyle.appendChild( document.createTextNode( '#wpforms-11694-field_4-container,#wpforms-11711-field_4-container { position: absolute !important; overflow: hidden !important; display: inline !important; height: 1px !important; width: 1px !important; z-index: -1000 !important; padding: 0 !important; } #wpforms-11694-field_4-container,#wpforms-11711-field_4-container input { visibility: hidden; } #wpforms-conversational-form-page #wpforms-11694-field_4-container,#wpforms-11711-field_4-container label { counter-increment: none; }' ) );\n\t\t\t\t\tdocument.head.appendChild( style );\n\t\t\t\t\tdocument.currentScript?.remove();\n\t\t\t\t} )();\n\t\t\t<\/script><\/div><!-- .wpforms-field-container --><div class=\"wpforms-recaptcha-container wpforms-is-recaptcha wpforms-is-recaptcha-type-v2\" ><div class=\"g-recaptcha\" data-sitekey=\"6LcYnoArAAAAAHk6OK6NdzoJldNFpDoVJOSPAy4e\"><\/div><input type=\"text\" name=\"g-recaptcha-hidden\" class=\"wpforms-recaptcha-hidden\" style=\"position:absolute!important;clip:rect(0,0,0,0)!important;height:1px!important;width:1px!important;border:0!important;overflow:hidden!important;padding:0!important;margin:0!important;\" data-rule-recaptcha=\"1\"><\/div><div class=\"wpforms-submit-container\" ><input type=\"hidden\" name=\"wpforms[id]\" value=\"11711\"><input type=\"hidden\" name=\"page_title\" value=\"\"><input type=\"hidden\" name=\"page_url\" value=\"https:\/\/www.sbkt.hr\/KT\/wp-json\/wp\/v2\/pages\/1607\"><input type=\"hidden\" name=\"url_referer\" value=\"\"><button type=\"submit\" name=\"wpforms[submit]\" id=\"wpforms-submit-11711\" class=\"wpforms-submit\" data-alt-text=\"\u0160aljem..\" data-submit-text=\"Po\u0161aljite\" aria-live=\"assertive\" value=\"wpforms-submit\">Po\u0161aljite<\/button><img loading=\"lazy\" decoding=\"async\" src=\"https:\/\/www.sbkt.hr\/KT\/wp-content\/plugins\/wpforms\/assets\/images\/submit-spin.svg\" class=\"wpforms-submit-spinner\" style=\"display: none;\" width=\"26\" height=\"26\" alt=\"Loading\"><\/div><\/form><\/div>  <!-- .wpforms-container -->\n<\/div><\/div>\n","protected":false},"excerpt":{"rendered":"<p>Ako ste pacijent HZZO-a koji koristi odobrenje lije\u010dni\u010dkog povjerenstva za medicinsku rehabilitaciju, a \u017eelite koristiti uslugu nadstandarda ispunite polja u izbornicima te zatim po\u0161aljite zahtjev za rezervacijom . Usluga nadstandarda uklju\u010duje smje\u0161taj u jednokrevetnim i dvokrevetnim sobama te apartmanima, doru\u010dak, ru\u010dak i ve\u010deru sa \u0161vedskog stola, TV u sobi te dostupnost be\u017ei\u010dnog interneta. Ako sami&#8230; <\/p>\n","protected":false},"author":1,"featured_media":0,"parent":0,"menu_order":0,"comment_status":"closed","ping_status":"closed","template":"","meta":{"footnotes":""},"class_list":["post-1607","page","type-page","status-publish","hentry"],"yoast_head":"<!-- This site is optimized with the Yoast SEO plugin v24.9 - https:\/\/yoast.com\/wordpress\/plugins\/seo\/ -->\n<title>Rezervacija soba i apartmana - sbkt.hr<\/title>\n<meta name=\"robots\" content=\"index, follow, max-snippet:-1, max-image-preview:large, max-video-preview:-1\" \/>\n<link rel=\"canonical\" href=\"https:\/\/www.sbkt.hr\/KT\/rezervacija-soba-apartmana\/\" \/>\n<meta property=\"og:locale\" content=\"hr_HR\" \/>\n<meta property=\"og:type\" content=\"article\" \/>\n<meta property=\"og:title\" content=\"Rezervacija soba i apartmana - sbkt.hr\" \/>\n<meta property=\"og:description\" content=\"Ako ste pacijent HZZO-a koji koristi odobrenje lije\u010dni\u010dkog povjerenstva za medicinsku rehabilitaciju, a \u017eelite koristiti uslugu nadstandarda ispunite polja u izbornicima te zatim po\u0161aljite zahtjev za rezervacijom . Usluga nadstandarda uklju\u010duje smje\u0161taj u jednokrevetnim i dvokrevetnim sobama te apartmanima, doru\u010dak, ru\u010dak i ve\u010deru sa \u0161vedskog stola, TV u sobi te dostupnost be\u017ei\u010dnog interneta. Ako sami...\" \/>\n<meta property=\"og:url\" content=\"https:\/\/www.sbkt.hr\/KT\/rezervacija-soba-apartmana\/\" \/>\n<meta property=\"og:site_name\" content=\"sbkt.hr\" \/>\n<meta property=\"article:modified_time\" content=\"2026-01-25T14:55:31+00:00\" \/>\n<meta name=\"twitter:card\" content=\"summary_large_image\" \/>\n<meta name=\"twitter:label1\" content=\"Procijenjeno vrijeme \u010ditanja\" \/>\n\t<meta name=\"twitter:data1\" content=\"1 minuta\" \/>\n<script type=\"application\/ld+json\" class=\"yoast-schema-graph\">{\"@context\":\"https:\/\/schema.org\",\"@graph\":[{\"@type\":\"WebPage\",\"@id\":\"https:\/\/www.sbkt.hr\/KT\/rezervacija-soba-apartmana\/\",\"url\":\"https:\/\/www.sbkt.hr\/KT\/rezervacija-soba-apartmana\/\",\"name\":\"Rezervacija soba i apartmana - sbkt.hr\",\"isPartOf\":{\"@id\":\"https:\/\/www.sbkt.hr\/KT\/#website\"},\"datePublished\":\"2017-07-19T10:31:15+00:00\",\"dateModified\":\"2026-01-25T14:55:31+00:00\",\"breadcrumb\":{\"@id\":\"https:\/\/www.sbkt.hr\/KT\/rezervacija-soba-apartmana\/#breadcrumb\"},\"inLanguage\":\"hr\",\"potentialAction\":[{\"@type\":\"ReadAction\",\"target\":[\"https:\/\/www.sbkt.hr\/KT\/rezervacija-soba-apartmana\/\"]}]},{\"@type\":\"BreadcrumbList\",\"@id\":\"https:\/\/www.sbkt.hr\/KT\/rezervacija-soba-apartmana\/#breadcrumb\",\"itemListElement\":[{\"@type\":\"ListItem\",\"position\":1,\"name\":\"Naslovna\",\"item\":\"https:\/\/www.sbkt.hr\/KT\/\"},{\"@type\":\"ListItem\",\"position\":2,\"name\":\"Rezervacija soba i apartmana\"}]},{\"@type\":\"WebSite\",\"@id\":\"https:\/\/www.sbkt.hr\/KT\/#website\",\"url\":\"https:\/\/www.sbkt.hr\/KT\/\",\"name\":\"sbkt.hr\",\"description\":\"Specijalna bolnica za medicinsku rehabilitaciju\",\"potentialAction\":[{\"@type\":\"SearchAction\",\"target\":{\"@type\":\"EntryPoint\",\"urlTemplate\":\"https:\/\/www.sbkt.hr\/KT\/?s={search_term_string}\"},\"query-input\":{\"@type\":\"PropertyValueSpecification\",\"valueRequired\":true,\"valueName\":\"search_term_string\"}}],\"inLanguage\":\"hr\"}]}<\/script>\n<!-- \/ Yoast SEO plugin. -->","yoast_head_json":{"title":"Rezervacija soba i apartmana - sbkt.hr","robots":{"index":"index","follow":"follow","max-snippet":"max-snippet:-1","max-image-preview":"max-image-preview:large","max-video-preview":"max-video-preview:-1"},"canonical":"https:\/\/www.sbkt.hr\/KT\/rezervacija-soba-apartmana\/","og_locale":"hr_HR","og_type":"article","og_title":"Rezervacija soba i apartmana - sbkt.hr","og_description":"Ako ste pacijent HZZO-a koji koristi odobrenje lije\u010dni\u010dkog povjerenstva za medicinsku rehabilitaciju, a \u017eelite koristiti uslugu nadstandarda ispunite polja u izbornicima te zatim po\u0161aljite zahtjev za rezervacijom . Usluga nadstandarda uklju\u010duje smje\u0161taj u jednokrevetnim i dvokrevetnim sobama te apartmanima, doru\u010dak, ru\u010dak i ve\u010deru sa \u0161vedskog stola, TV u sobi te dostupnost be\u017ei\u010dnog interneta. Ako sami...","og_url":"https:\/\/www.sbkt.hr\/KT\/rezervacija-soba-apartmana\/","og_site_name":"sbkt.hr","article_modified_time":"2026-01-25T14:55:31+00:00","twitter_card":"summary_large_image","twitter_misc":{"Procijenjeno vrijeme \u010ditanja":"1 minuta"},"schema":{"@context":"https:\/\/schema.org","@graph":[{"@type":"WebPage","@id":"https:\/\/www.sbkt.hr\/KT\/rezervacija-soba-apartmana\/","url":"https:\/\/www.sbkt.hr\/KT\/rezervacija-soba-apartmana\/","name":"Rezervacija soba i apartmana - sbkt.hr","isPartOf":{"@id":"https:\/\/www.sbkt.hr\/KT\/#website"},"datePublished":"2017-07-19T10:31:15+00:00","dateModified":"2026-01-25T14:55:31+00:00","breadcrumb":{"@id":"https:\/\/www.sbkt.hr\/KT\/rezervacija-soba-apartmana\/#breadcrumb"},"inLanguage":"hr","potentialAction":[{"@type":"ReadAction","target":["https:\/\/www.sbkt.hr\/KT\/rezervacija-soba-apartmana\/"]}]},{"@type":"BreadcrumbList","@id":"https:\/\/www.sbkt.hr\/KT\/rezervacija-soba-apartmana\/#breadcrumb","itemListElement":[{"@type":"ListItem","position":1,"name":"Naslovna","item":"https:\/\/www.sbkt.hr\/KT\/"},{"@type":"ListItem","position":2,"name":"Rezervacija soba i apartmana"}]},{"@type":"WebSite","@id":"https:\/\/www.sbkt.hr\/KT\/#website","url":"https:\/\/www.sbkt.hr\/KT\/","name":"sbkt.hr","description":"Specijalna bolnica za medicinsku rehabilitaciju","potentialAction":[{"@type":"SearchAction","target":{"@type":"EntryPoint","urlTemplate":"https:\/\/www.sbkt.hr\/KT\/?s={search_term_string}"},"query-input":{"@type":"PropertyValueSpecification","valueRequired":true,"valueName":"search_term_string"}}],"inLanguage":"hr"}]}},"_links":{"self":[{"href":"https:\/\/www.sbkt.hr\/KT\/wp-json\/wp\/v2\/pages\/1607","targetHints":{"allow":["GET"]}}],"collection":[{"href":"https:\/\/www.sbkt.hr\/KT\/wp-json\/wp\/v2\/pages"}],"about":[{"href":"https:\/\/www.sbkt.hr\/KT\/wp-json\/wp\/v2\/types\/page"}],"author":[{"embeddable":true,"href":"https:\/\/www.sbkt.hr\/KT\/wp-json\/wp\/v2\/users\/1"}],"replies":[{"embeddable":true,"href":"https:\/\/www.sbkt.hr\/KT\/wp-json\/wp\/v2\/comments?post=1607"}],"version-history":[{"count":34,"href":"https:\/\/www.sbkt.hr\/KT\/wp-json\/wp\/v2\/pages\/1607\/revisions"}],"predecessor-version":[{"id":11723,"href":"https:\/\/www.sbkt.hr\/KT\/wp-json\/wp\/v2\/pages\/1607\/revisions\/11723"}],"wp:attachment":[{"href":"https:\/\/www.sbkt.hr\/KT\/wp-json\/wp\/v2\/media?parent=1607"}],"curies":[{"name":"wp","href":"https:\/\/api.w.org\/{rel}","templated":true}]}}