{"id":1619,"date":"2017-07-23T10:37:02","date_gmt":"2017-07-23T08:37:02","guid":{"rendered":"http:\/\/www.sbkt.hr\/KT\/?page_id=1619"},"modified":"2025-01-03T15:22:16","modified_gmt":"2025-01-03T14:22:16","slug":"cjenik-pansiona-dana-lijecenja-doplata","status":"publish","type":"page","link":"https:\/\/www.sbkt.hr\/KT\/cjenik-pansiona-dana-lijecenja-doplata\/","title":{"rendered":"Cjenik bolni\u010dkih pansiona"},"content":{"rendered":"<p><strong>Napomena:<\/strong><\/p>\n<ul>\n<li>Mole se privatni korisnici da na medicinsku rehabilitaciju na dogovoreni dan prijema do\u0111u iza 11h.<\/li>\n<li>Cijene se odnose na smje\u0161taj u jednokrevetnim, dvokrevetnim ili vi\u0161ekrevetnim sobama po osobi na dan u eurima.<\/li>\n<li>U cijenu pansiona uklju\u010deno je i kupanje u bazenima.<\/li>\n<li>U cijene nije ura\u010dunata medikamentozna terapija i dijagnosti\u010dki postupci.<\/li>\n<li>Sve usluge koje nisu obuhva\u0107ene u cijeni dana lije\u010denja, a koje su po preporuci lije\u010dnika ili ih na svoj zahtjev tra\u017ei korisnik, napla\u0107ivat \u0107e se po Cjeniku za privatne korisnike.<\/li>\n<li>Medicinske usluge oslobo\u0111ene su pla\u0107anja PDV-a, a u cijenama svih oporezivih usluga ura\u010dunat je PDV.<\/li>\n<\/ul>\n<p>&nbsp;<\/p>\n<p>&nbsp;<\/p>\n<table class=\"termalna\" width=\"640\" cellspacing=\"0\" cellpadding=\"0\">\n<tbody>\n<tr>\n<td style=\"text-align: center;\" width=\"16%\"><strong>USLUGA<\/strong><\/td>\n<td style=\"text-align: center;\" width=\"24%\"><strong>KORISNICI<\/strong><\/td>\n<td style=\"text-align: center;\" width=\"15%\"><strong>EUR\/dan 1\/2<\/strong><\/td>\n<td style=\"text-align: center;\" width=\"15%\"><strong>EUR\/dan 1\/1<\/strong><\/td>\n<td style=\"text-align: center;\" width=\"15%\"><strong>EUR\/dan hrvatski umirovljenici 1\/2<\/strong><\/td>\n<td style=\"text-align: center;\" width=\"15%\"><strong>EUR\/dan hrvatski umirovljenici 1\/1<\/strong><\/td>\n<\/tr>\n<tr>\n<td><strong>Bolni\u010dki pansion l <\/strong><\/td>\n<td>samostalni u AD\u017d* i kretanju<\/td>\n<td style=\"text-align: center;\"><strong>55,00 \u20ac<\/strong><\/td>\n<td style=\"text-align: center;\"><strong>70,00 \u20ac<\/strong><\/td>\n<td style=\"text-align: center;\"><strong>45,00 \u20ac<\/strong><\/td>\n<td style=\"text-align: center;\"><strong>60,00 \u20ac<em><br \/>\n<\/em><\/strong><\/td>\n<\/tr>\n<tr>\n<td><strong>Bolni\u010dki pansion ll<\/strong><\/td>\n<td>djelomi\u010dno ovisni o tu\u0111oj pomo\u0107i u AD\u017d i\/ili te\u017ee pokretni<\/td>\n<td style=\"text-align: center;\"><strong>70,00 \u20ac <\/strong><\/td>\n<td style=\"text-align: center;\"><strong>85,00 \u20ac <\/strong><\/td>\n<td style=\"text-align: center;\"><strong>55,00 \u20ac <\/strong><\/td>\n<td style=\"text-align: center;\"><strong>70,00 \u20ac <\/strong><\/td>\n<\/tr>\n<tr>\n<td><strong>Bolni\u010dki pansion lll <\/strong><\/td>\n<td>potpuno ovisni o tu\u0111oj pomo\u0107i u AD\u017d i\/ili nepokretni<\/td>\n<td style=\"text-align: center;\"><strong>85,00 \u20ac<\/strong><\/td>\n<td style=\"text-align: center;\"><strong>100,00 \u20ac <\/strong><\/td>\n<td>\n<div align=\"center\">&#8211;<\/div>\n<\/td>\n<td>\n<div align=\"center\">&#8211;<\/div>\n<\/td>\n<\/tr>\n<tr>\n<td><strong>Bolni\u010dki pansion lV <\/strong><\/td>\n<td>bolesnici u komi, trajno vegetativno stanje<\/td>\n<td style=\"text-align: center;\"><strong>120,00 \u20ac<br \/>\n<\/strong><\/td>\n<td style=\"text-align: center;\"><strong>135,00 \u20ac<\/strong><\/td>\n<td>\n<div align=\"center\">&#8211;<\/div>\n<\/td>\n<td>\n<div align=\"center\">&#8211;<\/div>\n<\/td>\n<\/tr>\n<tr>\n<td><strong>Bolni\u010dki pansion V <\/strong><\/td>\n<td>roditelji u pratnji maloljetnom djetetu u sobi sa sanitarnim \u010dvorom<\/td>\n<td style=\"text-align: center;\"><strong>40,00 \u20ac<\/strong><\/td>\n<td>\n<div align=\"center\">&#8211;<\/div>\n<\/td>\n<td>\n<div align=\"center\">&#8211;<\/div>\n<\/td>\n<td>\n<div align=\"center\">&#8211;<\/div>\n<\/td>\n<\/tr>\n<\/tbody>\n<\/table>\n<p>*AD\u017d \u2013 aktivnosti dnevnog \u017eivota<\/p>\n<p>&#8211; cijene uklju\u010duju puni pansion, medicinsku njegu, dostupnost lije\u010dnika i medicinske sestre\/tehni\u010dara 24 sata na dan i njihove intervencije po pozivu te kupanje u bazenima (uz preporuku lije\u010dnika)<\/p>\n<p>&#8211; sve usluge koje nisu obuhva\u0107ene u cijeni bolni\u010dkog pansiona, a koje su po preporuci lije\u010dnika ili ih na svoj zahtjev tra\u017ei korisnik, napla\u0107uju se posebno po cijenama iz ovog cjenika<\/p>\n<p>&#8211; djeca starosti 0-6 godina smje\u0161tena s roditeljem izvan Odjela za medicinsku rehabilitaciju djece pla\u0107aju 20,00\u00a0<strong>\u20ac<\/strong>\u00a0po danu (cijena uklju\u010duje puni pansion)<\/p>\n<p>&nbsp;<\/p>\n<p><strong>Va\u017eno! <\/strong><\/p>\n<ul>\n<li><strong>prilikom dolaska molimo vas navesti koliko dana namjeravate ostati te podmirite tro\u0161kove rehabilitacije unaprijed.<\/strong><\/li>\n<li><strong>za kori\u0161tenje ambulantnih terapija na D1 uputnicu uz pla\u0107anje bolni\u010dkog pansiona potreban je boravak od minimalno 7 dana<\/strong><\/li>\n<li><strong>kod prijevremenog napu\u0161tanja rehabilitacije iz osobnih (neopravdanih) razloga NE odobrava se povrat sredstava.<\/strong><\/li>\n<li><strong>sve medicinske usluge iz Cjenika mogu\u0107e je koristiti isklju\u010divo uz lije\u010dni\u010dku preporuku.<\/strong><\/li>\n<\/ul>\n<p><a id=\"nadstandard\" name=\"nadstandard\"><\/a><\/p>\n<h4><\/h4>\n<h4><\/h4>\n<h4>CJENIK NADOPLATA NADSTANDARDA SMJE\u0160TAJA \u00a0(uz odobrenje lije\u010dni\u010dkog povjerenstva HZZO-a za stacionarnu medicinsku rehabilitaciju):<\/h4>\n<p>&nbsp;<\/p>\n<h4>Apartmani<\/h4>\n<table class=\"termalna\" style=\"height: 122px;\" width=\"555\" cellspacing=\"0\" cellpadding=\"0\">\n<tbody>\n<tr>\n<td width=\"70%\">\n<div align=\"center\"><strong>Smje\u0161taj<\/strong><\/div>\n<\/td>\n<td width=\"30%\">\n<div align=\"center\"><strong>EUR\/dan <\/strong><\/div>\n<\/td>\n<\/tr>\n<tr>\n<td width=\"70%\">Apartman 1 i 3.\u00a0 kat\u00a0 NNBO<\/td>\n<td width=\"30%\">\n<div align=\"center\">75,00 <strong>\u20ac<\/strong><\/div>\n<\/td>\n<\/tr>\n<tr>\n<td>Apartman 2. i 4. kat\u00a0 NNBO<\/td>\n<td>\n<div align=\"center\">50,00 <strong>\u20ac<\/strong><\/div>\n<\/td>\n<\/tr>\n<\/tbody>\n<\/table>\n<h3><\/h3>\n<h4>Jednokrevetne sobe<\/h4>\n<table class=\"termalna\" style=\"height: 63px;\" width=\"556\" cellspacing=\"0\" cellpadding=\"0\">\n<tbody>\n<tr>\n<td width=\"70%\">\n<div align=\"center\"><strong>Smje\u0161taj<\/strong><\/div>\n<\/td>\n<td width=\"30%\">\n<div align=\"center\"><strong>EUR\/dan <\/strong><\/div>\n<\/td>\n<\/tr>\n<tr>\n<td width=\"70%\">NNBO 1.-5. kat<\/td>\n<td width=\"30%\">\n<div align=\"center\">30,00 <strong>\u20ac<\/strong><\/div>\n<\/td>\n<\/tr>\n<\/tbody>\n<\/table>\n<p>&nbsp;<\/p>\n<h4>Dvokrevetne sobe<\/h4>\n<table class=\"termalna\" style=\"height: 69px;\" width=\"555\" cellspacing=\"0\" cellpadding=\"0\">\n<tbody>\n<tr>\n<td width=\"70%\">\n<div align=\"center\"><strong>Smje\u0161taj<\/strong><\/div>\n<\/td>\n<td width=\"30%\">\n<div align=\"center\"><strong>EUR\/dan <\/strong><\/div>\n<\/td>\n<\/tr>\n<tr>\n<td width=\"70%\">NNBO 1.-5. kat<\/td>\n<td width=\"30%\">\n<div align=\"center\">\n<p>20,00 <strong>\u20ac<\/strong><\/p>\n<\/div>\n<\/td>\n<\/tr>\n<\/tbody>\n<\/table>\n<p><strong>Cijena uklju\u010duje smje\u0161taj u dvokrevetnim ili jednokrevetnim sobama sa sanitarnim \u010dvorom, TV-om,\u00a0 \u0161vedski stol za doru\u010dak, ru\u010dak i ve\u010deru te besplatni wi-fi internet.<br \/>\n<\/strong><\/p>\n<p><strong>Kod prijevremenog napu\u0161tanja rehabilitacije iz osobnih (neopravdanih) razloga ne odobrava se povrat sredstava.<\/strong><\/p>\n<h4>Galeriju slika soba sa nadstandardom mo\u017eete <a href=\"https:\/\/www.sbkt.hr\/KT\/galerija-slika\/#nadstandardslike\"> pogledati ovdje&gt;&gt;<\/a><\/h4>\n<p><a id=\"uslugaprehrane\" name=\"uslugaprehrane\"><\/a><\/p>\n<h4><\/h4>\n<h4>Cjenik usluga prehrane<\/h4>\n<h4><\/h4>\n<h4>Doplata za \u0161vedski stol:<\/h4>\n<table class=\"termalna\" style=\"height: 50px;\" width=\"640\" cellspacing=\"0\">\n<tbody>\n<tr>\n<td width=\"60%\">\n<div align=\"center\"><strong>Usluga<\/strong><\/div>\n<\/td>\n<td width=\"40%\">\n<div align=\"center\"><strong>Cijena po danu\/EUR<br \/>\n<\/strong><\/div>\n<\/td>\n<\/tr>\n<tr>\n<td>Doru\u010dak, ru\u010dak i ve\u010dera iz ponude \u0161vedskog stola<\/td>\n<td>\n<div align=\"center\">10,00 <strong>\u20ac<\/strong><\/div>\n<\/td>\n<\/tr>\n<\/tbody>\n<\/table>\n<p><strong>Cijena se primjenjuje za sve pacijente koji su upu\u0107eni preko HZZO-a na bolni\u010dko lije\u010denje, ne pla\u0107aju nadstandard smje\u0161taja, a \u017eele koristiti prehrambene usluge \u0161vedskog stola.<\/strong><\/p>\n<p><strong>Kod prijevremenog napu\u0161tanja rehabilitacije iz osobnih (neopravdanih) razloga ne odobrava se povrat sredstava.<\/strong><\/p>\n<p>&nbsp;<\/p>\n<h4>Usluge prehrane:<\/h4>\n<table class=\"termalna\" style=\"height: 89px;\" width=\"640\" cellspacing=\"0\">\n<tbody>\n<tr>\n<td style=\"text-align: center;\" width=\"40%\"><strong>Usluga<\/strong><\/td>\n<td width=\"30%\">\n<div style=\"text-align: center;\" align=\"center\"><strong>\u0160vedski stol\/EUR<\/strong><\/div>\n<\/td>\n<td width=\"30%\">\n<div style=\"text-align: center;\" align=\"center\"><strong>Restoran\/EUR<\/strong><\/div>\n<\/td>\n<\/tr>\n<tr>\n<td>Doru\u010dak<\/td>\n<td>\n<div align=\"center\">5,50 <strong>\u20ac<\/strong><\/div>\n<\/td>\n<td>\n<div align=\"center\">4,00 <strong>\u20ac<\/strong><\/div>\n<\/td>\n<\/tr>\n<tr>\n<td>Ru\u010dak<\/td>\n<td>\n<div align=\"center\">9,50 <strong>\u20ac<\/strong><\/div>\n<\/td>\n<td>\n<div align=\"center\">8,00 <strong>\u20ac<\/strong><\/div>\n<\/td>\n<\/tr>\n<tr>\n<td>Ve\u010dera<\/td>\n<td>\n<div align=\"center\">6,50 <strong>\u20ac<\/strong><\/div>\n<\/td>\n<td>\n<div align=\"center\">5,00 <strong>\u20ac<\/strong><\/div>\n<\/td>\n<\/tr>\n<\/tbody>\n<\/table>\n<p><strong>\u00a0<\/strong><\/p>\n","protected":false},"excerpt":{"rendered":"<p>Napomena: Mole se privatni korisnici da na medicinsku rehabilitaciju na dogovoreni dan prijema do\u0111u iza 11h. Cijene se odnose na smje\u0161taj u jednokrevetnim, dvokrevetnim ili vi\u0161ekrevetnim sobama po osobi na dan u eurima. U cijenu pansiona uklju\u010deno je i kupanje u bazenima. U cijene nije ura\u010dunata medikamentozna terapija i dijagnosti\u010dki postupci. Sve usluge koje nisu&#8230; <\/p>\n","protected":false},"author":1,"featured_media":0,"parent":0,"menu_order":0,"comment_status":"closed","ping_status":"closed","template":"","meta":{"footnotes":""},"class_list":["post-1619","page","type-page","status-publish","hentry"],"yoast_head":"<!-- This site is optimized with the Yoast SEO plugin v24.9 - https:\/\/yoast.com\/wordpress\/plugins\/seo\/ -->\n<title>Cjenik bolni\u010dkih pansiona - sbkt.hr<\/title>\n<meta name=\"robots\" content=\"index, follow, max-snippet:-1, max-image-preview:large, max-video-preview:-1\" \/>\n<link rel=\"canonical\" href=\"https:\/\/www.sbkt.hr\/KT\/cjenik-pansiona-dana-lijecenja-doplata\/\" \/>\n<meta property=\"og:locale\" content=\"hr_HR\" \/>\n<meta property=\"og:type\" content=\"article\" \/>\n<meta property=\"og:title\" content=\"Cjenik bolni\u010dkih pansiona - sbkt.hr\" \/>\n<meta property=\"og:description\" content=\"Napomena: Mole se privatni korisnici da na medicinsku rehabilitaciju na dogovoreni dan prijema do\u0111u iza 11h. Cijene se odnose na smje\u0161taj u jednokrevetnim, dvokrevetnim ili vi\u0161ekrevetnim sobama po osobi na dan u eurima. U cijenu pansiona uklju\u010deno je i kupanje u bazenima. U cijene nije ura\u010dunata medikamentozna terapija i dijagnosti\u010dki postupci. Sve usluge koje nisu...\" \/>\n<meta property=\"og:url\" content=\"https:\/\/www.sbkt.hr\/KT\/cjenik-pansiona-dana-lijecenja-doplata\/\" \/>\n<meta property=\"og:site_name\" content=\"sbkt.hr\" \/>\n<meta property=\"article:modified_time\" content=\"2025-01-03T14:22:16+00:00\" \/>\n<meta name=\"twitter:card\" content=\"summary_large_image\" \/>\n<meta name=\"twitter:label1\" content=\"Procijenjeno vrijeme \u010ditanja\" \/>\n\t<meta name=\"twitter:data1\" content=\"3 minute\" \/>\n<script type=\"application\/ld+json\" class=\"yoast-schema-graph\">{\"@context\":\"https:\/\/schema.org\",\"@graph\":[{\"@type\":\"WebPage\",\"@id\":\"https:\/\/www.sbkt.hr\/KT\/cjenik-pansiona-dana-lijecenja-doplata\/\",\"url\":\"https:\/\/www.sbkt.hr\/KT\/cjenik-pansiona-dana-lijecenja-doplata\/\",\"name\":\"Cjenik bolni\u010dkih pansiona - sbkt.hr\",\"isPartOf\":{\"@id\":\"https:\/\/www.sbkt.hr\/KT\/#website\"},\"datePublished\":\"2017-07-23T08:37:02+00:00\",\"dateModified\":\"2025-01-03T14:22:16+00:00\",\"breadcrumb\":{\"@id\":\"https:\/\/www.sbkt.hr\/KT\/cjenik-pansiona-dana-lijecenja-doplata\/#breadcrumb\"},\"inLanguage\":\"hr\",\"potentialAction\":[{\"@type\":\"ReadAction\",\"target\":[\"https:\/\/www.sbkt.hr\/KT\/cjenik-pansiona-dana-lijecenja-doplata\/\"]}]},{\"@type\":\"BreadcrumbList\",\"@id\":\"https:\/\/www.sbkt.hr\/KT\/cjenik-pansiona-dana-lijecenja-doplata\/#breadcrumb\",\"itemListElement\":[{\"@type\":\"ListItem\",\"position\":1,\"name\":\"Naslovna\",\"item\":\"https:\/\/www.sbkt.hr\/KT\/\"},{\"@type\":\"ListItem\",\"position\":2,\"name\":\"Cjenik bolni\u010dkih pansiona\"}]},{\"@type\":\"WebSite\",\"@id\":\"https:\/\/www.sbkt.hr\/KT\/#website\",\"url\":\"https:\/\/www.sbkt.hr\/KT\/\",\"name\":\"sbkt.hr\",\"description\":\"Specijalna bolnica za medicinsku rehabilitaciju\",\"potentialAction\":[{\"@type\":\"SearchAction\",\"target\":{\"@type\":\"EntryPoint\",\"urlTemplate\":\"https:\/\/www.sbkt.hr\/KT\/?s={search_term_string}\"},\"query-input\":{\"@type\":\"PropertyValueSpecification\",\"valueRequired\":true,\"valueName\":\"search_term_string\"}}],\"inLanguage\":\"hr\"}]}<\/script>\n<!-- \/ Yoast SEO plugin. -->","yoast_head_json":{"title":"Cjenik bolni\u010dkih pansiona - sbkt.hr","robots":{"index":"index","follow":"follow","max-snippet":"max-snippet:-1","max-image-preview":"max-image-preview:large","max-video-preview":"max-video-preview:-1"},"canonical":"https:\/\/www.sbkt.hr\/KT\/cjenik-pansiona-dana-lijecenja-doplata\/","og_locale":"hr_HR","og_type":"article","og_title":"Cjenik bolni\u010dkih pansiona - sbkt.hr","og_description":"Napomena: Mole se privatni korisnici da na medicinsku rehabilitaciju na dogovoreni dan prijema do\u0111u iza 11h. Cijene se odnose na smje\u0161taj u jednokrevetnim, dvokrevetnim ili vi\u0161ekrevetnim sobama po osobi na dan u eurima. U cijenu pansiona uklju\u010deno je i kupanje u bazenima. U cijene nije ura\u010dunata medikamentozna terapija i dijagnosti\u010dki postupci. Sve usluge koje nisu...","og_url":"https:\/\/www.sbkt.hr\/KT\/cjenik-pansiona-dana-lijecenja-doplata\/","og_site_name":"sbkt.hr","article_modified_time":"2025-01-03T14:22:16+00:00","twitter_card":"summary_large_image","twitter_misc":{"Procijenjeno vrijeme \u010ditanja":"3 minute"},"schema":{"@context":"https:\/\/schema.org","@graph":[{"@type":"WebPage","@id":"https:\/\/www.sbkt.hr\/KT\/cjenik-pansiona-dana-lijecenja-doplata\/","url":"https:\/\/www.sbkt.hr\/KT\/cjenik-pansiona-dana-lijecenja-doplata\/","name":"Cjenik bolni\u010dkih pansiona - sbkt.hr","isPartOf":{"@id":"https:\/\/www.sbkt.hr\/KT\/#website"},"datePublished":"2017-07-23T08:37:02+00:00","dateModified":"2025-01-03T14:22:16+00:00","breadcrumb":{"@id":"https:\/\/www.sbkt.hr\/KT\/cjenik-pansiona-dana-lijecenja-doplata\/#breadcrumb"},"inLanguage":"hr","potentialAction":[{"@type":"ReadAction","target":["https:\/\/www.sbkt.hr\/KT\/cjenik-pansiona-dana-lijecenja-doplata\/"]}]},{"@type":"BreadcrumbList","@id":"https:\/\/www.sbkt.hr\/KT\/cjenik-pansiona-dana-lijecenja-doplata\/#breadcrumb","itemListElement":[{"@type":"ListItem","position":1,"name":"Naslovna","item":"https:\/\/www.sbkt.hr\/KT\/"},{"@type":"ListItem","position":2,"name":"Cjenik bolni\u010dkih pansiona"}]},{"@type":"WebSite","@id":"https:\/\/www.sbkt.hr\/KT\/#website","url":"https:\/\/www.sbkt.hr\/KT\/","name":"sbkt.hr","description":"Specijalna bolnica za medicinsku rehabilitaciju","potentialAction":[{"@type":"SearchAction","target":{"@type":"EntryPoint","urlTemplate":"https:\/\/www.sbkt.hr\/KT\/?s={search_term_string}"},"query-input":{"@type":"PropertyValueSpecification","valueRequired":true,"valueName":"search_term_string"}}],"inLanguage":"hr"}]}},"_links":{"self":[{"href":"https:\/\/www.sbkt.hr\/KT\/wp-json\/wp\/v2\/pages\/1619","targetHints":{"allow":["GET"]}}],"collection":[{"href":"https:\/\/www.sbkt.hr\/KT\/wp-json\/wp\/v2\/pages"}],"about":[{"href":"https:\/\/www.sbkt.hr\/KT\/wp-json\/wp\/v2\/types\/page"}],"author":[{"embeddable":true,"href":"https:\/\/www.sbkt.hr\/KT\/wp-json\/wp\/v2\/users\/1"}],"replies":[{"embeddable":true,"href":"https:\/\/www.sbkt.hr\/KT\/wp-json\/wp\/v2\/comments?post=1619"}],"version-history":[{"count":42,"href":"https:\/\/www.sbkt.hr\/KT\/wp-json\/wp\/v2\/pages\/1619\/revisions"}],"predecessor-version":[{"id":9652,"href":"https:\/\/www.sbkt.hr\/KT\/wp-json\/wp\/v2\/pages\/1619\/revisions\/9652"}],"wp:attachment":[{"href":"https:\/\/www.sbkt.hr\/KT\/wp-json\/wp\/v2\/media?parent=1619"}],"curies":[{"name":"wp","href":"https:\/\/api.w.org\/{rel}","templated":true}]}}