{"id":2143,"date":"2017-10-12T11:12:42","date_gmt":"2017-10-12T09:12:42","guid":{"rendered":"http:\/\/www.sbkt.hr\/KT\/?page_id=2143"},"modified":"2017-12-04T13:04:16","modified_gmt":"2017-12-04T12:04:16","slug":"javnost-rada-upravnog-vijeca-bolnice","status":"publish","type":"page","link":"https:\/\/www.sbkt.hr\/KT\/javnost-rada-upravnog-vijeca-bolnice\/","title":{"rendered":"Javnost rada Upravnog vije\u0107a Bolnice"},"content":{"rendered":"<p>Neposredan uvid u rad Upravnog vije\u0107a Bolnice osiguran je jednoj (1) fizi\u010dkoj osobi, bez prava sudjelovanja i odlu\u010divanja u radu tijela.<br \/>\nZahtjev za prisustvovanje sjednici Upravnog vije\u0107a podnosi se elektroni\u010dkom po\u0161tom na adresu: <a href=\"mailto:opca.sluzba@sbkt.hr\">opca.sluzba@sbkt.hr<\/a>, nakon objave poziva za sjednicu na web stranici Bolnice.<br \/>\nDopu\u0161tenje za prisustvovanje sjednici izdat \u0107e predsjednik Upravnog vije\u0107a Bolnice vode\u0107i ra\u010duna o redoslijedu prijavljivanja.<br \/>\nJavnost rada mo\u017ee se isklju\u010diti u cijelosti ili djelomi\u010dno u slu\u010dajevima odre\u0111enim Zakonom.<\/p>\n","protected":false},"excerpt":{"rendered":"<p>Neposredan uvid u rad Upravnog vije\u0107a Bolnice osiguran je jednoj (1) fizi\u010dkoj osobi, bez prava sudjelovanja i odlu\u010divanja u radu tijela. Zahtjev za prisustvovanje sjednici Upravnog vije\u0107a podnosi se elektroni\u010dkom po\u0161tom na adresu: opca.sluzba@sbkt.hr, nakon objave poziva za sjednicu na web stranici Bolnice. Dopu\u0161tenje za prisustvovanje sjednici izdat \u0107e predsjednik Upravnog vije\u0107a Bolnice vode\u0107i ra\u010duna&#8230; <\/p>\n","protected":false},"author":1,"featured_media":0,"parent":0,"menu_order":0,"comment_status":"closed","ping_status":"closed","template":"","meta":{"footnotes":""},"class_list":["post-2143","page","type-page","status-publish","hentry"],"yoast_head":"<!-- This site is optimized with the Yoast SEO plugin v24.9 - https:\/\/yoast.com\/wordpress\/plugins\/seo\/ -->\n<title>Javnost rada Upravnog vije\u0107a Bolnice - sbkt.hr<\/title>\n<meta name=\"robots\" content=\"index, follow, max-snippet:-1, max-image-preview:large, max-video-preview:-1\" \/>\n<link rel=\"canonical\" href=\"https:\/\/www.sbkt.hr\/KT\/javnost-rada-upravnog-vijeca-bolnice\/\" \/>\n<meta property=\"og:locale\" content=\"hr_HR\" \/>\n<meta property=\"og:type\" content=\"article\" \/>\n<meta property=\"og:title\" content=\"Javnost rada Upravnog vije\u0107a Bolnice - sbkt.hr\" \/>\n<meta property=\"og:description\" content=\"Neposredan uvid u rad Upravnog vije\u0107a Bolnice osiguran je jednoj (1) fizi\u010dkoj osobi, bez prava sudjelovanja i odlu\u010divanja u radu tijela. Zahtjev za prisustvovanje sjednici Upravnog vije\u0107a podnosi se elektroni\u010dkom po\u0161tom na adresu: opca.sluzba@sbkt.hr, nakon objave poziva za sjednicu na web stranici Bolnice. Dopu\u0161tenje za prisustvovanje sjednici izdat \u0107e predsjednik Upravnog vije\u0107a Bolnice vode\u0107i ra\u010duna...\" \/>\n<meta property=\"og:url\" content=\"https:\/\/www.sbkt.hr\/KT\/javnost-rada-upravnog-vijeca-bolnice\/\" \/>\n<meta property=\"og:site_name\" content=\"sbkt.hr\" \/>\n<meta property=\"article:modified_time\" content=\"2017-12-04T12:04:16+00:00\" \/>\n<meta name=\"twitter:card\" content=\"summary_large_image\" \/>\n<script type=\"application\/ld+json\" class=\"yoast-schema-graph\">{\"@context\":\"https:\/\/schema.org\",\"@graph\":[{\"@type\":\"WebPage\",\"@id\":\"https:\/\/www.sbkt.hr\/KT\/javnost-rada-upravnog-vijeca-bolnice\/\",\"url\":\"https:\/\/www.sbkt.hr\/KT\/javnost-rada-upravnog-vijeca-bolnice\/\",\"name\":\"Javnost rada Upravnog vije\u0107a Bolnice - sbkt.hr\",\"isPartOf\":{\"@id\":\"https:\/\/www.sbkt.hr\/KT\/#website\"},\"datePublished\":\"2017-10-12T09:12:42+00:00\",\"dateModified\":\"2017-12-04T12:04:16+00:00\",\"breadcrumb\":{\"@id\":\"https:\/\/www.sbkt.hr\/KT\/javnost-rada-upravnog-vijeca-bolnice\/#breadcrumb\"},\"inLanguage\":\"hr\",\"potentialAction\":[{\"@type\":\"ReadAction\",\"target\":[\"https:\/\/www.sbkt.hr\/KT\/javnost-rada-upravnog-vijeca-bolnice\/\"]}]},{\"@type\":\"BreadcrumbList\",\"@id\":\"https:\/\/www.sbkt.hr\/KT\/javnost-rada-upravnog-vijeca-bolnice\/#breadcrumb\",\"itemListElement\":[{\"@type\":\"ListItem\",\"position\":1,\"name\":\"Naslovna\",\"item\":\"https:\/\/www.sbkt.hr\/KT\/\"},{\"@type\":\"ListItem\",\"position\":2,\"name\":\"Javnost rada Upravnog vije\u0107a Bolnice\"}]},{\"@type\":\"WebSite\",\"@id\":\"https:\/\/www.sbkt.hr\/KT\/#website\",\"url\":\"https:\/\/www.sbkt.hr\/KT\/\",\"name\":\"sbkt.hr\",\"description\":\"Specijalna bolnica za medicinsku rehabilitaciju\",\"potentialAction\":[{\"@type\":\"SearchAction\",\"target\":{\"@type\":\"EntryPoint\",\"urlTemplate\":\"https:\/\/www.sbkt.hr\/KT\/?s={search_term_string}\"},\"query-input\":{\"@type\":\"PropertyValueSpecification\",\"valueRequired\":true,\"valueName\":\"search_term_string\"}}],\"inLanguage\":\"hr\"}]}<\/script>\n<!-- \/ Yoast SEO plugin. -->","yoast_head_json":{"title":"Javnost rada Upravnog vije\u0107a Bolnice - sbkt.hr","robots":{"index":"index","follow":"follow","max-snippet":"max-snippet:-1","max-image-preview":"max-image-preview:large","max-video-preview":"max-video-preview:-1"},"canonical":"https:\/\/www.sbkt.hr\/KT\/javnost-rada-upravnog-vijeca-bolnice\/","og_locale":"hr_HR","og_type":"article","og_title":"Javnost rada Upravnog vije\u0107a Bolnice - sbkt.hr","og_description":"Neposredan uvid u rad Upravnog vije\u0107a Bolnice osiguran je jednoj (1) fizi\u010dkoj osobi, bez prava sudjelovanja i odlu\u010divanja u radu tijela. Zahtjev za prisustvovanje sjednici Upravnog vije\u0107a podnosi se elektroni\u010dkom po\u0161tom na adresu: opca.sluzba@sbkt.hr, nakon objave poziva za sjednicu na web stranici Bolnice. Dopu\u0161tenje za prisustvovanje sjednici izdat \u0107e predsjednik Upravnog vije\u0107a Bolnice vode\u0107i ra\u010duna...","og_url":"https:\/\/www.sbkt.hr\/KT\/javnost-rada-upravnog-vijeca-bolnice\/","og_site_name":"sbkt.hr","article_modified_time":"2017-12-04T12:04:16+00:00","twitter_card":"summary_large_image","schema":{"@context":"https:\/\/schema.org","@graph":[{"@type":"WebPage","@id":"https:\/\/www.sbkt.hr\/KT\/javnost-rada-upravnog-vijeca-bolnice\/","url":"https:\/\/www.sbkt.hr\/KT\/javnost-rada-upravnog-vijeca-bolnice\/","name":"Javnost rada Upravnog vije\u0107a Bolnice - sbkt.hr","isPartOf":{"@id":"https:\/\/www.sbkt.hr\/KT\/#website"},"datePublished":"2017-10-12T09:12:42+00:00","dateModified":"2017-12-04T12:04:16+00:00","breadcrumb":{"@id":"https:\/\/www.sbkt.hr\/KT\/javnost-rada-upravnog-vijeca-bolnice\/#breadcrumb"},"inLanguage":"hr","potentialAction":[{"@type":"ReadAction","target":["https:\/\/www.sbkt.hr\/KT\/javnost-rada-upravnog-vijeca-bolnice\/"]}]},{"@type":"BreadcrumbList","@id":"https:\/\/www.sbkt.hr\/KT\/javnost-rada-upravnog-vijeca-bolnice\/#breadcrumb","itemListElement":[{"@type":"ListItem","position":1,"name":"Naslovna","item":"https:\/\/www.sbkt.hr\/KT\/"},{"@type":"ListItem","position":2,"name":"Javnost rada Upravnog vije\u0107a Bolnice"}]},{"@type":"WebSite","@id":"https:\/\/www.sbkt.hr\/KT\/#website","url":"https:\/\/www.sbkt.hr\/KT\/","name":"sbkt.hr","description":"Specijalna bolnica za medicinsku rehabilitaciju","potentialAction":[{"@type":"SearchAction","target":{"@type":"EntryPoint","urlTemplate":"https:\/\/www.sbkt.hr\/KT\/?s={search_term_string}"},"query-input":{"@type":"PropertyValueSpecification","valueRequired":true,"valueName":"search_term_string"}}],"inLanguage":"hr"}]}},"_links":{"self":[{"href":"https:\/\/www.sbkt.hr\/KT\/wp-json\/wp\/v2\/pages\/2143","targetHints":{"allow":["GET"]}}],"collection":[{"href":"https:\/\/www.sbkt.hr\/KT\/wp-json\/wp\/v2\/pages"}],"about":[{"href":"https:\/\/www.sbkt.hr\/KT\/wp-json\/wp\/v2\/types\/page"}],"author":[{"embeddable":true,"href":"https:\/\/www.sbkt.hr\/KT\/wp-json\/wp\/v2\/users\/1"}],"replies":[{"embeddable":true,"href":"https:\/\/www.sbkt.hr\/KT\/wp-json\/wp\/v2\/comments?post=2143"}],"version-history":[{"count":2,"href":"https:\/\/www.sbkt.hr\/KT\/wp-json\/wp\/v2\/pages\/2143\/revisions"}],"predecessor-version":[{"id":2283,"href":"https:\/\/www.sbkt.hr\/KT\/wp-json\/wp\/v2\/pages\/2143\/revisions\/2283"}],"wp:attachment":[{"href":"https:\/\/www.sbkt.hr\/KT\/wp-json\/wp\/v2\/media?parent=2143"}],"curies":[{"name":"wp","href":"https:\/\/api.w.org\/{rel}","templated":true}]}}