{"id":2492,"date":"2018-02-08T11:14:35","date_gmt":"2018-02-08T10:14:35","guid":{"rendered":"http:\/\/www.sbkt.hr\/KT\/?page_id=2492"},"modified":"2026-01-29T19:51:11","modified_gmt":"2026-01-29T18:51:11","slug":"godisnje-izvjesce-provedbi-zakona-pravu-pristup-informacijama","status":"publish","type":"page","link":"https:\/\/www.sbkt.hr\/KT\/godisnje-izvjesce-provedbi-zakona-pravu-pristup-informacijama\/","title":{"rendered":"Godi\u0161nje izvje\u0161\u0107e o provedbi ZPPI"},"content":{"rendered":"<ul>\n<li>Godi\u0161nje izvje\u0161\u0107e o provedbi Zakona o pravu na pristup informacijama za 2016. godinu\n<ul>\n<li><a href=\"https:\/\/www.sbkt.hr\/KT\/wp-content\/uploads\/2018\/02\/Godisnje_izvjesce_2016.pdf\">Izvje\u0161\u0107e u PDF formatu<\/a><\/li>\n<li><a href=\"https:\/\/www.sbkt.hr\/KT\/wp-content\/uploads\/2018\/02\/Godisnje_izvjesce_2016.csv\">Izvje\u0161\u0107e u CSV formatu<\/a><\/li>\n<\/ul>\n<\/li>\n<\/ul>\n<ul>\n<li>Godi\u0161nje izvje\u0161\u0107e o provedbi Zakona o pravu na pristup informacijama za 2017. godinu\n<ul>\n<li><a href=\"https:\/\/www.sbkt.hr\/KT\/wp-content\/uploads\/2018\/02\/Godisnje_izvjesce2017.pdf\">Izvje\u0161\u0107e u PDF formatu<\/a><\/li>\n<li><a href=\"https:\/\/www.sbkt.hr\/KT\/wp-content\/uploads\/2018\/02\/Godisnje_izvjesce_csv.csv\">Izvje\u0161\u0107e u CSV formatu<\/a><\/li>\n<\/ul>\n<\/li>\n<\/ul>\n<ul>\n<li>Godi\u0161nje izvje\u0161\u0107e o provedbi Zakona o pravu na pristup informacijama za 2018. godinu\n<ul>\n<li><a href=\"https:\/\/www.sbkt.hr\/KT\/wp-content\/uploads\/2020\/01\/Godisnje_izvjesce-ZPPI-2018.pdf\">Izvje\u0161\u0107e u PDF formatu<\/a><\/li>\n<li><a href=\"https:\/\/www.sbkt.hr\/KT\/wp-content\/uploads\/2020\/01\/Godisnje_izvjesce-ZPPI-2018.pdf\">Izvje\u0161\u0107e u CSV formatu<\/a><\/li>\n<\/ul>\n<\/li>\n<\/ul>\n<ul>\n<li>Godi\u0161nje izvje\u0161\u0107e o provedbi Zakona o pravu na pristup informacijama za 2019. godinu\n<ul>\n<li><a href=\"https:\/\/www.sbkt.hr\/KT\/wp-content\/uploads\/2020\/02\/Godisnje_izvjesce.pdf\">Izvje\u0161\u0107e u PDF formatu<\/a><\/li>\n<li><a href=\"https:\/\/www.sbkt.hr\/KT\/wp-content\/uploads\/2020\/02\/Godisnje_izvjesce1.csv\">Izvje\u0161\u0107e u CSV formatu<\/a><\/li>\n<\/ul>\n<\/li>\n<\/ul>\n<ul>\n<li>Godi\u0161nje izvje\u0161\u0107e o provedbi Zakona o pravu na pristup informacijama za 2020. godinu\n<ul>\n<li><a href=\"https:\/\/www.sbkt.hr\/KT\/wp-content\/uploads\/2021\/02\/Godisnje_izvjesce.pdf\">Izvje\u0161\u0107e u PDF formatu<\/a><\/li>\n<li><a href=\"https:\/\/www.sbkt.hr\/KT\/wp-content\/uploads\/2021\/02\/Godisnje_izvjesce.csv\">Izvje\u0161\u0107e u CSV formatu<\/a><\/li>\n<\/ul>\n<\/li>\n<\/ul>\n<ul>\n<li>Godi\u0161nje izvje\u0161\u0107e o provedbi Zakona o pravu na pristup informacijama za 2021. godinu\n<ul>\n<li><a href=\"https:\/\/www.sbkt.hr\/KT\/wp-content\/uploads\/2022\/02\/Godisnje_izvjesce-1.pdf\">Izvje\u0161\u0107e u PDF formatu<\/a><\/li>\n<li><a href=\"https:\/\/www.sbkt.hr\/KT\/wp-content\/uploads\/2022\/02\/Godisnje_izvjesce.zip\">Izvje\u0161\u0107e u CSV.zip formatu<\/a><\/li>\n<\/ul>\n<\/li>\n<\/ul>\n<ul>\n<li>Godi\u0161nje izvje\u0161\u0107e o provedbi Zakona o pravu na pristup informacijama za 2022. godinu\n<ul>\n<li><a href=\"https:\/\/www.sbkt.hr\/KT\/wp-content\/uploads\/2023\/02\/Godisnje_izvjesce.pdf\">Izvje\u0161\u0107e u PDF formatu<\/a><\/li>\n<li><a href=\"https:\/\/www.sbkt.hr\/KT\/wp-content\/uploads\/2023\/02\/Godisnje_izvjesce.zip\">Izvje\u0161\u0107e u CSV.zip formatu<\/a><\/li>\n<\/ul>\n<\/li>\n<\/ul>\n<ul>\n<li>Godi\u0161nje izvje\u0161\u0107e o provedbi Zakona o pravu na pristup informacijama za 2023. godinu\n<ul>\n<li><a href=\"https:\/\/www.sbkt.hr\/KT\/wp-content\/uploads\/2018\/02\/Godisnje_izvjesce.pdf\">Izvje\u0161\u0107e u PDF formatu<\/a><\/li>\n<li><a href=\"https:\/\/www.sbkt.hr\/KT\/wp-content\/uploads\/2018\/02\/Godisnje_izvjesce.zip\">Izvje\u0161\u0107e u CSV.zip formatu<\/a><\/li>\n<\/ul>\n<\/li>\n<\/ul>\n<ul>\n<li>Godi\u0161nje izvje\u0161\u0107e o provedbi Zakona o pravu na pristup informacijama za 2024. godinu\n<ul>\n<li><a href=\"https:\/\/www.sbkt.hr\/KT\/wp-content\/uploads\/2025\/01\/Godisnje_izvjesce.pdf\">Izvje\u0161\u0107e u PDF formatu<\/a><\/li>\n<li><a href=\"https:\/\/www.sbkt.hr\/KT\/wp-content\/uploads\/2025\/01\/Godisnje_izvjesce.zip\">Izvje\u0161\u0107e u CSV.zip formatu<\/a><\/li>\n<\/ul>\n<\/li>\n<\/ul>\n<ul>\n<li>Godi\u0161nje izvje\u0161\u0107e o provedbi Zakona o pravu na pristup informacijama za 2025. godinu\n<ul>\n<li><a href=\"https:\/\/www.sbkt.hr\/KT\/wp-content\/uploads\/2026\/01\/Godisnje_izvjesce.pdf\">Izvje\u0161\u0107e u PDF formatu<\/a><\/li>\n<li><a href=\"https:\/\/www.sbkt.hr\/KT\/wp-content\/uploads\/2026\/01\/Godisnje_izvjesce.zip.zip\">Izvje\u0161\u0107e u CSV.zip formatu<\/a><\/li>\n<\/ul>\n<\/li>\n<\/ul>\n","protected":false},"excerpt":{"rendered":"<p>Godi\u0161nje izvje\u0161\u0107e o provedbi Zakona o pravu na pristup informacijama za 2016. godinu Izvje\u0161\u0107e u PDF formatu Izvje\u0161\u0107e u CSV formatu Godi\u0161nje izvje\u0161\u0107e o provedbi Zakona o pravu na pristup informacijama za 2017. godinu Izvje\u0161\u0107e u PDF formatu Izvje\u0161\u0107e u CSV formatu Godi\u0161nje izvje\u0161\u0107e o provedbi Zakona o pravu na pristup informacijama za 2018. godinu&#8230; <\/p>\n","protected":false},"author":1,"featured_media":0,"parent":0,"menu_order":0,"comment_status":"closed","ping_status":"closed","template":"","meta":{"footnotes":""},"class_list":["post-2492","page","type-page","status-publish","hentry"],"yoast_head":"<!-- This site is optimized with the Yoast SEO plugin v24.9 - https:\/\/yoast.com\/wordpress\/plugins\/seo\/ -->\n<title>Godi\u0161nje izvje\u0161\u0107e o provedbi ZPPI - sbkt.hr<\/title>\n<meta name=\"robots\" content=\"index, follow, max-snippet:-1, max-image-preview:large, max-video-preview:-1\" \/>\n<link rel=\"canonical\" href=\"https:\/\/www.sbkt.hr\/KT\/godisnje-izvjesce-provedbi-zakona-pravu-pristup-informacijama\/\" \/>\n<meta property=\"og:locale\" content=\"hr_HR\" \/>\n<meta property=\"og:type\" content=\"article\" \/>\n<meta property=\"og:title\" content=\"Godi\u0161nje izvje\u0161\u0107e o provedbi ZPPI - sbkt.hr\" \/>\n<meta property=\"og:description\" content=\"Godi\u0161nje izvje\u0161\u0107e o provedbi Zakona o pravu na pristup informacijama za 2016. godinu Izvje\u0161\u0107e u PDF formatu Izvje\u0161\u0107e u CSV formatu Godi\u0161nje izvje\u0161\u0107e o provedbi Zakona o pravu na pristup informacijama za 2017. godinu Izvje\u0161\u0107e u PDF formatu Izvje\u0161\u0107e u CSV formatu Godi\u0161nje izvje\u0161\u0107e o provedbi Zakona o pravu na pristup informacijama za 2018. godinu...\" \/>\n<meta property=\"og:url\" content=\"https:\/\/www.sbkt.hr\/KT\/godisnje-izvjesce-provedbi-zakona-pravu-pristup-informacijama\/\" \/>\n<meta property=\"og:site_name\" content=\"sbkt.hr\" \/>\n<meta property=\"article:modified_time\" content=\"2026-01-29T18:51:11+00:00\" \/>\n<meta name=\"twitter:card\" content=\"summary_large_image\" \/>\n<meta name=\"twitter:label1\" content=\"Procijenjeno vrijeme \u010ditanja\" \/>\n\t<meta name=\"twitter:data1\" content=\"2 minute\" \/>\n<script type=\"application\/ld+json\" class=\"yoast-schema-graph\">{\"@context\":\"https:\/\/schema.org\",\"@graph\":[{\"@type\":\"WebPage\",\"@id\":\"https:\/\/www.sbkt.hr\/KT\/godisnje-izvjesce-provedbi-zakona-pravu-pristup-informacijama\/\",\"url\":\"https:\/\/www.sbkt.hr\/KT\/godisnje-izvjesce-provedbi-zakona-pravu-pristup-informacijama\/\",\"name\":\"Godi\u0161nje izvje\u0161\u0107e o provedbi ZPPI - sbkt.hr\",\"isPartOf\":{\"@id\":\"https:\/\/www.sbkt.hr\/KT\/#website\"},\"datePublished\":\"2018-02-08T10:14:35+00:00\",\"dateModified\":\"2026-01-29T18:51:11+00:00\",\"breadcrumb\":{\"@id\":\"https:\/\/www.sbkt.hr\/KT\/godisnje-izvjesce-provedbi-zakona-pravu-pristup-informacijama\/#breadcrumb\"},\"inLanguage\":\"hr\",\"potentialAction\":[{\"@type\":\"ReadAction\",\"target\":[\"https:\/\/www.sbkt.hr\/KT\/godisnje-izvjesce-provedbi-zakona-pravu-pristup-informacijama\/\"]}]},{\"@type\":\"BreadcrumbList\",\"@id\":\"https:\/\/www.sbkt.hr\/KT\/godisnje-izvjesce-provedbi-zakona-pravu-pristup-informacijama\/#breadcrumb\",\"itemListElement\":[{\"@type\":\"ListItem\",\"position\":1,\"name\":\"Naslovna\",\"item\":\"https:\/\/www.sbkt.hr\/KT\/\"},{\"@type\":\"ListItem\",\"position\":2,\"name\":\"Godi\u0161nje izvje\u0161\u0107e o provedbi ZPPI\"}]},{\"@type\":\"WebSite\",\"@id\":\"https:\/\/www.sbkt.hr\/KT\/#website\",\"url\":\"https:\/\/www.sbkt.hr\/KT\/\",\"name\":\"sbkt.hr\",\"description\":\"Specijalna bolnica za medicinsku rehabilitaciju\",\"potentialAction\":[{\"@type\":\"SearchAction\",\"target\":{\"@type\":\"EntryPoint\",\"urlTemplate\":\"https:\/\/www.sbkt.hr\/KT\/?s={search_term_string}\"},\"query-input\":{\"@type\":\"PropertyValueSpecification\",\"valueRequired\":true,\"valueName\":\"search_term_string\"}}],\"inLanguage\":\"hr\"}]}<\/script>\n<!-- \/ Yoast SEO plugin. -->","yoast_head_json":{"title":"Godi\u0161nje izvje\u0161\u0107e o provedbi ZPPI - sbkt.hr","robots":{"index":"index","follow":"follow","max-snippet":"max-snippet:-1","max-image-preview":"max-image-preview:large","max-video-preview":"max-video-preview:-1"},"canonical":"https:\/\/www.sbkt.hr\/KT\/godisnje-izvjesce-provedbi-zakona-pravu-pristup-informacijama\/","og_locale":"hr_HR","og_type":"article","og_title":"Godi\u0161nje izvje\u0161\u0107e o provedbi ZPPI - sbkt.hr","og_description":"Godi\u0161nje izvje\u0161\u0107e o provedbi Zakona o pravu na pristup informacijama za 2016. godinu Izvje\u0161\u0107e u PDF formatu Izvje\u0161\u0107e u CSV formatu Godi\u0161nje izvje\u0161\u0107e o provedbi Zakona o pravu na pristup informacijama za 2017. godinu Izvje\u0161\u0107e u PDF formatu Izvje\u0161\u0107e u CSV formatu Godi\u0161nje izvje\u0161\u0107e o provedbi Zakona o pravu na pristup informacijama za 2018. godinu...","og_url":"https:\/\/www.sbkt.hr\/KT\/godisnje-izvjesce-provedbi-zakona-pravu-pristup-informacijama\/","og_site_name":"sbkt.hr","article_modified_time":"2026-01-29T18:51:11+00:00","twitter_card":"summary_large_image","twitter_misc":{"Procijenjeno vrijeme \u010ditanja":"2 minute"},"schema":{"@context":"https:\/\/schema.org","@graph":[{"@type":"WebPage","@id":"https:\/\/www.sbkt.hr\/KT\/godisnje-izvjesce-provedbi-zakona-pravu-pristup-informacijama\/","url":"https:\/\/www.sbkt.hr\/KT\/godisnje-izvjesce-provedbi-zakona-pravu-pristup-informacijama\/","name":"Godi\u0161nje izvje\u0161\u0107e o provedbi ZPPI - sbkt.hr","isPartOf":{"@id":"https:\/\/www.sbkt.hr\/KT\/#website"},"datePublished":"2018-02-08T10:14:35+00:00","dateModified":"2026-01-29T18:51:11+00:00","breadcrumb":{"@id":"https:\/\/www.sbkt.hr\/KT\/godisnje-izvjesce-provedbi-zakona-pravu-pristup-informacijama\/#breadcrumb"},"inLanguage":"hr","potentialAction":[{"@type":"ReadAction","target":["https:\/\/www.sbkt.hr\/KT\/godisnje-izvjesce-provedbi-zakona-pravu-pristup-informacijama\/"]}]},{"@type":"BreadcrumbList","@id":"https:\/\/www.sbkt.hr\/KT\/godisnje-izvjesce-provedbi-zakona-pravu-pristup-informacijama\/#breadcrumb","itemListElement":[{"@type":"ListItem","position":1,"name":"Naslovna","item":"https:\/\/www.sbkt.hr\/KT\/"},{"@type":"ListItem","position":2,"name":"Godi\u0161nje izvje\u0161\u0107e o provedbi ZPPI"}]},{"@type":"WebSite","@id":"https:\/\/www.sbkt.hr\/KT\/#website","url":"https:\/\/www.sbkt.hr\/KT\/","name":"sbkt.hr","description":"Specijalna bolnica za medicinsku rehabilitaciju","potentialAction":[{"@type":"SearchAction","target":{"@type":"EntryPoint","urlTemplate":"https:\/\/www.sbkt.hr\/KT\/?s={search_term_string}"},"query-input":{"@type":"PropertyValueSpecification","valueRequired":true,"valueName":"search_term_string"}}],"inLanguage":"hr"}]}},"_links":{"self":[{"href":"https:\/\/www.sbkt.hr\/KT\/wp-json\/wp\/v2\/pages\/2492","targetHints":{"allow":["GET"]}}],"collection":[{"href":"https:\/\/www.sbkt.hr\/KT\/wp-json\/wp\/v2\/pages"}],"about":[{"href":"https:\/\/www.sbkt.hr\/KT\/wp-json\/wp\/v2\/types\/page"}],"author":[{"embeddable":true,"href":"https:\/\/www.sbkt.hr\/KT\/wp-json\/wp\/v2\/users\/1"}],"replies":[{"embeddable":true,"href":"https:\/\/www.sbkt.hr\/KT\/wp-json\/wp\/v2\/comments?post=2492"}],"version-history":[{"count":23,"href":"https:\/\/www.sbkt.hr\/KT\/wp-json\/wp\/v2\/pages\/2492\/revisions"}],"predecessor-version":[{"id":11763,"href":"https:\/\/www.sbkt.hr\/KT\/wp-json\/wp\/v2\/pages\/2492\/revisions\/11763"}],"wp:attachment":[{"href":"https:\/\/www.sbkt.hr\/KT\/wp-json\/wp\/v2\/media?parent=2492"}],"curies":[{"name":"wp","href":"https:\/\/api.w.org\/{rel}","templated":true}]}}