{"id":2941,"date":"2018-06-07T12:26:43","date_gmt":"2018-06-07T10:26:43","guid":{"rendered":"https:\/\/www.sbkt.hr\/KT\/?page_id=2941"},"modified":"2020-07-23T14:09:57","modified_gmt":"2020-07-23T12:09:57","slug":"zastita-osobnih-podataka","status":"publish","type":"page","link":"https:\/\/www.sbkt.hr\/KT\/zastita-osobnih-podataka\/","title":{"rendered":"Za\u0161tita osobnih podataka"},"content":{"rendered":"<h4><\/h4>\n<h4><\/h4>\n<h4>Op\u0107a uredba o za\u0161titi osobnih podataka:<\/h4>\n<p><a href=\"https:\/\/eur-lex.europa.eu\/legal-content\/HR\/TXT\/?uri=celex%3A32016R0679\" target=\"_blank\" rel=\"noopener\">https:\/\/eur-lex.europa.eu\/legal-content\/HR\/TXT\/?uri=celex%3A32016R0679<\/a><\/p>\n<p>&nbsp;<\/p>\n<h4><\/h4>\n<h4>Zakon o provedbi op\u0107e uredbe o za\u0161titi podataka (NN 42\/2018):<\/h4>\n<p><a href=\"https:\/\/narodne-novine.nn.hr\/clanci\/sluzbeni\/2018_05_42_805.html\" target=\"_blank\" rel=\"noopener\">https:\/\/narodne-novine.nn.hr\/clanci\/sluzbeni\/2018_05_42_805.html<\/a><\/p>\n<p>&nbsp;<\/p>\n<h4><\/h4>\n<h4>Politika za\u0161tite osobnih podataka i zahtjevi:<\/h4>\n<ul>\n<li><a href=\"https:\/\/intranet.sbkt.hr\/wp\/wp-content\/uploads\/2020\/07\/Politika-za\u0161tite-osobnih-podataka-korisnika-usluga.docx\">Politika za\u0161tite osobnih podataka korisnika usluga.dcx<\/a><\/li>\n<li><a href=\"https:\/\/intranet.sbkt.hr\/wp\/wp-content\/uploads\/2020\/07\/Zahtjev-za-pristup-osobnim-podacima.docx\">Zahtjev za pristup osobnim podacima.dcx<\/a><\/li>\n<li><a href=\"https:\/\/intranet.sbkt.hr\/wp\/wp-content\/uploads\/2020\/07\/Zahtjev-za-brisanje-osobnih-podataka.docx\">Zahtjev za brisanje osobnih podataka.dcx<\/a><\/li>\n<li><a href=\"https:\/\/intranet.sbkt.hr\/wp\/wp-content\/uploads\/2020\/07\/Zahtjev-za-ispravak-ili-dopunu-osobnih-podataka.docx\">Zahtjev za ispravak ili dopunu osobnih podataka.dcx<\/a><\/li>\n<li><a href=\"https:\/\/intranet.sbkt.hr\/wp\/wp-content\/uploads\/2020\/07\/Zahtjev-za-ograni\u010denje-obrade-osobnih-podataka.docx\">Zahtjev za ograni\u010denje obrade osobnih podataka.dcx<\/a><\/li>\n<li><a href=\"https:\/\/intranet.sbkt.hr\/wp\/wp-content\/uploads\/2020\/07\/Prigovor-na-obradu-osobnih-podataka.docx\">Prigovor na obradu osobnih podataka.dcx<\/a><\/li>\n<li><a href=\"https:\/\/intranet.sbkt.hr\/wp\/wp-content\/uploads\/2020\/07\/Privola-za-obradu-osobnih-podataka.docx\">Privola za obradu osobnih podataka.dcx<\/a><\/li>\n<\/ul>\n<p>&nbsp;<\/p>\n<h4><\/h4>\n<h4>Obavijest o slanju\/preuzimanju nalaza:<\/h4>\n<p><a href=\"https:\/\/www.sbkt.hr\/KT\/wp-content\/uploads\/2018\/06\/Obavijest_pacijentima_o_slanju_odnosno_preuzimanju_nalaza.pdf\">Obavijest pacijentima o slanju, odnosno preuzimanju nalaza.pdf<\/a><\/p>\n<h4><\/h4>\n<h4><\/h4>\n<h4>Podaci slu\u017ebenika za za\u0161titu podataka su:<\/h4>\n<p>Email: <a href=\"mailto:zastita.osobnih.podataka@sbkt.hr\" target=\"_blank\" rel=\"noopener\">zastita.osobnih.podataka@sbkt.hr<\/a><\/p>\n<p>Tel.: 049 383 343<\/p>\n<p>Fax: 049 232 140<\/p>\n","protected":false},"excerpt":{"rendered":"<p>Op\u0107a uredba o za\u0161titi osobnih podataka: https:\/\/eur-lex.europa.eu\/legal-content\/HR\/TXT\/?uri=celex%3A32016R0679 &nbsp; Zakon o provedbi op\u0107e uredbe o za\u0161titi podataka (NN 42\/2018): https:\/\/narodne-novine.nn.hr\/clanci\/sluzbeni\/2018_05_42_805.html &nbsp; Politika za\u0161tite osobnih podataka i zahtjevi: Politika za\u0161tite osobnih podataka korisnika usluga.dcx Zahtjev za pristup osobnim podacima.dcx Zahtjev za brisanje osobnih podataka.dcx Zahtjev za ispravak ili dopunu osobnih podataka.dcx Zahtjev za ograni\u010denje obrade osobnih podataka.dcx&#8230; <\/p>\n","protected":false},"author":1,"featured_media":0,"parent":0,"menu_order":0,"comment_status":"closed","ping_status":"closed","template":"","meta":{"footnotes":""},"class_list":["post-2941","page","type-page","status-publish","hentry"],"yoast_head":"<!-- This site is optimized with the Yoast SEO plugin v24.9 - https:\/\/yoast.com\/wordpress\/plugins\/seo\/ -->\n<title>Za\u0161tita osobnih podataka - sbkt.hr<\/title>\n<meta name=\"robots\" content=\"index, follow, max-snippet:-1, max-image-preview:large, max-video-preview:-1\" \/>\n<link rel=\"canonical\" href=\"https:\/\/www.sbkt.hr\/KT\/zastita-osobnih-podataka\/\" \/>\n<meta property=\"og:locale\" content=\"hr_HR\" \/>\n<meta property=\"og:type\" content=\"article\" \/>\n<meta property=\"og:title\" content=\"Za\u0161tita osobnih podataka - sbkt.hr\" \/>\n<meta property=\"og:description\" content=\"Op\u0107a uredba o za\u0161titi osobnih podataka: https:\/\/eur-lex.europa.eu\/legal-content\/HR\/TXT\/?uri=celex%3A32016R0679 &nbsp; Zakon o provedbi op\u0107e uredbe o za\u0161titi podataka (NN 42\/2018): https:\/\/narodne-novine.nn.hr\/clanci\/sluzbeni\/2018_05_42_805.html &nbsp; Politika za\u0161tite osobnih podataka i zahtjevi: Politika za\u0161tite osobnih podataka korisnika usluga.dcx Zahtjev za pristup osobnim podacima.dcx Zahtjev za brisanje osobnih podataka.dcx Zahtjev za ispravak ili dopunu osobnih podataka.dcx Zahtjev za ograni\u010denje obrade osobnih podataka.dcx...\" \/>\n<meta property=\"og:url\" content=\"https:\/\/www.sbkt.hr\/KT\/zastita-osobnih-podataka\/\" \/>\n<meta property=\"og:site_name\" content=\"sbkt.hr\" \/>\n<meta property=\"article:modified_time\" content=\"2020-07-23T12:09:57+00:00\" \/>\n<meta name=\"twitter:card\" content=\"summary_large_image\" \/>\n<meta name=\"twitter:label1\" content=\"Procijenjeno vrijeme \u010ditanja\" \/>\n\t<meta name=\"twitter:data1\" content=\"1 minuta\" \/>\n<script type=\"application\/ld+json\" class=\"yoast-schema-graph\">{\"@context\":\"https:\/\/schema.org\",\"@graph\":[{\"@type\":\"WebPage\",\"@id\":\"https:\/\/www.sbkt.hr\/KT\/zastita-osobnih-podataka\/\",\"url\":\"https:\/\/www.sbkt.hr\/KT\/zastita-osobnih-podataka\/\",\"name\":\"Za\u0161tita osobnih podataka - sbkt.hr\",\"isPartOf\":{\"@id\":\"https:\/\/www.sbkt.hr\/KT\/#website\"},\"datePublished\":\"2018-06-07T10:26:43+00:00\",\"dateModified\":\"2020-07-23T12:09:57+00:00\",\"breadcrumb\":{\"@id\":\"https:\/\/www.sbkt.hr\/KT\/zastita-osobnih-podataka\/#breadcrumb\"},\"inLanguage\":\"hr\",\"potentialAction\":[{\"@type\":\"ReadAction\",\"target\":[\"https:\/\/www.sbkt.hr\/KT\/zastita-osobnih-podataka\/\"]}]},{\"@type\":\"BreadcrumbList\",\"@id\":\"https:\/\/www.sbkt.hr\/KT\/zastita-osobnih-podataka\/#breadcrumb\",\"itemListElement\":[{\"@type\":\"ListItem\",\"position\":1,\"name\":\"Naslovna\",\"item\":\"https:\/\/www.sbkt.hr\/KT\/\"},{\"@type\":\"ListItem\",\"position\":2,\"name\":\"Za\u0161tita osobnih podataka\"}]},{\"@type\":\"WebSite\",\"@id\":\"https:\/\/www.sbkt.hr\/KT\/#website\",\"url\":\"https:\/\/www.sbkt.hr\/KT\/\",\"name\":\"sbkt.hr\",\"description\":\"Specijalna bolnica za medicinsku rehabilitaciju\",\"potentialAction\":[{\"@type\":\"SearchAction\",\"target\":{\"@type\":\"EntryPoint\",\"urlTemplate\":\"https:\/\/www.sbkt.hr\/KT\/?s={search_term_string}\"},\"query-input\":{\"@type\":\"PropertyValueSpecification\",\"valueRequired\":true,\"valueName\":\"search_term_string\"}}],\"inLanguage\":\"hr\"}]}<\/script>\n<!-- \/ Yoast SEO plugin. -->","yoast_head_json":{"title":"Za\u0161tita osobnih podataka - sbkt.hr","robots":{"index":"index","follow":"follow","max-snippet":"max-snippet:-1","max-image-preview":"max-image-preview:large","max-video-preview":"max-video-preview:-1"},"canonical":"https:\/\/www.sbkt.hr\/KT\/zastita-osobnih-podataka\/","og_locale":"hr_HR","og_type":"article","og_title":"Za\u0161tita osobnih podataka - sbkt.hr","og_description":"Op\u0107a uredba o za\u0161titi osobnih podataka: https:\/\/eur-lex.europa.eu\/legal-content\/HR\/TXT\/?uri=celex%3A32016R0679 &nbsp; Zakon o provedbi op\u0107e uredbe o za\u0161titi podataka (NN 42\/2018): https:\/\/narodne-novine.nn.hr\/clanci\/sluzbeni\/2018_05_42_805.html &nbsp; Politika za\u0161tite osobnih podataka i zahtjevi: Politika za\u0161tite osobnih podataka korisnika usluga.dcx Zahtjev za pristup osobnim podacima.dcx Zahtjev za brisanje osobnih podataka.dcx Zahtjev za ispravak ili dopunu osobnih podataka.dcx Zahtjev za ograni\u010denje obrade osobnih podataka.dcx...","og_url":"https:\/\/www.sbkt.hr\/KT\/zastita-osobnih-podataka\/","og_site_name":"sbkt.hr","article_modified_time":"2020-07-23T12:09:57+00:00","twitter_card":"summary_large_image","twitter_misc":{"Procijenjeno vrijeme \u010ditanja":"1 minuta"},"schema":{"@context":"https:\/\/schema.org","@graph":[{"@type":"WebPage","@id":"https:\/\/www.sbkt.hr\/KT\/zastita-osobnih-podataka\/","url":"https:\/\/www.sbkt.hr\/KT\/zastita-osobnih-podataka\/","name":"Za\u0161tita osobnih podataka - sbkt.hr","isPartOf":{"@id":"https:\/\/www.sbkt.hr\/KT\/#website"},"datePublished":"2018-06-07T10:26:43+00:00","dateModified":"2020-07-23T12:09:57+00:00","breadcrumb":{"@id":"https:\/\/www.sbkt.hr\/KT\/zastita-osobnih-podataka\/#breadcrumb"},"inLanguage":"hr","potentialAction":[{"@type":"ReadAction","target":["https:\/\/www.sbkt.hr\/KT\/zastita-osobnih-podataka\/"]}]},{"@type":"BreadcrumbList","@id":"https:\/\/www.sbkt.hr\/KT\/zastita-osobnih-podataka\/#breadcrumb","itemListElement":[{"@type":"ListItem","position":1,"name":"Naslovna","item":"https:\/\/www.sbkt.hr\/KT\/"},{"@type":"ListItem","position":2,"name":"Za\u0161tita osobnih podataka"}]},{"@type":"WebSite","@id":"https:\/\/www.sbkt.hr\/KT\/#website","url":"https:\/\/www.sbkt.hr\/KT\/","name":"sbkt.hr","description":"Specijalna bolnica za medicinsku rehabilitaciju","potentialAction":[{"@type":"SearchAction","target":{"@type":"EntryPoint","urlTemplate":"https:\/\/www.sbkt.hr\/KT\/?s={search_term_string}"},"query-input":{"@type":"PropertyValueSpecification","valueRequired":true,"valueName":"search_term_string"}}],"inLanguage":"hr"}]}},"_links":{"self":[{"href":"https:\/\/www.sbkt.hr\/KT\/wp-json\/wp\/v2\/pages\/2941","targetHints":{"allow":["GET"]}}],"collection":[{"href":"https:\/\/www.sbkt.hr\/KT\/wp-json\/wp\/v2\/pages"}],"about":[{"href":"https:\/\/www.sbkt.hr\/KT\/wp-json\/wp\/v2\/types\/page"}],"author":[{"embeddable":true,"href":"https:\/\/www.sbkt.hr\/KT\/wp-json\/wp\/v2\/users\/1"}],"replies":[{"embeddable":true,"href":"https:\/\/www.sbkt.hr\/KT\/wp-json\/wp\/v2\/comments?post=2941"}],"version-history":[{"count":14,"href":"https:\/\/www.sbkt.hr\/KT\/wp-json\/wp\/v2\/pages\/2941\/revisions"}],"predecessor-version":[{"id":4675,"href":"https:\/\/www.sbkt.hr\/KT\/wp-json\/wp\/v2\/pages\/2941\/revisions\/4675"}],"wp:attachment":[{"href":"https:\/\/www.sbkt.hr\/KT\/wp-json\/wp\/v2\/media?parent=2941"}],"curies":[{"name":"wp","href":"https:\/\/api.w.org\/{rel}","templated":true}]}}