{"id":3052,"date":"2018-07-17T16:00:02","date_gmt":"2018-07-17T14:00:02","guid":{"rendered":"https:\/\/www.sbkt.hr\/KT\/?page_id=3052"},"modified":"2024-07-18T10:24:59","modified_gmt":"2024-07-18T08:24:59","slug":"ankete","status":"publish","type":"page","link":"https:\/\/www.sbkt.hr\/KT\/ankete\/","title":{"rendered":"Ankete o iskustvu i zadovoljstvu pacijenata"},"content":{"rendered":"<div id=\"pl-3052\"  class=\"panel-layout\" ><div id=\"pg-3052-0\"  class=\"panel-grid panel-no-style\" ><div id=\"pgc-3052-0-0\"  class=\"panel-grid-cell\" ><div id=\"panel-3052-0-0-0\" class=\"so-panel widget widget_sow-editor panel-first-child panel-last-child\" data-index=\"0\" ><div\n\t\t\t\n\t\t\tclass=\"so-widget-sow-editor so-widget-sow-editor-base\"\n\t\t\t\n\t\t>\n<div class=\"siteorigin-widget-tinymce textwidget\">\n\t<p>Po\u0161tovani pacijenti,<\/p>\n<p>Kako bi Vam osigurali \u0161to bolju kvalitetu lije\u010denja i njege, pripremili smo ankete \u010diji podaci i rezultati \u0107e se koristiti isklju\u010divo u svrhu pobolj\u0161anja kvalitete zdravstvene skrbi te za redovna izvje\u0161\u0107a Agenciji za kvalitetu i akreditaciju u zdravstvu i socijalnoj skrbi.<br \/> Molimo Vas da svoja opa\u017eanja i iskustva tijekom boravka u zdravstvenoj ustanovi (hospitalizacije na odjelu ili posjeta lije\u010dniku u ordinaciji) izrazite odgovorima na pitanja.<br \/> Ispunjavanje ankete anonimno je i dobrovoljno te traje nekoliko minuta.<\/p>\n<p>Zahvaljujemo!<\/p>\n<\/div>\n<\/div><\/div><\/div><\/div><div id=\"pg-3052-1\"  class=\"panel-grid panel-no-style\" ><div id=\"pgc-3052-1-0\"  class=\"panel-grid-cell\" ><div id=\"panel-3052-1-0-0\" class=\"so-panel widget widget_ink-buttons panel-first-child panel-last-child\" data-index=\"1\" ><div\n\t\t\t\n\t\t\tclass=\"so-widget-ink-buttons so-widget-ink-buttons-buttons-7068df0e1158-3052\"\n\t\t\t\n\t\t>\n<div class=\"iw-so-button-base\">\n\n\t<a class=\"iw-so-button iw-so-button-hover iw-so-button-click\" href=\"https:\/\/www.sbkt.hr\/KT\/anketa-bolnicka-zdravstvena-ustanova\/\" id=\"anketa1\" >\n\t\t\t\tAnketa o iskustvu i zadovoljstvu pacijenata u bolni\u010dkoj zdravstvenoj ustanovi\t<\/a>\n\n<\/div>\n<\/div><\/div><\/div><div id=\"pgc-3052-1-1\"  class=\"panel-grid-cell panel-grid-cell-empty\" ><\/div><div id=\"pgc-3052-1-2\"  class=\"panel-grid-cell\" ><div id=\"panel-3052-1-2-0\" class=\"so-panel widget widget_ink-buttons panel-first-child panel-last-child\" data-index=\"2\" ><div\n\t\t\t\n\t\t\tclass=\"so-widget-ink-buttons so-widget-ink-buttons-buttons-7068df0e1158-3052\"\n\t\t\t\n\t\t>\n<div class=\"iw-so-button-base\">\n\n\t<a class=\"iw-so-button iw-so-button-hover iw-so-button-click\" href=\"https:\/\/www.sbkt.hr\/KT\/anketa-iskustvu-zadovoljstvu-pacijenata-ordinaciji\/\" id=\"anketa2\" >\n\t\t\t\tAnketa o iskustvu i zadovoljstvu pacijenata u ordinaciji\t<\/a>\n\n<\/div>\n<\/div><\/div><\/div><\/div><\/div>","protected":false},"excerpt":{"rendered":"<p>Po\u0161tovani pacijenti,Kako bi Vam osigurali \u0161to bolju kvalitetu lije\u010denja i njege, pripremili smo ankete \u010diji podaci i rezultati \u0107e se koristiti isklju\u010divo u svrhu pobolj\u0161anja kvalitete zdravstvene skrbi te za redovna izvje\u0161\u0107a Agenciji za kvalitetu i akreditaciju u zdravstvu i socijalnoj skrbi. Molimo Vas da svoja opa\u017eanja i iskustva tijekom boravka u zdravstvenoj ustanovi (hospitalizacije&#8230; <\/p>\n","protected":false},"author":1,"featured_media":0,"parent":0,"menu_order":0,"comment_status":"closed","ping_status":"closed","template":"","meta":{"footnotes":""},"class_list":["post-3052","page","type-page","status-publish","hentry"],"yoast_head":"<!-- This site is optimized with the Yoast SEO plugin v24.9 - https:\/\/yoast.com\/wordpress\/plugins\/seo\/ -->\n<title>Ankete o iskustvu i zadovoljstvu pacijenata - sbkt.hr<\/title>\n<meta name=\"robots\" content=\"index, follow, max-snippet:-1, max-image-preview:large, max-video-preview:-1\" \/>\n<link rel=\"canonical\" href=\"https:\/\/www.sbkt.hr\/KT\/ankete\/\" \/>\n<meta property=\"og:locale\" content=\"hr_HR\" \/>\n<meta property=\"og:type\" content=\"article\" \/>\n<meta property=\"og:title\" content=\"Ankete o iskustvu i zadovoljstvu pacijenata - sbkt.hr\" \/>\n<meta property=\"og:description\" content=\"Po\u0161tovani pacijenti,Kako bi Vam osigurali \u0161to bolju kvalitetu lije\u010denja i njege, pripremili smo ankete \u010diji podaci i rezultati \u0107e se koristiti isklju\u010divo u svrhu pobolj\u0161anja kvalitete zdravstvene skrbi te za redovna izvje\u0161\u0107a Agenciji za kvalitetu i akreditaciju u zdravstvu i socijalnoj skrbi. Molimo Vas da svoja opa\u017eanja i iskustva tijekom boravka u zdravstvenoj ustanovi (hospitalizacije...\" \/>\n<meta property=\"og:url\" content=\"https:\/\/www.sbkt.hr\/KT\/ankete\/\" \/>\n<meta property=\"og:site_name\" content=\"sbkt.hr\" \/>\n<meta property=\"article:modified_time\" content=\"2024-07-18T08:24:59+00:00\" \/>\n<meta name=\"twitter:card\" content=\"summary_large_image\" \/>\n<meta name=\"twitter:label1\" content=\"Procijenjeno vrijeme \u010ditanja\" \/>\n\t<meta name=\"twitter:data1\" content=\"1 minuta\" \/>\n<script type=\"application\/ld+json\" class=\"yoast-schema-graph\">{\"@context\":\"https:\/\/schema.org\",\"@graph\":[{\"@type\":\"WebPage\",\"@id\":\"https:\/\/www.sbkt.hr\/KT\/ankete\/\",\"url\":\"https:\/\/www.sbkt.hr\/KT\/ankete\/\",\"name\":\"Ankete o iskustvu i zadovoljstvu pacijenata - sbkt.hr\",\"isPartOf\":{\"@id\":\"https:\/\/www.sbkt.hr\/KT\/#website\"},\"datePublished\":\"2018-07-17T14:00:02+00:00\",\"dateModified\":\"2024-07-18T08:24:59+00:00\",\"breadcrumb\":{\"@id\":\"https:\/\/www.sbkt.hr\/KT\/ankete\/#breadcrumb\"},\"inLanguage\":\"hr\",\"potentialAction\":[{\"@type\":\"ReadAction\",\"target\":[\"https:\/\/www.sbkt.hr\/KT\/ankete\/\"]}]},{\"@type\":\"BreadcrumbList\",\"@id\":\"https:\/\/www.sbkt.hr\/KT\/ankete\/#breadcrumb\",\"itemListElement\":[{\"@type\":\"ListItem\",\"position\":1,\"name\":\"Naslovna\",\"item\":\"https:\/\/www.sbkt.hr\/KT\/\"},{\"@type\":\"ListItem\",\"position\":2,\"name\":\"Ankete o iskustvu i zadovoljstvu pacijenata\"}]},{\"@type\":\"WebSite\",\"@id\":\"https:\/\/www.sbkt.hr\/KT\/#website\",\"url\":\"https:\/\/www.sbkt.hr\/KT\/\",\"name\":\"sbkt.hr\",\"description\":\"Specijalna bolnica za medicinsku rehabilitaciju\",\"potentialAction\":[{\"@type\":\"SearchAction\",\"target\":{\"@type\":\"EntryPoint\",\"urlTemplate\":\"https:\/\/www.sbkt.hr\/KT\/?s={search_term_string}\"},\"query-input\":{\"@type\":\"PropertyValueSpecification\",\"valueRequired\":true,\"valueName\":\"search_term_string\"}}],\"inLanguage\":\"hr\"}]}<\/script>\n<!-- \/ Yoast SEO plugin. -->","yoast_head_json":{"title":"Ankete o iskustvu i zadovoljstvu pacijenata - sbkt.hr","robots":{"index":"index","follow":"follow","max-snippet":"max-snippet:-1","max-image-preview":"max-image-preview:large","max-video-preview":"max-video-preview:-1"},"canonical":"https:\/\/www.sbkt.hr\/KT\/ankete\/","og_locale":"hr_HR","og_type":"article","og_title":"Ankete o iskustvu i zadovoljstvu pacijenata - sbkt.hr","og_description":"Po\u0161tovani pacijenti,Kako bi Vam osigurali \u0161to bolju kvalitetu lije\u010denja i njege, pripremili smo ankete \u010diji podaci i rezultati \u0107e se koristiti isklju\u010divo u svrhu pobolj\u0161anja kvalitete zdravstvene skrbi te za redovna izvje\u0161\u0107a Agenciji za kvalitetu i akreditaciju u zdravstvu i socijalnoj skrbi. Molimo Vas da svoja opa\u017eanja i iskustva tijekom boravka u zdravstvenoj ustanovi (hospitalizacije...","og_url":"https:\/\/www.sbkt.hr\/KT\/ankete\/","og_site_name":"sbkt.hr","article_modified_time":"2024-07-18T08:24:59+00:00","twitter_card":"summary_large_image","twitter_misc":{"Procijenjeno vrijeme \u010ditanja":"1 minuta"},"schema":{"@context":"https:\/\/schema.org","@graph":[{"@type":"WebPage","@id":"https:\/\/www.sbkt.hr\/KT\/ankete\/","url":"https:\/\/www.sbkt.hr\/KT\/ankete\/","name":"Ankete o iskustvu i zadovoljstvu pacijenata - sbkt.hr","isPartOf":{"@id":"https:\/\/www.sbkt.hr\/KT\/#website"},"datePublished":"2018-07-17T14:00:02+00:00","dateModified":"2024-07-18T08:24:59+00:00","breadcrumb":{"@id":"https:\/\/www.sbkt.hr\/KT\/ankete\/#breadcrumb"},"inLanguage":"hr","potentialAction":[{"@type":"ReadAction","target":["https:\/\/www.sbkt.hr\/KT\/ankete\/"]}]},{"@type":"BreadcrumbList","@id":"https:\/\/www.sbkt.hr\/KT\/ankete\/#breadcrumb","itemListElement":[{"@type":"ListItem","position":1,"name":"Naslovna","item":"https:\/\/www.sbkt.hr\/KT\/"},{"@type":"ListItem","position":2,"name":"Ankete o iskustvu i zadovoljstvu pacijenata"}]},{"@type":"WebSite","@id":"https:\/\/www.sbkt.hr\/KT\/#website","url":"https:\/\/www.sbkt.hr\/KT\/","name":"sbkt.hr","description":"Specijalna bolnica za medicinsku rehabilitaciju","potentialAction":[{"@type":"SearchAction","target":{"@type":"EntryPoint","urlTemplate":"https:\/\/www.sbkt.hr\/KT\/?s={search_term_string}"},"query-input":{"@type":"PropertyValueSpecification","valueRequired":true,"valueName":"search_term_string"}}],"inLanguage":"hr"}]}},"_links":{"self":[{"href":"https:\/\/www.sbkt.hr\/KT\/wp-json\/wp\/v2\/pages\/3052","targetHints":{"allow":["GET"]}}],"collection":[{"href":"https:\/\/www.sbkt.hr\/KT\/wp-json\/wp\/v2\/pages"}],"about":[{"href":"https:\/\/www.sbkt.hr\/KT\/wp-json\/wp\/v2\/types\/page"}],"author":[{"embeddable":true,"href":"https:\/\/www.sbkt.hr\/KT\/wp-json\/wp\/v2\/users\/1"}],"replies":[{"embeddable":true,"href":"https:\/\/www.sbkt.hr\/KT\/wp-json\/wp\/v2\/comments?post=3052"}],"version-history":[{"count":90,"href":"https:\/\/www.sbkt.hr\/KT\/wp-json\/wp\/v2\/pages\/3052\/revisions"}],"predecessor-version":[{"id":8927,"href":"https:\/\/www.sbkt.hr\/KT\/wp-json\/wp\/v2\/pages\/3052\/revisions\/8927"}],"wp:attachment":[{"href":"https:\/\/www.sbkt.hr\/KT\/wp-json\/wp\/v2\/media?parent=3052"}],"curies":[{"name":"wp","href":"https:\/\/api.w.org\/{rel}","templated":true}]}}