{"id":3143,"date":"2018-07-25T13:58:05","date_gmt":"2018-07-25T11:58:05","guid":{"rendered":"https:\/\/www.sbkt.hr\/KT\/?page_id=3143"},"modified":"2025-09-25T13:25:14","modified_gmt":"2025-09-25T11:25:14","slug":"prava-pacijenata-2","status":"publish","type":"page","link":"https:\/\/www.sbkt.hr\/KT\/prava-pacijenata-2\/","title":{"rendered":"Prava pacijenata"},"content":{"rendered":"<p><strong>Po\u0161tovani pacijenti,<\/strong><\/p>\n<p>Tijekom boravka u Specijalnoj bolnici za medicinsku rehabilitaciju Krapinske Toplice (dalje u tekstu: SBKT), \u017eelimo Vam osigurati nekoliko osnovnih informacija o Va\u0161im pravima reguliranim Zakonom o za\u0161titi prava pacijenata (NN 169\/04, 37\/08), a s ciljem izgradnje me\u0111usobnog povjerenja, razumijevanja i partnerskog odnosa pacijenta i zdravstvenih djelatnika.<\/p>\n<p align=\"JUSTIFY\">Za\u0161tita prava pacijenata u Republici Hrvatskoj provodi se na na\u010delima humanosti i dostupnosti.<\/p>\n<p align=\"JUSTIFY\"><strong>Va\u0161a prava su:<\/strong><\/p>\n<div class=\"su-spoiler su-spoiler-style-fancy su-spoiler-icon-plus su-spoiler-closed\" data-scroll-offset=\"0\" data-anchor-in-url=\"no\"><div class=\"su-spoiler-title\" tabindex=\"0\" role=\"button\"><span class=\"su-spoiler-icon\"><\/span>Pravo na suodlu\u010divanje i iznimka od prava na suodlu\u010divanje<\/div><div class=\"su-spoiler-content su-u-clearfix su-u-trim\">\nPravo na suodlu\u010divanje obuhva\u0107a:<br \/>\n\u2022 pravo na obavije\u0161tenost<br \/>\n\u2022 pravo na prihva\u0107anje ili odbijanje odre\u0111enog dijagnosti\u010dkog ili terapijskog postupka<br \/>\nOva prava mogu samo iznimno biti ograni\u010dena kada je to opravdano Va\u0161im zdravstvenim stanjem.<\/p>\n<\/div><\/div>\n<div class=\"su-spoiler su-spoiler-style-fancy su-spoiler-icon-plus su-spoiler-closed\" data-scroll-offset=\"0\" data-anchor-in-url=\"no\"><div class=\"su-spoiler-title\" tabindex=\"0\" role=\"button\"><span class=\"su-spoiler-icon\"><\/span>Pravo na obavije\u0161tenost i odbijanje primitka obavijesti<\/div><div class=\"su-spoiler-content su-u-clearfix su-u-trim\">\nImate pravo na Vama razumljiv i pristupa\u010dan na\u010din biti potpuno obavije\u0161teni o:<br \/>\n\u2022 svom zdravstvenom stanju<br \/>\n\u2022 preporu\u010denim pregledima i zahvatima, prednostima i rizicima njihovog obavljanja ili neobavljanja te planiranim datumima za njihovo obavljanje<br \/>\n\u2022 ishodu lije\u010denja<br \/>\n\u2022 svome pravu na odlu\u010divanje o preporu\u010denim postupcima<br \/>\n\u2022 daljnjem tijeku pru\u017eanja zdravstvene za\u0161tite<br \/>\n\u2022 preporu\u010denom na\u010dinu \u017eivota<br \/>\n\u2022 pravima iz zdravstvenog osiguranja.<\/p>\n<p>Ove obavijesti \u0107e Vam, na Va\u0161 usmeni ili pisani zahtjev, dati lije\u010dnik koji Vam izravno pru\u017ea zdravstvenu uslugu. Va\u0161e je pravo uvijek tra\u017eiti drugo stru\u010dno mi\u0161ljenje o Va\u0161em zdravstvenom stanju, koje je na Va\u0161 usmeni ili pisani zahtjev obvezan dati lije\u010dnik odgovaraju\u0107e specijalizacije, koji vam nije izravno pru\u017eio odre\u0111enu zdravstvenu uslugu.<\/p>\n<p>Va\u0161e je pravo da prije svakog postupka budete obavije\u0161teni o imenima i osposobljenosti osoblja koje Vam izravno pru\u017ea zdravstvenu uslugu, te da nakon svakog postupka budete obavije\u0161teni o uspjehu ili neuspjehu i rezultatima postupka, kao i o razlozima eventualnih razli\u010ditosti rezultata od o\u010dekivanih.<br \/>\nVa\u0161e je pravo pisanom i potpisanom izjavom odbiti primitak obavijesti o prirodi svoga zdravstvenoga stanja i o\u010dekivanom ishodu predlo\u017eenih i\/ili poduzetih mjera.<\/p>\n<p>Ako ste osoba s punom poslovnom sposobno\u0161\u0107u, ne mo\u017eete se odre\u0107i prava na obavije\u0161tenost u slu\u010dajevima u kojima morate biti svjesni prirode svoje bolesti, kako ne bi ugrozili zdravlje drugih osoba, ali imate pravo u pisanom obliku ili na bio koji drugi vjerodostojan na\u010din odrediti osobu koja \u0107e umjesto Vas biti obavije\u0161tena.<\/p>\n<p>Va\u0161e je pravo da budete obavije\u0161teni \u010dak i u slu\u010dajevima kad Va\u0161 pristanak nije uvjet zapo\u010dinjanja terapije (npr. u hitnim slu\u010dajevima).<\/p>\n<p>Pravo na obavije\u0161tenost o pacijentu s umanjenom sposobno\u0161\u0107u rasu\u0111ivanja, u skladu s dobi, odnosno s fizi\u010dkim, mentalnim i psihi\u010dkim stanjem ima njegov zakonski zastupnik\/ skrbnik.<\/p>\n<\/div><\/div>\n<div class=\"su-spoiler su-spoiler-style-fancy su-spoiler-icon-plus su-spoiler-closed\" data-scroll-offset=\"0\" data-anchor-in-url=\"no\"><div class=\"su-spoiler-title\" tabindex=\"0\" role=\"button\"><span class=\"su-spoiler-icon\"><\/span>Pravo na prihva\u0107anje ili odbijanje dijagnosti\u010dkog ili terapijskog postupka<\/div><div class=\"su-spoiler-content su-u-clearfix su-u-trim\">\nVa\u0161e je pravo prihvatiti ili odbiti pojedini dijagnosti\u010dki ili terapijski postupak, osim u slu\u010dajevima neodgodive medicinske intervencije \u010dije bi nepoduzimanje ugrozilo \u017eivot i zdravlje ili izazvalo trajno o\u0161te\u0107enje zdravlja Vas samih ili drugih osoba. Prihva\u0107anje pojedinoga dijagnosti\u010dkog ili terapijskog postupka izra\u017eavate potpisivanjem suglasnosti.<\/p>\n<p>Slijepa osoba, gluha osoba koja ne zna \u010ditati, nijema osoba koja ne zna pisati i gluhoslijepa osoba, prihva\u0107a pojedini dijagnosti\u010dki, odnosno terapijski postupak izjavom u obliku javnobilje\u017eni\u010dkog akta ili iskazanom izjavom pred dva svjedoka o imenovanju poslovno sposobne osobe koja \u0107e u njeno ime prihva\u0107ati ili odbijati pojedini takav postupak.<br \/>\n<\/div><\/div>\n<div class=\"su-spoiler su-spoiler-style-fancy su-spoiler-icon-plus su-spoiler-closed\" data-scroll-offset=\"0\" data-anchor-in-url=\"no\"><div class=\"su-spoiler-title\" tabindex=\"0\" role=\"button\"><span class=\"su-spoiler-icon\"><\/span>Za\u0161tita pacijenata koji nije sposoban dati pristanak<\/div><div class=\"su-spoiler-content su-u-clearfix su-u-trim\">\nZa pacijenta koji nije pri svijesti, pacijenta s te\u017eom du\u0161evnom smetnjom te poslovno nesposobnog ili maloljetnog pacijenta, osim u slu\u010daju neodgodive medicinske intervencije, suglasnost na prihva\u0107anje dijagnosti\u010dkog ili terapijskog postupka potpisuje njegov zakonski zastupnik\/ skrbnik, koji u interesu pacijenta mo\u017ee danu suglasnost u bilo koje vrijeme povu\u0107i potpisivanjem izjave o odbijanju postupka. Ako su interesi pacijenata i njegovog zakonskog zastupnika \/ skrbnika suprotstavljeni, du\u017enost je lije\u010dnika odmah o tome obavijestiti nadle\u017eni centar za socijalnu skrb.<\/p>\n<p>Ako se zbog hitne situacije ne mo\u017ee dobiti suglasnost zakonskog zastupnika\/ skrbnika, pacijent \u0107e se podvr\u0107i dijagnosti\u010dkom ili terapijskom postupku samo u slu\u010daju kada bi zbog nepoduzimanja postupka bio neposredno ugro\u017een njegov ili tu\u0111i \u017eivot, ili bi njemu ili drugima prijetila ozbiljna i neposredna opasnost od te\u017eeg o\u0161te\u0107enja zdravlja. Postupak se mo\u017ee provoditi bez pristanka zakonskog zastupnika\/ skrbnika pacijenta samo dok traje navedena opasnost.<br \/>\n<\/div><\/div>\n<div class=\"su-spoiler su-spoiler-style-fancy su-spoiler-icon-plus su-spoiler-closed\" data-scroll-offset=\"0\" data-anchor-in-url=\"no\"><div class=\"su-spoiler-title\" tabindex=\"0\" role=\"button\"><span class=\"su-spoiler-icon\"><\/span>Za\u0161tita pacijenta nad kojim se obavlja znanstveno istra\u017eivanje<\/div><div class=\"su-spoiler-content su-u-clearfix su-u-trim\">\nAko sudjelujete u znanstvenom istra\u017eivanju, Va\u0161e je pravo dobiti preciznu i razumljivu pisanu obavijest o prirodi, va\u017enosti, posljedicama i rizicima istra\u017eivanja te dati potpisanu suglasnost za sudjelovanje u istra\u017eivanju. Va\u0161e je pravo dati pristanak i za sudjelovanje u medicinskoj nastavi. Za poslovno nesposobnog ili maloljetnog pacijenta, pristanak daje njegov zakonski zastupnik\/ skrbnik, koji u interesu pacijenta mo\u017ee suglasnost povu\u0107i u bilo koje vrijeme.<br \/>\n<\/div><\/div>\n<div class=\"su-spoiler su-spoiler-style-fancy su-spoiler-icon-plus su-spoiler-closed\" data-scroll-offset=\"0\" data-anchor-in-url=\"no\"><div class=\"su-spoiler-title\" tabindex=\"0\" role=\"button\"><span class=\"su-spoiler-icon\"><\/span>Zahvati na ljudskom genomu<\/div><div class=\"su-spoiler-content su-u-clearfix su-u-trim\">\nZahvat usmjeren na promjenu ljudskog genoma mo\u017ee se poduzeti samo za preventivne, dijagnosti\u010dke ili terapijske svrhe pod uvjetom da cilj promjene nije uvo\u0111enje bilo kakvih preinaka u genomu potomka pacijenta. Testovi koji ukazuju na genetske bolesti ili slu\u017ee za identifikaciju pacijenata, kao nositelja gena odgovornog za bolest ili za otkrivanje genetske dispozicije ili podlo\u017enosti na bolest, mogu se obavljati samo u zdravstvene svrhe ili radi znanstvenog istra\u017eivanja vezanog uz zdravstvene svrhe i uz odgovaraju\u0107e genetsko savjetovanje.<br \/>\n<\/div><\/div>\n<div class=\"su-spoiler su-spoiler-style-fancy su-spoiler-icon-plus su-spoiler-closed\" data-scroll-offset=\"0\" data-anchor-in-url=\"no\"><div class=\"su-spoiler-title\" tabindex=\"0\" role=\"button\"><span class=\"su-spoiler-icon\"><\/span>Pravo na pristup medicinskoj dokumentaciji<\/div><div class=\"su-spoiler-content su-u-clearfix su-u-trim\">\nVa\u0161e je pravo dobiti pristup cjelokupnoj medicinskoj dokumentaciji koja se odnosi na dijagnostiku i lije\u010denje Va\u0161e bolesti te o svome tro\u0161ku zahtijevati presliku medicinske dokumentacije.<br \/>\nU slu\u010daju smrti pacijenta, ako to pacijent nije za \u017eivota izrijekom zabranio, pravo na uvid i zahtjev preslike medicinske dokumentacije ima bra\u010dni ili izvanbra\u010dni drug, punoljetno dijete, roditelj, punoljetni brat ili sestra te zakonski zastupnik\/ skrbnik. Protivljenje uvidu u medicinsku dokumentaciju pacijent daje pisanom izjavom solemniziranim od javnog bilje\u017enika.<br \/>\n<\/div><\/div>\n<div class=\"su-spoiler su-spoiler-style-fancy su-spoiler-icon-plus su-spoiler-closed\" data-scroll-offset=\"0\" data-anchor-in-url=\"no\"><div class=\"su-spoiler-title\" tabindex=\"0\" role=\"button\"><span class=\"su-spoiler-icon\"><\/span>Pravo na povjerljivost<\/div><div class=\"su-spoiler-content su-u-clearfix su-u-trim\">\nVa\u0161e je pravo da povjerljivost podataka koji se odnose na stanje Va\u0161eg zdravlja bude osigurana te da date pisanu izjavu o osobama koje mogu biti obavije\u0161tene o Va\u0161em prijemu u SBKT kao i o Va\u0161em zdravstvenom stanju. Mo\u017eete pismeno imenovati osobe kojima zabranjujete davanje tih podataka.<br \/>\n<\/div><\/div>\n<div class=\"su-spoiler su-spoiler-style-fancy su-spoiler-icon-plus su-spoiler-closed\" data-scroll-offset=\"0\" data-anchor-in-url=\"no\"><div class=\"su-spoiler-title\" tabindex=\"0\" role=\"button\"><span class=\"su-spoiler-icon\"><\/span>Pravo na odr\u017eavanje osobnih kontakata<\/div><div class=\"su-spoiler-content su-u-clearfix su-u-trim\">\nTijekom boravka u SBKT imate pravo primanja posjetitelja sukladno ku\u0107nom redu te pravo zabraniti posjete odre\u0111enoj osobi ili osobama.<br \/>\n<\/div><\/div>\n<div class=\"su-spoiler su-spoiler-style-fancy su-spoiler-icon-plus su-spoiler-closed\" data-scroll-offset=\"0\" data-anchor-in-url=\"no\"><div class=\"su-spoiler-title\" tabindex=\"0\" role=\"button\"><span class=\"su-spoiler-icon\"><\/span>Pravo na samovoljno napu\u0161tanje zdravstvene ustanove<\/div><div class=\"su-spoiler-content su-u-clearfix su-u-trim\">\nVa\u0161e je pravo samovoljno napustiti SBKT osim u slu\u010dajevima kada bi to \u0161tetilo Va\u0161em zdravlju i zdravlju ili sigurnosti drugih osoba. O namjeri napu\u0161tanja SBKT morate dati pisanu ili usmenu izjavu pred dva istovremeno nazo\u010dna svjedoka koji potpisuju izjavu o Va\u0161oj namjeri da napustite ustanovu.<br \/>\nPodatak o samovoljnom napu\u0161tanju ustanove bez najave lije\u010dnik je obvezan upisati u medicinsku dokumentaciju pacijenta. Ako to nala\u017ee zdravstveno stanje pacijenta, lije\u010dnik je obvezan o napu\u0161tanju ustanove bez najave obavijestiti osobu koju je pacijent ovlastio da mo\u017ee biti obavije\u0161tena. Ako je pacijent nesposoban za rasu\u0111ivanje, odnosno maloljetan, lije\u010dnik je obvezan obavijestiti njegova zakonskog zastupnika\/ skrbnika.<br \/>\n<\/div><\/div>\n<div class=\"su-spoiler su-spoiler-style-fancy su-spoiler-icon-plus su-spoiler-closed\" data-scroll-offset=\"0\" data-anchor-in-url=\"no\"><div class=\"su-spoiler-title\" tabindex=\"0\" role=\"button\"><span class=\"su-spoiler-icon\"><\/span>Pravo na privatnost<\/div><div class=\"su-spoiler-content su-u-clearfix su-u-trim\">\nPri pregledu, odnosno lije\u010denju, a naro\u010dito prilikom pru\u017eanja osobne njege imate pravo na uvjete koji osiguravaju privatnost.<br \/>\n<\/div><\/div>\n<div class=\"su-spoiler su-spoiler-style-fancy su-spoiler-icon-plus su-spoiler-closed\" data-scroll-offset=\"0\" data-anchor-in-url=\"no\"><div class=\"su-spoiler-title\" tabindex=\"0\" role=\"button\"><span class=\"su-spoiler-icon\"><\/span>Pravo na naknadu \u0161tete<\/div><div class=\"su-spoiler-content su-u-clearfix su-u-trim\">\nVa\u0161e je pravo na naknadu \u0161tete sukladno odredbama Zakona o obveznim odnosima (NN br. 35\/05, 41\/08, 125\/11, 78\/15).<br \/>\n<\/div><\/div>\n<div class=\"su-spoiler su-spoiler-style-fancy su-spoiler-icon-plus su-spoiler-closed\" data-scroll-offset=\"0\" data-anchor-in-url=\"no\"><div class=\"su-spoiler-title\" tabindex=\"0\" role=\"button\"><span class=\"su-spoiler-icon\"><\/span>Ostala Va\u0161a prava su:<\/div><div class=\"su-spoiler-content su-u-clearfix su-u-trim\">\n\u2022 pravo na za\u0161titu dostojanstva i po\u0161tovanje,<br \/>\n\u2022 pravo na za\u0161titu od svih oblika zlostavljanja, zanemarivanja ili uznemiravanja,<br \/>\n\u2022 pravo na u\u010dinkovitu kontrolu boli,<br \/>\n\u2022 pravo na pru\u017eanje zdravstvene za\u0161tite u sigurnom okru\u017eenju,<br \/>\n\u2022 pravo na unaprijed izre\u010dene zahtjeve te<br \/>\n\u2022 pravo na podno\u0161enje prigovora ili pritu\u017ebe upravi ustanove i\/ ili nadle\u017enim tijelima.<\/p>\n<\/div><\/div>\n<p>Va\u0161a iskustva i pohvale tijekom boravka u na\u0161oj Bolnici mo\u017eete upisati u Knjigu dojmova koja se nalazi na recepciji Bolnice.<br \/>\nAko ste nezadovoljni s pru\u017eenom skrbi i uslugama u na\u0161oj ustanovi, mo\u017eete se \u017ealiti usmenim ili pismenim putem.<br \/>\nPrigovor je usmeno izra\u017eeno nezadovoljstvo izjavom osoblju ustrojstvene jedinice ili izravnim obra\u0107anjem Upravi Bolnice.<br \/>\nPritu\u017eba je pismeno izra\u017eeno nezadovoljstvo koju mo\u017eete ispisati na Obrascu za prijavu pritu\u017ebe pacijenata.<br \/>\nObrazac mo\u017eete na\u0107i na internet stranici bolnice <a href=\"https:\/\/www.sbkt.hr\/KT\/prigovori-prituzbe-pohvale-pacijenata\/\">www.sbkt.hr\/jedinica za kvalitetu\/obrasci<\/a> ili na recepciji. Pritu\u017ebu mo\u017eete uputiti elektroni\u010dkom po\u0161tom na adresu <a href=\"mailto:prituzbe@sbkt.hr\">prituzbe@sbkt.hr<\/a> ili u pisanom obliku ulaganjem u ozna\u010deni sandu\u010di\u0107 koji se nalazi u prizemlju Bolnice.<br \/>\nZa dodatne informacije o postupku pohvale, prigovora ili pritu\u017ebe mo\u017eete se obratiti djelatnicama na recepciji.<\/p>\n<p><strong>Va\u0161e je pravo istodobno podnijeti prigovor ili pritu\u017ebu ministarstvu nadle\u017enom za zdravstvo:<\/strong><\/p>\n<p><strong>Ministarstvo zdravlja<\/strong><br \/>\nKsaver 200a, 10000 Zagreb<br \/>\nTelefon: (01) 46 07 555<br \/>\nTelefaks: (01) 46 77 076<br \/>\nE-mail: <a href=\"mailto:pitajtenas@miz.hr\">pitajtenas@miz.hr<\/a><\/p>\n<p><strong>Tijekom boravka u SBKT molimo Vas da po\u0161tujete odredbe Ku\u0107nog reda i upute osoblja!<\/strong><\/p>\n<p>Sva Va\u0161a prava i obja\u0161njenje istih mo\u017eete i downloadati u ovom dokumentu: <a href=\"https:\/\/www.sbkt.hr\/KT\/wp-content\/uploads\/2025\/03\/Prava-pacijenata.pdf\">Prava pacijenata <img loading=\"lazy\" decoding=\"async\" class=\"pdfikona alignnone wp-image-2863 size-full\" src=\"https:\/\/www.sbkt.hr\/KT\/wp-content\/uploads\/2017\/06\/pdf_ikona-1.gif\" alt=\"\" width=\"18\" height=\"17\" \/><\/a><\/p>\n","protected":false},"excerpt":{"rendered":"<p>Po\u0161tovani pacijenti, Tijekom boravka u Specijalnoj bolnici za medicinsku rehabilitaciju Krapinske Toplice (dalje u tekstu: SBKT), \u017eelimo Vam osigurati nekoliko osnovnih informacija o Va\u0161im pravima reguliranim Zakonom o za\u0161titi prava pacijenata (NN 169\/04, 37\/08), a s ciljem izgradnje me\u0111usobnog povjerenja, razumijevanja i partnerskog odnosa pacijenta i zdravstvenih djelatnika. Za\u0161tita prava pacijenata u Republici Hrvatskoj provodi&#8230; <\/p>\n","protected":false},"author":1,"featured_media":0,"parent":0,"menu_order":0,"comment_status":"closed","ping_status":"closed","template":"","meta":{"footnotes":""},"class_list":["post-3143","page","type-page","status-publish","hentry"],"yoast_head":"<!-- This site is optimized with the Yoast SEO plugin v24.9 - https:\/\/yoast.com\/wordpress\/plugins\/seo\/ -->\n<title>Prava pacijenata - sbkt.hr<\/title>\n<meta name=\"robots\" content=\"index, follow, max-snippet:-1, max-image-preview:large, max-video-preview:-1\" \/>\n<link rel=\"canonical\" href=\"https:\/\/www.sbkt.hr\/KT\/prava-pacijenata-2\/\" \/>\n<meta property=\"og:locale\" content=\"hr_HR\" \/>\n<meta property=\"og:type\" content=\"article\" \/>\n<meta property=\"og:title\" content=\"Prava pacijenata - sbkt.hr\" \/>\n<meta property=\"og:description\" content=\"Po\u0161tovani pacijenti, Tijekom boravka u Specijalnoj bolnici za medicinsku rehabilitaciju Krapinske Toplice (dalje u tekstu: SBKT), \u017eelimo Vam osigurati nekoliko osnovnih informacija o Va\u0161im pravima reguliranim Zakonom o za\u0161titi prava pacijenata (NN 169\/04, 37\/08), a s ciljem izgradnje me\u0111usobnog povjerenja, razumijevanja i partnerskog odnosa pacijenta i zdravstvenih djelatnika. Za\u0161tita prava pacijenata u Republici Hrvatskoj provodi...\" \/>\n<meta property=\"og:url\" content=\"https:\/\/www.sbkt.hr\/KT\/prava-pacijenata-2\/\" \/>\n<meta property=\"og:site_name\" content=\"sbkt.hr\" \/>\n<meta property=\"article:modified_time\" content=\"2025-09-25T11:25:14+00:00\" \/>\n<meta property=\"og:image\" content=\"https:\/\/www.sbkt.hr\/KT\/wp-content\/uploads\/2017\/06\/pdf_ikona-1.gif\" \/>\n\t<meta property=\"og:image:width\" content=\"18\" \/>\n\t<meta property=\"og:image:height\" content=\"17\" \/>\n\t<meta property=\"og:image:type\" content=\"image\/gif\" \/>\n<meta name=\"twitter:card\" content=\"summary_large_image\" \/>\n<meta name=\"twitter:label1\" content=\"Procijenjeno vrijeme \u010ditanja\" \/>\n\t<meta name=\"twitter:data1\" content=\"8 minuta\" \/>\n<script type=\"application\/ld+json\" class=\"yoast-schema-graph\">{\"@context\":\"https:\/\/schema.org\",\"@graph\":[{\"@type\":\"WebPage\",\"@id\":\"https:\/\/www.sbkt.hr\/KT\/prava-pacijenata-2\/\",\"url\":\"https:\/\/www.sbkt.hr\/KT\/prava-pacijenata-2\/\",\"name\":\"Prava pacijenata - sbkt.hr\",\"isPartOf\":{\"@id\":\"https:\/\/www.sbkt.hr\/KT\/#website\"},\"primaryImageOfPage\":{\"@id\":\"https:\/\/www.sbkt.hr\/KT\/prava-pacijenata-2\/#primaryimage\"},\"image\":{\"@id\":\"https:\/\/www.sbkt.hr\/KT\/prava-pacijenata-2\/#primaryimage\"},\"thumbnailUrl\":\"https:\/\/www.sbkt.hr\/KT\/wp-content\/uploads\/2017\/06\/pdf_ikona-1.gif\",\"datePublished\":\"2018-07-25T11:58:05+00:00\",\"dateModified\":\"2025-09-25T11:25:14+00:00\",\"breadcrumb\":{\"@id\":\"https:\/\/www.sbkt.hr\/KT\/prava-pacijenata-2\/#breadcrumb\"},\"inLanguage\":\"hr\",\"potentialAction\":[{\"@type\":\"ReadAction\",\"target\":[\"https:\/\/www.sbkt.hr\/KT\/prava-pacijenata-2\/\"]}]},{\"@type\":\"ImageObject\",\"inLanguage\":\"hr\",\"@id\":\"https:\/\/www.sbkt.hr\/KT\/prava-pacijenata-2\/#primaryimage\",\"url\":\"https:\/\/www.sbkt.hr\/KT\/wp-content\/uploads\/2017\/06\/pdf_ikona-1.gif\",\"contentUrl\":\"https:\/\/www.sbkt.hr\/KT\/wp-content\/uploads\/2017\/06\/pdf_ikona-1.gif\",\"width\":18,\"height\":17},{\"@type\":\"BreadcrumbList\",\"@id\":\"https:\/\/www.sbkt.hr\/KT\/prava-pacijenata-2\/#breadcrumb\",\"itemListElement\":[{\"@type\":\"ListItem\",\"position\":1,\"name\":\"Naslovna\",\"item\":\"https:\/\/www.sbkt.hr\/KT\/\"},{\"@type\":\"ListItem\",\"position\":2,\"name\":\"Prava pacijenata\"}]},{\"@type\":\"WebSite\",\"@id\":\"https:\/\/www.sbkt.hr\/KT\/#website\",\"url\":\"https:\/\/www.sbkt.hr\/KT\/\",\"name\":\"sbkt.hr\",\"description\":\"Specijalna bolnica za medicinsku rehabilitaciju\",\"potentialAction\":[{\"@type\":\"SearchAction\",\"target\":{\"@type\":\"EntryPoint\",\"urlTemplate\":\"https:\/\/www.sbkt.hr\/KT\/?s={search_term_string}\"},\"query-input\":{\"@type\":\"PropertyValueSpecification\",\"valueRequired\":true,\"valueName\":\"search_term_string\"}}],\"inLanguage\":\"hr\"}]}<\/script>\n<!-- \/ Yoast SEO plugin. -->","yoast_head_json":{"title":"Prava pacijenata - sbkt.hr","robots":{"index":"index","follow":"follow","max-snippet":"max-snippet:-1","max-image-preview":"max-image-preview:large","max-video-preview":"max-video-preview:-1"},"canonical":"https:\/\/www.sbkt.hr\/KT\/prava-pacijenata-2\/","og_locale":"hr_HR","og_type":"article","og_title":"Prava pacijenata - sbkt.hr","og_description":"Po\u0161tovani pacijenti, Tijekom boravka u Specijalnoj bolnici za medicinsku rehabilitaciju Krapinske Toplice (dalje u tekstu: SBKT), \u017eelimo Vam osigurati nekoliko osnovnih informacija o Va\u0161im pravima reguliranim Zakonom o za\u0161titi prava pacijenata (NN 169\/04, 37\/08), a s ciljem izgradnje me\u0111usobnog povjerenja, razumijevanja i partnerskog odnosa pacijenta i zdravstvenih djelatnika. Za\u0161tita prava pacijenata u Republici Hrvatskoj provodi...","og_url":"https:\/\/www.sbkt.hr\/KT\/prava-pacijenata-2\/","og_site_name":"sbkt.hr","article_modified_time":"2025-09-25T11:25:14+00:00","og_image":[{"width":18,"height":17,"url":"https:\/\/www.sbkt.hr\/KT\/wp-content\/uploads\/2017\/06\/pdf_ikona-1.gif","type":"image\/gif"}],"twitter_card":"summary_large_image","twitter_misc":{"Procijenjeno vrijeme \u010ditanja":"8 minuta"},"schema":{"@context":"https:\/\/schema.org","@graph":[{"@type":"WebPage","@id":"https:\/\/www.sbkt.hr\/KT\/prava-pacijenata-2\/","url":"https:\/\/www.sbkt.hr\/KT\/prava-pacijenata-2\/","name":"Prava pacijenata - sbkt.hr","isPartOf":{"@id":"https:\/\/www.sbkt.hr\/KT\/#website"},"primaryImageOfPage":{"@id":"https:\/\/www.sbkt.hr\/KT\/prava-pacijenata-2\/#primaryimage"},"image":{"@id":"https:\/\/www.sbkt.hr\/KT\/prava-pacijenata-2\/#primaryimage"},"thumbnailUrl":"https:\/\/www.sbkt.hr\/KT\/wp-content\/uploads\/2017\/06\/pdf_ikona-1.gif","datePublished":"2018-07-25T11:58:05+00:00","dateModified":"2025-09-25T11:25:14+00:00","breadcrumb":{"@id":"https:\/\/www.sbkt.hr\/KT\/prava-pacijenata-2\/#breadcrumb"},"inLanguage":"hr","potentialAction":[{"@type":"ReadAction","target":["https:\/\/www.sbkt.hr\/KT\/prava-pacijenata-2\/"]}]},{"@type":"ImageObject","inLanguage":"hr","@id":"https:\/\/www.sbkt.hr\/KT\/prava-pacijenata-2\/#primaryimage","url":"https:\/\/www.sbkt.hr\/KT\/wp-content\/uploads\/2017\/06\/pdf_ikona-1.gif","contentUrl":"https:\/\/www.sbkt.hr\/KT\/wp-content\/uploads\/2017\/06\/pdf_ikona-1.gif","width":18,"height":17},{"@type":"BreadcrumbList","@id":"https:\/\/www.sbkt.hr\/KT\/prava-pacijenata-2\/#breadcrumb","itemListElement":[{"@type":"ListItem","position":1,"name":"Naslovna","item":"https:\/\/www.sbkt.hr\/KT\/"},{"@type":"ListItem","position":2,"name":"Prava pacijenata"}]},{"@type":"WebSite","@id":"https:\/\/www.sbkt.hr\/KT\/#website","url":"https:\/\/www.sbkt.hr\/KT\/","name":"sbkt.hr","description":"Specijalna bolnica za medicinsku rehabilitaciju","potentialAction":[{"@type":"SearchAction","target":{"@type":"EntryPoint","urlTemplate":"https:\/\/www.sbkt.hr\/KT\/?s={search_term_string}"},"query-input":{"@type":"PropertyValueSpecification","valueRequired":true,"valueName":"search_term_string"}}],"inLanguage":"hr"}]}},"_links":{"self":[{"href":"https:\/\/www.sbkt.hr\/KT\/wp-json\/wp\/v2\/pages\/3143","targetHints":{"allow":["GET"]}}],"collection":[{"href":"https:\/\/www.sbkt.hr\/KT\/wp-json\/wp\/v2\/pages"}],"about":[{"href":"https:\/\/www.sbkt.hr\/KT\/wp-json\/wp\/v2\/types\/page"}],"author":[{"embeddable":true,"href":"https:\/\/www.sbkt.hr\/KT\/wp-json\/wp\/v2\/users\/1"}],"replies":[{"embeddable":true,"href":"https:\/\/www.sbkt.hr\/KT\/wp-json\/wp\/v2\/comments?post=3143"}],"version-history":[{"count":38,"href":"https:\/\/www.sbkt.hr\/KT\/wp-json\/wp\/v2\/pages\/3143\/revisions"}],"predecessor-version":[{"id":11203,"href":"https:\/\/www.sbkt.hr\/KT\/wp-json\/wp\/v2\/pages\/3143\/revisions\/11203"}],"wp:attachment":[{"href":"https:\/\/www.sbkt.hr\/KT\/wp-json\/wp\/v2\/media?parent=3143"}],"curies":[{"name":"wp","href":"https:\/\/api.w.org\/{rel}","templated":true}]}}