{"id":3296,"date":"2018-08-02T13:18:58","date_gmt":"2018-08-02T11:18:58","guid":{"rendered":"https:\/\/www.sbkt.hr\/KT\/?page_id=3296"},"modified":"2018-08-02T13:19:29","modified_gmt":"2018-08-02T11:19:29","slug":"prijem-pacijeneta","status":"publish","type":"page","link":"https:\/\/www.sbkt.hr\/KT\/prijem-pacijeneta\/","title":{"rendered":"Prijem pacijenata"},"content":{"rendered":"<p><strong>Pacijenti koji dolaze na medicinsku rehabilitaciju preko odobrenja lije\u010dni\u010dke komisije (HZZO-a)<\/strong><\/p>\n<p><strong>trebaju sa sobom ponijeti:<\/strong><\/p>\n<ul>\n<li>original odobrenja s datumom ne starijim od 90 (devedeset) dana<\/li>\n<li>uputnicu za bolni\u010dko lije\u010denje ne stariju od mjesec dana<\/li>\n<li>medicinsku dokumentaciju<\/li>\n<li>zdravstvenu i osobnu iskaznicu te OIB<\/li>\n<li>pribor za osobnu higijenu, kupa\u0107i pribor, adektvatnu obu\u0107u i odje\u0107u za obavljanje terapija<\/li>\n<\/ul>\n<p>&nbsp;<\/p>\n<p><strong>Pacijenti koji dolaze privatno (pla\u0107aju smje\u0161taj, a terapije koriste na uputnicu) trebaju sa sobom ponijeti:<\/strong><\/p>\n<ul>\n<li>uputnicu za pregled<\/li>\n<li>uputnicu za ambulantnu fizikalnu terapiju ne stariju od mjesec dana<\/li>\n<li>medicinsku dokumentaciju<\/li>\n<li>zdravstvenu i osobnu iskaznicu te OIB<\/li>\n<li>pribor za osobnu higijenu, kupa\u0107i pribor, adektvatnu obu\u0107u i odje\u0107u za obavljanje terapija<\/li>\n<\/ul>\n","protected":false},"excerpt":{"rendered":"<p>Pacijenti koji dolaze na medicinsku rehabilitaciju preko odobrenja lije\u010dni\u010dke komisije (HZZO-a) trebaju sa sobom ponijeti: original odobrenja s datumom ne starijim od 90 (devedeset) dana uputnicu za bolni\u010dko lije\u010denje ne stariju od mjesec dana medicinsku dokumentaciju zdravstvenu i osobnu iskaznicu te OIB pribor za osobnu higijenu, kupa\u0107i pribor, adektvatnu obu\u0107u i odje\u0107u za obavljanje terapija&#8230; <\/p>\n","protected":false},"author":1,"featured_media":0,"parent":0,"menu_order":0,"comment_status":"closed","ping_status":"closed","template":"","meta":{"footnotes":""},"class_list":["post-3296","page","type-page","status-publish","hentry"],"yoast_head":"<!-- This site is optimized with the Yoast SEO plugin v24.9 - https:\/\/yoast.com\/wordpress\/plugins\/seo\/ -->\n<title>Prijem pacijenata - sbkt.hr<\/title>\n<meta name=\"robots\" content=\"index, follow, max-snippet:-1, max-image-preview:large, max-video-preview:-1\" \/>\n<link rel=\"canonical\" href=\"https:\/\/www.sbkt.hr\/KT\/prijem-pacijeneta\/\" \/>\n<meta property=\"og:locale\" content=\"hr_HR\" \/>\n<meta property=\"og:type\" content=\"article\" \/>\n<meta property=\"og:title\" content=\"Prijem pacijenata - sbkt.hr\" \/>\n<meta property=\"og:description\" content=\"Pacijenti koji dolaze na medicinsku rehabilitaciju preko odobrenja lije\u010dni\u010dke komisije (HZZO-a) trebaju sa sobom ponijeti: original odobrenja s datumom ne starijim od 90 (devedeset) dana uputnicu za bolni\u010dko lije\u010denje ne stariju od mjesec dana medicinsku dokumentaciju zdravstvenu i osobnu iskaznicu te OIB pribor za osobnu higijenu, kupa\u0107i pribor, adektvatnu obu\u0107u i odje\u0107u za obavljanje terapija...\" \/>\n<meta property=\"og:url\" content=\"https:\/\/www.sbkt.hr\/KT\/prijem-pacijeneta\/\" \/>\n<meta property=\"og:site_name\" content=\"sbkt.hr\" \/>\n<meta property=\"article:modified_time\" content=\"2018-08-02T11:19:29+00:00\" \/>\n<meta name=\"twitter:card\" content=\"summary_large_image\" \/>\n<meta name=\"twitter:label1\" content=\"Procijenjeno vrijeme \u010ditanja\" \/>\n\t<meta name=\"twitter:data1\" content=\"1 minuta\" \/>\n<script type=\"application\/ld+json\" class=\"yoast-schema-graph\">{\"@context\":\"https:\/\/schema.org\",\"@graph\":[{\"@type\":\"WebPage\",\"@id\":\"https:\/\/www.sbkt.hr\/KT\/prijem-pacijeneta\/\",\"url\":\"https:\/\/www.sbkt.hr\/KT\/prijem-pacijeneta\/\",\"name\":\"Prijem pacijenata - sbkt.hr\",\"isPartOf\":{\"@id\":\"https:\/\/www.sbkt.hr\/KT\/#website\"},\"datePublished\":\"2018-08-02T11:18:58+00:00\",\"dateModified\":\"2018-08-02T11:19:29+00:00\",\"breadcrumb\":{\"@id\":\"https:\/\/www.sbkt.hr\/KT\/prijem-pacijeneta\/#breadcrumb\"},\"inLanguage\":\"hr\",\"potentialAction\":[{\"@type\":\"ReadAction\",\"target\":[\"https:\/\/www.sbkt.hr\/KT\/prijem-pacijeneta\/\"]}]},{\"@type\":\"BreadcrumbList\",\"@id\":\"https:\/\/www.sbkt.hr\/KT\/prijem-pacijeneta\/#breadcrumb\",\"itemListElement\":[{\"@type\":\"ListItem\",\"position\":1,\"name\":\"Naslovna\",\"item\":\"https:\/\/www.sbkt.hr\/KT\/\"},{\"@type\":\"ListItem\",\"position\":2,\"name\":\"Prijem pacijenata\"}]},{\"@type\":\"WebSite\",\"@id\":\"https:\/\/www.sbkt.hr\/KT\/#website\",\"url\":\"https:\/\/www.sbkt.hr\/KT\/\",\"name\":\"sbkt.hr\",\"description\":\"Specijalna bolnica za medicinsku rehabilitaciju\",\"potentialAction\":[{\"@type\":\"SearchAction\",\"target\":{\"@type\":\"EntryPoint\",\"urlTemplate\":\"https:\/\/www.sbkt.hr\/KT\/?s={search_term_string}\"},\"query-input\":{\"@type\":\"PropertyValueSpecification\",\"valueRequired\":true,\"valueName\":\"search_term_string\"}}],\"inLanguage\":\"hr\"}]}<\/script>\n<!-- \/ Yoast SEO plugin. -->","yoast_head_json":{"title":"Prijem pacijenata - sbkt.hr","robots":{"index":"index","follow":"follow","max-snippet":"max-snippet:-1","max-image-preview":"max-image-preview:large","max-video-preview":"max-video-preview:-1"},"canonical":"https:\/\/www.sbkt.hr\/KT\/prijem-pacijeneta\/","og_locale":"hr_HR","og_type":"article","og_title":"Prijem pacijenata - sbkt.hr","og_description":"Pacijenti koji dolaze na medicinsku rehabilitaciju preko odobrenja lije\u010dni\u010dke komisije (HZZO-a) trebaju sa sobom ponijeti: original odobrenja s datumom ne starijim od 90 (devedeset) dana uputnicu za bolni\u010dko lije\u010denje ne stariju od mjesec dana medicinsku dokumentaciju zdravstvenu i osobnu iskaznicu te OIB pribor za osobnu higijenu, kupa\u0107i pribor, adektvatnu obu\u0107u i odje\u0107u za obavljanje terapija...","og_url":"https:\/\/www.sbkt.hr\/KT\/prijem-pacijeneta\/","og_site_name":"sbkt.hr","article_modified_time":"2018-08-02T11:19:29+00:00","twitter_card":"summary_large_image","twitter_misc":{"Procijenjeno vrijeme \u010ditanja":"1 minuta"},"schema":{"@context":"https:\/\/schema.org","@graph":[{"@type":"WebPage","@id":"https:\/\/www.sbkt.hr\/KT\/prijem-pacijeneta\/","url":"https:\/\/www.sbkt.hr\/KT\/prijem-pacijeneta\/","name":"Prijem pacijenata - sbkt.hr","isPartOf":{"@id":"https:\/\/www.sbkt.hr\/KT\/#website"},"datePublished":"2018-08-02T11:18:58+00:00","dateModified":"2018-08-02T11:19:29+00:00","breadcrumb":{"@id":"https:\/\/www.sbkt.hr\/KT\/prijem-pacijeneta\/#breadcrumb"},"inLanguage":"hr","potentialAction":[{"@type":"ReadAction","target":["https:\/\/www.sbkt.hr\/KT\/prijem-pacijeneta\/"]}]},{"@type":"BreadcrumbList","@id":"https:\/\/www.sbkt.hr\/KT\/prijem-pacijeneta\/#breadcrumb","itemListElement":[{"@type":"ListItem","position":1,"name":"Naslovna","item":"https:\/\/www.sbkt.hr\/KT\/"},{"@type":"ListItem","position":2,"name":"Prijem pacijenata"}]},{"@type":"WebSite","@id":"https:\/\/www.sbkt.hr\/KT\/#website","url":"https:\/\/www.sbkt.hr\/KT\/","name":"sbkt.hr","description":"Specijalna bolnica za medicinsku rehabilitaciju","potentialAction":[{"@type":"SearchAction","target":{"@type":"EntryPoint","urlTemplate":"https:\/\/www.sbkt.hr\/KT\/?s={search_term_string}"},"query-input":{"@type":"PropertyValueSpecification","valueRequired":true,"valueName":"search_term_string"}}],"inLanguage":"hr"}]}},"_links":{"self":[{"href":"https:\/\/www.sbkt.hr\/KT\/wp-json\/wp\/v2\/pages\/3296","targetHints":{"allow":["GET"]}}],"collection":[{"href":"https:\/\/www.sbkt.hr\/KT\/wp-json\/wp\/v2\/pages"}],"about":[{"href":"https:\/\/www.sbkt.hr\/KT\/wp-json\/wp\/v2\/types\/page"}],"author":[{"embeddable":true,"href":"https:\/\/www.sbkt.hr\/KT\/wp-json\/wp\/v2\/users\/1"}],"replies":[{"embeddable":true,"href":"https:\/\/www.sbkt.hr\/KT\/wp-json\/wp\/v2\/comments?post=3296"}],"version-history":[{"count":3,"href":"https:\/\/www.sbkt.hr\/KT\/wp-json\/wp\/v2\/pages\/3296\/revisions"}],"predecessor-version":[{"id":3299,"href":"https:\/\/www.sbkt.hr\/KT\/wp-json\/wp\/v2\/pages\/3296\/revisions\/3299"}],"wp:attachment":[{"href":"https:\/\/www.sbkt.hr\/KT\/wp-json\/wp\/v2\/media?parent=3296"}],"curies":[{"name":"wp","href":"https:\/\/api.w.org\/{rel}","templated":true}]}}