{"id":4706,"date":"2020-09-22T16:53:37","date_gmt":"2020-09-22T14:53:37","guid":{"rendered":"https:\/\/www.sbkt.hr\/KT\/?page_id=4706"},"modified":"2020-09-22T17:22:39","modified_gmt":"2020-09-22T15:22:39","slug":"izjava-o-pristupacnosti","status":"publish","type":"page","link":"https:\/\/www.sbkt.hr\/KT\/izjava-o-pristupacnosti\/","title":{"rendered":"Izjava o pristupa\u010dnosti"},"content":{"rendered":"<p>Specijalna bolnica za medicinsku rehabilitaciju Krapinske Toplice je obvezna osigurati pristupa\u010dnost svojih mre\u017enih lokacija u skladu sa Zakonom o pristupa\u010dnosti mre\u017enih stranica i programskih rje\u0161enja za pokretne ure\u0111aje tijela javnog sektora Republike Hrvatske (Narodne novine, broj: 17\/19), (dalje u tekstu: Zakon pristupa\u010dnosti mre\u017enih stranica), kojim se u nacionalno zakonodavstvo preuzima Direktiva (EU) 2016\/2102 Europskog parlamenta i Vije\u0107a od 26. listopada 2016. o pristupa\u010dnosti internetskih stranica i mobilnih aplikacija tijela javnog sektora. Ova Izjava o pristupa\u010dnosti odnosi se na mre\u017enu stranicu <a href=\"https:\/\/www.sbkt.hr\">www.sbkt.hr<\/a><\/p>\n<h4><\/h4>\n<h4>Pristupa\u010dnost<\/h4>\n<p>Pristupa\u010dnost na mre\u017enoj stranici www.sbkt.hr dodatno je osigurana i programskim dodatkom o pristupa\u010dnosti web mjesta.<br \/>\nOvaj programski dodatak omogu\u0107ava mre\u017enom stranici www.sbkt.hr da pobolj\u0161a svoju uskla\u0111enost sa Smjernicama o pristupa\u010dnosti web sadr\u017eaja (WCAG 2.1 Web Content Accessibility Guidelines) te Zakonom o pristupa\u010dnosti mre\u017enih stranica.<br \/>\nIzbornik pristupa\u010dnosti na mre\u017enoj stranici www.sbkt.hr mo\u017ee se aktivirati klikom na ikonu izbornika pristupa\u010dnosti koja se pojavljuje gornjem desnom kutu stranice ili pritiskom kombinacija tipki na tipkovnici CTRL + U.<\/p>\n<h4><\/h4>\n<h4>Status uskla\u0111enosti<\/h4>\n<p>Mre\u017ena stranica <a href=\"https:\/\/www.sbkt.hr\">www.sbkt.hr<\/a> je djelomi\u010dno uskla\u0111ena sa Zakonom o pristupa\u010dnosti mre\u017enih stranica.<\/p>\n<h4><\/h4>\n<h4>Nepristupa\u010dan sadr\u017eaj<\/h4>\n<ul>\n<li>Neke poveznice nisu ozna\u010dene na posve jasan na\u010din<\/li>\n<li>Slike ne sadr\u017ee alt atribute<\/li>\n<li>Neke slike ne sadr\u017ee kratki tekstualni opis<\/li>\n<li>Video zapisi nemaju titlove na hrvatskom jeziku<\/li>\n<li>Neke datoteke (pdf i sl.) su dostupne u formatu u kojem ih ne mo\u017ee pro\u010ditati \u010dita\u010d ekrana<\/li>\n<\/ul>\n<h4><\/h4>\n<h4><\/h4>\n<h4>Podizanje razine pristupa\u010dnosti<\/h4>\n<p>Specijalna bolnica za medicinsku rehabilitaciju Krapinske Toplice nastavlja s pobolj\u0161anjima dostupnosti svojih mre\u017enih stranica i usluga kako bi i osobe s invaliditetom, starije osobe ili osobe s odre\u0111enim smetnjama u percepciji mogle nesmetano koristiti mre\u017ene stranice.<br \/>\nUnato\u010d na\u0161im naporima da sve stranice i sadr\u017eaje na mre\u017enoj lokaciji www.sbkt.hr u\u010dinimo dostupnima, neki sadr\u017eaji jo\u0161 nisu u potpunosti prilago\u0111eni najstro\u017eim standardima pristupa\u010dnosti zbog nepostojanja najprikladnijeg i najoptimalnijeg tehnolo\u0161kog rje\u0161enja.<br \/>\nU daljnjim nadogradnjama mre\u017ene stranice implementirat \u0107e se preporuke za unaprje\u0111enje pristupa\u010dnosti i nastojati podi\u0107i razina pristupa\u010dnosti u najve\u0107oj mogu\u0107oj mjeri, a tome \u0107e pridonijeti i osposobljavanje i savjetovanje djelatnika za izradu, vo\u0111enje i odr\u017eavanje sadr\u017eaja mre\u017enih stranica i programskih rje\u0161enja za pokretne ure\u0111aje u skladu sa Zakonom o pristupa\u010dnosti mre\u017enih stranica.<\/p>\n<h4><\/h4>\n<h4>Priprema ove izjave o pristupa\u010dnosti<\/h4>\n<p>Ova izjava sastavljena je 20. rujna 2020. temeljem samoprocjene koju su proveli djelatnici zadu\u017eeni za administriranje mre\u017ene stranice Specijalne bolnice za medicinsku rehabilitaciju Krapinske Toplice.<br \/>\nPovratne informacije i podaci za kontakt<br \/>\nUkoliko vam je potrebna pomo\u0107 u bilo kojem dijelu na\u0161e mre\u017ene stranice www.sbkt.hr ili \u017eelite prijaviti problem s pristupa\u010dno\u0161\u0107u kontaktirajte nas putem e-maila:<a href=\"mailto:pristupacnost@sbkt.hr\"> pristupacnost@sbkt.hr<\/a> ili telefona: 049 383 358<\/p>\n<h4><\/h4>\n<h4>Postupak pra\u0107enja provedbe propisa<\/h4>\n<p>Nadzor nad provedbom Zakona o pristupa\u010dnosti mre\u017enih stranica obavlja Povjerenik za informiranje.<br \/>\nInspekcijski nadzor nad provedbom Zakona o pristupa\u010dnosti mre\u017enih stranica obavljaju inspektori i drugi ovla\u0161teni slu\u017ebenici Ureda povjerenika.<\/p>\n<p>Na nadzor se primjenjuju odredbe Zakona o pravu na pristup informacijama (Narodne novine, broj: 25\/13 i 85\/15).<\/p>\n<h4><\/h4>\n<h4>Kontakt:<\/h4>\n<p>Povjerenik za informiranje<br \/>\nTrg \u017ertava fa\u0161izma 3<br \/>\n10 000 Zagreb<br \/>\nTel: 01 2099 100<br \/>\nFax: 01 2099 122<br \/>\nE-mail:\u00a0<a href=\"mailto:ppi@pristupinfo.hr\" target=\"_top\">ppi@pristupinfo.hr<\/a><br \/>\nWeb:<a href=\"https:\/\/www.pristupinfo.hr\/\" target=\"_top\">www.pristupinfo.hr<\/a><\/p>\n<p>U Krapinskim Toplicama, 20. rujna 2020. godine<\/p>\n","protected":false},"excerpt":{"rendered":"<p>Specijalna bolnica za medicinsku rehabilitaciju Krapinske Toplice je obvezna osigurati pristupa\u010dnost svojih mre\u017enih lokacija u skladu sa Zakonom o pristupa\u010dnosti mre\u017enih stranica i programskih rje\u0161enja za pokretne ure\u0111aje tijela javnog sektora Republike Hrvatske (Narodne novine, broj: 17\/19), (dalje u tekstu: Zakon pristupa\u010dnosti mre\u017enih stranica), kojim se u nacionalno zakonodavstvo preuzima Direktiva (EU) 2016\/2102 Europskog parlamenta&#8230; <\/p>\n","protected":false},"author":1,"featured_media":0,"parent":0,"menu_order":0,"comment_status":"closed","ping_status":"closed","template":"","meta":{"footnotes":""},"class_list":["post-4706","page","type-page","status-publish","hentry"],"yoast_head":"<!-- This site is optimized with the Yoast SEO plugin v24.9 - https:\/\/yoast.com\/wordpress\/plugins\/seo\/ -->\n<title>Izjava o pristupa\u010dnosti - sbkt.hr<\/title>\n<meta name=\"robots\" content=\"index, follow, max-snippet:-1, max-image-preview:large, max-video-preview:-1\" \/>\n<link rel=\"canonical\" href=\"https:\/\/www.sbkt.hr\/KT\/izjava-o-pristupacnosti\/\" \/>\n<meta property=\"og:locale\" content=\"hr_HR\" \/>\n<meta property=\"og:type\" content=\"article\" \/>\n<meta property=\"og:title\" content=\"Izjava o pristupa\u010dnosti - sbkt.hr\" \/>\n<meta property=\"og:description\" content=\"Specijalna bolnica za medicinsku rehabilitaciju Krapinske Toplice je obvezna osigurati pristupa\u010dnost svojih mre\u017enih lokacija u skladu sa Zakonom o pristupa\u010dnosti mre\u017enih stranica i programskih rje\u0161enja za pokretne ure\u0111aje tijela javnog sektora Republike Hrvatske (Narodne novine, broj: 17\/19), (dalje u tekstu: Zakon pristupa\u010dnosti mre\u017enih stranica), kojim se u nacionalno zakonodavstvo preuzima Direktiva (EU) 2016\/2102 Europskog parlamenta...\" \/>\n<meta property=\"og:url\" content=\"https:\/\/www.sbkt.hr\/KT\/izjava-o-pristupacnosti\/\" \/>\n<meta property=\"og:site_name\" content=\"sbkt.hr\" \/>\n<meta property=\"article:modified_time\" content=\"2020-09-22T15:22:39+00:00\" \/>\n<meta name=\"twitter:card\" content=\"summary_large_image\" \/>\n<meta name=\"twitter:label1\" content=\"Procijenjeno vrijeme \u010ditanja\" \/>\n\t<meta name=\"twitter:data1\" content=\"3 minute\" \/>\n<script type=\"application\/ld+json\" class=\"yoast-schema-graph\">{\"@context\":\"https:\/\/schema.org\",\"@graph\":[{\"@type\":\"WebPage\",\"@id\":\"https:\/\/www.sbkt.hr\/KT\/izjava-o-pristupacnosti\/\",\"url\":\"https:\/\/www.sbkt.hr\/KT\/izjava-o-pristupacnosti\/\",\"name\":\"Izjava o pristupa\u010dnosti - sbkt.hr\",\"isPartOf\":{\"@id\":\"https:\/\/www.sbkt.hr\/KT\/#website\"},\"datePublished\":\"2020-09-22T14:53:37+00:00\",\"dateModified\":\"2020-09-22T15:22:39+00:00\",\"breadcrumb\":{\"@id\":\"https:\/\/www.sbkt.hr\/KT\/izjava-o-pristupacnosti\/#breadcrumb\"},\"inLanguage\":\"hr\",\"potentialAction\":[{\"@type\":\"ReadAction\",\"target\":[\"https:\/\/www.sbkt.hr\/KT\/izjava-o-pristupacnosti\/\"]}]},{\"@type\":\"BreadcrumbList\",\"@id\":\"https:\/\/www.sbkt.hr\/KT\/izjava-o-pristupacnosti\/#breadcrumb\",\"itemListElement\":[{\"@type\":\"ListItem\",\"position\":1,\"name\":\"Naslovna\",\"item\":\"https:\/\/www.sbkt.hr\/KT\/\"},{\"@type\":\"ListItem\",\"position\":2,\"name\":\"Izjava o pristupa\u010dnosti\"}]},{\"@type\":\"WebSite\",\"@id\":\"https:\/\/www.sbkt.hr\/KT\/#website\",\"url\":\"https:\/\/www.sbkt.hr\/KT\/\",\"name\":\"sbkt.hr\",\"description\":\"Specijalna bolnica za medicinsku rehabilitaciju\",\"potentialAction\":[{\"@type\":\"SearchAction\",\"target\":{\"@type\":\"EntryPoint\",\"urlTemplate\":\"https:\/\/www.sbkt.hr\/KT\/?s={search_term_string}\"},\"query-input\":{\"@type\":\"PropertyValueSpecification\",\"valueRequired\":true,\"valueName\":\"search_term_string\"}}],\"inLanguage\":\"hr\"}]}<\/script>\n<!-- \/ Yoast SEO plugin. -->","yoast_head_json":{"title":"Izjava o pristupa\u010dnosti - sbkt.hr","robots":{"index":"index","follow":"follow","max-snippet":"max-snippet:-1","max-image-preview":"max-image-preview:large","max-video-preview":"max-video-preview:-1"},"canonical":"https:\/\/www.sbkt.hr\/KT\/izjava-o-pristupacnosti\/","og_locale":"hr_HR","og_type":"article","og_title":"Izjava o pristupa\u010dnosti - sbkt.hr","og_description":"Specijalna bolnica za medicinsku rehabilitaciju Krapinske Toplice je obvezna osigurati pristupa\u010dnost svojih mre\u017enih lokacija u skladu sa Zakonom o pristupa\u010dnosti mre\u017enih stranica i programskih rje\u0161enja za pokretne ure\u0111aje tijela javnog sektora Republike Hrvatske (Narodne novine, broj: 17\/19), (dalje u tekstu: Zakon pristupa\u010dnosti mre\u017enih stranica), kojim se u nacionalno zakonodavstvo preuzima Direktiva (EU) 2016\/2102 Europskog parlamenta...","og_url":"https:\/\/www.sbkt.hr\/KT\/izjava-o-pristupacnosti\/","og_site_name":"sbkt.hr","article_modified_time":"2020-09-22T15:22:39+00:00","twitter_card":"summary_large_image","twitter_misc":{"Procijenjeno vrijeme \u010ditanja":"3 minute"},"schema":{"@context":"https:\/\/schema.org","@graph":[{"@type":"WebPage","@id":"https:\/\/www.sbkt.hr\/KT\/izjava-o-pristupacnosti\/","url":"https:\/\/www.sbkt.hr\/KT\/izjava-o-pristupacnosti\/","name":"Izjava o pristupa\u010dnosti - sbkt.hr","isPartOf":{"@id":"https:\/\/www.sbkt.hr\/KT\/#website"},"datePublished":"2020-09-22T14:53:37+00:00","dateModified":"2020-09-22T15:22:39+00:00","breadcrumb":{"@id":"https:\/\/www.sbkt.hr\/KT\/izjava-o-pristupacnosti\/#breadcrumb"},"inLanguage":"hr","potentialAction":[{"@type":"ReadAction","target":["https:\/\/www.sbkt.hr\/KT\/izjava-o-pristupacnosti\/"]}]},{"@type":"BreadcrumbList","@id":"https:\/\/www.sbkt.hr\/KT\/izjava-o-pristupacnosti\/#breadcrumb","itemListElement":[{"@type":"ListItem","position":1,"name":"Naslovna","item":"https:\/\/www.sbkt.hr\/KT\/"},{"@type":"ListItem","position":2,"name":"Izjava o pristupa\u010dnosti"}]},{"@type":"WebSite","@id":"https:\/\/www.sbkt.hr\/KT\/#website","url":"https:\/\/www.sbkt.hr\/KT\/","name":"sbkt.hr","description":"Specijalna bolnica za medicinsku rehabilitaciju","potentialAction":[{"@type":"SearchAction","target":{"@type":"EntryPoint","urlTemplate":"https:\/\/www.sbkt.hr\/KT\/?s={search_term_string}"},"query-input":{"@type":"PropertyValueSpecification","valueRequired":true,"valueName":"search_term_string"}}],"inLanguage":"hr"}]}},"_links":{"self":[{"href":"https:\/\/www.sbkt.hr\/KT\/wp-json\/wp\/v2\/pages\/4706","targetHints":{"allow":["GET"]}}],"collection":[{"href":"https:\/\/www.sbkt.hr\/KT\/wp-json\/wp\/v2\/pages"}],"about":[{"href":"https:\/\/www.sbkt.hr\/KT\/wp-json\/wp\/v2\/types\/page"}],"author":[{"embeddable":true,"href":"https:\/\/www.sbkt.hr\/KT\/wp-json\/wp\/v2\/users\/1"}],"replies":[{"embeddable":true,"href":"https:\/\/www.sbkt.hr\/KT\/wp-json\/wp\/v2\/comments?post=4706"}],"version-history":[{"count":24,"href":"https:\/\/www.sbkt.hr\/KT\/wp-json\/wp\/v2\/pages\/4706\/revisions"}],"predecessor-version":[{"id":4734,"href":"https:\/\/www.sbkt.hr\/KT\/wp-json\/wp\/v2\/pages\/4706\/revisions\/4734"}],"wp:attachment":[{"href":"https:\/\/www.sbkt.hr\/KT\/wp-json\/wp\/v2\/media?parent=4706"}],"curies":[{"name":"wp","href":"https:\/\/api.w.org\/{rel}","templated":true}]}}