{"id":542,"date":"2017-03-06T15:59:18","date_gmt":"2017-03-06T14:59:18","guid":{"rendered":"http:\/\/www.sbkt.hr\/KT\/?page_id=542"},"modified":"2017-08-25T20:42:18","modified_gmt":"2017-08-25T18:42:18","slug":"zakoni-i-ostali-propisi","status":"publish","type":"page","link":"https:\/\/www.sbkt.hr\/KT\/zakoni-i-ostali-propisi\/","title":{"rendered":"Zakoni i ostali propisi"},"content":{"rendered":"<p>Zakon o zdravstvenoj za\u0161titi(&#8220;Narodne novine&#8221; broj <a href=\"http:\/\/narodne-novine.nn.hr\/clanci\/sluzbeni\/2008_12_150_4097.html\">150\/08<\/a>, <a href=\"http:\/\/narodne-novine.nn.hr\/clanci\/sluzbeni\/2010_06_71_2138.html\">71\/10<\/a>, <a href=\"http:\/\/narodne-novine.nn.hr\/clanci\/sluzbeni\/2010_12_139_3535.html\">139\/10<\/a>, <a href=\"http:\/\/narodne-novine.nn.hr\/clanci\/sluzbeni\/2011_02_22_454.html\">22\/11<\/a>, <a href=\"http:\/\/narodne-novine.nn.hr\/clanci\/sluzbeni\/2011_07_84_1798.html\">84\/11<\/a>, <a href=\"http:\/\/narodne-novine.nn.hr\/clanci\/sluzbeni\/2012_01_12_338.html\">12\/12<\/a>,<a href=\"http:\/\/narodne-novine.nn.hr\/clanci\/sluzbeni\/2012_06_70_1642.html\">70\/12<\/a>, <a href=\"http:\/\/narodne-novine.nn.hr\/clanci\/sluzbeni\/2013_06_82_1736.html\">82\/13, <\/a><a href=\"http:\/\/narodne-novine.nn.hr\/clanci\/sluzbeni\/2013_12_159_3332.html\">159\/13,<\/a><a href=\"http:\/\/narodne-novine.nn.hr\/clanci\/sluzbeni\/2014_02_22_416.html\" target=\"_blank\">22\/14 &#8211; odluka Ustavnog suda RH<\/a>, <a href=\"http:\/\/narodne-novine.nn.hr\/clanci\/sluzbeni\/2014_12_154_2908.html\" target=\"_blank\">154\/14<\/a>, <a href=\"http:\/\/narodne-novine.nn.hr\/clanci\/sluzbeni\/2016_07_70_1665.html\" target=\"_blank\">70\/16 &#8211; Uredba<\/a>.)<\/p>\n<p>Zakon o obveznom zdravstvenom osiguranju (&#8220;Narodne novine&#8221; broj <a href=\"http:\/\/narodne-novine.nn.hr\/clanci\/sluzbeni\/2013_06_80_1666.html\">80\/13<\/a> i <a href=\"http:\/\/narodne-novine.nn.hr\/clanci\/sluzbeni\/2013_11_137_2944.html\">137\/13<\/a>.)<\/p>\n<p>Zakon o dobrovoljnom zdravstvenom osiguranju(&#8220;Narodne novine&#8221; broj <a href=\"http:\/\/narodne-novine.nn.hr\/clanci\/sluzbeni\/2006_07_85_2016.html\">85\/06<\/a>, <a href=\"http:\/\/narodne-novine.nn.hr\/clanci\/sluzbeni\/2008_12_150_4099.html\">150\/08<\/a> i <a href=\"http:\/\/narodne-novine.nn.hr\/clanci\/sluzbeni\/2010_06_71_2140.html\">71\/10<\/a>.)<\/p>\n<p>Zakon o kvaliteti zdravstvene za\u0161tite i socijalne skrbi (&#8220;Narodne novine&#8221; broj <a href=\"http:\/\/narodne-novine.nn.hr\/clanci\/sluzbeni\/2011_11_124_2472.html\">124\/11<\/a>.)<\/p>\n<p>Zakon o lije\u010dni\u0161tvu (&#8220;Narodne novine&#8221; broj <a href=\"http:\/\/narodne-novine.nn.hr\/clanci\/sluzbeni\/2003_07_121_1707.html\">121\/03<\/a> i <a href=\"http:\/\/narodne-novine.nn.hr\/clanci\/sluzbeni\/2008_10_117_3376.html\">117\/08<\/a>.)<\/p>\n<p>Zakon o sestrinstvu (&#8220;Narodne novine&#8221; broj <a href=\"http:\/\/narodne-novine.nn.hr\/clanci\/sluzbeni\/2003_07_121_1710.html\">121\/03<\/a>, <a href=\"http:\/\/narodne-novine.nn.hr\/clanci\/sluzbeni\/2008_10_117_3378.html\">117\/08<\/a> i <a href=\"http:\/\/narodne-novine.nn.hr\/clanci\/sluzbeni\/2011_05_57_1255.html\">57\/11<\/a>.)<\/p>\n<p>Zakon o fizioterapeutskoj djelatnosti <em>(<\/em>&#8220;Narodne novine&#8221; broj <a href=\"http:\/\/narodne-novine.nn.hr\/clanci\/sluzbeni\/2008_10_120_3437.html\">120\/08<\/a>.)<\/p>\n<p>Zakon o djelatnostima u zdravstvu (&#8220;Narodne novine&#8221; broj <a href=\"http:\/\/narodne-novine.nn.hr\/clanci\/sluzbeni\/2009_07_87_2127.html\">87\/09<\/a>.)<\/p>\n<p>Zakon o za\u0161titi prava pacijenata (&#8220;Narodne novine&#8221; broj <a href=\"http:\/\/narodne-novine.nn.hr\/clanci\/sluzbeni\/2004_12_169_2953.html\">169\/04 i 37\/08-OUSRH<\/a>.)<\/p>\n<p>Zakon o ustanovama (\u201eNarodne novine\u201c broj\u00a0<a href=\"http:\/\/narodne-novine.nn.hr\/clanci\/sluzbeni\/1993_08_76_1548.html\"> 76\/93<\/a>, <a href=\"https:\/\/www.zakon.hr\/z\/313\/Zakon-o-ustanovama\">29\/97<\/a>, <a href=\"https:\/\/www.zakon.hr\/z\/313\/Zakon-o-ustanovama\">47\/99<\/a>, <a href=\"https:\/\/www.zakon.hr\/z\/313\/Zakon-o-ustanovama\">35\/08<\/a>)<\/p>\n<p>Zakon o transparentnosti tokova javnih sredstva (\u201eNarodne novine\u201c broj<a href=\"http:\/\/narodne-novine.nn.hr\/clanci\/sluzbeni\/2013_06_72_1436.html\"> 72\/13<\/a>, <a href=\"http:\/\/narodne-novine.nn.hr\/clanci\/sluzbeni\/2014_04_47_876.html\">47\/14<\/a>)<\/p>\n<p>Zakon o javnoj nabavi (\u201eNarodne novine\u201c broj <a href=\"http:\/\/narodne-novine.nn.hr\/clanci\/sluzbeni\/2016_12_120_2607.html\">120\/16<\/a>)<\/p>\n<p>Zakon o fiskalnoj odgovornosti (\u201eNarodne novine\u201c broj <a href=\"http:\/\/narodne-novine.nn.hr\/clanci\/sluzbeni\/2010_12_139_3530.html\">139\/10<\/a>, <a href=\"http:\/\/narodne-novine.nn.hr\/clanci\/sluzbeni\/2014_02_19_366.html\">19\/14<\/a>)<\/p>\n<p>Op\u0107i porezni zakon (\u201eNarodne novine\u201c broj <a href=\"http:\/\/narodne-novine.nn.hr\/clanci\/sluzbeni\/2016_12_115_2519.html\">115\/16<\/a>)<\/p>\n<p>Zakon o ra\u010dunovodstvu (\u201eNarodne novine\u201c broj <a href=\"http:\/\/narodne-novine.nn.hr\/clanci\/sluzbeni\/2015_07_78_1493.html\">78\/15<\/a>, <a href=\"http:\/\/narodne-novine.nn.hr\/clanci\/sluzbeni\/2015_12_134_2511.html\">134\/15<\/a>, <a href=\"http:\/\/narodne-novine.nn.hr\/clanci\/sluzbeni\/2016_12_120_2612.html\">120\/16<\/a>)<\/p>\n<p>Zakon o reviziji (\u201eNarodne novine\u201c broj <a href=\"http:\/\/narodne-novine.nn.hr\/clanci\/sluzbeni\/2005_12_146_2737.html\">146\/05<\/a>, <a href=\"http:\/\/narodne-novine.nn.hr\/clanci\/sluzbeni\/2008_12_139_3886.html\"> 139\/08<\/a>, <a href=\"http:\/\/narodne-novine.nn.hr\/clanci\/sluzbeni\/2012_12_144_3079.html\">144\/12<\/a>, <a href=\"http:\/\/narodne-novine.nn.hr\/clanci\/sluzbeni\/2015_07_78_1493.html\">78\/15<\/a>)<\/p>\n<p>Zakon o obveznim odnosima (\u201eNarodne novine\u201c broj<a href=\"http:\/\/narodne-novine.nn.hr\/clanci\/sluzbeni\/2005_03_35_707.html\"> 35\/05<\/a>, <a href=\"http:\/\/narodne-novine.nn.hr\/clanci\/sluzbeni\/2008_04_41_1382.html\" target=\"_blank\">41\/08<\/a>, <a href=\"http:\/\/narodne-novine.nn.hr\/clanci\/sluzbeni\/2011_11_125_2501.html\" target=\"_blank\">125\/11<\/a>, <a href=\"http:\/\/narodne-novine.nn.hr\/clanci\/sluzbeni\/2015_07_78_1493.html\">78\/15<\/a>)<\/p>\n<p>Ovr\u0161ni zakon (\u201eNarodne novine\u201c broj <a href=\"http:\/\/narodne-novine.nn.hr\/clanci\/sluzbeni\/2012_10_112_2421.html\">112\/12<\/a>, <a href=\"http:\/\/narodne-novine.nn.hr\/clanci\/sluzbeni\/2013_02_25_403.html\">25\/13<\/a>, <a href=\"http:\/\/narodne-novine.nn.hr\/clanci\/sluzbeni\/2014_07_93_1877.html\">93\/14<\/a>, <a href=\"http:\/\/narodne-novine.nn.hr\/clanci\/sluzbeni\/2016_06_55_1442.html\">55\/16<\/a>, <a href=\"http:\/\/narodne-novine.nn.hr\/clanci\/sluzbeni\/2017_07_73_1770.html\" target=\"_blank\">73\/17<\/a>)<\/p>\n<p>Zakon o radu (\u201eNarodne novine\u201c broj <a href=\"http:\/\/narodne-novine.nn.hr\/clanci\/sluzbeni\/2014_07_93_1872.html\">93\/14<\/a>)<\/p>\n<p>Zakon o za\u0161titi na radu (\u00bbNarodne novine\u00ab broj<a href=\"http:\/\/narodne-novine.nn.hr\/clanci\/sluzbeni\/2014_06_71_1334.html\"> 71\/14<\/a>, <a href=\"http:\/\/narodne-novine.nn.hr\/clanci\/sluzbeni\/2014_10_118_2233.html\">118\/14<\/a>, <a href=\"http:\/\/narodne-novine.nn.hr\/clanci\/sluzbeni\/2014_12_154_2906.html\">154\/14<\/a>)<\/p>\n<p>Zakon o op\u0107em upravnom postupku (\u201eNarodne novine\u201c broj <a href=\"http:\/\/narodne-novine.nn.hr\/clanci\/sluzbeni\/2009_04_47_1065.html\">47\/09<\/a>)<\/p>\n<p>Zakon o pravu na pristup informacijama (\u201eNarodne novine\u201c broj <a href=\"http:\/\/narodne-novine.nn.hr\/clanci\/sluzbeni\/2013_02_25_403.html\">25\/13<\/a>, <a href=\"http:\/\/narodne-novine.nn.hr\/clanci\/sluzbeni\/2015_08_85_1649.html\">85\/15<\/a>)<\/p>\n<p>Zakon o za\u0161titi osobnih podataka (\u201eNarodne novine\u201c broj <a href=\"http:\/\/narodne-novine.nn.hr\/clanci\/sluzbeni\/2003_06_103_1364.html\">103\/03<\/a>, <a href=\"http:\/\/narodne-novine.nn.hr\/clanci\/sluzbeni\/2006_11_118_2616.html\">118\/06<\/a>, <a href=\"http:\/\/narodne-novine.nn.hr\/clanci\/sluzbeni\/2008_04_41_1381.html\">41\/08<\/a>, <a href=\"http:\/\/narodne-novine.nn.hr\/clanci\/sluzbeni\/2011_11_130_2608.html\">130\/11<\/a>, <a href=\"http:\/\/narodne-novine.nn.hr\/clanci\/sluzbeni\/2012_09_106_2300.html\">106\/12<\/a>)<\/p>\n<p>Zakon o vodama (\u00bbNarodne novine\u00ab broj <a href=\"http:\/\/narodne-novine.nn.hr\/clanci\/sluzbeni\/2009_12_153_3744.html\">153\/09<\/a>, <a href=\"http:\/\/narodne-novine.nn.hr\/clanci\/sluzbeni\/2011_06_63_1401.html\">63\/11<\/a>, <a href=\"http:\/\/narodne-novine.nn.hr\/clanci\/sluzbeni\/2011_11_130_2601.html\">130\/11<\/a>, <a href=\"http:\/\/narodne-novine.nn.hr\/clanci\/sluzbeni\/2013_05_56_1139.html\">56\/13<\/a>, <a href=\"http:\/\/narodne-novine.nn.hr\/clanci\/sluzbeni\/2014_02_14_267.html\">14\/14<\/a>)<\/p>\n<p>Zakon o za\u0161titi pu\u010danstva od zaraznih bolesti (\u00bbNarodne novine\u00ab broj <a href=\"http:\/\/narodne-novine.nn.hr\/clanci\/sluzbeni\/2007_07_79_2486.html\">79\/07<\/a>, <a href=\"http:\/\/narodne-novine.nn.hr\/clanci\/sluzbeni\/2008_10_113_3286.html\">113\/08<\/a> i <a href=\"http:\/\/narodne-novine.nn.hr\/clanci\/sluzbeni\/2009_04_43_985.html\">43\/09<\/a>)<\/p>\n<p>Kolektivni ugovor za djelatnost zdravstva i zdravstvenog osiguranja (\u201eNarodne novine\u201c broj <a href=\"http:\/\/narodne-novine.nn.hr\/clanci\/sluzbeni\/2013_12_143_3074.html\">143\/13<\/a>)<\/p>\n<p>Dodatak I. Kolektivnom ugovoru za djelatnost zdravstva i zdravstvenog osiguranja (\u201eNarodne novine\u201c broj <a href=\"http:\/\/narodne-novine.nn.hr\/clanci\/sluzbeni\/2015_09_96_1870.html\">96\/15<\/a>)<\/p>\n<p>Pravilnik o sanitarno &#8211; tehni\u010dkim i higijenskim uvjetima bazenskih kupali\u0161ta te o zdravstvenoj ispravnosti bazenskih voda (\u00bbNarodne novine\u00ab broj <a href=\"http:\/\/narodne-novine.nn.hr\/clanci\/sluzbeni\/2012_09_107_2359.html\">107\/12<\/a>, <a href=\"http:\/\/narodne-novine.nn.hr\/clanci\/sluzbeni\/2014_07_88_1783.html\">88\/14<\/a>)<\/p>\n<p>Pravilnik o ustroju, sadr\u017eaju i na\u010dinu vo\u0111enja slu\u017ebenog upisnika o ostvarivanju prava na pristup informacijama i ponovnu uporabu informacija (\u00bbNarodne novine\u00ab broj\u00a0 <a href=\"http:\/\/narodne-novine.nn.hr\/clanci\/sluzbeni\/2014_07_83_1614.html\">83\/14)<\/a><\/p>\n<p>Kriteriji za odre\u0111ivanje visine naknade stvarnih materijalnih tro\u0161kova i tro\u0161kova dostave informacije (\u00bbNarodne novine\u00ab broj <a href=\"http:\/\/narodne-novine.nn.hr\/clanci\/sluzbeni\/2014_01_12_231.html\">12\/14<\/a>, <a href=\"http:\/\/narodne-novine.nn.hr\/clanci\/sluzbeni\/2014_02_15_316.html\">15\/14<\/a><\/p>\n<p>Pravilnik o uvjetima i na\u010dinu ostvarivanja prava iz obveznog zdravstvenog osiguranja (&#8220;Narodne novine&#8221; broj <a href=\"http:\/\/narodne-novine.nn.hr\/clanci\/sluzbeni\/2014_04_49_949.html\" target=\"_blank\">49\/14<\/a>,<a href=\"http:\/\/narodne-novine.nn.hr\/clanci\/sluzbeni\/2014_04_51_991.html\" target=\"_blank\">51\/14 &#8211; ispravak<\/a>,<a href=\"http:\/\/narodne-novine.nn.hr\/clanci\/sluzbeni\/2015_01_11_234.html\" target=\"_blank\">11\/15<\/a>, <a href=\"http:\/\/narodne-novine.nn.hr\/clanci\/sluzbeni\/2015_02_17_343.html\" target=\"_blank\">17\/15<\/a>,<a href=\"http:\/\/narodne-novine.nn.hr\/clanci\/sluzbeni\/full\/2016_12_123_2739.html\" target=\"_blank\">17\/15<\/a>, <a href=\"http:\/\/narodne-novine.nn.hr\/clanci\/sluzbeni\/2015_04_41_843.html\" target=\"_blank\">41\/15 &#8211; ispravak<\/a>.)<\/p>\n<p>Pravilnik o uvjetima i na\u010dinu ostvarivanja prava iz obveznog zdravstvenog osiguranja za bolni\u010dko lije\u010denje medicinskom rehabilitacijom i fizikalnom terapijom u ku\u0107i (&#8220;Narodne novine&#8221; broj <a href=\"http:\/\/narodne-novine.nn.hr\/clanci\/sluzbeni\/1996_04_26_505.html\" target=\"_blank\">26\/96<\/a>, <a href=\"http:\/\/narodne-novine.nn.hr\/clanci\/sluzbeni\/1997_08_79_1399.html\" target=\"_blank\">79\/97<\/a>, <a href=\"http:\/\/narodne-novine.nn.hr\/clanci\/sluzbeni\/1999_03_31_630.html\" target=\"_blank\">31\/99<\/a>, <a href=\"http:\/\/narodne-novine.nn.hr\/clanci\/sluzbeni\/1999_05_51_960.html\" target=\"_blank\">51\/99<\/a>, <a href=\"http:\/\/narodne-novine.nn.hr\/clanci\/sluzbeni\/1999_07_73_1332.html\" target=\"_blank\">73\/99<\/a>, <a href=\"http:\/\/narodne-novine.nn.hr\/clanci\/sluzbeni\/2007_04_40_1359.html\" target=\"_blank\">40\/07<\/a>, <a href=\"http:\/\/narodne-novine.nn.hr\/clanci\/sluzbeni\/2007_05_46_1564.html\" target=\"_blank\">46\/07 &#8211; pro\u010di\u0161\u0107eni tekst<\/a>, <a href=\"http:\/\/narodne-novine.nn.hr\/clanci\/sluzbeni\/2008_06_64_2202.html\" target=\"_blank\"> 64\/08<\/a>, <a href=\"http:\/\/narodne-novine.nn.hr\/clanci\/sluzbeni\/2009_07_91_2303.html\" target=\"_blank\">91\/09<\/a> i <a href=\"http:\/\/narodne-novine.nn.hr\/clanci\/sluzbeni\/2009_09_118_2917.html\" target=\"_blank\">118\/09<\/a>.)<\/p>\n<p>Pravilnik o pravima, uvjetima i na\u010dinu kori\u0161tenja prekograni\u010dne zdravstvene za\u0161tite (&#8220;Narodne novine&#8221; broj <a href=\"http:\/\/narodne-novine.nn.hr\/clanci\/sluzbeni\/2013_12_160_3360.html\" target=\"_blank\">160\/13<\/a>, <a href=\"http:\/\/narodne-novine.nn.hr\/clanci\/sluzbeni\/2015_01_11_233.html\" target=\"_blank\">11\/15<\/a> i <a href=\"http:\/\/narodne-novine.nn.hr\/clanci\/sluzbeni\/2015_02_16_315.html\" target=\"_blank\"> 16\/15 &#8211; ispravak<\/a>.)<\/p>\n<p>Pravilnik o na\u010dinu prijavljivanja i odjavljivanja, te stjecanju statusa osigurane osobe u obveznom zdravstvenom osiguranju (&#8220;Narodne novine&#8221; broj <a href=\"http:\/\/narodne-novine.nn.hr\/clanci\/sluzbeni\/2014_07_82_1586.html\" target=\"_blank\">82\/14<\/a>, <a href=\"http:\/\/narodne-novine.nn.hr\/clanci\/sluzbeni\/2015_02_17_344.html\" target=\"_blank\">17\/15<\/a>.)<\/p>\n<p>Pravilnik o mjerilima i postupku za utvr\u0111ivanje nesposobnosti za samostalan \u017eivot i rad i nedostatak sredstava za uzdr\u017eavanje za osobe s prebivali\u0161tem u Republici Hrvatskoj kojima se zdravstvena za\u0161tita ne osigurava po drugoj osnovi (&#8220;Narodne novine&#8221; broj <a href=\"http:\/\/narodne-novine.nn.hr\/clanci\/sluzbeni\/2002_04_39_860.html\" target=\"_blank\">39\/02<\/a>.)<\/p>\n<p>Pravilnik o uvjetima za osloba\u0111anje od pla\u0107anja doprinosa za obvezno zdravstveno osiguranje poljoprivrednika starijih od 65 godina (&#8220;Narodne novine&#8221; broj <a href=\"http:\/\/narodne-novine.nn.hr\/clanci\/sluzbeni\/2013_11_141_3030.html\" target=\"_blank\">141\/13<\/a>.)<\/p>\n<p>Pravilnik o doprinosima (&#8220;Narodne novine&#8221; broj <a href=\"http:\/\/narodne-novine.nn.hr\/clanci\/sluzbeni\/2009_01_2_39.html\" target=\"_blank\">2\/09<\/a>, <a href=\"http:\/\/narodne-novine.nn.hr\/clanci\/sluzbeni\/2009_01_9_220.html\" target=\"_blank\">9\/09 &#8211; ispravak<\/a>, <a href=\"http:\/\/narodne-novine.nn.hr\/clanci\/sluzbeni\/2009_08_97_2451.html\" target=\"_blank\">97\/09<\/a>, <a href=\"http:\/\/narodne-novine.nn.hr\/clanci\/sluzbeni\/2011_02_25_517.html\" target=\"_blank\">25\/11<\/a>, <a href=\"http:\/\/narodne-novine.nn.hr\/clanci\/sluzbeni\/2012_06_61_1483.html\" target=\"_blank\">61\/12<\/a>, <a href=\"http:\/\/narodne-novine.nn.hr\/clanci\/sluzbeni\/2013_07_86_1925.html\" target=\"_blank\">86\/13<\/a> i <a href=\"http:\/\/narodne-novine.nn.hr\/clanci\/sluzbeni\/2014_12_157_2976.html\" target=\"_blank\">157\/14<\/a>.)<\/p>\n<p>Pravilnik o kontroli privremene nesposobnosti za rad (&#8220;Narodne novine&#8221; broj <a href=\"http:\/\/narodne-novine.nn.hr\/clanci\/sluzbeni\/2013_10_130_2836.html\" target=\"_blank\">130\/13<\/a>.)<\/p>\n<p>Pravilnik o obrascu suglasnosti te obrascu izjave o odbijanju pojedinog dijagnosti\u010dkog, odnosno terapijskog postupka (&#8220;Narodne novine&#8221; broj <a href=\"http:\/\/narodne-novine.nn.hr\/clanci\/sluzbeni\/2008_01_10_305.html\" target=\"_blank\">10\/08<\/a>.)<\/p>\n<p>Pravilnik o europskoj kartici zdravstvenog osiguranja (&#8220;Narodne novine&#8221; broj <a href=\"http:\/\/narodne-novine.nn.hr\/clanci\/sluzbeni\/2014_12_144_2701.html\" target=\"_blank\">144\/14<\/a>.)<\/p>\n<p>Odluka o sadr\u017eaju i obliku isprave kojom se dokazuje status osigurane osobe Hrvatskog zavoda za zdravstveno osiguranje (&#8220;Narodne novine&#8221; broj <a href=\"http:\/\/narodne-novine.nn.hr\/clanci\/sluzbeni\/2007_01_4_232.html\" target=\"_blank\">4\/07<\/a>, <a href=\"http:\/\/narodne-novine.nn.hr\/clanci\/sluzbeni\/2009_07_91_2306.html\" target=\"_blank\">91\/09<\/a>, <a href=\"http:\/\/narodne-novine.nn.hr\/clanci\/sluzbeni\/2009_09_113_2858.html\" target=\"_blank\">113\/09<\/a>, <a href=\"http:\/\/narodne-novine.nn.hr\/clanci\/sluzbeni\/2009_11_140_3433.html\" target=\"_blank\">140\/09<\/a>, <a href=\"http:\/\/narodne-novine.nn.hr\/clanci\/sluzbeni\/2010_01_4_119.html\" target=\"_blank\">4\/10<\/a>, <a href=\"http:\/\/narodne-novine.nn.hr\/clanci\/sluzbeni\/2010_01_13_335.html\" target=\"_blank\">13\/10<\/a>, <a href=\"http:\/\/narodne-novine.nn.hr\/clanci\/sluzbeni\/2010_04_43_1093.html\" target=\"_blank\">43\/10<\/a>, <a href=\"http:\/\/narodne-novine.nn.hr\/clanci\/sluzbeni\/2011_03_29_628.html\" target=\"_blank\">29\/11<\/a>, <a href=\"http:\/\/narodne-novine.nn.hr\/clanci\/sluzbeni\/2014_12_147_2771.html\" target=\"_blank\">147\/14<\/a>, <a href=\"http:\/\/narodne-novine.nn.hr\/clanci\/sluzbeni\/2015_08_86_1698.html\" target=\"_blank\">86\/15<\/a>.)<\/p>\n<p>Naredba o iznosima osnovica za obra\u010dun doprinosa za obvezna osiguranja za 2016. godinu (&#8220;Narodne novine&#8221; broj <a href=\"http:\/\/narodne-novine.nn.hr\/clanci\/sluzbeni\/full\/2017_01_2_59.html\" target=\"_blank\">2\/17<\/a>.)<\/p>\n<p>Odluka o pojedinim oblicima zdravstvene za\u0161tite iz obveznog zdravstvenog osiguranja koja se ostvaruje na osnovi uputnice i rokovima va\u017eenja uputnice (&#8220;Narodne novine&#8221; broj <a href=\"http:\/\/narodne-novine.nn.hr\/clanci\/sluzbeni\/2014_04_51_990.html\" target=\"_blank\">51\/14<\/a>,<a href=\"http:\/\/narodne-novine.nn.hr\/clanci\/sluzbeni\/2014_06_76_1439.html\" target=\"_blank\">76\/14<\/a>, <a href=\"http:\/\/narodne-novine.nn.hr\/clanci\/sluzbeni\/2015_02_17_351.html\" target=\"_blank\">17\/15<\/a>,<a href=\"http:\/\/narodne-novine.nn.hr\/clanci\/sluzbeni\/2016_10_90_1919.html\" target=\"_blank\"> 90\/16<\/a>.)<\/p>\n","protected":false},"excerpt":{"rendered":"<p>Zakon o zdravstvenoj za\u0161titi(&#8220;Narodne novine&#8221; broj 150\/08, 71\/10, 139\/10, 22\/11, 84\/11, 12\/12,70\/12, 82\/13, 159\/13,22\/14 &#8211; odluka Ustavnog suda RH, 154\/14, 70\/16 &#8211; Uredba.) Zakon o obveznom zdravstvenom osiguranju (&#8220;Narodne novine&#8221; broj 80\/13 i 137\/13.) Zakon o dobrovoljnom zdravstvenom osiguranju(&#8220;Narodne novine&#8221; broj 85\/06, 150\/08 i 71\/10.) Zakon o kvaliteti zdravstvene za\u0161tite i socijalne skrbi (&#8220;Narodne novine&#8221;&#8230; <\/p>\n","protected":false},"author":1,"featured_media":0,"parent":0,"menu_order":0,"comment_status":"closed","ping_status":"closed","template":"","meta":{"footnotes":""},"class_list":["post-542","page","type-page","status-publish","hentry"],"yoast_head":"<!-- This site is optimized with the Yoast SEO plugin v24.9 - https:\/\/yoast.com\/wordpress\/plugins\/seo\/ -->\n<title>Zakoni i ostali propisi - sbkt.hr<\/title>\n<meta name=\"robots\" content=\"index, follow, max-snippet:-1, max-image-preview:large, max-video-preview:-1\" \/>\n<link rel=\"canonical\" href=\"https:\/\/www.sbkt.hr\/KT\/zakoni-i-ostali-propisi\/\" \/>\n<meta property=\"og:locale\" content=\"hr_HR\" \/>\n<meta property=\"og:type\" content=\"article\" \/>\n<meta property=\"og:title\" content=\"Zakoni i ostali propisi - sbkt.hr\" \/>\n<meta property=\"og:description\" content=\"Zakon o zdravstvenoj za\u0161titi(&#8220;Narodne novine&#8221; broj 150\/08, 71\/10, 139\/10, 22\/11, 84\/11, 12\/12,70\/12, 82\/13, 159\/13,22\/14 &#8211; odluka Ustavnog suda RH, 154\/14, 70\/16 &#8211; Uredba.) Zakon o obveznom zdravstvenom osiguranju (&#8220;Narodne novine&#8221; broj 80\/13 i 137\/13.) Zakon o dobrovoljnom zdravstvenom osiguranju(&#8220;Narodne novine&#8221; broj 85\/06, 150\/08 i 71\/10.) Zakon o kvaliteti zdravstvene za\u0161tite i socijalne skrbi (&#8220;Narodne novine&#8221;...\" \/>\n<meta property=\"og:url\" content=\"https:\/\/www.sbkt.hr\/KT\/zakoni-i-ostali-propisi\/\" \/>\n<meta property=\"og:site_name\" content=\"sbkt.hr\" \/>\n<meta property=\"article:modified_time\" content=\"2017-08-25T18:42:18+00:00\" \/>\n<meta name=\"twitter:card\" content=\"summary_large_image\" \/>\n<meta name=\"twitter:label1\" content=\"Procijenjeno vrijeme \u010ditanja\" \/>\n\t<meta name=\"twitter:data1\" content=\"3 minute\" \/>\n<script type=\"application\/ld+json\" class=\"yoast-schema-graph\">{\"@context\":\"https:\/\/schema.org\",\"@graph\":[{\"@type\":\"WebPage\",\"@id\":\"https:\/\/www.sbkt.hr\/KT\/zakoni-i-ostali-propisi\/\",\"url\":\"https:\/\/www.sbkt.hr\/KT\/zakoni-i-ostali-propisi\/\",\"name\":\"Zakoni i ostali propisi - sbkt.hr\",\"isPartOf\":{\"@id\":\"https:\/\/www.sbkt.hr\/KT\/#website\"},\"datePublished\":\"2017-03-06T14:59:18+00:00\",\"dateModified\":\"2017-08-25T18:42:18+00:00\",\"breadcrumb\":{\"@id\":\"https:\/\/www.sbkt.hr\/KT\/zakoni-i-ostali-propisi\/#breadcrumb\"},\"inLanguage\":\"hr\",\"potentialAction\":[{\"@type\":\"ReadAction\",\"target\":[\"https:\/\/www.sbkt.hr\/KT\/zakoni-i-ostali-propisi\/\"]}]},{\"@type\":\"BreadcrumbList\",\"@id\":\"https:\/\/www.sbkt.hr\/KT\/zakoni-i-ostali-propisi\/#breadcrumb\",\"itemListElement\":[{\"@type\":\"ListItem\",\"position\":1,\"name\":\"Naslovna\",\"item\":\"https:\/\/www.sbkt.hr\/KT\/\"},{\"@type\":\"ListItem\",\"position\":2,\"name\":\"Zakoni i ostali propisi\"}]},{\"@type\":\"WebSite\",\"@id\":\"https:\/\/www.sbkt.hr\/KT\/#website\",\"url\":\"https:\/\/www.sbkt.hr\/KT\/\",\"name\":\"sbkt.hr\",\"description\":\"Specijalna bolnica za medicinsku rehabilitaciju\",\"potentialAction\":[{\"@type\":\"SearchAction\",\"target\":{\"@type\":\"EntryPoint\",\"urlTemplate\":\"https:\/\/www.sbkt.hr\/KT\/?s={search_term_string}\"},\"query-input\":{\"@type\":\"PropertyValueSpecification\",\"valueRequired\":true,\"valueName\":\"search_term_string\"}}],\"inLanguage\":\"hr\"}]}<\/script>\n<!-- \/ Yoast SEO plugin. -->","yoast_head_json":{"title":"Zakoni i ostali propisi - sbkt.hr","robots":{"index":"index","follow":"follow","max-snippet":"max-snippet:-1","max-image-preview":"max-image-preview:large","max-video-preview":"max-video-preview:-1"},"canonical":"https:\/\/www.sbkt.hr\/KT\/zakoni-i-ostali-propisi\/","og_locale":"hr_HR","og_type":"article","og_title":"Zakoni i ostali propisi - sbkt.hr","og_description":"Zakon o zdravstvenoj za\u0161titi(&#8220;Narodne novine&#8221; broj 150\/08, 71\/10, 139\/10, 22\/11, 84\/11, 12\/12,70\/12, 82\/13, 159\/13,22\/14 &#8211; odluka Ustavnog suda RH, 154\/14, 70\/16 &#8211; Uredba.) Zakon o obveznom zdravstvenom osiguranju (&#8220;Narodne novine&#8221; broj 80\/13 i 137\/13.) Zakon o dobrovoljnom zdravstvenom osiguranju(&#8220;Narodne novine&#8221; broj 85\/06, 150\/08 i 71\/10.) Zakon o kvaliteti zdravstvene za\u0161tite i socijalne skrbi (&#8220;Narodne novine&#8221;...","og_url":"https:\/\/www.sbkt.hr\/KT\/zakoni-i-ostali-propisi\/","og_site_name":"sbkt.hr","article_modified_time":"2017-08-25T18:42:18+00:00","twitter_card":"summary_large_image","twitter_misc":{"Procijenjeno vrijeme \u010ditanja":"3 minute"},"schema":{"@context":"https:\/\/schema.org","@graph":[{"@type":"WebPage","@id":"https:\/\/www.sbkt.hr\/KT\/zakoni-i-ostali-propisi\/","url":"https:\/\/www.sbkt.hr\/KT\/zakoni-i-ostali-propisi\/","name":"Zakoni i ostali propisi - sbkt.hr","isPartOf":{"@id":"https:\/\/www.sbkt.hr\/KT\/#website"},"datePublished":"2017-03-06T14:59:18+00:00","dateModified":"2017-08-25T18:42:18+00:00","breadcrumb":{"@id":"https:\/\/www.sbkt.hr\/KT\/zakoni-i-ostali-propisi\/#breadcrumb"},"inLanguage":"hr","potentialAction":[{"@type":"ReadAction","target":["https:\/\/www.sbkt.hr\/KT\/zakoni-i-ostali-propisi\/"]}]},{"@type":"BreadcrumbList","@id":"https:\/\/www.sbkt.hr\/KT\/zakoni-i-ostali-propisi\/#breadcrumb","itemListElement":[{"@type":"ListItem","position":1,"name":"Naslovna","item":"https:\/\/www.sbkt.hr\/KT\/"},{"@type":"ListItem","position":2,"name":"Zakoni i ostali propisi"}]},{"@type":"WebSite","@id":"https:\/\/www.sbkt.hr\/KT\/#website","url":"https:\/\/www.sbkt.hr\/KT\/","name":"sbkt.hr","description":"Specijalna bolnica za medicinsku rehabilitaciju","potentialAction":[{"@type":"SearchAction","target":{"@type":"EntryPoint","urlTemplate":"https:\/\/www.sbkt.hr\/KT\/?s={search_term_string}"},"query-input":{"@type":"PropertyValueSpecification","valueRequired":true,"valueName":"search_term_string"}}],"inLanguage":"hr"}]}},"_links":{"self":[{"href":"https:\/\/www.sbkt.hr\/KT\/wp-json\/wp\/v2\/pages\/542","targetHints":{"allow":["GET"]}}],"collection":[{"href":"https:\/\/www.sbkt.hr\/KT\/wp-json\/wp\/v2\/pages"}],"about":[{"href":"https:\/\/www.sbkt.hr\/KT\/wp-json\/wp\/v2\/types\/page"}],"author":[{"embeddable":true,"href":"https:\/\/www.sbkt.hr\/KT\/wp-json\/wp\/v2\/users\/1"}],"replies":[{"embeddable":true,"href":"https:\/\/www.sbkt.hr\/KT\/wp-json\/wp\/v2\/comments?post=542"}],"version-history":[{"count":6,"href":"https:\/\/www.sbkt.hr\/KT\/wp-json\/wp\/v2\/pages\/542\/revisions"}],"predecessor-version":[{"id":545,"href":"https:\/\/www.sbkt.hr\/KT\/wp-json\/wp\/v2\/pages\/542\/revisions\/545"}],"wp:attachment":[{"href":"https:\/\/www.sbkt.hr\/KT\/wp-json\/wp\/v2\/media?parent=542"}],"curies":[{"name":"wp","href":"https:\/\/api.w.org\/{rel}","templated":true}]}}