{"id":5453,"date":"2021-10-23T08:15:36","date_gmt":"2021-10-23T06:15:36","guid":{"rendered":"https:\/\/www.sbkt.hr\/KT\/?page_id=5453"},"modified":"2021-10-25T14:07:18","modified_gmt":"2021-10-25T12:07:18","slug":"post-covid-19-plucna-rehabilitacija","status":"publish","type":"page","link":"https:\/\/www.sbkt.hr\/KT\/post-covid-19-plucna-rehabilitacija\/","title":{"rendered":"POST-COVID-19 plu\u0107na rehabilitacija"},"content":{"rendered":"<p><strong>POST-COVID-19 plu\u0107na rehabilitacija<\/strong> u Specijalnoj bolnici za medicinsku rehabilitaciju Krapinske Toplice<\/p>\n<p>Bolest COVID-19 uzrokovana virusom SARS-CoV-2 opisana je prvi puta 2019. godine, a nakon opisa burnih akutnih klini\u010dkih slika bolesti, vrijeme je pokazalo da izaziva i produljene simptome.<\/p>\n<p>Tegobe COVID-19 koje traju dulje od 4 tjedna u literaturi se opisuju kao \u201clong\u201d COVID-19, a razlikujemo subakutni koji traje izme\u0111u 4-12 tjedana, i kroni\u010dni ili POST-COVID-19 sindrom koji uklju\u010duje simptome i dijagnosti\u010dke abnormalnosti koji se javljaju nakon 12.-og tjedna od po\u010detka bolesti, a ne mogu se objasniti drugim bolestima.<\/p>\n<p>COVID-19 se u najve\u0107oj mjeri prezentira respiratornim simptomima, no virus direktnim utjecajem, ili indirektno kao posljedica upale ili ishemije uslijed tromboze krvnih \u017eila, izaziva o\u0161te\u0107enja i drugih organskih sustava. Tako i post-COVID-19 sindrom ima multisistemsku prezentaciju.<\/p>\n<p>Bolesnici s POST-COVID-19 sindromom naj\u010de\u0161\u0107e imaju ote\u017eano disanje i skra\u0107enje daha, umor i zamaranje pri naporu, ka\u0161alj, bol u prsima ili bol u trbuhu, glavobolju te smetnje koncentracije. Nerijetki su i neuromi\u0161i\u0107ni simptomi \u0161to uklju\u010duje bol u mi\u0161i\u0107ima i zglobovima, ote\u017eani hod i zamor mi\u0161i\u0107a ruku ili nogu zbog o\u0161te\u0107enja mi\u0161i\u0107a ili \u017eivaca.<\/p>\n<p>Temeljem dosada\u0161njih iskustava, preporuka je u\u010diniti \u201escreening\u201c pacijenata koji su preboljeli COVID-19 i imaju prolongirane tegobe 6-8 tjedana od po\u010detka bolesti kako bi se kvantificirao funkcionalni deficit te planirala rehabilitacija.<br \/>\nU na\u0161oj bolnici od po\u010detka pandemije provodi se rehabilitacija bolesnika s neuromi\u0161i\u0107nim tegobama, a od nedavno je organizirana i plu\u0107na rehabilitacija za POST-COVID-19 bolesnike. S podru\u010dja na\u0161e Krapinsko-zagorske \u017eupanije nakon pregleda u pulmolo\u0161koj ambulanti u OB Zabok i bolnici Hrvatskih veterana, bolesnici se upu\u0107uju u na\u0161u POST-COVID-19 Ambulantu za fizikalnu medicinu i rehabilitaciju. Nakon pregleda lije\u010dnika fizijatra i funkcionalnih testova, bolesnici se uklju\u010duju u program plu\u0107ne rehabilitacije. Program se planira za svakog pacijenta individualno, a uklju\u010duje op\u0107i kondicijski trening i trening pove\u0107anja snage i izdr\u017eljivosti respiratorne muskulature uz provo\u0111enje edukacije o prirodi bolesti i na\u010dinu vje\u017ebanja mi\u0161i\u0107a za disanje. Program plu\u0107ne rehabilitacije traje minimalno 3 tjedna, nakon \u010dega se radi nova procjena i planira daljnja rehabilitacija.<\/p>\n<p><strong>Bolesnici s POST-COVID-19 sindromom koji imaju te\u0161ko\u0107a s disanjem, kratki dah ili ka\u0161alj, nakon obrade pulmologa, mogu se javiti u na\u0161u POST-COVID-19 Ambulantu za fizikalnu medicinu i rehabilitaciju radi planiranja plu\u0107ne rehabilitacije.<br \/>\nKontakt:<\/strong> <a href=\"mailto:fizijatrijska.ambulanta@sbkt.hr\">fizijatrijska.ambulanta@sbkt.hr<\/a> ili na broj telefona 049-383 233, <strong>uz napomenu da se naru\u010duju za plu\u0107nu rehabilitaciju.<\/strong><\/p>\n<div>    <\/div><style type=\"text\/css\" scoped>.rbs_gallery_69e323cb0554eSpinner{\r\n\t\t\t\tmargin: 50px auto;\r\n\t\t\t\twidth: 50px;\r\n\t\t\t\theight: 40px;\r\n\t\t\t\ttext-align: center;\r\n\t\t\t\tfont-size: 10px;\r\n\t\t\t}\r\n\t\t\t.rbs_gallery_69e323cb0554eSpinner > div{\r\n\t\t\t  background-color: #333;\r\n\t\t\t  height: 100%;\r\n\t\t\t  width: 6px;\r\n\t\t\t  display: inline-block;\r\n\t\t\t  -webkit-animation: rbs_gallery_69e323cb0554e-stretchdelay 1.2s infinite ease-in-out;\r\n\t\t\t  animation: rbs_gallery_69e323cb0554e-stretchdelay 1.2s infinite ease-in-out;\r\n\t\t\t}\r\n\t\t\t.rbs_gallery_69e323cb0554eSpinner .rbs_gallery_69e323cb0554eRect2 {\r\n\t\t\t  -webkit-animation-delay: -1.1s;\r\n\t\t\t  animation-delay: -1.1s;\r\n\t\t\t}\r\n\t\t\t.rbs_gallery_69e323cb0554eSpinner .rbs_gallery_69e323cb0554eRect3 {\r\n\t\t\t  -webkit-animation-delay: -1.0s;\r\n\t\t\t  animation-delay: -1.0s;\r\n\t\t\t}\r\n\t\t\t.rbs_gallery_69e323cb0554eSpinner .rbs_gallery_69e323cb0554eRect4 {\r\n\t\t\t  -webkit-animation-delay: -0.9s;\r\n\t\t\t  animation-delay: -0.9s;\r\n\t\t\t}\r\n\t\t\t.rbs_gallery_69e323cb0554eSpinner .rbs_gallery_69e323cb0554eRect5 {\r\n\t\t\t  -webkit-animation-delay: -0.8s;\r\n\t\t\t  animation-delay: -0.8s;\r\n\t\t\t}\r\n\t\t\t@-webkit-keyframes rbs_gallery_69e323cb0554e-stretchdelay {\r\n\t\t\t  0%, 40%, 100% { -webkit-transform: scaleY(0.4) }  \r\n\t\t\t  20% { -webkit-transform: scaleY(1.0) }\r\n\t\t\t}\r\n\t\t\t@keyframes rbs_gallery_69e323cb0554e-stretchdelay {\r\n\t\t\t  0%, 40%, 100% { \r\n\t\t\t    transform: scaleY(0.4);\r\n\t\t\t    -webkit-transform: scaleY(0.4);\r\n\t\t\t  }  20% { \r\n\t\t\t    transform: scaleY(1.0);\r\n\t\t\t    -webkit-transform: scaleY(1.0);\r\n\t\t\t  }\r\n\t\t\t}\r\n\t\t<\/style><div class=\"robo-gallery-wrap robo-gallery-wrap-id5481 robo-gallery-\" ><div id=\"rbs_gallery_69e323cb0554e-block-loader\" class=\"rbs_gallery_69e323cb0554eSpinner\"><div class=\"rbs_gallery_69e323cb0554eRect1\"><\/div> <div class=\"rbs_gallery_69e323cb0554eRect2\"><\/div> <div class=\"rbs_gallery_69e323cb0554eRect3\"><\/div> <div class=\"rbs_gallery_69e323cb0554eRect4\"><\/div> <div class=\"rbs_gallery_69e323cb0554eRect5\"><\/div><\/div><div id=\"robo_gallery_main_block_rbs_gallery_69e323cb0554e\" class=\"robogallery-gallery-5481\" style=\"width:100%;  display: none;\"><div id=\"rbs_gallery_69e323cb0554e\" data-options=\"rbs_gallery_69e323cb0554e\" style=\"width:100%;\" class=\"robo_gallery  \"><div class=\"rbs-img  category5481 \" ><div class=\"rbs-img-image   rbs-lightbox \" ><div class=\"rbs-img-thumbs\"  data-thumbnail=\"https:\/\/www.sbkt.hr\/KT\/wp-content\/uploads\/2021\/10\/slika3-225x300.jpg\"  title=\"slika1\"  data-width=\"225\"  data-height=\"300\" ><\/div><div class=\"rbs-img-data-popup\"  data-popup=\"https:\/\/www.sbkt.hr\/KT\/wp-content\/uploads\/2021\/10\/slika3.jpg\"  title=\"slika1\"  data-alt=\"POST-COVID-19 plu\u0107na rehabilitacija\" ><\/div><div class=\"thumbnail-overlay\"><div class=\"rbsTitle \">slika1<\/div><div class=\"rbsIcons\"><i class=\"fa fa-search-plus rbsZoomIcon \" ><\/i><\/div><\/div><\/div><\/div><div class=\"rbs-img  category5481 \" ><div class=\"rbs-img-image   rbs-lightbox \" ><div class=\"rbs-img-thumbs\"  data-thumbnail=\"https:\/\/www.sbkt.hr\/KT\/wp-content\/uploads\/2021\/10\/slika1-225x300.jpg\"  title=\"slika2\"  data-width=\"225\"  data-height=\"300\" ><\/div><div class=\"rbs-img-data-popup\"  data-popup=\"https:\/\/www.sbkt.hr\/KT\/wp-content\/uploads\/2021\/10\/slika1.jpg\"  title=\"slika2\"  data-alt=\"POST-COVID-19 plu\u0107na rehabilitacija\" ><\/div><div class=\"thumbnail-overlay\"><div class=\"rbsTitle \">slika2<\/div><div class=\"rbsIcons\"><i class=\"fa fa-search-plus rbsZoomIcon \" ><\/i><\/div><\/div><\/div><\/div><div class=\"rbs-img  category5481 \" ><div class=\"rbs-img-image   rbs-lightbox \" ><div class=\"rbs-img-thumbs\"  data-thumbnail=\"https:\/\/www.sbkt.hr\/KT\/wp-content\/uploads\/2021\/10\/slika7-225x300.jpg\"  title=\"slika3\"  data-width=\"225\"  data-height=\"300\" ><\/div><div class=\"rbs-img-data-popup\"  data-popup=\"https:\/\/www.sbkt.hr\/KT\/wp-content\/uploads\/2021\/10\/slika7.jpg\"  title=\"slika3\"  data-alt=\"POST-COVID-19 plu\u0107na rehabilitacija\" ><\/div><div class=\"thumbnail-overlay\"><div class=\"rbsTitle \">slika3<\/div><div class=\"rbsIcons\"><i class=\"fa fa-search-plus rbsZoomIcon \" ><\/i><\/div><\/div><\/div><\/div><div class=\"rbs-img  category5481 \" ><div class=\"rbs-img-image   rbs-lightbox \" ><div class=\"rbs-img-thumbs\"  data-thumbnail=\"https:\/\/www.sbkt.hr\/KT\/wp-content\/uploads\/2021\/10\/slika6-225x300.jpg\"  title=\"slika4\"  data-width=\"225\"  data-height=\"300\" ><\/div><div class=\"rbs-img-data-popup\"  data-popup=\"https:\/\/www.sbkt.hr\/KT\/wp-content\/uploads\/2021\/10\/slika6.jpg\"  title=\"slika4\"  data-alt=\"POST-COVID-19 plu\u0107na rehabilitacija\" ><\/div><div class=\"thumbnail-overlay\"><div class=\"rbsTitle \">slika4<\/div><div class=\"rbsIcons\"><i class=\"fa fa-search-plus rbsZoomIcon \" ><\/i><\/div><\/div><\/div><\/div><div class=\"rbs-img  category5481 \" ><div class=\"rbs-img-image   rbs-lightbox \" ><div class=\"rbs-img-thumbs\"  data-thumbnail=\"https:\/\/www.sbkt.hr\/KT\/wp-content\/uploads\/2021\/10\/slika5-225x300.jpg\"  title=\"slika5\"  data-width=\"225\"  data-height=\"300\" ><\/div><div class=\"rbs-img-data-popup\"  data-popup=\"https:\/\/www.sbkt.hr\/KT\/wp-content\/uploads\/2021\/10\/slika5.jpg\"  title=\"slika5\"  data-alt=\"POST-COVID-19 plu\u0107na rehabilitacija\" ><\/div><div class=\"thumbnail-overlay\"><div class=\"rbsTitle \">slika5<\/div><div class=\"rbsIcons\"><i class=\"fa fa-search-plus rbsZoomIcon \" ><\/i><\/div><\/div><\/div><\/div><div class=\"rbs-img  category5481 \" ><div class=\"rbs-img-image   rbs-lightbox \" ><div class=\"rbs-img-thumbs\"  data-thumbnail=\"https:\/\/www.sbkt.hr\/KT\/wp-content\/uploads\/2021\/10\/slika4-225x300.jpg\"  title=\"slika6\"  data-width=\"225\"  data-height=\"300\" ><\/div><div class=\"rbs-img-data-popup\"  data-popup=\"https:\/\/www.sbkt.hr\/KT\/wp-content\/uploads\/2021\/10\/slika4.jpg\"  title=\"slika6\"  data-alt=\"POST-COVID-19 plu\u0107na rehabilitacija\" ><\/div><div class=\"thumbnail-overlay\"><div class=\"rbsTitle \">slika6<\/div><div class=\"rbsIcons\"><i class=\"fa fa-search-plus rbsZoomIcon \" ><\/i><\/div><\/div><\/div><\/div><div class=\"rbs-img  category5481 \" ><div class=\"rbs-img-image   rbs-lightbox \" ><div class=\"rbs-img-thumbs\"  data-thumbnail=\"https:\/\/www.sbkt.hr\/KT\/wp-content\/uploads\/2021\/10\/slika2-225x300.jpg\"  title=\"slika7\"  data-width=\"225\"  data-height=\"300\" ><\/div><div class=\"rbs-img-data-popup\"  data-popup=\"https:\/\/www.sbkt.hr\/KT\/wp-content\/uploads\/2021\/10\/slika2.jpg\"  title=\"slika7\"  data-alt=\"POST-COVID-19 plu\u0107na rehabilitacija\" ><\/div><div class=\"thumbnail-overlay\"><div class=\"rbsTitle \">slika7<\/div><div class=\"rbsIcons\"><i class=\"fa fa-search-plus rbsZoomIcon \" ><\/i><\/div><\/div><\/div><\/div><\/div><\/div><\/div><script>var rbs_gallery_69e323cb0554e = {\"version\":\"5.0.6\",\"id\":5481,\"class\":\"id5481\",\"roboGalleryDelay\":1000,\"mainContainer\":\"#robo_gallery_main_block_rbs_gallery_69e323cb0554e\",\"loadingContainer\":\"#rbs_gallery_69e323cb0554e-block-loader\",\"loadingContainerObj\":\"rbs_gallery_69e323cb0554e-block-loader\",\"columnWidth\":\"auto\",\"columns\":3,\"resolutions\":[{\"columnWidth\":\"auto\",\"columns\":3,\"maxWidth\":960},{\"columnWidth\":\"auto\",\"columns\":2,\"maxWidth\":650},{\"columnWidth\":\"auto\",\"columns\":1,\"maxWidth\":450}],\"lightboxOptions\":{\"gallery\":{\"enabled\":true,\"tCounter\":\"%curr% of %total%\"}},\"overlayEffect\":\"direction-aware-fade\",\"boxesToLoadStart\":12,\"boxesToLoad\":8,\"waitUntilThumbLoads\":1,\"LoadingWord\":\"Loading...\",\"loadMoreWord\":\"Load More\",\"noMoreEntriesWord\":\"No More Entries\",\"horizontalSpaceBetweenBoxes\":15,\"verticalSpaceBetweenBoxes\":15,\"lazyLoad\":1,\"wrapContainer\":\"#robo-gallery-wrap-rbs_gallery_69e323cb0554e\"};<\/script><div>    <\/div>\n","protected":false},"excerpt":{"rendered":"<p>POST-COVID-19 plu\u0107na rehabilitacija u Specijalnoj bolnici za medicinsku rehabilitaciju Krapinske Toplice Bolest COVID-19 uzrokovana virusom SARS-CoV-2 opisana je prvi puta 2019. godine, a nakon opisa burnih akutnih klini\u010dkih slika bolesti, vrijeme je pokazalo da izaziva i produljene simptome. Tegobe COVID-19 koje traju dulje od 4 tjedna u literaturi se opisuju kao \u201clong\u201d COVID-19, a razlikujemo&#8230; <\/p>\n","protected":false},"author":1,"featured_media":0,"parent":0,"menu_order":0,"comment_status":"closed","ping_status":"closed","template":"","meta":{"footnotes":""},"class_list":["post-5453","page","type-page","status-publish","hentry"],"yoast_head":"<!-- This site is optimized with the Yoast SEO plugin v24.9 - https:\/\/yoast.com\/wordpress\/plugins\/seo\/ -->\n<title>POST-COVID-19 plu\u0107na rehabilitacija - sbkt.hr<\/title>\n<meta name=\"robots\" content=\"index, follow, max-snippet:-1, max-image-preview:large, max-video-preview:-1\" \/>\n<link rel=\"canonical\" href=\"https:\/\/www.sbkt.hr\/KT\/post-covid-19-plucna-rehabilitacija\/\" \/>\n<meta property=\"og:locale\" content=\"hr_HR\" \/>\n<meta property=\"og:type\" content=\"article\" \/>\n<meta property=\"og:title\" content=\"POST-COVID-19 plu\u0107na rehabilitacija - sbkt.hr\" \/>\n<meta property=\"og:description\" content=\"POST-COVID-19 plu\u0107na rehabilitacija u Specijalnoj bolnici za medicinsku rehabilitaciju Krapinske Toplice Bolest COVID-19 uzrokovana virusom SARS-CoV-2 opisana je prvi puta 2019. godine, a nakon opisa burnih akutnih klini\u010dkih slika bolesti, vrijeme je pokazalo da izaziva i produljene simptome. Tegobe COVID-19 koje traju dulje od 4 tjedna u literaturi se opisuju kao \u201clong\u201d COVID-19, a razlikujemo...\" \/>\n<meta property=\"og:url\" content=\"https:\/\/www.sbkt.hr\/KT\/post-covid-19-plucna-rehabilitacija\/\" \/>\n<meta property=\"og:site_name\" content=\"sbkt.hr\" \/>\n<meta property=\"article:modified_time\" content=\"2021-10-25T12:07:18+00:00\" \/>\n<meta name=\"twitter:card\" content=\"summary_large_image\" \/>\n<meta name=\"twitter:label1\" content=\"Procijenjeno vrijeme \u010ditanja\" \/>\n\t<meta name=\"twitter:data1\" content=\"2 minute\" \/>\n<script type=\"application\/ld+json\" class=\"yoast-schema-graph\">{\"@context\":\"https:\/\/schema.org\",\"@graph\":[{\"@type\":\"WebPage\",\"@id\":\"https:\/\/www.sbkt.hr\/KT\/post-covid-19-plucna-rehabilitacija\/\",\"url\":\"https:\/\/www.sbkt.hr\/KT\/post-covid-19-plucna-rehabilitacija\/\",\"name\":\"POST-COVID-19 plu\u0107na rehabilitacija - sbkt.hr\",\"isPartOf\":{\"@id\":\"https:\/\/www.sbkt.hr\/KT\/#website\"},\"datePublished\":\"2021-10-23T06:15:36+00:00\",\"dateModified\":\"2021-10-25T12:07:18+00:00\",\"breadcrumb\":{\"@id\":\"https:\/\/www.sbkt.hr\/KT\/post-covid-19-plucna-rehabilitacija\/#breadcrumb\"},\"inLanguage\":\"hr\",\"potentialAction\":[{\"@type\":\"ReadAction\",\"target\":[\"https:\/\/www.sbkt.hr\/KT\/post-covid-19-plucna-rehabilitacija\/\"]}]},{\"@type\":\"BreadcrumbList\",\"@id\":\"https:\/\/www.sbkt.hr\/KT\/post-covid-19-plucna-rehabilitacija\/#breadcrumb\",\"itemListElement\":[{\"@type\":\"ListItem\",\"position\":1,\"name\":\"Naslovna\",\"item\":\"https:\/\/www.sbkt.hr\/KT\/\"},{\"@type\":\"ListItem\",\"position\":2,\"name\":\"POST-COVID-19 plu\u0107na rehabilitacija\"}]},{\"@type\":\"WebSite\",\"@id\":\"https:\/\/www.sbkt.hr\/KT\/#website\",\"url\":\"https:\/\/www.sbkt.hr\/KT\/\",\"name\":\"sbkt.hr\",\"description\":\"Specijalna bolnica za medicinsku rehabilitaciju\",\"potentialAction\":[{\"@type\":\"SearchAction\",\"target\":{\"@type\":\"EntryPoint\",\"urlTemplate\":\"https:\/\/www.sbkt.hr\/KT\/?s={search_term_string}\"},\"query-input\":{\"@type\":\"PropertyValueSpecification\",\"valueRequired\":true,\"valueName\":\"search_term_string\"}}],\"inLanguage\":\"hr\"}]}<\/script>\n<!-- \/ Yoast SEO plugin. -->","yoast_head_json":{"title":"POST-COVID-19 plu\u0107na rehabilitacija - sbkt.hr","robots":{"index":"index","follow":"follow","max-snippet":"max-snippet:-1","max-image-preview":"max-image-preview:large","max-video-preview":"max-video-preview:-1"},"canonical":"https:\/\/www.sbkt.hr\/KT\/post-covid-19-plucna-rehabilitacija\/","og_locale":"hr_HR","og_type":"article","og_title":"POST-COVID-19 plu\u0107na rehabilitacija - sbkt.hr","og_description":"POST-COVID-19 plu\u0107na rehabilitacija u Specijalnoj bolnici za medicinsku rehabilitaciju Krapinske Toplice Bolest COVID-19 uzrokovana virusom SARS-CoV-2 opisana je prvi puta 2019. godine, a nakon opisa burnih akutnih klini\u010dkih slika bolesti, vrijeme je pokazalo da izaziva i produljene simptome. Tegobe COVID-19 koje traju dulje od 4 tjedna u literaturi se opisuju kao \u201clong\u201d COVID-19, a razlikujemo...","og_url":"https:\/\/www.sbkt.hr\/KT\/post-covid-19-plucna-rehabilitacija\/","og_site_name":"sbkt.hr","article_modified_time":"2021-10-25T12:07:18+00:00","twitter_card":"summary_large_image","twitter_misc":{"Procijenjeno vrijeme \u010ditanja":"2 minute"},"schema":{"@context":"https:\/\/schema.org","@graph":[{"@type":"WebPage","@id":"https:\/\/www.sbkt.hr\/KT\/post-covid-19-plucna-rehabilitacija\/","url":"https:\/\/www.sbkt.hr\/KT\/post-covid-19-plucna-rehabilitacija\/","name":"POST-COVID-19 plu\u0107na rehabilitacija - sbkt.hr","isPartOf":{"@id":"https:\/\/www.sbkt.hr\/KT\/#website"},"datePublished":"2021-10-23T06:15:36+00:00","dateModified":"2021-10-25T12:07:18+00:00","breadcrumb":{"@id":"https:\/\/www.sbkt.hr\/KT\/post-covid-19-plucna-rehabilitacija\/#breadcrumb"},"inLanguage":"hr","potentialAction":[{"@type":"ReadAction","target":["https:\/\/www.sbkt.hr\/KT\/post-covid-19-plucna-rehabilitacija\/"]}]},{"@type":"BreadcrumbList","@id":"https:\/\/www.sbkt.hr\/KT\/post-covid-19-plucna-rehabilitacija\/#breadcrumb","itemListElement":[{"@type":"ListItem","position":1,"name":"Naslovna","item":"https:\/\/www.sbkt.hr\/KT\/"},{"@type":"ListItem","position":2,"name":"POST-COVID-19 plu\u0107na rehabilitacija"}]},{"@type":"WebSite","@id":"https:\/\/www.sbkt.hr\/KT\/#website","url":"https:\/\/www.sbkt.hr\/KT\/","name":"sbkt.hr","description":"Specijalna bolnica za medicinsku rehabilitaciju","potentialAction":[{"@type":"SearchAction","target":{"@type":"EntryPoint","urlTemplate":"https:\/\/www.sbkt.hr\/KT\/?s={search_term_string}"},"query-input":{"@type":"PropertyValueSpecification","valueRequired":true,"valueName":"search_term_string"}}],"inLanguage":"hr"}]}},"_links":{"self":[{"href":"https:\/\/www.sbkt.hr\/KT\/wp-json\/wp\/v2\/pages\/5453","targetHints":{"allow":["GET"]}}],"collection":[{"href":"https:\/\/www.sbkt.hr\/KT\/wp-json\/wp\/v2\/pages"}],"about":[{"href":"https:\/\/www.sbkt.hr\/KT\/wp-json\/wp\/v2\/types\/page"}],"author":[{"embeddable":true,"href":"https:\/\/www.sbkt.hr\/KT\/wp-json\/wp\/v2\/users\/1"}],"replies":[{"embeddable":true,"href":"https:\/\/www.sbkt.hr\/KT\/wp-json\/wp\/v2\/comments?post=5453"}],"version-history":[{"count":4,"href":"https:\/\/www.sbkt.hr\/KT\/wp-json\/wp\/v2\/pages\/5453\/revisions"}],"predecessor-version":[{"id":5484,"href":"https:\/\/www.sbkt.hr\/KT\/wp-json\/wp\/v2\/pages\/5453\/revisions\/5484"}],"wp:attachment":[{"href":"https:\/\/www.sbkt.hr\/KT\/wp-json\/wp\/v2\/media?parent=5453"}],"curies":[{"name":"wp","href":"https:\/\/api.w.org\/{rel}","templated":true}]}}