{"id":715,"date":"2017-03-25T16:32:28","date_gmt":"2017-03-25T15:32:28","guid":{"rendered":"http:\/\/www.sbkt.hr\/KT\/?page_id=715"},"modified":"2017-05-27T14:34:40","modified_gmt":"2017-05-27T12:34:40","slug":"termalna-voda","status":"publish","type":"page","link":"https:\/\/www.sbkt.hr\/KT\/termalna-voda\/","title":{"rendered":"Termomineralna voda"},"content":{"rendered":"<p>Specijalna bolnica za medicinsku rehabilitaciju Krapinske Toplice ima \u010detiri hipertermalna izvora s ukupnim kapacitetom od 80 l\/s.<\/p>\n<h4><\/h4>\n<h4>Prema internacionalnoj klasifikaciji voda, voda je:<\/h4>\n<ul>\n<li>Hipertermalna \u2013 temperatura 41\u00b0C.<\/li>\n<li>Izvire iz litavskog vapnenca i spada u akratoterme.<\/li>\n<li>Sadr\u017eaj otopljenih minerala je 450 mg\/l.<\/li>\n<li>Kemijski ju karakteriziraju:\n<ul>\n<li>Kationi:\n<ul>\n<li>kalcija \u2013 Ca++ = 52,4 mg\/l<\/li>\n<li>magnezija \u2013 Mg++2 = 31,5 mg\/l<\/li>\n<\/ul>\n<\/li>\n<li>Anioni.\n<ul>\n<li>hidrogenkarbonatni ion \u2013 (HCO3)&#8211; = 293,0 mg\/l<\/li>\n<li>sulfat \u2013 (SO4)&#8211; = 39,7 mg\/l<\/li>\n<\/ul>\n<\/li>\n<\/ul>\n<\/li>\n<\/ul>\n<h3><\/h3>\n<h3><\/h3>\n<h4>Povijest:<\/h4>\n<p>Kura pijenja tople vode kao nadopuna kure kupanja provodila se u pro\u0161lom stolje\u0107u, a na temelju stoljetnog iskustva i obavljenih medicinskih izvje\u0161taja o ljekovitosti vode koristi se i danas.<\/p>\n<p>Termomineralna voda je pod stalnim nadzorom koji obuhva\u0107a pra\u0107enje fizikalno-kemijskih parametara, te mikrobiolo\u0161ke ispravnosti od strane odjela za zdravstvenu kontrolu vode i vodoopskrbu Hrvatskog zavoda za javno zdravstvo.<\/p>\n<h3><\/h3>\n<h3><\/h3>\n<h4>Fizikalno kemijski nalaz termalne vode<\/h4>\n<h4>Analizu izradio: Hrvatski zavod za javno zdravstvo, Rockfellerova 7, Zagreb.<br \/>\nVrsta analize: ANALIZA \u201eC<\/h4>\n<table style=\"height: 863px;\" width=\"571\" cellspacing=\"0\" cellpadding=\"0\">\n<tbody>\n<tr>\n<th scope=\"col\" width=\"218\">\n<p align=\"left\">Naziv analiti\u010dkog parametra<\/p>\n<\/th>\n<th scope=\"col\" width=\"143\">\n<div align=\"left\">Jedinica mjere<\/div>\n<\/th>\n<th scope=\"col\" width=\"74\">\n<div align=\"left\">MDK<\/div>\n<\/th>\n<th scope=\"col\" width=\"74\">\n<div align=\"left\">Nalaz<\/div>\n<\/th>\n<\/tr>\n<tr>\n<th>\n<div align=\"left\">Natrij<\/div>\n<\/th>\n<td>Na mg\/l<\/td>\n<td>150<\/td>\n<td>6,93<\/td>\n<\/tr>\n<tr>\n<th>\n<div align=\"left\">Kalij<\/div>\n<\/th>\n<td>K mg\/l<\/td>\n<td>12<\/td>\n<td>7,12<\/td>\n<\/tr>\n<tr>\n<th scope=\"row\">\n<div align=\"left\">Kalcij<\/div>\n<\/th>\n<td>Ca mg\/l<\/td>\n<td><\/td>\n<td>54,7<\/td>\n<\/tr>\n<tr>\n<th scope=\"row\">\n<div align=\"left\">Magnezij<\/div>\n<\/th>\n<td>Mg mg\/l<\/td>\n<td><\/td>\n<td>32,3<\/td>\n<\/tr>\n<tr>\n<th scope=\"row\">\n<div align=\"left\">Mangan<\/div>\n<\/th>\n<td>Mn \u03bcg\/l<\/td>\n<td>50<\/td>\n<td>&lt;10<\/td>\n<\/tr>\n<tr>\n<th scope=\"row\">\n<div align=\"left\">Cink<\/div>\n<\/th>\n<td>Zn \u03bcg\/l<\/td>\n<td>3000<\/td>\n<td>48,4<\/td>\n<\/tr>\n<tr>\n<th scope=\"row\">\n<div align=\"left\">Olovo<\/div>\n<\/th>\n<td>Pb \u03bcg\/l<\/td>\n<td>50<\/td>\n<td>&lt;10<\/td>\n<\/tr>\n<tr>\n<th scope=\"row\">\n<div align=\"left\">\u017deljezo<\/div>\n<\/th>\n<td>Fe \u03bcg\/l<\/td>\n<td>300<\/td>\n<td>26,4<\/td>\n<\/tr>\n<tr>\n<th scope=\"row\">\n<div align=\"left\">Amonijak<\/div>\n<\/th>\n<td>N mg\/l<\/td>\n<td>0,1<\/td>\n<td>0,026<\/td>\n<\/tr>\n<tr>\n<th scope=\"row\">\n<div align=\"left\">Aluminij<\/div>\n<\/th>\n<td>Al \u03bcg\/l<\/td>\n<td>150<\/td>\n<td>&lt;10<\/td>\n<\/tr>\n<tr>\n<th scope=\"row\">\n<div align=\"left\">Arsen<\/div>\n<\/th>\n<td>As \u03bcg\/l<\/td>\n<td>50<\/td>\n<td>&lt;1<\/td>\n<\/tr>\n<tr>\n<th scope=\"row\">\n<div align=\"left\">Bakar<\/div>\n<\/th>\n<td>Cu \u03bcg\/l<\/td>\n<td>2000<\/td>\n<td>13,2<\/td>\n<\/tr>\n<tr>\n<th scope=\"row\">\n<div align=\"left\">Kadmij<\/div>\n<\/th>\n<td>Cd \u03bcg\/l<\/td>\n<td>5<\/td>\n<td>&lt;5<\/td>\n<\/tr>\n<tr>\n<th scope=\"row\">\n<div align=\"left\">Krom<\/div>\n<\/th>\n<td>Cr \u03bcg\/l<\/td>\n<td>50<\/td>\n<td>&lt;50<\/td>\n<\/tr>\n<tr>\n<th scope=\"row\">\n<div align=\"left\">Nikal<\/div>\n<\/th>\n<td>Ni \u03bcg\/l<\/td>\n<td>50<\/td>\n<td>&lt;10<\/td>\n<\/tr>\n<tr>\n<th scope=\"row\">\n<div align=\"left\">\u017diva<\/div>\n<\/th>\n<td>Hg \u03bcg\/l<\/td>\n<td><span class=\"MsoNormal\"><span style=\"font-size: 9.0pt; mso-bidi-font-family: Arial;\">1<\/span><\/span><\/td>\n<td><span class=\"MsoNormal\"><span style=\"font-size: 9.0pt; mso-bidi-font-family: Arial;\">&lt;1<\/span><\/span><\/td>\n<\/tr>\n<tr>\n<th scope=\"row\">\n<div align=\"left\">Kloridi<\/div>\n<\/th>\n<td>Cl mg\/l<\/td>\n<td><\/td>\n<td><span class=\"MsoNormal\"><span style=\"font-size: 9.0pt; mso-bidi-font-family: Arial;\">3,216<\/span><\/span><\/td>\n<\/tr>\n<tr>\n<th scope=\"row\">\n<div align=\"left\">Sulfati<\/div>\n<\/th>\n<td>SO4 mg\/l<\/td>\n<td><span class=\"MsoNormal\"><span style=\"font-size: 9.0pt; mso-bidi-font-family: Arial;\">250<\/span><\/span><\/td>\n<td><span class=\"MsoNormal\"><span style=\"font-size: 9.0pt; mso-bidi-font-family: Arial;\">15,5<\/span><\/span><\/td>\n<\/tr>\n<tr>\n<th scope=\"row\">\n<div align=\"left\">Alkalitet<\/div>\n<\/th>\n<td><\/td>\n<td>0<\/td>\n<td><span class=\"MsoNormal\"><span style=\"font-size: 9.0pt; mso-bidi-font-family: Arial;\">216,8<\/span><\/span><\/td>\n<\/tr>\n<tr>\n<th scope=\"row\">\n<div align=\"left\">Nitriti<\/div>\n<\/th>\n<td><span class=\"MsoNormal\"><span style=\"font-size: 9.0pt; mso-bidi-font-family: Arial;\">N mg\/l<\/span><\/span><\/td>\n<td><span class=\"MsoNormal\"><span style=\"font-size: 9.0pt; mso-bidi-font-family: Arial;\">0,03<\/span><\/span><\/td>\n<td>0<\/td>\n<\/tr>\n<tr>\n<th scope=\"row\">\n<div align=\"left\">Nitrati<\/div>\n<\/th>\n<td><span class=\"MsoNormal\"><span style=\"font-size: 9.0pt; mso-bidi-font-family: Arial;\">N mg\/l<\/span><\/span><\/td>\n<td><span class=\"MsoNormal\"><span style=\"font-size: 9.0pt; mso-bidi-font-family: Arial;\">10<\/span><\/span><\/td>\n<td><span class=\"MsoNormal\"><span style=\"font-size: 9.0pt; mso-bidi-font-family: Arial;\">0,05<\/span><\/span><\/td>\n<\/tr>\n<tr>\n<th scope=\"row\">\n<div align=\"left\">Fluoridi<\/div>\n<\/th>\n<td><span class=\"MsoNormal\"><span style=\"font-size: 9.0pt; mso-bidi-font-family: Arial;\">F \u03bcg\/l<\/span><\/span><\/td>\n<td><span class=\"MsoNormal\"><span style=\"font-size: 9.0pt; mso-bidi-font-family: Arial;\">1500<\/span><\/span><\/td>\n<td><span class=\"MsoNormal\"><span style=\"font-size: 9.0pt; mso-bidi-font-family: Arial;\">283<\/span><\/span><\/td>\n<\/tr>\n<tr>\n<th scope=\"row\">\n<div align=\"left\">Fosfati<\/div>\n<\/th>\n<td><span class=\"MsoNormal\"><span style=\"font-size: 9.0pt; mso-bidi-font-family: Arial;\">P \u03bcg\/l<\/span><\/span><\/td>\n<td><span class=\"MsoNormal\"><span style=\"font-size: 9.0pt; mso-bidi-font-family: Arial;\">300<\/span><\/span><\/td>\n<td>0<\/td>\n<\/tr>\n<tr>\n<th scope=\"row\">\n<div align=\"left\">Silikati<\/div>\n<\/th>\n<td><span class=\"MsoNormal\"><span style=\"font-size: 9.0pt; mso-bidi-font-family: Arial;\">SiO2 mg\/l<\/span><\/span><\/td>\n<td><span class=\"MsoNormal\"><span style=\"font-size: 9.0pt; mso-bidi-font-family: Arial;\">20<\/span><\/span><\/td>\n<td><span class=\"MsoNormal\"><span style=\"font-size: 9.0pt; mso-bidi-font-family: Arial;\">10<\/span><\/span><\/td>\n<\/tr>\n<tr>\n<th scope=\"row\">\n<div align=\"left\">Ph<\/div>\n<\/th>\n<td><\/td>\n<td><span class=\"MsoNormal\"><span style=\"font-size: 9.0pt; mso-bidi-font-family: Arial;\">6,50-8,50<\/span><\/span><\/td>\n<td><span class=\"MsoNormal\"><span style=\"font-size: 9.0pt; mso-bidi-font-family: Arial;\">7,18<\/span><\/span><\/td>\n<\/tr>\n<tr>\n<th scope=\"row\">\n<div align=\"left\">Miris<\/div>\n<\/th>\n<td><\/td>\n<td>bez<\/td>\n<td>na H2S<\/td>\n<\/tr>\n<tr>\n<th scope=\"row\">\n<div align=\"left\">Isparni ostatak 105\u00b0C<\/div>\n<\/th>\n<td>mg\/l<\/td>\n<td>0<\/td>\n<td>308,2<\/td>\n<\/tr>\n<tr>\n<th scope=\"row\">\n<div align=\"left\">Isparni ostatak 180\u00b0C<\/div>\n<\/th>\n<td>mg\/l<\/td>\n<td>0<\/td>\n<td>210,4<\/td>\n<\/tr>\n<tr>\n<th scope=\"row\">\n<div align=\"left\">Temperatura<\/div>\n<\/th>\n<td>\u00b0C<\/td>\n<td>25<\/td>\n<td>40,9<\/td>\n<\/tr>\n<tr>\n<th scope=\"row\">\n<div align=\"left\">Ukupna tvrdo\u0107a<\/div>\n<\/th>\n<td>mg\/l CaCO3<\/td>\n<td><\/td>\n<td>277,2<\/td>\n<\/tr>\n<tr>\n<th scope=\"row\">\n<div align=\"left\">Utro\u0161ak KmnO4<\/div>\n<\/th>\n<td>O2 mg\/l<\/td>\n<td>3<\/td>\n<td>0,39<\/td>\n<\/tr>\n<\/tbody>\n<\/table>\n","protected":false},"excerpt":{"rendered":"<p>Specijalna bolnica za medicinsku rehabilitaciju Krapinske Toplice ima \u010detiri hipertermalna izvora s ukupnim kapacitetom od 80 l\/s. Prema internacionalnoj klasifikaciji voda, voda je: Hipertermalna \u2013 temperatura 41\u00b0C. Izvire iz litavskog vapnenca i spada u akratoterme. Sadr\u017eaj otopljenih minerala je 450 mg\/l. Kemijski ju karakteriziraju: Kationi: kalcija \u2013 Ca++ = 52,4 mg\/l magnezija \u2013 Mg++2 =&#8230; <\/p>\n","protected":false},"author":1,"featured_media":0,"parent":0,"menu_order":0,"comment_status":"closed","ping_status":"closed","template":"","meta":{"footnotes":""},"class_list":["post-715","page","type-page","status-publish","hentry"],"yoast_head":"<!-- This site is optimized with the Yoast SEO plugin v24.9 - https:\/\/yoast.com\/wordpress\/plugins\/seo\/ -->\n<title>Termomineralna voda - sbkt.hr<\/title>\n<meta name=\"robots\" content=\"index, follow, max-snippet:-1, max-image-preview:large, max-video-preview:-1\" \/>\n<link rel=\"canonical\" href=\"https:\/\/www.sbkt.hr\/KT\/termalna-voda\/\" \/>\n<meta property=\"og:locale\" content=\"hr_HR\" \/>\n<meta property=\"og:type\" content=\"article\" \/>\n<meta property=\"og:title\" content=\"Termomineralna voda - sbkt.hr\" \/>\n<meta property=\"og:description\" content=\"Specijalna bolnica za medicinsku rehabilitaciju Krapinske Toplice ima \u010detiri hipertermalna izvora s ukupnim kapacitetom od 80 l\/s. Prema internacionalnoj klasifikaciji voda, voda je: Hipertermalna \u2013 temperatura 41\u00b0C. Izvire iz litavskog vapnenca i spada u akratoterme. Sadr\u017eaj otopljenih minerala je 450 mg\/l. Kemijski ju karakteriziraju: Kationi: kalcija \u2013 Ca++ = 52,4 mg\/l magnezija \u2013 Mg++2 =...\" \/>\n<meta property=\"og:url\" content=\"https:\/\/www.sbkt.hr\/KT\/termalna-voda\/\" \/>\n<meta property=\"og:site_name\" content=\"sbkt.hr\" \/>\n<meta property=\"article:modified_time\" content=\"2017-05-27T12:34:40+00:00\" \/>\n<meta name=\"twitter:card\" content=\"summary_large_image\" \/>\n<meta name=\"twitter:label1\" content=\"Procijenjeno vrijeme \u010ditanja\" \/>\n\t<meta name=\"twitter:data1\" content=\"1 minuta\" \/>\n<script type=\"application\/ld+json\" class=\"yoast-schema-graph\">{\"@context\":\"https:\/\/schema.org\",\"@graph\":[{\"@type\":\"WebPage\",\"@id\":\"https:\/\/www.sbkt.hr\/KT\/termalna-voda\/\",\"url\":\"https:\/\/www.sbkt.hr\/KT\/termalna-voda\/\",\"name\":\"Termomineralna voda - sbkt.hr\",\"isPartOf\":{\"@id\":\"https:\/\/www.sbkt.hr\/KT\/#website\"},\"datePublished\":\"2017-03-25T15:32:28+00:00\",\"dateModified\":\"2017-05-27T12:34:40+00:00\",\"breadcrumb\":{\"@id\":\"https:\/\/www.sbkt.hr\/KT\/termalna-voda\/#breadcrumb\"},\"inLanguage\":\"hr\",\"potentialAction\":[{\"@type\":\"ReadAction\",\"target\":[\"https:\/\/www.sbkt.hr\/KT\/termalna-voda\/\"]}]},{\"@type\":\"BreadcrumbList\",\"@id\":\"https:\/\/www.sbkt.hr\/KT\/termalna-voda\/#breadcrumb\",\"itemListElement\":[{\"@type\":\"ListItem\",\"position\":1,\"name\":\"Naslovna\",\"item\":\"https:\/\/www.sbkt.hr\/KT\/\"},{\"@type\":\"ListItem\",\"position\":2,\"name\":\"Termomineralna voda\"}]},{\"@type\":\"WebSite\",\"@id\":\"https:\/\/www.sbkt.hr\/KT\/#website\",\"url\":\"https:\/\/www.sbkt.hr\/KT\/\",\"name\":\"sbkt.hr\",\"description\":\"Specijalna bolnica za medicinsku rehabilitaciju\",\"potentialAction\":[{\"@type\":\"SearchAction\",\"target\":{\"@type\":\"EntryPoint\",\"urlTemplate\":\"https:\/\/www.sbkt.hr\/KT\/?s={search_term_string}\"},\"query-input\":{\"@type\":\"PropertyValueSpecification\",\"valueRequired\":true,\"valueName\":\"search_term_string\"}}],\"inLanguage\":\"hr\"}]}<\/script>\n<!-- \/ Yoast SEO plugin. -->","yoast_head_json":{"title":"Termomineralna voda - sbkt.hr","robots":{"index":"index","follow":"follow","max-snippet":"max-snippet:-1","max-image-preview":"max-image-preview:large","max-video-preview":"max-video-preview:-1"},"canonical":"https:\/\/www.sbkt.hr\/KT\/termalna-voda\/","og_locale":"hr_HR","og_type":"article","og_title":"Termomineralna voda - sbkt.hr","og_description":"Specijalna bolnica za medicinsku rehabilitaciju Krapinske Toplice ima \u010detiri hipertermalna izvora s ukupnim kapacitetom od 80 l\/s. Prema internacionalnoj klasifikaciji voda, voda je: Hipertermalna \u2013 temperatura 41\u00b0C. Izvire iz litavskog vapnenca i spada u akratoterme. Sadr\u017eaj otopljenih minerala je 450 mg\/l. Kemijski ju karakteriziraju: Kationi: kalcija \u2013 Ca++ = 52,4 mg\/l magnezija \u2013 Mg++2 =...","og_url":"https:\/\/www.sbkt.hr\/KT\/termalna-voda\/","og_site_name":"sbkt.hr","article_modified_time":"2017-05-27T12:34:40+00:00","twitter_card":"summary_large_image","twitter_misc":{"Procijenjeno vrijeme \u010ditanja":"1 minuta"},"schema":{"@context":"https:\/\/schema.org","@graph":[{"@type":"WebPage","@id":"https:\/\/www.sbkt.hr\/KT\/termalna-voda\/","url":"https:\/\/www.sbkt.hr\/KT\/termalna-voda\/","name":"Termomineralna voda - sbkt.hr","isPartOf":{"@id":"https:\/\/www.sbkt.hr\/KT\/#website"},"datePublished":"2017-03-25T15:32:28+00:00","dateModified":"2017-05-27T12:34:40+00:00","breadcrumb":{"@id":"https:\/\/www.sbkt.hr\/KT\/termalna-voda\/#breadcrumb"},"inLanguage":"hr","potentialAction":[{"@type":"ReadAction","target":["https:\/\/www.sbkt.hr\/KT\/termalna-voda\/"]}]},{"@type":"BreadcrumbList","@id":"https:\/\/www.sbkt.hr\/KT\/termalna-voda\/#breadcrumb","itemListElement":[{"@type":"ListItem","position":1,"name":"Naslovna","item":"https:\/\/www.sbkt.hr\/KT\/"},{"@type":"ListItem","position":2,"name":"Termomineralna voda"}]},{"@type":"WebSite","@id":"https:\/\/www.sbkt.hr\/KT\/#website","url":"https:\/\/www.sbkt.hr\/KT\/","name":"sbkt.hr","description":"Specijalna bolnica za medicinsku rehabilitaciju","potentialAction":[{"@type":"SearchAction","target":{"@type":"EntryPoint","urlTemplate":"https:\/\/www.sbkt.hr\/KT\/?s={search_term_string}"},"query-input":{"@type":"PropertyValueSpecification","valueRequired":true,"valueName":"search_term_string"}}],"inLanguage":"hr"}]}},"_links":{"self":[{"href":"https:\/\/www.sbkt.hr\/KT\/wp-json\/wp\/v2\/pages\/715","targetHints":{"allow":["GET"]}}],"collection":[{"href":"https:\/\/www.sbkt.hr\/KT\/wp-json\/wp\/v2\/pages"}],"about":[{"href":"https:\/\/www.sbkt.hr\/KT\/wp-json\/wp\/v2\/types\/page"}],"author":[{"embeddable":true,"href":"https:\/\/www.sbkt.hr\/KT\/wp-json\/wp\/v2\/users\/1"}],"replies":[{"embeddable":true,"href":"https:\/\/www.sbkt.hr\/KT\/wp-json\/wp\/v2\/comments?post=715"}],"version-history":[{"count":25,"href":"https:\/\/www.sbkt.hr\/KT\/wp-json\/wp\/v2\/pages\/715\/revisions"}],"predecessor-version":[{"id":1177,"href":"https:\/\/www.sbkt.hr\/KT\/wp-json\/wp\/v2\/pages\/715\/revisions\/1177"}],"wp:attachment":[{"href":"https:\/\/www.sbkt.hr\/KT\/wp-json\/wp\/v2\/media?parent=715"}],"curies":[{"name":"wp","href":"https:\/\/api.w.org\/{rel}","templated":true}]}}