{"id":717,"date":"2017-03-25T16:37:27","date_gmt":"2017-03-25T15:37:27","guid":{"rendered":"http:\/\/www.sbkt.hr\/KT\/?page_id=717"},"modified":"2026-03-10T12:46:59","modified_gmt":"2026-03-10T11:46:59","slug":"dijagnostika","status":"publish","type":"page","link":"https:\/\/www.sbkt.hr\/KT\/dijagnostika\/","title":{"rendered":"Dijagnostika"},"content":{"rendered":"<h3><\/h3>\n<h3>Radiolo\u0161ka dijagnostika<\/h3>\n<p>U radiolo\u0161koj dijagnostici Bolnice mo\u017eete obaviti sve klasi\u010dne rendgen pretrage, CT pretrage cijelog tijela, mamografije te UZV pretrage abdomena, \u0161titnja\u010de i dojki.<\/p>\n<h5>Naru\u010diti se mo\u017eete:<\/h5>\n<ul>\n<li>RTG dijagnostika-narud\u017ebe: (+385 49) 383-231 od 12-13h, E-mail: <a href=\"mailto:rtg.naruci@sbkt.hr\">rtg.naruci@sbkt.hr<\/a><\/li>\n<li>CT dijagnostika-narud\u017ebe: (+385 49) 383-231 od 12-13h, E-mail: <a href=\"mailto:ct-dijagnostika@sbkt.hr\">ct-dijagnostika@sbkt.hr<\/a><\/li>\n<li>UZV dijagnostika-narud\u017ebe: (+385 49) 383-231 od 12-13h, E-mail: <a href=\"mailto:rtg.naruci@sbkt.hr\">rtg.naruci@sbkt.hr<\/a><\/li>\n<li>RTG administracija: (+385 49) 383-231<\/li>\n<li>Denzitometrija-narud\u017ebe: (+385 49) 383-231 od 12-13h, E-mail: <a href=\"mailto:rtg.naruci@sbkt.hr\">rtg.naruci@sbkt.hr<\/a><\/li>\n<\/ul>\n<h3><\/h3>\n<h3><\/h3>\n<h3>Fizijatrijska ambulanta i UZV<\/h3>\n<ul>\n<li>Naru\u010divanje ambulantnih pacijenata (+385 49) 244-961\n<ul>\n<li>E-mail: <a href=\"mailto:fizijatrijska.ambulanta@sbkt.hr\">fizijatrijska.ambulanta@sbkt.hr<\/a><\/li>\n<\/ul>\n<\/li>\n<li>Naru\u010divanje UZV muskuloskeletnog sustava (+385 49) 244-963<\/li>\n<li>Dje\u010dja fizijatrijska ambulanta: (+385 49) 383-239<\/li>\n<li>Reumatolo\u0161ka ambulanta: mob: 099 542 2552<\/li>\n<li>Fizijatrijska ambulanta Tuh. Toplice : (+385 49) 557-313<\/li>\n<\/ul>\n<h3><\/h3>\n<h3><\/h3>\n<h3>Medicinsko-biokemijski laboratorij<\/h3>\n<p>Medicinsko-biokemijski laboratorij provodi laboratorijske pretrage na razini primarne zdravstvene za\u0161tite i specijalisti\u010dke dijagnostike. Svoje usluge pru\u017ea odjelima Specijalne bolnice za medicinsku rehabilitaciju Krapinske Toplice, te drugim zdravstvenim ustanovama: Specijalnoj bolnici za kardiologiju i kardiovaskularnu kirurgiju \u201cMagdalena\u201d te Specijalnoj bolnici za ortopediju i traumatologiju lokomotornog sustava \u201cAkromion\u201d.<\/p>\n<h4><\/h4>\n<h4>Telefon i radno vrijeme<\/h4>\n<ul>\n<li>redovan rad : 07:00 do 15:00<\/li>\n<li>prijam ambulantnih bolesnika: 07:15 do 09:00<\/li>\n<li>prijam hitnih uzoraka: 00:00 do 24:00<\/li>\n<li>izdavanje nalaza: 15:00 do 16:00 isti dan ili slijede\u0107i dan 10:00 do 11:00<\/li>\n<li>hitne pretrage unutar 30min do 1 sata , specijalisti\u010dke pretrage unutar 7 dana<\/li>\n<li>Medicinska biokemija: (+385 49) 383-237<\/li>\n<li>Hematologija: (+385 49) 383-203<\/li>\n<li>Koagulacija: (+385 49) 383-236<\/li>\n<li>De\u017eurni: (+385 99) 233-9971<\/li>\n<\/ul>\n<h3><\/h3>\n<h3><\/h3>\n<h3>Kardiolo\u0161ka dijagnostika<\/h3>\n<h4><\/h4>\n<h4>Elektrokardiogram (EKG)<\/h4>\n<p>Osnovnu kardiolo\u0161ku opremu \u010dini vi\u0161e 12-kanalnih elektrokardiografskih ure\u0111aja za snimanje EKG-a.<\/p>\n<h4><\/h4>\n<h4>Ultrazvuk srca i krvnih \u017eila<\/h4>\n<p>Laboratorij je opremljen s tri viskokvalitetna ultrazvu\u010dna aparata (Aloka 10, Aloka 5500, Aloka 4000) na kojima svakodnevno iskusni stru\u010dnjaci kardiolozi provode kompletni transtorakalni ultrazvu\u010dni pregled srca i krvnih \u017eila (dijametri sr\u010danih \u0161upljina, regionalna kontraktilnost, sistoli\u010dka i dijastoli\u010dka funkcija, sr\u010dana ovojnica, velike krvne \u017eile, morfologija i funkcija sr\u010danih zalistaka (kolor, pulsni i kontinuirani dopler) uklju\u010duju\u0107i i stres-ehokardiografiju. Tako\u0111er, rutinski se provode ultrazvu\u010dni pregledi krvnih \u017eila:<\/p>\n<ul>\n<li>dopler karotida<\/li>\n<li>TCD \u2013 transkranijski kolor dopler<\/li>\n<li>UZV periferne venske i arterijske cirkulacije<\/li>\n<li>po potrebi ultrazvu\u010dni pregled trbu\u0161nih organa<\/li>\n<\/ul>\n<h4><\/h4>\n<h4>Ergometrijsko testiranje<\/h4>\n<p>U laboratoriju se tijekom radnog dana u\u010dini i do 30 ergometrijskih testiranja na bicikl- ergometru ili pokretnoj traci radi dobivanja uvida u tzv. koronarnu rezervu i funkcionalni status bolesnika.<\/p>\n<h4><\/h4>\n<h4>Holter arterijskog tlaka i holter EKG<\/h4>\n<p>Laboratorij je opremljen s modernim snima\u010dima koji kontinuirano mogu snimati EKG i do 72 sata.<br \/>\nTako\u0111er, pomo\u0107u snima\u010da 24- satnog arterijskog tlaka dobivaju se korisni podaci o prosje\u010dnim vrijednostima tlaka u 24-satnom, dnevnom i no\u0107nom razdoblju pomo\u0107u kojih se dobiva uvid u stanje bolesnika i uspje\u0161nost njegova lije\u010denja.<\/p>\n<h4><\/h4>\n<h4>Spirometrija<\/h4>\n<p>Procjena vitalnog kapaciteta i opstruktivnih smetnji ventilacije.<\/p>\n<h4>Telefonske linije za kontakt i narud\u017ebu:<\/h4>\n<ul>\n<li>UZV srca (ECHO kardiografija)od 14 do 14 i 30 h: 049 383 332<\/li>\n<li>TCD, doppler karotida, doppler renalnih arterija, doppler vena od 13 do 14 h: 049 383 331<\/li>\n<li>Holter EKG, Holter tlak: (+385 49) 383-342 (narud\u017ebe od 13 i 30 do 15h)<\/li>\n<li>Kardiolo\u0161ka ambulanta: (+385 49) 383-324<\/li>\n<li>Ergometrija: (+385 49) 383-328<\/li>\n<\/ul>\n<h3><\/h3>\n<h3><\/h3>\n<h3>Neurolo\u0161ka dijagnostika<\/h3>\n<h4><\/h4>\n<h4>EEG (elektroencefalografija)<\/h4>\n<p>Bolnica raspola\u017ee digitalnim EEG ure\u0111ajem s mogu\u0107no\u0161\u0107u cerebralne kartografije (&#8220;brain mapping&#8221; &#8211; oslikavanje mo\u017edane aktivnosti). Ure\u0111aj je neizostavan u dijagnostici epilepsija i ostalih poreme\u0107aja mo\u017edanog ritma, te glavobolja.<\/p>\n<h4><\/h4>\n<h4>TCD (transkranijalni doppler)<\/h4>\n<p>Ultrazvu\u010dni ure\u0111aj za ispitivanje poreme\u0107aja intrakranijske cirkulacije. Kratki pregled brzo i posve bezbolno daje podatke o mo\u017edanom protoku. Koristi se u dijagnostici cerebrovaskularnih bolesti, glavobolja, kao i stanja nakon ozljeda glave i vratne kralje\u017enice.<\/p>\n<h4><\/h4>\n<h4>Ekstrakranijalni obojeni doppler (CDFI-Color Doppler Flow Imaging)<\/h4>\n<p>Ultrazvu\u010dni ure\u0111aj najnovije generacije koji koristi tehniku obojenog (color) i power (energetskog) dopplera u prikazu anatomskih promjena kod ateroskleroze (su\u017eenja i plakovi), kao i protoka u karotidnim i vertebralnim arterijama na vratu. Pregled je tako\u0111er brz i bezbolan.<\/p>\n<h4><\/h4>\n<h4>EMG i EMNG (elektromiografija i elektromioneurografija)<\/h4>\n<p>Pretrage su dio dijagnostike bolesti perifernih \u017eivaca i mi\u0161i\u0107a (neuropatije i miopatije). Provode se ure\u0111ajem posljednje generacije u odli\u010dno opremljenom neurofiziologijskom laboratoriju. Osim EMNG-e ruku i nogu, obavlja se EMG mimi\u010dne muskulature, prognoza ishoda svje\u017ee lezije n. facialisa, EMG analnog i urinarnog sfinktera, refleks bulbocavernosusa, kao i test na tetaniju.<\/p>\n<h4><\/h4>\n<h4>Va\u017ene izravne telefonske linije za narud\u017ebe i termine:<\/h4>\n<ul>\n<li>EEG (elektroencefalografija): (+385 49) 244-972<\/li>\n<li>TCD (transkranijalni doppler od 13 do 14 h: (+385 49) 244-974<\/li>\n<li>Ekstrakranijalni obojeni doppler (CDFI-Color Doppler Flow Imaging)od 13 do 14 h: (+385 49) 244-974<\/li>\n<li>EMG i EMNG (elektromiografija i elektromioneurografijaod 13 do 14 h: (+385 49) 244-969<\/li>\n<\/ul>\n","protected":false},"excerpt":{"rendered":"<p>Radiolo\u0161ka dijagnostika U radiolo\u0161koj dijagnostici Bolnice mo\u017eete obaviti sve klasi\u010dne rendgen pretrage, CT pretrage cijelog tijela, mamografije te UZV pretrage abdomena, \u0161titnja\u010de i dojki. Naru\u010diti se mo\u017eete: RTG dijagnostika-narud\u017ebe: (+385 49) 383-231 od 12-13h, E-mail: rtg.naruci@sbkt.hr CT dijagnostika-narud\u017ebe: (+385 49) 383-231 od 12-13h, E-mail: ct-dijagnostika@sbkt.hr UZV dijagnostika-narud\u017ebe: (+385 49) 383-231 od 12-13h, E-mail: rtg.naruci@sbkt.hr RTG&#8230; <\/p>\n","protected":false},"author":1,"featured_media":0,"parent":0,"menu_order":0,"comment_status":"closed","ping_status":"closed","template":"","meta":{"footnotes":""},"class_list":["post-717","page","type-page","status-publish","hentry"],"yoast_head":"<!-- This site is optimized with the Yoast SEO plugin v24.9 - https:\/\/yoast.com\/wordpress\/plugins\/seo\/ -->\n<title>Dijagnostika - sbkt.hr<\/title>\n<meta name=\"robots\" content=\"index, follow, max-snippet:-1, max-image-preview:large, max-video-preview:-1\" \/>\n<link rel=\"canonical\" href=\"https:\/\/www.sbkt.hr\/KT\/dijagnostika\/\" \/>\n<meta property=\"og:locale\" content=\"hr_HR\" \/>\n<meta property=\"og:type\" content=\"article\" \/>\n<meta property=\"og:title\" content=\"Dijagnostika - sbkt.hr\" \/>\n<meta property=\"og:description\" content=\"Radiolo\u0161ka dijagnostika U radiolo\u0161koj dijagnostici Bolnice mo\u017eete obaviti sve klasi\u010dne rendgen pretrage, CT pretrage cijelog tijela, mamografije te UZV pretrage abdomena, \u0161titnja\u010de i dojki. Naru\u010diti se mo\u017eete: RTG dijagnostika-narud\u017ebe: (+385 49) 383-231 od 12-13h, E-mail: rtg.naruci@sbkt.hr CT dijagnostika-narud\u017ebe: (+385 49) 383-231 od 12-13h, E-mail: ct-dijagnostika@sbkt.hr UZV dijagnostika-narud\u017ebe: (+385 49) 383-231 od 12-13h, E-mail: rtg.naruci@sbkt.hr RTG...\" \/>\n<meta property=\"og:url\" content=\"https:\/\/www.sbkt.hr\/KT\/dijagnostika\/\" \/>\n<meta property=\"og:site_name\" content=\"sbkt.hr\" \/>\n<meta property=\"article:modified_time\" content=\"2026-03-10T11:46:59+00:00\" \/>\n<meta name=\"twitter:card\" content=\"summary_large_image\" \/>\n<meta name=\"twitter:label1\" content=\"Procijenjeno vrijeme \u010ditanja\" \/>\n\t<meta name=\"twitter:data1\" content=\"4 minute\" \/>\n<script type=\"application\/ld+json\" class=\"yoast-schema-graph\">{\"@context\":\"https:\/\/schema.org\",\"@graph\":[{\"@type\":\"WebPage\",\"@id\":\"https:\/\/www.sbkt.hr\/KT\/dijagnostika\/\",\"url\":\"https:\/\/www.sbkt.hr\/KT\/dijagnostika\/\",\"name\":\"Dijagnostika - sbkt.hr\",\"isPartOf\":{\"@id\":\"https:\/\/www.sbkt.hr\/KT\/#website\"},\"datePublished\":\"2017-03-25T15:37:27+00:00\",\"dateModified\":\"2026-03-10T11:46:59+00:00\",\"breadcrumb\":{\"@id\":\"https:\/\/www.sbkt.hr\/KT\/dijagnostika\/#breadcrumb\"},\"inLanguage\":\"hr\",\"potentialAction\":[{\"@type\":\"ReadAction\",\"target\":[\"https:\/\/www.sbkt.hr\/KT\/dijagnostika\/\"]}]},{\"@type\":\"BreadcrumbList\",\"@id\":\"https:\/\/www.sbkt.hr\/KT\/dijagnostika\/#breadcrumb\",\"itemListElement\":[{\"@type\":\"ListItem\",\"position\":1,\"name\":\"Naslovna\",\"item\":\"https:\/\/www.sbkt.hr\/KT\/\"},{\"@type\":\"ListItem\",\"position\":2,\"name\":\"Dijagnostika\"}]},{\"@type\":\"WebSite\",\"@id\":\"https:\/\/www.sbkt.hr\/KT\/#website\",\"url\":\"https:\/\/www.sbkt.hr\/KT\/\",\"name\":\"sbkt.hr\",\"description\":\"Specijalna bolnica za medicinsku rehabilitaciju\",\"potentialAction\":[{\"@type\":\"SearchAction\",\"target\":{\"@type\":\"EntryPoint\",\"urlTemplate\":\"https:\/\/www.sbkt.hr\/KT\/?s={search_term_string}\"},\"query-input\":{\"@type\":\"PropertyValueSpecification\",\"valueRequired\":true,\"valueName\":\"search_term_string\"}}],\"inLanguage\":\"hr\"}]}<\/script>\n<!-- \/ Yoast SEO plugin. -->","yoast_head_json":{"title":"Dijagnostika - sbkt.hr","robots":{"index":"index","follow":"follow","max-snippet":"max-snippet:-1","max-image-preview":"max-image-preview:large","max-video-preview":"max-video-preview:-1"},"canonical":"https:\/\/www.sbkt.hr\/KT\/dijagnostika\/","og_locale":"hr_HR","og_type":"article","og_title":"Dijagnostika - sbkt.hr","og_description":"Radiolo\u0161ka dijagnostika U radiolo\u0161koj dijagnostici Bolnice mo\u017eete obaviti sve klasi\u010dne rendgen pretrage, CT pretrage cijelog tijela, mamografije te UZV pretrage abdomena, \u0161titnja\u010de i dojki. Naru\u010diti se mo\u017eete: RTG dijagnostika-narud\u017ebe: (+385 49) 383-231 od 12-13h, E-mail: rtg.naruci@sbkt.hr CT dijagnostika-narud\u017ebe: (+385 49) 383-231 od 12-13h, E-mail: ct-dijagnostika@sbkt.hr UZV dijagnostika-narud\u017ebe: (+385 49) 383-231 od 12-13h, E-mail: rtg.naruci@sbkt.hr RTG...","og_url":"https:\/\/www.sbkt.hr\/KT\/dijagnostika\/","og_site_name":"sbkt.hr","article_modified_time":"2026-03-10T11:46:59+00:00","twitter_card":"summary_large_image","twitter_misc":{"Procijenjeno vrijeme \u010ditanja":"4 minute"},"schema":{"@context":"https:\/\/schema.org","@graph":[{"@type":"WebPage","@id":"https:\/\/www.sbkt.hr\/KT\/dijagnostika\/","url":"https:\/\/www.sbkt.hr\/KT\/dijagnostika\/","name":"Dijagnostika - sbkt.hr","isPartOf":{"@id":"https:\/\/www.sbkt.hr\/KT\/#website"},"datePublished":"2017-03-25T15:37:27+00:00","dateModified":"2026-03-10T11:46:59+00:00","breadcrumb":{"@id":"https:\/\/www.sbkt.hr\/KT\/dijagnostika\/#breadcrumb"},"inLanguage":"hr","potentialAction":[{"@type":"ReadAction","target":["https:\/\/www.sbkt.hr\/KT\/dijagnostika\/"]}]},{"@type":"BreadcrumbList","@id":"https:\/\/www.sbkt.hr\/KT\/dijagnostika\/#breadcrumb","itemListElement":[{"@type":"ListItem","position":1,"name":"Naslovna","item":"https:\/\/www.sbkt.hr\/KT\/"},{"@type":"ListItem","position":2,"name":"Dijagnostika"}]},{"@type":"WebSite","@id":"https:\/\/www.sbkt.hr\/KT\/#website","url":"https:\/\/www.sbkt.hr\/KT\/","name":"sbkt.hr","description":"Specijalna bolnica za medicinsku rehabilitaciju","potentialAction":[{"@type":"SearchAction","target":{"@type":"EntryPoint","urlTemplate":"https:\/\/www.sbkt.hr\/KT\/?s={search_term_string}"},"query-input":{"@type":"PropertyValueSpecification","valueRequired":true,"valueName":"search_term_string"}}],"inLanguage":"hr"}]}},"_links":{"self":[{"href":"https:\/\/www.sbkt.hr\/KT\/wp-json\/wp\/v2\/pages\/717","targetHints":{"allow":["GET"]}}],"collection":[{"href":"https:\/\/www.sbkt.hr\/KT\/wp-json\/wp\/v2\/pages"}],"about":[{"href":"https:\/\/www.sbkt.hr\/KT\/wp-json\/wp\/v2\/types\/page"}],"author":[{"embeddable":true,"href":"https:\/\/www.sbkt.hr\/KT\/wp-json\/wp\/v2\/users\/1"}],"replies":[{"embeddable":true,"href":"https:\/\/www.sbkt.hr\/KT\/wp-json\/wp\/v2\/comments?post=717"}],"version-history":[{"count":25,"href":"https:\/\/www.sbkt.hr\/KT\/wp-json\/wp\/v2\/pages\/717\/revisions"}],"predecessor-version":[{"id":12100,"href":"https:\/\/www.sbkt.hr\/KT\/wp-json\/wp\/v2\/pages\/717\/revisions\/12100"}],"wp:attachment":[{"href":"https:\/\/www.sbkt.hr\/KT\/wp-json\/wp\/v2\/media?parent=717"}],"curies":[{"name":"wp","href":"https:\/\/api.w.org\/{rel}","templated":true}]}}