{"id":724,"date":"2017-03-25T17:17:34","date_gmt":"2017-03-25T16:17:34","guid":{"rendered":"http:\/\/www.sbkt.hr\/KT\/?page_id=724"},"modified":"2025-06-10T08:33:13","modified_gmt":"2025-06-10T06:33:13","slug":"kontakt","status":"publish","type":"page","link":"https:\/\/www.sbkt.hr\/KT\/kontakt\/","title":{"rendered":"Kontakt"},"content":{"rendered":"<h3>Na\u0161a adresa:<\/h3>\n<p>Specijalna bolnica za medicinsku rehabilitaciju Krapinske Toplice<\/p>\n<p>Ulica Ljudevita Gaja 2<\/p>\n<p>49217 Krapinske Toplice<\/p>\n<p>OIB Bolnice: 41607275884<\/p>\n<p>E-mail: <a href=\"mailto:info@sbkt.hr\">info@sbkt.hr<\/a><\/p>\n<h4>\u00a0<\/h4>\n<h4>Va\u017ene izravne telefonske linije:<\/h4>\n<ul>\n<li>Centrala bolnice: (+385 49) 383-100<\/li>\n<li>Bolnica fax: (+385 49) 232-140<\/li>\n<li>Uprava fax: (+385 49) 232-873<\/li>\n<li>Apoteka fax: (+385 49) 232-463<\/li>\n<\/ul>\n<ul>\n<li>Ravnatelj: (+385 49) 244-999<\/li>\n<li>Tajnica ravnatelja: (+385 49) 244-999\n<ul>\n<li>E-mail: <a href=\"mailto:tajnica@sbkt.hr\">tajnica@sbkt.hr<\/a><\/li>\n<\/ul>\n<\/li>\n<li>Ra\u010dunovodstvo i financije : (+385 49) 383-360\n<ul>\n<li>E-mail: <a href=\"mailto:irena.fuckar@sbkt.hr\">irena.fuckar@sbkt.hr<\/a><\/li>\n<\/ul>\n<\/li>\n<li>Recepcija pult 1: (+385 49) 383-402<\/li>\n<li>Recepcija pult 2: (+385 49) 383-403\n<ul>\n<li>E-mail: <a href=\"mailto:recepcija@sbkt.hr\">recepcija@sbkt.hr<\/a><\/li>\n<\/ul>\n<\/li>\n<li>Pravna slu\u017eba: (+385 49) 383-384\n<ul>\n<li>E-mail: <a href=\"mailto:doroteja.mendek@sbkt.hr@sbkt.hr\">doroteja.mendek@sbkt.hr<\/a><\/li>\n<\/ul>\n<\/li>\n<li>Kadrovska slu\u017eba: (+385 49) 383-345\n<ul>\n<li>E-mail: <a href=\"mailto:kadrovska@sbkt.hr\">kadrovska@sbkt.hr<\/a><\/li>\n<\/ul>\n<\/li>\n<li>Op\u0107a slu\u017eba: (+385 49) 383-346\n<ul>\n<li>E-mail: <a href=\"mailto:opca.sluzba@sbkt.hr\">opca.sluzba@sbkt.hr<\/a><\/li>\n<\/ul>\n<\/li>\n<li>Marketing: (+385 49) 383-373\n<ul>\n<li>E-mail: <a href=\"mailto:ivana.bakliza@sbkt.hr\">ivana.bakliza@sbkt.hr<\/a><\/li>\n<\/ul>\n<\/li>\n<li>Socijalna slu\u017eba Bolnice(+385 49) 383-214\n<ul>\n<li>E-mail: <a href=\"mailto:natasa.jakoplic@sbkt.hr\">natasa.jakoplic@sbkt.hr<\/a><\/li>\n<\/ul>\n<\/li>\n<\/ul>\n<h4>\u00a0<\/h4>\n<h4>\u00a0<\/h4>\n<h4>Bolni\u010dki odjeli &#8211; kontakti\u00a0<\/h4>\n<h3>\u00a0<\/h3>\n<h4>Medicinski odjeli<\/h4>\n<p><a href=\"https:\/\/www.sbkt.hr\/KT\/odjel-za-medicinsku-rehabilitaciju-bolesnika-s-misicno-kostanim-bolestima-i-zdravstveni-turizam\/\">Odjel za medicinsku rehabilitaciju bolesnika s mi\u0161i\u0107no-ko\u0161tanim bolestima i zdravstveni turizam<\/a><br \/><a href=\"https:\/\/www.sbkt.hr\/KT\/odjel-za-medicinsku-rehabilitaciju-ortopedsko-reumatoloskih-bolesnika\/\">Odjel za medicinsku rehabilitaciju ortopedsko-reumatolo\u0161kih bolesnika<\/a><br \/><a href=\"https:\/\/www.sbkt.hr\/KT\/rehabilitacija-neuroloskih-bolesnika\/\">Odjel za medicinsku rehabilitaciju neurolo\u0161kih bolesnika<\/a><br \/><a href=\"https:\/\/www.sbkt.hr\/KT\/odjel-rehabilitaciju-kraniocerebralnih-bolesnika-akutnu-neurologiju\/\">Odjel za medicinsku rehabilitaciju kraniocerebralnih bolesnika i akutnu neurologiju<\/a><br \/><a href=\"https:\/\/www.sbkt.hr\/KT\/odjel-medicinsku-rehabilitaciju-kardioloskih-bolesnika\/\">Odjel za medicinsku rehabilitaciju kardiolo\u0161kih bolesnika<\/a><br \/><a href=\"https:\/\/www.sbkt.hr\/KT\/odjel-rehabilitaciju-djece\/\">Odjel za medicinsku rehabilitaciju djece<\/a><br \/><a href=\"https:\/\/www.sbkt.hr\/KT\/odjel-unutarnje-bolesti\/\">Odjel za unutarnje bolesti<\/a><br \/><a href=\"https:\/\/www.sbkt.hr\/KT\/odjel-reanimatologiju-intenzivno-lijecenje-jil\/\">Odjel za intenzivnu medicinu s hitnom internisti\u010dkom ambulantom<\/a><\/p>\n<h3>\u00a0<\/h3>\n<h4>Poliklinika i dijagnostike<\/h4>\n<p><a href=\"https:\/\/www.sbkt.hr\/KT\/poliklinika-fizikalnu-medicinu-rehabilitaciju\/\">Poliklinika za fizikalnu medicinu i rehabilitaciju s dnevnom bolnicom<\/a><br \/><a href=\"https:\/\/www.sbkt.hr\/KT\/poliklinika-unutarnje-bolesti-kardiovaskularnu-dijagnostiku\/\">Poliklinika za unutarnje bolesti i kardiovaskularnu dijagnostiku<\/a> <br \/><a href=\"https:\/\/www.sbkt.hr\/KT\/odjel-radiolosku-dijagnostiku\/\">Radiolo\u0161ka dijagnostika<\/a><br \/><a href=\"https:\/\/www.sbkt.hr\/KT\/odjel-medicinsko-biokemijski-laboratorij\/\">Medicinsko-biokemijski laboratorij<\/a><\/p>\n<h3>\u00a0<\/h3>\n<h4>Nemedicinski odjeli<\/h4>\n<p><a href=\"https:\/\/www.sbkt.hr\/KT\/jedinica-osiguranje-unapredenje-kvalitete-zdravstvene-zastite\/\">Jedinica za osiguranje i unaprje\u0111enje kvalitete zdravstvene za\u0161tite i edukaciju<\/a><br \/><a href=\"https:\/\/www.sbkt.hr\/KT\/ostali-odjeli\/\">Nemedicinski odjeli &#8211; kontakt<\/a><\/p>\n\n\n<p><\/p>\n","protected":false},"excerpt":{"rendered":"<p>Na\u0161a adresa: Specijalna bolnica za medicinsku rehabilitaciju Krapinske Toplice Ulica Ljudevita Gaja 2 49217 Krapinske Toplice OIB Bolnice: 41607275884 E-mail: info@sbkt.hr \u00a0 Va\u017ene izravne telefonske linije: Centrala bolnice: (+385 49) 383-100 Bolnica fax: (+385 49) 232-140 Uprava fax: (+385 49) 232-873 Apoteka fax: (+385 49) 232-463 Ravnatelj: (+385 49) 244-999 Tajnica ravnatelja: (+385 49) 244-999&#8230; <\/p>\n","protected":false},"author":1,"featured_media":0,"parent":0,"menu_order":0,"comment_status":"closed","ping_status":"closed","template":"","meta":{"footnotes":""},"class_list":["post-724","page","type-page","status-publish","hentry"],"yoast_head":"<!-- This site is optimized with the Yoast SEO plugin v24.9 - https:\/\/yoast.com\/wordpress\/plugins\/seo\/ -->\n<title>Kontakt - sbkt.hr<\/title>\n<meta name=\"robots\" content=\"index, follow, max-snippet:-1, max-image-preview:large, max-video-preview:-1\" \/>\n<link rel=\"canonical\" href=\"https:\/\/www.sbkt.hr\/KT\/kontakt\/\" \/>\n<meta property=\"og:locale\" content=\"hr_HR\" \/>\n<meta property=\"og:type\" content=\"article\" \/>\n<meta property=\"og:title\" content=\"Kontakt - sbkt.hr\" \/>\n<meta property=\"og:description\" content=\"Na\u0161a adresa: Specijalna bolnica za medicinsku rehabilitaciju Krapinske Toplice Ulica Ljudevita Gaja 2 49217 Krapinske Toplice OIB Bolnice: 41607275884 E-mail: info@sbkt.hr \u00a0 Va\u017ene izravne telefonske linije: Centrala bolnice: (+385 49) 383-100 Bolnica fax: (+385 49) 232-140 Uprava fax: (+385 49) 232-873 Apoteka fax: (+385 49) 232-463 Ravnatelj: (+385 49) 244-999 Tajnica ravnatelja: (+385 49) 244-999...\" \/>\n<meta property=\"og:url\" content=\"https:\/\/www.sbkt.hr\/KT\/kontakt\/\" \/>\n<meta property=\"og:site_name\" content=\"sbkt.hr\" \/>\n<meta property=\"article:modified_time\" content=\"2025-06-10T06:33:13+00:00\" \/>\n<meta name=\"twitter:card\" content=\"summary_large_image\" \/>\n<meta name=\"twitter:label1\" content=\"Procijenjeno vrijeme \u010ditanja\" \/>\n\t<meta name=\"twitter:data1\" content=\"2 minute\" \/>\n<script type=\"application\/ld+json\" class=\"yoast-schema-graph\">{\"@context\":\"https:\/\/schema.org\",\"@graph\":[{\"@type\":\"WebPage\",\"@id\":\"https:\/\/www.sbkt.hr\/KT\/kontakt\/\",\"url\":\"https:\/\/www.sbkt.hr\/KT\/kontakt\/\",\"name\":\"Kontakt - sbkt.hr\",\"isPartOf\":{\"@id\":\"https:\/\/www.sbkt.hr\/KT\/#website\"},\"datePublished\":\"2017-03-25T16:17:34+00:00\",\"dateModified\":\"2025-06-10T06:33:13+00:00\",\"breadcrumb\":{\"@id\":\"https:\/\/www.sbkt.hr\/KT\/kontakt\/#breadcrumb\"},\"inLanguage\":\"hr\",\"potentialAction\":[{\"@type\":\"ReadAction\",\"target\":[\"https:\/\/www.sbkt.hr\/KT\/kontakt\/\"]}]},{\"@type\":\"BreadcrumbList\",\"@id\":\"https:\/\/www.sbkt.hr\/KT\/kontakt\/#breadcrumb\",\"itemListElement\":[{\"@type\":\"ListItem\",\"position\":1,\"name\":\"Naslovna\",\"item\":\"https:\/\/www.sbkt.hr\/KT\/\"},{\"@type\":\"ListItem\",\"position\":2,\"name\":\"Kontakt\"}]},{\"@type\":\"WebSite\",\"@id\":\"https:\/\/www.sbkt.hr\/KT\/#website\",\"url\":\"https:\/\/www.sbkt.hr\/KT\/\",\"name\":\"sbkt.hr\",\"description\":\"Specijalna bolnica za medicinsku rehabilitaciju\",\"potentialAction\":[{\"@type\":\"SearchAction\",\"target\":{\"@type\":\"EntryPoint\",\"urlTemplate\":\"https:\/\/www.sbkt.hr\/KT\/?s={search_term_string}\"},\"query-input\":{\"@type\":\"PropertyValueSpecification\",\"valueRequired\":true,\"valueName\":\"search_term_string\"}}],\"inLanguage\":\"hr\"}]}<\/script>\n<!-- \/ Yoast SEO plugin. -->","yoast_head_json":{"title":"Kontakt - sbkt.hr","robots":{"index":"index","follow":"follow","max-snippet":"max-snippet:-1","max-image-preview":"max-image-preview:large","max-video-preview":"max-video-preview:-1"},"canonical":"https:\/\/www.sbkt.hr\/KT\/kontakt\/","og_locale":"hr_HR","og_type":"article","og_title":"Kontakt - sbkt.hr","og_description":"Na\u0161a adresa: Specijalna bolnica za medicinsku rehabilitaciju Krapinske Toplice Ulica Ljudevita Gaja 2 49217 Krapinske Toplice OIB Bolnice: 41607275884 E-mail: info@sbkt.hr \u00a0 Va\u017ene izravne telefonske linije: Centrala bolnice: (+385 49) 383-100 Bolnica fax: (+385 49) 232-140 Uprava fax: (+385 49) 232-873 Apoteka fax: (+385 49) 232-463 Ravnatelj: (+385 49) 244-999 Tajnica ravnatelja: (+385 49) 244-999...","og_url":"https:\/\/www.sbkt.hr\/KT\/kontakt\/","og_site_name":"sbkt.hr","article_modified_time":"2025-06-10T06:33:13+00:00","twitter_card":"summary_large_image","twitter_misc":{"Procijenjeno vrijeme \u010ditanja":"2 minute"},"schema":{"@context":"https:\/\/schema.org","@graph":[{"@type":"WebPage","@id":"https:\/\/www.sbkt.hr\/KT\/kontakt\/","url":"https:\/\/www.sbkt.hr\/KT\/kontakt\/","name":"Kontakt - sbkt.hr","isPartOf":{"@id":"https:\/\/www.sbkt.hr\/KT\/#website"},"datePublished":"2017-03-25T16:17:34+00:00","dateModified":"2025-06-10T06:33:13+00:00","breadcrumb":{"@id":"https:\/\/www.sbkt.hr\/KT\/kontakt\/#breadcrumb"},"inLanguage":"hr","potentialAction":[{"@type":"ReadAction","target":["https:\/\/www.sbkt.hr\/KT\/kontakt\/"]}]},{"@type":"BreadcrumbList","@id":"https:\/\/www.sbkt.hr\/KT\/kontakt\/#breadcrumb","itemListElement":[{"@type":"ListItem","position":1,"name":"Naslovna","item":"https:\/\/www.sbkt.hr\/KT\/"},{"@type":"ListItem","position":2,"name":"Kontakt"}]},{"@type":"WebSite","@id":"https:\/\/www.sbkt.hr\/KT\/#website","url":"https:\/\/www.sbkt.hr\/KT\/","name":"sbkt.hr","description":"Specijalna bolnica za medicinsku rehabilitaciju","potentialAction":[{"@type":"SearchAction","target":{"@type":"EntryPoint","urlTemplate":"https:\/\/www.sbkt.hr\/KT\/?s={search_term_string}"},"query-input":{"@type":"PropertyValueSpecification","valueRequired":true,"valueName":"search_term_string"}}],"inLanguage":"hr"}]}},"_links":{"self":[{"href":"https:\/\/www.sbkt.hr\/KT\/wp-json\/wp\/v2\/pages\/724","targetHints":{"allow":["GET"]}}],"collection":[{"href":"https:\/\/www.sbkt.hr\/KT\/wp-json\/wp\/v2\/pages"}],"about":[{"href":"https:\/\/www.sbkt.hr\/KT\/wp-json\/wp\/v2\/types\/page"}],"author":[{"embeddable":true,"href":"https:\/\/www.sbkt.hr\/KT\/wp-json\/wp\/v2\/users\/1"}],"replies":[{"embeddable":true,"href":"https:\/\/www.sbkt.hr\/KT\/wp-json\/wp\/v2\/comments?post=724"}],"version-history":[{"count":106,"href":"https:\/\/www.sbkt.hr\/KT\/wp-json\/wp\/v2\/pages\/724\/revisions"}],"predecessor-version":[{"id":10591,"href":"https:\/\/www.sbkt.hr\/KT\/wp-json\/wp\/v2\/pages\/724\/revisions\/10591"}],"wp:attachment":[{"href":"https:\/\/www.sbkt.hr\/KT\/wp-json\/wp\/v2\/media?parent=724"}],"curies":[{"name":"wp","href":"https:\/\/api.w.org\/{rel}","templated":true}]}}