{"id":7269,"date":"2023-03-24T06:57:03","date_gmt":"2023-03-24T05:57:03","guid":{"rendered":"https:\/\/www.sbkt.hr\/KT\/?page_id=7269"},"modified":"2026-03-06T12:22:15","modified_gmt":"2026-03-06T11:22:15","slug":"poliklinika-unutarnje-bolesti-kardiovaskularnu-dijagnostiku","status":"publish","type":"page","link":"https:\/\/www.sbkt.hr\/KT\/poliklinika-unutarnje-bolesti-kardiovaskularnu-dijagnostiku\/","title":{"rendered":"Poliklinika za unutarnje bolesti i kardiovaskularnu dijagnostiku"},"content":{"rendered":"<h3><\/h3>\n<h4>Voditeljica Poliklinike:<\/h4>\n<h5>Ljubica Vincelj \u0160alkovi\u0107,dr.med., specijalistica interne medicine, subspecijalistica kardiologije<\/h5>\n<h3><\/h3>\n<h3><\/h3>\n<h3><\/h3>\n<h4>Glavna <b>medicinska sestra Poliklinike<\/b><\/h4>\n<h5>Josipa Husti\u0107. univ.bacc.med.techn.<\/h5>\n<h3><\/h3>\n<h4><b>Voditeljica<\/b> tima<b> medicinske njege:<\/b><\/h4>\n<h5>Brankica Fu\u010dkar, prvostupnica sestrinstva<\/h5>\n<h3><\/h3>\n<h4><b>Glavna<\/b> fizioterapeutkinja<b> Poliklinike:<\/b><\/h4>\n<h5>Arijana \u017dnidari\u0107, prvostupnica fizioterapije<\/h5>\n<h3><\/h3>\n<h4><b>Voditeljica tima fizioterapije:<\/b><\/h4>\n<h5>Josipa Mik\u0161a, prvostupnica fizioterapije<\/h5>\n<h3><\/h3>\n<p><b>Narud\u017eb<\/b>e za sve preglede i pretrage iz djelokruga Poliklinke mogu se ostvariti preko Slu\u017ebe za centralno naru\u010divanje i to:<\/p>\n<p>&#8211; osobnim dolaskom<\/p>\n<p>&#8211; preko e-maila: <a href=\"mailto:narucivanje@sbkt.hr\"><i>narucivanje@sbkt.hr<\/i><\/a>\u00a0 ili<\/p>\n<p>&#8211; preko e-naru\u010divanja iz ambulante obiteljskog lije\u010dnika.<\/p>\n<p>&#8211; iznimno za <i><u>spirometriju<\/u><\/i><u> <\/u>nije potrebno naru\u010divanje, <strong>radi se svaki radni dan od 07:30 do 12:30<\/strong><\/p>\n<p>&#8211; za reumatolo\u0161ku ambulantu preko e-mail-a:<a href=\"mailto:reumatologija@sbkt.hr\"><i> reumatologija@sbkt.hr<\/i><\/a><\/p>\n<h3><\/h3>\n<h4>Telefonski imenik Poliklinike:<\/h4>\n<ul>\n<li>Slu\u017eba za cetralno naru\u010divanje:\n<ul>\n<li>(+385 49) 244-943<\/li>\n<li>(+385 49) 244-960<\/li>\n<li>(+385 49) 244 959<\/li>\n<\/ul>\n<\/li>\n<li>Voditeljica poliklinike: (+385 49) 244-979<\/li>\n<li>Dnevna bolnica: (+385 49) 244-990<\/li>\n<li>UZV srca: (+385 49) 244-981<\/li>\n<li>UZV arterija i vena, TCD, doplerkarotida: (+385 49) 244-974<\/li>\n<li>Holter EKG, KMAT (\u201eHolter tlaka\u201c): (+385 49) 244-977<\/li>\n<li>Ergometrija: (+385 49) 383-328<\/li>\n<li>Elektrokardiogram (EKG): (+385 49) 244-970 \/ 971<\/li>\n<\/ul>\n<h3><\/h3>\n<h3><\/h3>\n<h4>Ambulante:<\/h4>\n<h4>Kardiolo\u0161ka ambulanta<\/h4>\n<p>U kardiolo\u0161koj ambulanti rade lije\u010dnici:<\/p>\n<p>Doc.dr.sc. Du\u0161ko Cerovec, dr.med., spec. internist-kardiolog<br \/>\nProf.prim.dr.sc. Nenad Laku\u0161i\u0107, dr.med., spec. internist-kardiolog<br \/>\nDr.sc. Krunoslav Fu\u010dkar, dr.med., spec. internist-kardiolog<br \/>\nLjubica Vincelj \u0160alkovi\u0107, dr.med., spec. internist-kardiolog<br \/>\nLjiljana Lu\u010dinger, dr.med., spec. internist-kardiolog<br \/>\nRomano Kurnik, dr.med., spec. internist-kardiolog<br \/>\nJurica \u0160alkovi\u0107, dr.med., spec. kardiolog<br \/>\nDora Cerovec, dr.med., spec. kardiolog<br \/>\nIvan Kos, dr.med., spec. kardiolog<br \/>\nMateja Pracai\u0107, dr.med., spec. kardiolog<\/p>\n<h3><\/h3>\n<h3><\/h3>\n<h4>Dijabetolo\u0161ka ambulanta<\/h4>\n<p>U dijabetolo\u0161koj ambulanti radi Sre\u0107ko Tu\u0161ek, dr.med., spec. internist-endokrinolog<\/p>\n<h3><\/h3>\n<h3><\/h3>\n<h4><b>Endokrinolo\u0161ko-dijabetolo\u0161ka ambulanta<\/b><\/h4>\n<p>U endokrino-dijabetlo\u0161koj ambulanti radi Maja Jelini\u0107, dr.med., spec. endokrinologinja i dijabetologinja<\/p>\n<h3><\/h3>\n<h3><\/h3>\n<h4>Reumatolo\u0161ka ambulanta<\/h4>\n<p>U reumatolo\u0161koj ambulanti rade Mr.sc. Ru\u017eica \u010cunovi\u0107-Dubroja, dr.med., spec. internist-reumatolog<br \/>\nLorena Petra\u010d \u2013 Frlju\u017eec, dr.med., spec. reumatolog<\/p>\n<h3><\/h3>\n<h3><\/h3>\n<h4><b>Nefrolo\u0161ka ambulanta <\/b><\/h4>\n<p>U nefrolo\u0161koj ambulanti radi Vlatka Japec, dr.med., specijalistica interne medicine, subspecijalistica nefrologije<\/p>\n<h3><\/h3>\n<h3><\/h3>\n<h3><\/h3>\n<h4>Dijagnostika<\/h4>\n<h5>Elektrokardiogram (EKG)<\/h5>\n<p>Koristimo suvremene 12-kanalne elektrokardiografske ure\u0111aje za snimanje EKG-a.<\/p>\n<h3><\/h3>\n<h4>Ergometrijsko testiranje<\/h4>\n<p>Svakodnevno se u Poliklinici u\u010dini 30-ak ergometrijskih testiranja (ambulantni i hospitalizirani pacijenti) na bicikl- ergometruima radi dobivanja uvida u tzv. koronarnu pri\u010duvu i funkcionalni status bolesnika te brojne druge parametre: postojanje aritmija, kretanje krvnog tlaka i pulsa u optere\u0107enju i sl.<\/p>\n<h3><\/h3>\n<h4>Ultrazvuk srca i krvnih \u017eila<\/h4>\n<p>Poliklinika je opremljena s tri viskokvalitetna ultrazvu\u010dna aparata (Hitachi Lisendo 880, Hitachi Arietta 750 i Philips Affiniti 70G) na kojima svakodnevno iskusni stru\u010dnjaci kardiolozi provode kompletni transtorakalni ultrazvu\u010dni pregled srca i krvnih \u017eila (dijametri sr\u010danih \u0161upljina, segmentalna kontraktilnost, sistoli\u010dka i dijastoli\u010dka funkcija, sr\u010dana ovojnica, velike krvne \u017eile, morfologija i funkcija sr\u010danih zalistaka (kolor, pulsni i kontinuirani dopler) uklju\u010duju\u0107i i stres-ehokardiografiju.<\/p>\n<h3><\/h3>\n<h4>Transezofagusni ultrazvuk srca (TEE)<\/h4>\n<p>Pretraga je rezervirana za specifi\u010dna stanja gdje se neke strukture strandardnim UZV srca ne vide ili ih je potrebno detaljnije i preciznije prikazati. Pretraga se naj\u010de\u0161\u0107e koristi za isklju\u010denje ugru\u0161ka u tzv. aurikuli lijeve pretklijetke, \u201eshunt-ova\u201c za razini sr\u010danih pregrada, dg PFO, preciznije analize sr\u010danih zalistaka i njihove (dis)funkcije, postojanja drugih tvorbi (ugru\u0161ci, tumori) u sr\u010danim \u0161upljinama i sl. Za izvo\u0111enje pretrage pacijent mora biti nata\u0161te, a koristi se lokalni anestetik u spreju radi ubla\u017eavanja tegoba prilikom uvo\u0111enja sonde u jednjak pacijenta (poput endoskopske pretrage jednjaka i \u017eeluca \u2013 ezofagogastroskopija).<\/p>\n<h3><\/h3>\n<h4>UZV i kolor dopler trbu\u0161ne aorte, arterija i vena zdjelice i ekstremiteta, kolor dopler bubre\u017enih arterija<\/h4>\n<p>Rutinski se provode ultrazvu\u010dni pregledi krvnih \u017eila (procjena postojanja aterosklerotskih ili trombotskih su\u017eenja, za\u010depljenja ili pro\u0161irenja aorte i arterija ekstremiteta, procjena postojanja patolo\u0161ke komunikacije na razini arterija i vena, procjena postojanja tromboze, tromboflebitisa i insuficijencije vena ekstremiteta te procjena postojanja su\u017eenja bubre\u017enih arterija i procjena bubre\u017ene cirkulacije<\/p>\n<h3><\/h3>\n<h4>Kontinuirano mjerenje arterijskog tlaka (KMAT) i Holter EKG<\/h4>\n<p>Poliklinika je opremljena modernim snima\u010dima koji kontinuirano mogu snimati EKG i do 72 sata. Iz tako dobivenog EKG zapisa mogu se dobiti brojne va\u017ene informacije (osnovni ritam, prosje\u010dna frekvencija te raspon frekvencije, pauze, u\u010destalost i vrsta aritmija, promjene ST-T segmenta, varijabilnost sr\u010dane frekvencije, analiza rada elektrostimulatora i dr.) potrebne za adekvatno lije\u010denje kardiolo\u0161kih bolesnika. Tako\u0111er, pomo\u0107u snima\u010da 24- satnog arterijskog tlaka (KMAT, \u201eHolter tlaka\u201c) dobivaju se korisni podaci o prosje\u010dnim vrijednostima tlaka u 24-satnom, dnevnom i no\u0107nom razdoblju itd. pomo\u0107u kojih se dobiva uvid u stanje bolesnika i uspje\u0161nost njegova lije\u010denja.<\/p>\n<h3><\/h3>\n<h4>Spirometrija<\/h4>\n<p>Procjena vitalnog kapaciteta i opstruktivnih smetnji ventilacije \u2013 naj\u010de\u0161\u0107e se koristi za dg i lije\u010denje bolesnika s KOPB i astmom, a danas sve \u010de\u0161\u0107e i kod drugih stanja poput post-Covid sindroma.<\/p>\n<h3><\/h3>\n<h4>Tilt-up test<\/h4>\n<p>Specifi\u010dan test koji je nezaobilazni dio obrade pacijenata s krizama svijesti (sinkopom). Pretraga s pripremom traje oko 60 minuta.<\/p>\n<h3><\/h3>\n<h3><\/h3>\n<h4>DNEVNA BOLNICA<\/h4>\n<p>Kroz rad u dnevnoj bolnici pod vodstvom bolni\u010dkih specijalista zbrinjavaju se internisti\u010dki bolesnici kod kojih je indicirana obrada i lije\u010denje, a nije nu\u017ena hospitalizacija ili je potrebno dalje pra\u0107enje nakon hospitalizacije na Odjelu za unutarnje bolesti na\u0161e Bolnice. Osim mogu\u0107nosti \u0161ire obrade ( laboratorijske pretrage, radiolo\u0161ke i UZV pretrage i pretrage u sklopu kompletne neinvazivne kardiolo\u0161ke i angiolo\u0161ke obrade ) primjenjuje se i medikamentna, parenteralna terapija te se izvode elektivne elektrokardioverzije.<\/p>\n","protected":false},"excerpt":{"rendered":"<p>Voditeljica Poliklinike: Ljubica Vincelj \u0160alkovi\u0107,dr.med., specijalistica interne medicine, subspecijalistica kardiologije Glavna medicinska sestra Poliklinike Josipa Husti\u0107. univ.bacc.med.techn. Voditeljica tima medicinske njege: Brankica Fu\u010dkar, prvostupnica sestrinstva Glavna fizioterapeutkinja Poliklinike: Arijana \u017dnidari\u0107, prvostupnica fizioterapije Voditeljica tima fizioterapije: Josipa Mik\u0161a, prvostupnica fizioterapije Narud\u017ebe za sve preglede i pretrage iz djelokruga Poliklinke mogu se ostvariti preko Slu\u017ebe za centralno&#8230; <\/p>\n","protected":false},"author":1,"featured_media":0,"parent":0,"menu_order":0,"comment_status":"closed","ping_status":"closed","template":"","meta":{"footnotes":""},"class_list":["post-7269","page","type-page","status-publish","hentry"],"yoast_head":"<!-- This site is optimized with the Yoast SEO plugin v24.9 - https:\/\/yoast.com\/wordpress\/plugins\/seo\/ -->\n<title>Poliklinika za unutarnje bolesti i kardiovaskularnu dijagnostiku - sbkt.hr<\/title>\n<meta name=\"robots\" content=\"index, follow, max-snippet:-1, max-image-preview:large, max-video-preview:-1\" \/>\n<link rel=\"canonical\" href=\"https:\/\/www.sbkt.hr\/KT\/poliklinika-unutarnje-bolesti-kardiovaskularnu-dijagnostiku\/\" \/>\n<meta property=\"og:locale\" content=\"hr_HR\" \/>\n<meta property=\"og:type\" content=\"article\" \/>\n<meta property=\"og:title\" content=\"Poliklinika za unutarnje bolesti i kardiovaskularnu dijagnostiku - sbkt.hr\" \/>\n<meta property=\"og:description\" content=\"Voditeljica Poliklinike: Ljubica Vincelj \u0160alkovi\u0107,dr.med., specijalistica interne medicine, subspecijalistica kardiologije Glavna medicinska sestra Poliklinike Josipa Husti\u0107. univ.bacc.med.techn. Voditeljica tima medicinske njege: Brankica Fu\u010dkar, prvostupnica sestrinstva Glavna fizioterapeutkinja Poliklinike: Arijana \u017dnidari\u0107, prvostupnica fizioterapije Voditeljica tima fizioterapije: Josipa Mik\u0161a, prvostupnica fizioterapije Narud\u017ebe za sve preglede i pretrage iz djelokruga Poliklinke mogu se ostvariti preko Slu\u017ebe za centralno...\" \/>\n<meta property=\"og:url\" content=\"https:\/\/www.sbkt.hr\/KT\/poliklinika-unutarnje-bolesti-kardiovaskularnu-dijagnostiku\/\" \/>\n<meta property=\"og:site_name\" content=\"sbkt.hr\" \/>\n<meta property=\"article:modified_time\" content=\"2026-03-06T11:22:15+00:00\" \/>\n<meta name=\"twitter:card\" content=\"summary_large_image\" \/>\n<meta name=\"twitter:label1\" content=\"Procijenjeno vrijeme \u010ditanja\" \/>\n\t<meta name=\"twitter:data1\" content=\"5 minuta\" \/>\n<script type=\"application\/ld+json\" class=\"yoast-schema-graph\">{\"@context\":\"https:\/\/schema.org\",\"@graph\":[{\"@type\":\"WebPage\",\"@id\":\"https:\/\/www.sbkt.hr\/KT\/poliklinika-unutarnje-bolesti-kardiovaskularnu-dijagnostiku\/\",\"url\":\"https:\/\/www.sbkt.hr\/KT\/poliklinika-unutarnje-bolesti-kardiovaskularnu-dijagnostiku\/\",\"name\":\"Poliklinika za unutarnje bolesti i kardiovaskularnu dijagnostiku - sbkt.hr\",\"isPartOf\":{\"@id\":\"https:\/\/www.sbkt.hr\/KT\/#website\"},\"datePublished\":\"2023-03-24T05:57:03+00:00\",\"dateModified\":\"2026-03-06T11:22:15+00:00\",\"breadcrumb\":{\"@id\":\"https:\/\/www.sbkt.hr\/KT\/poliklinika-unutarnje-bolesti-kardiovaskularnu-dijagnostiku\/#breadcrumb\"},\"inLanguage\":\"hr\",\"potentialAction\":[{\"@type\":\"ReadAction\",\"target\":[\"https:\/\/www.sbkt.hr\/KT\/poliklinika-unutarnje-bolesti-kardiovaskularnu-dijagnostiku\/\"]}]},{\"@type\":\"BreadcrumbList\",\"@id\":\"https:\/\/www.sbkt.hr\/KT\/poliklinika-unutarnje-bolesti-kardiovaskularnu-dijagnostiku\/#breadcrumb\",\"itemListElement\":[{\"@type\":\"ListItem\",\"position\":1,\"name\":\"Naslovna\",\"item\":\"https:\/\/www.sbkt.hr\/KT\/\"},{\"@type\":\"ListItem\",\"position\":2,\"name\":\"Poliklinika za unutarnje bolesti i kardiovaskularnu dijagnostiku\"}]},{\"@type\":\"WebSite\",\"@id\":\"https:\/\/www.sbkt.hr\/KT\/#website\",\"url\":\"https:\/\/www.sbkt.hr\/KT\/\",\"name\":\"sbkt.hr\",\"description\":\"Specijalna bolnica za medicinsku rehabilitaciju\",\"potentialAction\":[{\"@type\":\"SearchAction\",\"target\":{\"@type\":\"EntryPoint\",\"urlTemplate\":\"https:\/\/www.sbkt.hr\/KT\/?s={search_term_string}\"},\"query-input\":{\"@type\":\"PropertyValueSpecification\",\"valueRequired\":true,\"valueName\":\"search_term_string\"}}],\"inLanguage\":\"hr\"}]}<\/script>\n<!-- \/ Yoast SEO plugin. -->","yoast_head_json":{"title":"Poliklinika za unutarnje bolesti i kardiovaskularnu dijagnostiku - sbkt.hr","robots":{"index":"index","follow":"follow","max-snippet":"max-snippet:-1","max-image-preview":"max-image-preview:large","max-video-preview":"max-video-preview:-1"},"canonical":"https:\/\/www.sbkt.hr\/KT\/poliklinika-unutarnje-bolesti-kardiovaskularnu-dijagnostiku\/","og_locale":"hr_HR","og_type":"article","og_title":"Poliklinika za unutarnje bolesti i kardiovaskularnu dijagnostiku - sbkt.hr","og_description":"Voditeljica Poliklinike: Ljubica Vincelj \u0160alkovi\u0107,dr.med., specijalistica interne medicine, subspecijalistica kardiologije Glavna medicinska sestra Poliklinike Josipa Husti\u0107. univ.bacc.med.techn. Voditeljica tima medicinske njege: Brankica Fu\u010dkar, prvostupnica sestrinstva Glavna fizioterapeutkinja Poliklinike: Arijana \u017dnidari\u0107, prvostupnica fizioterapije Voditeljica tima fizioterapije: Josipa Mik\u0161a, prvostupnica fizioterapije Narud\u017ebe za sve preglede i pretrage iz djelokruga Poliklinke mogu se ostvariti preko Slu\u017ebe za centralno...","og_url":"https:\/\/www.sbkt.hr\/KT\/poliklinika-unutarnje-bolesti-kardiovaskularnu-dijagnostiku\/","og_site_name":"sbkt.hr","article_modified_time":"2026-03-06T11:22:15+00:00","twitter_card":"summary_large_image","twitter_misc":{"Procijenjeno vrijeme \u010ditanja":"5 minuta"},"schema":{"@context":"https:\/\/schema.org","@graph":[{"@type":"WebPage","@id":"https:\/\/www.sbkt.hr\/KT\/poliklinika-unutarnje-bolesti-kardiovaskularnu-dijagnostiku\/","url":"https:\/\/www.sbkt.hr\/KT\/poliklinika-unutarnje-bolesti-kardiovaskularnu-dijagnostiku\/","name":"Poliklinika za unutarnje bolesti i kardiovaskularnu dijagnostiku - sbkt.hr","isPartOf":{"@id":"https:\/\/www.sbkt.hr\/KT\/#website"},"datePublished":"2023-03-24T05:57:03+00:00","dateModified":"2026-03-06T11:22:15+00:00","breadcrumb":{"@id":"https:\/\/www.sbkt.hr\/KT\/poliklinika-unutarnje-bolesti-kardiovaskularnu-dijagnostiku\/#breadcrumb"},"inLanguage":"hr","potentialAction":[{"@type":"ReadAction","target":["https:\/\/www.sbkt.hr\/KT\/poliklinika-unutarnje-bolesti-kardiovaskularnu-dijagnostiku\/"]}]},{"@type":"BreadcrumbList","@id":"https:\/\/www.sbkt.hr\/KT\/poliklinika-unutarnje-bolesti-kardiovaskularnu-dijagnostiku\/#breadcrumb","itemListElement":[{"@type":"ListItem","position":1,"name":"Naslovna","item":"https:\/\/www.sbkt.hr\/KT\/"},{"@type":"ListItem","position":2,"name":"Poliklinika za unutarnje bolesti i kardiovaskularnu dijagnostiku"}]},{"@type":"WebSite","@id":"https:\/\/www.sbkt.hr\/KT\/#website","url":"https:\/\/www.sbkt.hr\/KT\/","name":"sbkt.hr","description":"Specijalna bolnica za medicinsku rehabilitaciju","potentialAction":[{"@type":"SearchAction","target":{"@type":"EntryPoint","urlTemplate":"https:\/\/www.sbkt.hr\/KT\/?s={search_term_string}"},"query-input":{"@type":"PropertyValueSpecification","valueRequired":true,"valueName":"search_term_string"}}],"inLanguage":"hr"}]}},"_links":{"self":[{"href":"https:\/\/www.sbkt.hr\/KT\/wp-json\/wp\/v2\/pages\/7269","targetHints":{"allow":["GET"]}}],"collection":[{"href":"https:\/\/www.sbkt.hr\/KT\/wp-json\/wp\/v2\/pages"}],"about":[{"href":"https:\/\/www.sbkt.hr\/KT\/wp-json\/wp\/v2\/types\/page"}],"author":[{"embeddable":true,"href":"https:\/\/www.sbkt.hr\/KT\/wp-json\/wp\/v2\/users\/1"}],"replies":[{"embeddable":true,"href":"https:\/\/www.sbkt.hr\/KT\/wp-json\/wp\/v2\/comments?post=7269"}],"version-history":[{"count":49,"href":"https:\/\/www.sbkt.hr\/KT\/wp-json\/wp\/v2\/pages\/7269\/revisions"}],"predecessor-version":[{"id":12092,"href":"https:\/\/www.sbkt.hr\/KT\/wp-json\/wp\/v2\/pages\/7269\/revisions\/12092"}],"wp:attachment":[{"href":"https:\/\/www.sbkt.hr\/KT\/wp-json\/wp\/v2\/media?parent=7269"}],"curies":[{"name":"wp","href":"https:\/\/api.w.org\/{rel}","templated":true}]}}