{"id":872,"date":"2017-04-18T13:17:41","date_gmt":"2017-04-18T11:17:41","guid":{"rendered":"http:\/\/www.sbkt.hr\/KT\/?page_id=872"},"modified":"2026-04-23T13:28:20","modified_gmt":"2026-04-23T11:28:20","slug":"centralno-narucivanje","status":"publish","type":"page","link":"https:\/\/www.sbkt.hr\/KT\/centralno-narucivanje\/","title":{"rendered":"Centralno naru\u010divanje"},"content":{"rendered":"<h4>Centralna jedinica za bolni\u010dko naru\u010divanje pacijenata<\/h4>\n<p>U na\u0161oj ustanovi, sukladno odluci ministra zdravstva i socijalne skrbi (KLASA:500-01\/08-01\/140, URBROJ:534-05-1-2\/1-08-52, od 21. listopada 2008. g.) o ustrojavanju i na\u010dinu rada bolni\u010dke jedinice za centralno naru\u010divanje pacijenata, koja obvezuje sve bolni\u010dke zdravstvene ustanove u Republici Hrvatskoj, pacijenti se mogu naru\u010diti na pregled i putem <strong>telefaxa<\/strong>, na na\u010din da \u0161alju presliku uputnice lije\u010dnika primarne zdravstvene za\u0161tite ili presliku nalaza lije\u010dnika specijalista s indiciranom zdravstvenom uslugom, te <strong>elektronskom po\u0161tom (e-mail)<\/strong> kada je potrebno u privitku dostaviti skeniranu uputnicu lije\u010dnika primarne zdravstvene za\u0161tite, odnosno skenirani nalaz lije\u010dnika specijalista s indiciranom zdravstvenom uslugom.<\/p>\n<h3><\/h3>\n<h4>Naru\u010divanje na stacionarnu medicinsku rehabilitaciju<\/h4>\n<h4>Za stacionarnu rehabilitaciju potrebno je uz gore navedeno poslati i odobrenje lije\u010dni\u010dke komisije na e-mail adresu: <a href=\"mailto:recepcija@sbkt.hr\">recepcija@sbkt.hr.<\/a> Vi\u0161e informacija potra\u017eite <a href=\"https:\/\/www.sbkt.hr\/KT\/narucivanje\/\">ovdje.\u00a0<\/a><\/h4>\n<h4>Za rehabilitaciju djece potrebno je sve gore navedene papire i odobrenja poslati na e-mail adresu: <a href=\"mailto:recepcij-djecjia@sbkt.hr\">recepcija-djecji@sbkt.hr.<\/a> Vi\u0161e informacija potra\u017eite <a href=\"https:\/\/www.sbkt.hr\/KT\/narucivanje\/\">ovdje.<\/a><\/h4>\n<h4>Naru\u010divanje na specijalisti\u010dke preglede i dijagnostiku<\/h4>\n<h4>Naru\u010diti se mo\u017eete osobno ili e-mailom:<\/h4>\n<ul>\n<li>e-mail: <a href=\"mailto:narucivanje@sbkt.hr\">narucivanje@sbkt.hr<\/a><\/li>\n<\/ul>\n<h4>Naru\u010divanje za psiholo\u0161ku ambulantu:<\/h4>\n<ul>\n<li>e-mail:<a href=\"mailto:narudzbe.psiholozi@sbkt.hr\">narudzbe.psiholozi@sbkt.hr; <\/a><\/li>\n<li>fax: (+385 49) 383 339<\/li>\n<\/ul>\n<h4><\/h4>\n<h4><strong>Potrebna<\/strong> dokumentacija<strong> za osobno naru\u010divanje:<\/strong><\/h4>\n<ul>\n<li>zdravstvena iskaznica\/iskaznica dopunskog zdravstvenog osiguranja<\/li>\n<li>e-uputnica (izdana od strane lije\u010dnika obiteljske medicine u elektronskom obliku)<\/li>\n<li>nalaz\/preporuka lije\u010dnika specijaliste (narud\u017eba za kontrolni pregled\/ pretragu)<\/li>\n<\/ul>\n<p>*kod narud\u017ebe potrebno je imati e-uputnicu (izdanu od strane lije\u010dnika obiteljske medicine u elektronskom obliku)<\/p>\n<h4><strong><br \/>\n<\/strong> Naru\u010divanje<strong> e-mailom<\/strong><\/h4>\n<h4><strong>Potrebno<\/strong> je<strong> poslati:<\/strong><\/h4>\n<ul>\n<li>nalaz\/preporuku lije\u010dnika specijaliste s indiciranom zdravstvenom uslugom (ukoliko se radi o kontrolnom pregledu)<\/li>\n<\/ul>\n<p>*kod narud\u017ebe potrebno je imati e-uputnicu (izdanu od strane lije\u010dnika obiteljske medicine u elektronskom obliku)<\/p>\n<div><\/div>\n<hr \/>\n<h4>E-naru\u010divanje<strong> (Kod Va\u0161eg obiteljskog lije\u010dnika):<\/strong><\/h4>\n<p>Termin za pregled\/pretragu daje vam va\u0161 lije\u010dnik obiteljske medicine prilikom ispisivanja uputnice za indiciranu zdravstvenu uslugu.<\/p>\n<h4><\/h4>\n<h4>Naru\u010divanje osobno ili e-mailom:<\/h4>\n<ul>\n<li>Medicinska rehabilitacija odraslih od 11 do 13 h<\/li>\n<li>Medicinska rehabilitacija djece od 13 do 14 h<\/li>\n<\/ul>\n<ul>\n<li>Kardiolo\u0161ka i internisti\u010dka ambulanta od 12 do 14 h<\/li>\n<li>Holter EKG-a i tlaka od 13 i 30 do 15 h<\/li>\n<li>Ergometrija od 13 i 30 do 14 i 30 h<\/li>\n<li>UZV srca (ECHO kardiografija)od 14 do 14 i 30 h<\/li>\n<li>TCD, doppler karotida, doppler renalnih arterija, doppler vena od 13 do 14 h<\/li>\n<li>EMNG ruku, nogu od 08 do 09 h<\/li>\n<li>EEG, pregled neurologa od 13 do 14 h<\/li>\n<li>Denzitometrija od 12 do 13 h ili na e-mail:<a href=\"mailto:rtg.naruci@sbkt.hr\"> rtg.naruci@sbkt.hr<\/a><\/li>\n<li>Reumatolo\u0161ka ambulanta od 11h do 14 h ili na e-mail: <a href=\"mailto:reumatologija@sbkt.hr\">reumatologija@sbkt.hr<\/a><\/li>\n<li>Dje\u010dja fizijatrijska ambulanta od 08 do 10 h ili na e-mail:<a href=\"mailto:djecja.ambulanta@sbkt.hr\">djecja.ambulanta@sbkt.hr<\/a><\/li>\n<\/ul>\n<ul>\n<li>CT-dijagnostika od 12 do 13 h ili na e-mail: <a href=\"mailto:ct-dijagnostika@sbkt.hr\">ct-dijagnostika@sbkt.hr<\/a><\/li>\n<li>RTG-dijagnostika, klasi\u010dne pretrage, kontrastne pretrage i mamografija na e-mail:<a href=\"mailto:rtg.naruci@sbkt.hr\"> rtg.naruci@sbkt.hr<\/a><\/li>\n<li>UZV abdomena, \u0161titnja\u010de i dojki\u00a0 na e-mail:<a href=\"mailto:rtg.naruci@sbkt.hr\"> rtg.naruci@sbkt.hr<\/a><\/li>\n<li>UZV muskuloskeletnog sustava i UZV dje\u010djih kukova od 11 do 12 h, e-mailom: <a href=\"mailto:uzv-lokomotornog@sbkt.hr\">uzv-lokomotornog@sbkt.hr<\/a><\/li>\n<\/ul>\n<ul>\n<li>Fizijatrijska ambulanta od 11 do 13 h, e-mailom: <a href=\"mailto:fizijatrijska.ambulanta@sbkt.hr\">fizijatrijska.ambulanta@sbkt.hr<\/a><\/li>\n<li>Post Covid ambulantna rehabilitacija od 11 do 13 h, e-mailom: <span id=\"OBJ_PREFIX_DWT61_ZmEmailObjectHandler\" class=\"Object\" role=\"link\"><a href=\"mailto:fizijatrijska.ambulanta@sbkt.hr\" target=\"_blank\" rel=\"nofollow noopener noreferrer\">fizijatrijska.ambulanta@sbkt.hr<\/a><\/span><\/li>\n<li>Fizijatrijska ambulanta Tuheljske Toplice osobno naru\u010divanje od 12 do 14 sati, e-mailom: <a href=\"mailto:narucivanje.tuheljske@sbkt.hr\">narucivanje.tuheljske@sbkt.hr<\/a><\/li>\n<\/ul>\n<h4><\/h4>\n<h4><\/h4>\n<h4>Voditelj poslova centralnog naru\u010divanja:<\/h4>\n<p>An\u0111elka Ple\u010dko, stru\u010d.spec.comm.<\/p>\n<ul>\n<li>Tel.: (+385 49) 383 100<\/li>\n<\/ul>\n<p><strong><br \/>\n<\/strong> <strong>Otkazivanje narud\u017ebe<\/strong><br \/>\nPacijent je u obvezi otkazati zakazani termin\u00a0 na e-mail adresu na koju ste se naru\u010dili, pozivom na besplatni broj Bijelog telefona 0800 7229 ili popunjavanjem web forme na stranicama www.hzzo.hr.<\/p>\n","protected":false},"excerpt":{"rendered":"<p>Centralna jedinica za bolni\u010dko naru\u010divanje pacijenata U na\u0161oj ustanovi, sukladno odluci ministra zdravstva i socijalne skrbi (KLASA:500-01\/08-01\/140, URBROJ:534-05-1-2\/1-08-52, od 21. listopada 2008. g.) o ustrojavanju i na\u010dinu rada bolni\u010dke jedinice za centralno naru\u010divanje pacijenata, koja obvezuje sve bolni\u010dke zdravstvene ustanove u Republici Hrvatskoj, pacijenti se mogu naru\u010diti na pregled i putem telefaxa, na na\u010din da&#8230; <\/p>\n","protected":false},"author":1,"featured_media":0,"parent":0,"menu_order":0,"comment_status":"closed","ping_status":"closed","template":"","meta":{"footnotes":""},"class_list":["post-872","page","type-page","status-publish","hentry"],"yoast_head":"<!-- This site is optimized with the Yoast SEO plugin v24.9 - https:\/\/yoast.com\/wordpress\/plugins\/seo\/ -->\n<title>Centralno naru\u010divanje - sbkt.hr<\/title>\n<meta name=\"robots\" content=\"index, follow, max-snippet:-1, max-image-preview:large, max-video-preview:-1\" \/>\n<link rel=\"canonical\" href=\"https:\/\/www.sbkt.hr\/KT\/centralno-narucivanje\/\" \/>\n<meta property=\"og:locale\" content=\"hr_HR\" \/>\n<meta property=\"og:type\" content=\"article\" \/>\n<meta property=\"og:title\" content=\"Centralno naru\u010divanje - sbkt.hr\" \/>\n<meta property=\"og:description\" content=\"Centralna jedinica za bolni\u010dko naru\u010divanje pacijenata U na\u0161oj ustanovi, sukladno odluci ministra zdravstva i socijalne skrbi (KLASA:500-01\/08-01\/140, URBROJ:534-05-1-2\/1-08-52, od 21. listopada 2008. g.) o ustrojavanju i na\u010dinu rada bolni\u010dke jedinice za centralno naru\u010divanje pacijenata, koja obvezuje sve bolni\u010dke zdravstvene ustanove u Republici Hrvatskoj, pacijenti se mogu naru\u010diti na pregled i putem telefaxa, na na\u010din da...\" \/>\n<meta property=\"og:url\" content=\"https:\/\/www.sbkt.hr\/KT\/centralno-narucivanje\/\" \/>\n<meta property=\"og:site_name\" content=\"sbkt.hr\" \/>\n<meta property=\"article:modified_time\" content=\"2026-04-23T11:28:20+00:00\" \/>\n<meta name=\"twitter:card\" content=\"summary_large_image\" \/>\n<meta name=\"twitter:label1\" content=\"Procijenjeno vrijeme \u010ditanja\" \/>\n\t<meta name=\"twitter:data1\" content=\"3 minute\" \/>\n<script type=\"application\/ld+json\" class=\"yoast-schema-graph\">{\"@context\":\"https:\/\/schema.org\",\"@graph\":[{\"@type\":\"WebPage\",\"@id\":\"https:\/\/www.sbkt.hr\/KT\/centralno-narucivanje\/\",\"url\":\"https:\/\/www.sbkt.hr\/KT\/centralno-narucivanje\/\",\"name\":\"Centralno naru\u010divanje - sbkt.hr\",\"isPartOf\":{\"@id\":\"https:\/\/www.sbkt.hr\/KT\/#website\"},\"datePublished\":\"2017-04-18T11:17:41+00:00\",\"dateModified\":\"2026-04-23T11:28:20+00:00\",\"breadcrumb\":{\"@id\":\"https:\/\/www.sbkt.hr\/KT\/centralno-narucivanje\/#breadcrumb\"},\"inLanguage\":\"hr\",\"potentialAction\":[{\"@type\":\"ReadAction\",\"target\":[\"https:\/\/www.sbkt.hr\/KT\/centralno-narucivanje\/\"]}]},{\"@type\":\"BreadcrumbList\",\"@id\":\"https:\/\/www.sbkt.hr\/KT\/centralno-narucivanje\/#breadcrumb\",\"itemListElement\":[{\"@type\":\"ListItem\",\"position\":1,\"name\":\"Naslovna\",\"item\":\"https:\/\/www.sbkt.hr\/KT\/\"},{\"@type\":\"ListItem\",\"position\":2,\"name\":\"Centralno naru\u010divanje\"}]},{\"@type\":\"WebSite\",\"@id\":\"https:\/\/www.sbkt.hr\/KT\/#website\",\"url\":\"https:\/\/www.sbkt.hr\/KT\/\",\"name\":\"sbkt.hr\",\"description\":\"Specijalna bolnica za medicinsku rehabilitaciju\",\"potentialAction\":[{\"@type\":\"SearchAction\",\"target\":{\"@type\":\"EntryPoint\",\"urlTemplate\":\"https:\/\/www.sbkt.hr\/KT\/?s={search_term_string}\"},\"query-input\":{\"@type\":\"PropertyValueSpecification\",\"valueRequired\":true,\"valueName\":\"search_term_string\"}}],\"inLanguage\":\"hr\"}]}<\/script>\n<!-- \/ Yoast SEO plugin. -->","yoast_head_json":{"title":"Centralno naru\u010divanje - sbkt.hr","robots":{"index":"index","follow":"follow","max-snippet":"max-snippet:-1","max-image-preview":"max-image-preview:large","max-video-preview":"max-video-preview:-1"},"canonical":"https:\/\/www.sbkt.hr\/KT\/centralno-narucivanje\/","og_locale":"hr_HR","og_type":"article","og_title":"Centralno naru\u010divanje - sbkt.hr","og_description":"Centralna jedinica za bolni\u010dko naru\u010divanje pacijenata U na\u0161oj ustanovi, sukladno odluci ministra zdravstva i socijalne skrbi (KLASA:500-01\/08-01\/140, URBROJ:534-05-1-2\/1-08-52, od 21. listopada 2008. g.) o ustrojavanju i na\u010dinu rada bolni\u010dke jedinice za centralno naru\u010divanje pacijenata, koja obvezuje sve bolni\u010dke zdravstvene ustanove u Republici Hrvatskoj, pacijenti se mogu naru\u010diti na pregled i putem telefaxa, na na\u010din da...","og_url":"https:\/\/www.sbkt.hr\/KT\/centralno-narucivanje\/","og_site_name":"sbkt.hr","article_modified_time":"2026-04-23T11:28:20+00:00","twitter_card":"summary_large_image","twitter_misc":{"Procijenjeno vrijeme \u010ditanja":"3 minute"},"schema":{"@context":"https:\/\/schema.org","@graph":[{"@type":"WebPage","@id":"https:\/\/www.sbkt.hr\/KT\/centralno-narucivanje\/","url":"https:\/\/www.sbkt.hr\/KT\/centralno-narucivanje\/","name":"Centralno naru\u010divanje - sbkt.hr","isPartOf":{"@id":"https:\/\/www.sbkt.hr\/KT\/#website"},"datePublished":"2017-04-18T11:17:41+00:00","dateModified":"2026-04-23T11:28:20+00:00","breadcrumb":{"@id":"https:\/\/www.sbkt.hr\/KT\/centralno-narucivanje\/#breadcrumb"},"inLanguage":"hr","potentialAction":[{"@type":"ReadAction","target":["https:\/\/www.sbkt.hr\/KT\/centralno-narucivanje\/"]}]},{"@type":"BreadcrumbList","@id":"https:\/\/www.sbkt.hr\/KT\/centralno-narucivanje\/#breadcrumb","itemListElement":[{"@type":"ListItem","position":1,"name":"Naslovna","item":"https:\/\/www.sbkt.hr\/KT\/"},{"@type":"ListItem","position":2,"name":"Centralno naru\u010divanje"}]},{"@type":"WebSite","@id":"https:\/\/www.sbkt.hr\/KT\/#website","url":"https:\/\/www.sbkt.hr\/KT\/","name":"sbkt.hr","description":"Specijalna bolnica za medicinsku rehabilitaciju","potentialAction":[{"@type":"SearchAction","target":{"@type":"EntryPoint","urlTemplate":"https:\/\/www.sbkt.hr\/KT\/?s={search_term_string}"},"query-input":{"@type":"PropertyValueSpecification","valueRequired":true,"valueName":"search_term_string"}}],"inLanguage":"hr"}]}},"_links":{"self":[{"href":"https:\/\/www.sbkt.hr\/KT\/wp-json\/wp\/v2\/pages\/872","targetHints":{"allow":["GET"]}}],"collection":[{"href":"https:\/\/www.sbkt.hr\/KT\/wp-json\/wp\/v2\/pages"}],"about":[{"href":"https:\/\/www.sbkt.hr\/KT\/wp-json\/wp\/v2\/types\/page"}],"author":[{"embeddable":true,"href":"https:\/\/www.sbkt.hr\/KT\/wp-json\/wp\/v2\/users\/1"}],"replies":[{"embeddable":true,"href":"https:\/\/www.sbkt.hr\/KT\/wp-json\/wp\/v2\/comments?post=872"}],"version-history":[{"count":57,"href":"https:\/\/www.sbkt.hr\/KT\/wp-json\/wp\/v2\/pages\/872\/revisions"}],"predecessor-version":[{"id":12300,"href":"https:\/\/www.sbkt.hr\/KT\/wp-json\/wp\/v2\/pages\/872\/revisions\/12300"}],"wp:attachment":[{"href":"https:\/\/www.sbkt.hr\/KT\/wp-json\/wp\/v2\/media?parent=872"}],"curies":[{"name":"wp","href":"https:\/\/api.w.org\/{rel}","templated":true}]}}