{"id":930,"date":"2017-04-22T10:46:39","date_gmt":"2017-04-22T08:46:39","guid":{"rendered":"http:\/\/www.sbkt.hr\/KT\/?page_id=930"},"modified":"2025-11-25T08:04:38","modified_gmt":"2025-11-25T07:04:38","slug":"osnivanje-i-upravljanje-bolnicom","status":"publish","type":"page","link":"https:\/\/www.sbkt.hr\/KT\/osnivanje-i-upravljanje-bolnicom\/","title":{"rendered":"Osnivanje i upravljanje Bolnicom"},"content":{"rendered":"<p>Bolnica Krapinske Toplice osnovana je rje\u0161enjem Vlade NR Hrvatske br. 7374\/52 od 28.lipnja 1952 godine kao kupali\u0161no lje\u010dili\u0161te. Status Bolnice stekla je 5.studenog 1962.godine, a status Specijalne bolnice za medicinsku rehabilitaciju stekla je 1994.godine sukladno odredbama Zakona o zdravstvenoj za\u0161titi (NN br.75\/93).<\/p>\n<p>Kao pravna osoba Bolnica je upisana u registar Trgova\u010dkog suda u Zagrebu i u Upisnik ustanova socijalne skrbi pri Ministarstvu zdravstva i socijalne skrbi.<\/p>\n<p>Osniva\u010d Bolnice je Krapinsko-zagorska \u017eupanija, a sjedi\u0161te je u Krapinskim Toplicama, Gajeva 2.<\/p>\n<p>SPECIJALNA BOLNICA ZA MEDICINSKU REHABILITACIJU KRAPINSKE TOPLICE po svojoj namjeni je bolnica za medicinsku rehabilitaciju i za specijalisti\u010dko-konzilijarnu zdravstvenu za\u0161titu.<\/p>\n<h4><\/h4>\n<h4>Bolnica obavlja ove djelatnosti:<\/h4>\n<ul>\n<li>bolni\u010dko lije\u010denje iz djelatnosti fizikalne medicine i rehabilitacije, op\u0107e interne medicine i intenzivne medicine, kardiologije, neurologije i reumatologije<\/li>\n<li>specijalisti\u010dko &#8211; konzilijarna zdravstvena za\u0161tita iz djelatnosti fizikalne medicine i rehabilitacije, op\u0107e interne medicine, kardiologije, neurologije, reumatologije, endokrinologije i dijabetologije i klini\u010dke radiologije<\/li>\n<li>djelatnost medicinsko &#8211; biokemijskog laboratorija<\/li>\n<li>opskrba bolnice lijekovima i medicinskim proizvodima<\/li>\n<li>djelatnost logopedije<\/li>\n<li>djelatnost psihologije<\/li>\n<li>medicinska rehabilitacija<\/li>\n<li>hitna medicina za potrebe op\u0107e interne medicine, kardiologije i neurologije<\/li>\n<li>dnevna bolnica iz djelatnosti fizikalne medicine i rehabilitacije, op\u0107e interne medicine, kardiologije, neurologije i reumatologije<\/li>\n<li>zdravstveni turizam \u2013 pru\u017eanje zdravstvenih usluga, dijagnosti\u010dkih i terapijskih postupaka, zdravstvene njege te postupaka medicinske rehabilitacije uz pru\u017eanje ugostiteljskih usluga i usluga u turizmu<\/li>\n<li>djelatnost fizikalne terapije<\/li>\n<li>vr\u0161i prijevoz bolesnika<\/li>\n<li>obavlja opskrbu potro\u0161a\u010da vodom iz termalnog vodovoda<\/li>\n<li>obavlja poslove socijalne skrbi za djecu s te\u0161ko\u0107ama u razvoju izvan vlastite obitelji upu\u0107enu na medicinsku rehabilitaciju i specijalno \u0161kolovanje, koja skrb se ostvaruje kao stalni smje\u0161taj i boravak, odnosno cjelodnevni ili poludnevni boravak<\/li>\n<li>socijalna usluga rane intervencije<\/li>\n<li>socijalna usluga savjetovanja i pomaganja<\/li>\n<\/ul>\n<h4><\/h4>\n<p>Upis u sudski registar ustanova kod Trgova\u010dkog suda Zagreb izvr\u0161en je sa 28.05.1996. pod brojem Fi-49\/96. \u2013 reg.ulo\u017eak Suda 1-82 pod nazivom: SPECIJALNA BOLNICA ZA MEDICINSKU REHABILITACIJU KRAPINSKE TOPLICE, Gajeva 2., dok je ponovni upis izvr\u0161en po \u010dlanku 5. Zakona o izmjenama i dopunama Zakona o sudskom registru (N.N. 57\/96.), s danom 11.04.1997. o \u010demu je Bolnica dobila rje\u0161enje od Trgova\u010dkog suda u Zagrebu broj: Fi-336\/96.<\/p>\n<h4><\/h4>\n<h4>Nastavna aktivnost<\/h4>\n<h5>Specijalna bolnica za medicinsku rehabilitaciju Krapinske Toplice nastavna je baza:<\/h5>\n<ul>\n<li>Medicinskog fakulteta Sveu\u010dili\u0161ta u Osijeku iz predmeta \u201eInterna medicina\u201c, \u201eOrtopedija\u201c i \u201eFizikalna medicina i rehabilitacija\u201c (dva docenta i vi\u0161e asistenata) <a href=\"http:\/\/www.mefos.unios.hr\/index.php\/hr\/\">www.mefos.unios.hr<\/a><\/li>\n<li>Edukacijsko rehabilitacijski fakultet Sveu\u010dili\u0161ta u Zagrebu<a href=\"http:\/\/www.erf.unizg.hr\/hr\/\"> www.erf.unizg.hr\/hr\/<\/a><\/li>\n<li>Veleu\u010dili\u0161ta Lavoslav Ru\u017ei\u010dka u Vukovaru &#8211; Visoke zdravstvene \u0161kole u Pregradi <a href=\"http:\/\/www.vevu.hr\/\">www.vevu.hr<\/a><\/li>\n<li>Zdravstvenog veleu\u010dili\u0161ta u Zagrebu <a href=\"http:\/\/www.zvu.hr\/\">www.zvu.hr<\/a><\/li>\n<li>Srednje \u0161kole Pregrada <a href=\"http:\/\/ss-pregrada.skole.hr\/\">ss-pregrada.skole.hr<\/a><\/li>\n<\/ul>\n<h4><\/h4>\n<h4><\/h4>\n<h4><\/h4>\n<h4>Ravnatelj Bolnice:<\/h4>\n<h4>Danijel Javori\u0107 Bari\u0107, mag.iur.<\/h4>\n<p>E-mail: <a href=\"mailto:ravnatelj@sbkt.hr\">ravnatelj@sbkt.hr<\/a><br \/>\nIzravna telefonska linija: (+385 49) 232-141<\/p>\n<p>Tajnica ravnatelja: (+385 49) 383-401<\/p>\n<h4><\/h4>\n<h4>Zamjenica ravnatelja:<\/h4>\n<p>Dr.sc. Darija Granec, dr. med., spec. fiz. med. i rehab. &#8211; subspec. reumatolog<br \/>\nE-mail: <a href=\"mailto:darija.granec@sbkt.hr\">darija.granec@sbkt.hr<\/a><\/p>\n<h4><\/h4>\n<h4>Pomo\u0107nici ravnatelja:<\/h4>\n<h4>Pomo\u0107nik ravnatelja za osiguranje i unapre\u0111enje kvalitete zdravstvene za\u0161tite:<\/h4>\n<p>Domagoj Andri\u0107, dr. med., spec. fiz. med. i rehab.<\/p>\n<h4><\/h4>\n<h4>Pomo\u0107nica ravnatelja za sestrinstvo, glavna sestra Bolnice:<\/h4>\n<p>Danijela Bari\u0107, mag. sestrinstva<\/p>\n<h3><\/h3>\n<h4><\/h4>\n<h4>Pomo\u0107nica ravnatelja za fizioterapiju, glavna fizioterapeutkinja Bolnice:<\/h4>\n<p>Ivan\u010dica \u0160a\u0161ko, mag.physioth., univ.spec.admin.sanit.<\/p>\n<p>E-mail: <a href=\"mailto:ivancica.sasko@sbkt.hr\">ivancica.sasko@sbkt.hr<\/a><\/p>\n<h4><\/h4>\n<h4>Sastav upravnog vije\u0107a \u010dine:<\/h4>\n<ul>\n<li>Vlatka Mlakar, dipl. oec., predsjednica Upravnog vije\u0107a<\/li>\n<li>Stanko Majdak, dipl.politolog, \u010dlan<\/li>\n<li>Ivan \u0160antek, dr.med., \u010dlan<\/li>\n<li>Aleksandar Piljek, mag. oec., \u010dlan<\/li>\n<li>dr.sc. Damir Ple\u010dko, dr. med., \u010dlan<\/li>\n<li>Dr.sc. Krunoslav Fu\u010dkar, dr.med., \u010dlan<\/li>\n<li>Valerija Brodar, bacc. med. techn., \u010dlan<\/li>\n<\/ul>\n<h4><\/h4>\n<h4><\/h4>\n<h4>Sastav radni\u010dkog vije\u0107a \u010dine:<\/h4>\n<ul>\n<li>Valerija Brodar, bacc. med. techn., predsjednica\n<ul>\n<li>E-mail:<a href=\"mailto:valerija.brodar@sbkt.hr\"> valerija.brodar@sbkt.hr<\/a><\/li>\n<\/ul>\n<\/li>\n<li>Bla\u017eenka Gorupi\u0107, \u010dlanica<\/li>\n<li>Zdravko Koprivnjak, \u010dlan<\/li>\n<li>Vesna Penezi\u0107, \u010dlanica<\/li>\n<li>Maja Gori\u010dan, \u010dlanica<\/li>\n<li>Miljenko Cesarec, \u010dlan<\/li>\n<li>Vladimir Biller, \u010dlan<\/li>\n<li>Doroteja Ten\u0161ek, \u010dlanica<\/li>\n<li>Ivana \u010ci\u017emek, \u010dlanica<\/li>\n<\/ul>\n<h4><\/h4>\n<h4><\/h4>\n<h4>Povjerenici za\u0161tite na radu:<\/h4>\n<ul>\n<li>Valerija Brodar<\/li>\n<li>Bla\u017eenka Gorupi\u0107<\/li>\n<li>Zdravko Koprivnjak<\/li>\n<li>Jasminka Sajko Lovrek<\/li>\n<li>Vesna Penezi\u0107<\/li>\n<li>Miljenko Cesarec<\/li>\n<li>Vladimir Biller<\/li>\n<li>Biserka Kozina<\/li>\n<li>Ivana \u010ci\u017emek<\/li>\n<\/ul>\n","protected":false},"excerpt":{"rendered":"<p>Bolnica Krapinske Toplice osnovana je rje\u0161enjem Vlade NR Hrvatske br. 7374\/52 od 28.lipnja 1952 godine kao kupali\u0161no lje\u010dili\u0161te. Status Bolnice stekla je 5.studenog 1962.godine, a status Specijalne bolnice za medicinsku rehabilitaciju stekla je 1994.godine sukladno odredbama Zakona o zdravstvenoj za\u0161titi (NN br.75\/93). Kao pravna osoba Bolnica je upisana u registar Trgova\u010dkog suda u Zagrebu i&#8230; <\/p>\n","protected":false},"author":1,"featured_media":0,"parent":0,"menu_order":0,"comment_status":"closed","ping_status":"closed","template":"","meta":{"footnotes":""},"class_list":["post-930","page","type-page","status-publish","hentry"],"yoast_head":"<!-- This site is optimized with the Yoast SEO plugin v24.9 - https:\/\/yoast.com\/wordpress\/plugins\/seo\/ -->\n<title>Osnivanje i upravljanje Bolnicom - sbkt.hr<\/title>\n<meta name=\"robots\" content=\"index, follow, max-snippet:-1, max-image-preview:large, max-video-preview:-1\" \/>\n<link rel=\"canonical\" href=\"https:\/\/www.sbkt.hr\/KT\/osnivanje-i-upravljanje-bolnicom\/\" \/>\n<meta property=\"og:locale\" content=\"hr_HR\" \/>\n<meta property=\"og:type\" content=\"article\" \/>\n<meta property=\"og:title\" content=\"Osnivanje i upravljanje Bolnicom - sbkt.hr\" \/>\n<meta property=\"og:description\" content=\"Bolnica Krapinske Toplice osnovana je rje\u0161enjem Vlade NR Hrvatske br. 7374\/52 od 28.lipnja 1952 godine kao kupali\u0161no lje\u010dili\u0161te. Status Bolnice stekla je 5.studenog 1962.godine, a status Specijalne bolnice za medicinsku rehabilitaciju stekla je 1994.godine sukladno odredbama Zakona o zdravstvenoj za\u0161titi (NN br.75\/93). Kao pravna osoba Bolnica je upisana u registar Trgova\u010dkog suda u Zagrebu i...\" \/>\n<meta property=\"og:url\" content=\"https:\/\/www.sbkt.hr\/KT\/osnivanje-i-upravljanje-bolnicom\/\" \/>\n<meta property=\"og:site_name\" content=\"sbkt.hr\" \/>\n<meta property=\"article:modified_time\" content=\"2025-11-25T07:04:38+00:00\" \/>\n<meta name=\"twitter:card\" content=\"summary_large_image\" \/>\n<meta name=\"twitter:label1\" content=\"Procijenjeno vrijeme \u010ditanja\" \/>\n\t<meta name=\"twitter:data1\" content=\"4 minute\" \/>\n<script type=\"application\/ld+json\" class=\"yoast-schema-graph\">{\"@context\":\"https:\/\/schema.org\",\"@graph\":[{\"@type\":\"WebPage\",\"@id\":\"https:\/\/www.sbkt.hr\/KT\/osnivanje-i-upravljanje-bolnicom\/\",\"url\":\"https:\/\/www.sbkt.hr\/KT\/osnivanje-i-upravljanje-bolnicom\/\",\"name\":\"Osnivanje i upravljanje Bolnicom - sbkt.hr\",\"isPartOf\":{\"@id\":\"https:\/\/www.sbkt.hr\/KT\/#website\"},\"datePublished\":\"2017-04-22T08:46:39+00:00\",\"dateModified\":\"2025-11-25T07:04:38+00:00\",\"breadcrumb\":{\"@id\":\"https:\/\/www.sbkt.hr\/KT\/osnivanje-i-upravljanje-bolnicom\/#breadcrumb\"},\"inLanguage\":\"hr\",\"potentialAction\":[{\"@type\":\"ReadAction\",\"target\":[\"https:\/\/www.sbkt.hr\/KT\/osnivanje-i-upravljanje-bolnicom\/\"]}]},{\"@type\":\"BreadcrumbList\",\"@id\":\"https:\/\/www.sbkt.hr\/KT\/osnivanje-i-upravljanje-bolnicom\/#breadcrumb\",\"itemListElement\":[{\"@type\":\"ListItem\",\"position\":1,\"name\":\"Naslovna\",\"item\":\"https:\/\/www.sbkt.hr\/KT\/\"},{\"@type\":\"ListItem\",\"position\":2,\"name\":\"Osnivanje i upravljanje Bolnicom\"}]},{\"@type\":\"WebSite\",\"@id\":\"https:\/\/www.sbkt.hr\/KT\/#website\",\"url\":\"https:\/\/www.sbkt.hr\/KT\/\",\"name\":\"sbkt.hr\",\"description\":\"Specijalna bolnica za medicinsku rehabilitaciju\",\"potentialAction\":[{\"@type\":\"SearchAction\",\"target\":{\"@type\":\"EntryPoint\",\"urlTemplate\":\"https:\/\/www.sbkt.hr\/KT\/?s={search_term_string}\"},\"query-input\":{\"@type\":\"PropertyValueSpecification\",\"valueRequired\":true,\"valueName\":\"search_term_string\"}}],\"inLanguage\":\"hr\"}]}<\/script>\n<!-- \/ Yoast SEO plugin. -->","yoast_head_json":{"title":"Osnivanje i upravljanje Bolnicom - sbkt.hr","robots":{"index":"index","follow":"follow","max-snippet":"max-snippet:-1","max-image-preview":"max-image-preview:large","max-video-preview":"max-video-preview:-1"},"canonical":"https:\/\/www.sbkt.hr\/KT\/osnivanje-i-upravljanje-bolnicom\/","og_locale":"hr_HR","og_type":"article","og_title":"Osnivanje i upravljanje Bolnicom - sbkt.hr","og_description":"Bolnica Krapinske Toplice osnovana je rje\u0161enjem Vlade NR Hrvatske br. 7374\/52 od 28.lipnja 1952 godine kao kupali\u0161no lje\u010dili\u0161te. Status Bolnice stekla je 5.studenog 1962.godine, a status Specijalne bolnice za medicinsku rehabilitaciju stekla je 1994.godine sukladno odredbama Zakona o zdravstvenoj za\u0161titi (NN br.75\/93). Kao pravna osoba Bolnica je upisana u registar Trgova\u010dkog suda u Zagrebu i...","og_url":"https:\/\/www.sbkt.hr\/KT\/osnivanje-i-upravljanje-bolnicom\/","og_site_name":"sbkt.hr","article_modified_time":"2025-11-25T07:04:38+00:00","twitter_card":"summary_large_image","twitter_misc":{"Procijenjeno vrijeme \u010ditanja":"4 minute"},"schema":{"@context":"https:\/\/schema.org","@graph":[{"@type":"WebPage","@id":"https:\/\/www.sbkt.hr\/KT\/osnivanje-i-upravljanje-bolnicom\/","url":"https:\/\/www.sbkt.hr\/KT\/osnivanje-i-upravljanje-bolnicom\/","name":"Osnivanje i upravljanje Bolnicom - sbkt.hr","isPartOf":{"@id":"https:\/\/www.sbkt.hr\/KT\/#website"},"datePublished":"2017-04-22T08:46:39+00:00","dateModified":"2025-11-25T07:04:38+00:00","breadcrumb":{"@id":"https:\/\/www.sbkt.hr\/KT\/osnivanje-i-upravljanje-bolnicom\/#breadcrumb"},"inLanguage":"hr","potentialAction":[{"@type":"ReadAction","target":["https:\/\/www.sbkt.hr\/KT\/osnivanje-i-upravljanje-bolnicom\/"]}]},{"@type":"BreadcrumbList","@id":"https:\/\/www.sbkt.hr\/KT\/osnivanje-i-upravljanje-bolnicom\/#breadcrumb","itemListElement":[{"@type":"ListItem","position":1,"name":"Naslovna","item":"https:\/\/www.sbkt.hr\/KT\/"},{"@type":"ListItem","position":2,"name":"Osnivanje i upravljanje Bolnicom"}]},{"@type":"WebSite","@id":"https:\/\/www.sbkt.hr\/KT\/#website","url":"https:\/\/www.sbkt.hr\/KT\/","name":"sbkt.hr","description":"Specijalna bolnica za medicinsku rehabilitaciju","potentialAction":[{"@type":"SearchAction","target":{"@type":"EntryPoint","urlTemplate":"https:\/\/www.sbkt.hr\/KT\/?s={search_term_string}"},"query-input":{"@type":"PropertyValueSpecification","valueRequired":true,"valueName":"search_term_string"}}],"inLanguage":"hr"}]}},"_links":{"self":[{"href":"https:\/\/www.sbkt.hr\/KT\/wp-json\/wp\/v2\/pages\/930","targetHints":{"allow":["GET"]}}],"collection":[{"href":"https:\/\/www.sbkt.hr\/KT\/wp-json\/wp\/v2\/pages"}],"about":[{"href":"https:\/\/www.sbkt.hr\/KT\/wp-json\/wp\/v2\/types\/page"}],"author":[{"embeddable":true,"href":"https:\/\/www.sbkt.hr\/KT\/wp-json\/wp\/v2\/users\/1"}],"replies":[{"embeddable":true,"href":"https:\/\/www.sbkt.hr\/KT\/wp-json\/wp\/v2\/comments?post=930"}],"version-history":[{"count":97,"href":"https:\/\/www.sbkt.hr\/KT\/wp-json\/wp\/v2\/pages\/930\/revisions"}],"predecessor-version":[{"id":11496,"href":"https:\/\/www.sbkt.hr\/KT\/wp-json\/wp\/v2\/pages\/930\/revisions\/11496"}],"wp:attachment":[{"href":"https:\/\/www.sbkt.hr\/KT\/wp-json\/wp\/v2\/media?parent=930"}],"curies":[{"name":"wp","href":"https:\/\/api.w.org\/{rel}","templated":true}]}}