{"id":957,"date":"2017-04-24T17:50:03","date_gmt":"2017-04-24T15:50:03","guid":{"rendered":"http:\/\/www.sbkt.hr\/KT\/?page_id=957"},"modified":"2017-04-24T18:09:56","modified_gmt":"2017-04-24T16:09:56","slug":"povijest-bolnice","status":"publish","type":"page","link":"https:\/\/www.sbkt.hr\/KT\/povijest-bolnice\/","title":{"rendered":"Povijest Bolnice"},"content":{"rendered":"<h5>Osnivanje:<\/h5>\n<p>Mjesto je poznato jo\u0161 iz rimskog doba kao Aquae Vivae, na \u010dijim su termalnim izvorima rimske legije vidale rane i prikupljale snagu za vrijeme svojih pohoda po Europi. Godine 1856. Krapinske Toplice dobivaju prvog lije\u010dnika, dr. Leopoda Tanzera.<\/p>\n<p>Njihov tada\u0161nji vlasnik Jakob Badl ( na slici ), zapo\u010deo je 1859. graditi prvu zgradu dana\u0161nje bolnice sa 75 kreveta. Dovr\u0161ena ve\u0107 idu\u0107e 1860. godine i bila je u to doba moderno lje\u010dili\u0161te. Godine 1956. osnovan je Odjel za reumatske bolesti i ortopedsku rehabilitaciju,a daljnjim je razvojem lje\u010dili\u0161te preraslo u bolnicu za reumatske bolesti i rehabilitaciju.<\/p>\n<h5>Novije doba<\/h5>\n<p>Godine 1976. dovr\u0161ena je i nova bolni\u010dka zgrada sa 250 kreveta, a 1988.godine izgra\u0111en je i suvremeno ure\u0111en novi bolni\u010dki odjel sa 130 jednokrevetnih i 70 dvokrevetnih soba. Uz stalno obnavaljanje i rekonstrukciju postoje\u0107ih prostora, godine 1997. dogra\u0111eni su, ure\u0111eni i opremljeni prostori Specijalne bolnice za kardiovaskularnu kirugiju &#8220;Magdalena&#8221;. Godine 2006. otvorena je privatna poliklinika za hemodijalizu &#8220;Vita&#8221;, a po\u010detkom 2008. i Specijalna bolnica za ortopedsku kirurgiju &#8220;Akromion&#8221;. Uz programe za rehabilitaciju provode se i programi preventivnog i rekreacijskog karaktera i sistematski pregledi.<\/p>\n<p>Galerija slika povijesti Bolnice:<\/p>\n<div>  <\/div><style type=\"text\/css\" scoped>.rbs_gallery_69f9a786ca411Spinner{\r\n\t\t\t\tmargin: 50px auto;\r\n\t\t\t\twidth: 50px;\r\n\t\t\t\theight: 40px;\r\n\t\t\t\ttext-align: center;\r\n\t\t\t\tfont-size: 10px;\r\n\t\t\t}\r\n\t\t\t.rbs_gallery_69f9a786ca411Spinner > div{\r\n\t\t\t  background-color: #333;\r\n\t\t\t  height: 100%;\r\n\t\t\t  width: 6px;\r\n\t\t\t  display: inline-block;\r\n\t\t\t  -webkit-animation: rbs_gallery_69f9a786ca411-stretchdelay 1.2s infinite ease-in-out;\r\n\t\t\t  animation: rbs_gallery_69f9a786ca411-stretchdelay 1.2s infinite ease-in-out;\r\n\t\t\t}\r\n\t\t\t.rbs_gallery_69f9a786ca411Spinner .rbs_gallery_69f9a786ca411Rect2 {\r\n\t\t\t  -webkit-animation-delay: -1.1s;\r\n\t\t\t  animation-delay: -1.1s;\r\n\t\t\t}\r\n\t\t\t.rbs_gallery_69f9a786ca411Spinner .rbs_gallery_69f9a786ca411Rect3 {\r\n\t\t\t  -webkit-animation-delay: -1.0s;\r\n\t\t\t  animation-delay: -1.0s;\r\n\t\t\t}\r\n\t\t\t.rbs_gallery_69f9a786ca411Spinner .rbs_gallery_69f9a786ca411Rect4 {\r\n\t\t\t  -webkit-animation-delay: -0.9s;\r\n\t\t\t  animation-delay: -0.9s;\r\n\t\t\t}\r\n\t\t\t.rbs_gallery_69f9a786ca411Spinner .rbs_gallery_69f9a786ca411Rect5 {\r\n\t\t\t  -webkit-animation-delay: -0.8s;\r\n\t\t\t  animation-delay: -0.8s;\r\n\t\t\t}\r\n\t\t\t@-webkit-keyframes rbs_gallery_69f9a786ca411-stretchdelay {\r\n\t\t\t  0%, 40%, 100% { -webkit-transform: scaleY(0.4) }  \r\n\t\t\t  20% { -webkit-transform: scaleY(1.0) }\r\n\t\t\t}\r\n\t\t\t@keyframes rbs_gallery_69f9a786ca411-stretchdelay {\r\n\t\t\t  0%, 40%, 100% { \r\n\t\t\t    transform: scaleY(0.4);\r\n\t\t\t    -webkit-transform: scaleY(0.4);\r\n\t\t\t  }  20% { \r\n\t\t\t    transform: scaleY(1.0);\r\n\t\t\t    -webkit-transform: scaleY(1.0);\r\n\t\t\t  }\r\n\t\t\t}\r\n\t\t<\/style><div class=\"robo-gallery-wrap robo-gallery-wrap-id961 robo-gallery-\" ><div id=\"rbs_gallery_69f9a786ca411-block-loader\" class=\"rbs_gallery_69f9a786ca411Spinner\"><div class=\"rbs_gallery_69f9a786ca411Rect1\"><\/div> <div class=\"rbs_gallery_69f9a786ca411Rect2\"><\/div> <div class=\"rbs_gallery_69f9a786ca411Rect3\"><\/div> <div class=\"rbs_gallery_69f9a786ca411Rect4\"><\/div> <div class=\"rbs_gallery_69f9a786ca411Rect5\"><\/div><\/div><div id=\"robo_gallery_main_block_rbs_gallery_69f9a786ca411\" class=\"robogallery-gallery-961\" style=\"width:100%;  display: none;\"><div id=\"rbs_gallery_69f9a786ca411\" data-options=\"rbs_gallery_69f9a786ca411\" style=\"width:100%;\" class=\"robo_gallery  \"><div class=\"rbs-img  category961 \" ><div class=\"rbs-img-image   rbs-lightbox \" ><div class=\"rbs-img-thumbs\"  data-thumbnail=\"https:\/\/www.sbkt.hr\/KT\/wp-content\/uploads\/2017\/04\/badel-velika-300x240.jpg\"  title=\"Jakov Badel\"  data-width=\"300\"  data-height=\"240\" ><\/div><div class=\"rbs-img-data-popup\"  data-popup=\"https:\/\/www.sbkt.hr\/KT\/wp-content\/uploads\/2017\/04\/badel-velika.jpg\"  title=\"Jakov Badel\" ><\/div><div class=\"thumbnail-overlay\"><div class=\"rbsTitle \">Jakov Badel<\/div><div class=\"rbsIcons\"><i class=\"fa fa-search-plus rbsZoomIcon \" ><\/i><\/div><\/div><\/div><\/div><div class=\"rbs-img  category961 \" ><div class=\"rbs-img-image   rbs-lightbox \" ><div class=\"rbs-img-thumbs\"  data-thumbnail=\"https:\/\/www.sbkt.hr\/KT\/wp-content\/uploads\/2017\/04\/pov-zgrada-bolnice-dvorana-velika-300x207.jpg\"  title=\"Dvorana stare zgrade Bolnice\"  data-width=\"300\"  data-height=\"207\" ><\/div><div class=\"rbs-img-data-popup\"  data-popup=\"https:\/\/www.sbkt.hr\/KT\/wp-content\/uploads\/2017\/04\/pov-zgrada-bolnice-dvorana-velika.jpg\"  title=\"Dvorana stare zgrade Bolnice\" ><\/div><div class=\"thumbnail-overlay\"><div class=\"rbsTitle \">Dvorana stare zgrade Bolnice<\/div><div class=\"rbsIcons\"><i class=\"fa fa-search-plus rbsZoomIcon \" ><\/i><\/div><\/div><\/div><\/div><div class=\"rbs-img  category961 \" ><div class=\"rbs-img-image   rbs-lightbox \" ><div class=\"rbs-img-thumbs\"  data-thumbnail=\"https:\/\/www.sbkt.hr\/KT\/wp-content\/uploads\/2017\/04\/pov-zgrada-bolnice2-velika-300x218.jpg\"  title=\"Stara zgrada Bolnice\"  data-width=\"300\"  data-height=\"218\" ><\/div><div class=\"rbs-img-data-popup\"  data-popup=\"https:\/\/www.sbkt.hr\/KT\/wp-content\/uploads\/2017\/04\/pov-zgrada-bolnice2-velika.jpg\"  title=\"Stara zgrada Bolnice\" ><\/div><div class=\"thumbnail-overlay\"><div class=\"rbsTitle \">Stara zgrada Bolnice<\/div><div class=\"rbsIcons\"><i class=\"fa fa-search-plus rbsZoomIcon \" ><\/i><\/div><\/div><\/div><\/div><div class=\"rbs-img  category961 \" ><div class=\"rbs-img-image   rbs-lightbox \" ><div class=\"rbs-img-thumbs\"  data-thumbnail=\"https:\/\/www.sbkt.hr\/KT\/wp-content\/uploads\/2017\/04\/pov-zgrada-bolnice3-velika-300x218.jpg\"  title=\"Povijesna zgrada Bolnice\"  data-width=\"300\"  data-height=\"218\" ><\/div><div class=\"rbs-img-data-popup\"  data-popup=\"https:\/\/www.sbkt.hr\/KT\/wp-content\/uploads\/2017\/04\/pov-zgrada-bolnice3-velika.jpg\"  title=\"Povijesna zgrada Bolnice\" ><\/div><div class=\"thumbnail-overlay\"><div class=\"rbsTitle \">Povijesna zgrada Bolnice<\/div><div class=\"rbsIcons\"><i class=\"fa fa-search-plus rbsZoomIcon \" ><\/i><\/div><\/div><\/div><\/div><div class=\"rbs-img  category961 \" ><div class=\"rbs-img-image   rbs-lightbox \" ><div class=\"rbs-img-thumbs\"  data-thumbnail=\"https:\/\/www.sbkt.hr\/KT\/wp-content\/uploads\/2017\/04\/pov-zgrada-bolnice-velika-300x240.jpg\"  title=\"Povijesna zgrada Bolnice\"  data-width=\"300\"  data-height=\"240\" ><\/div><div class=\"rbs-img-data-popup\"  data-popup=\"https:\/\/www.sbkt.hr\/KT\/wp-content\/uploads\/2017\/04\/pov-zgrada-bolnice-velika.jpg\"  title=\"Povijesna zgrada Bolnice\" ><\/div><div class=\"thumbnail-overlay\"><div class=\"rbsTitle \">Povijesna zgrada Bolnice<\/div><div class=\"rbsIcons\"><i class=\"fa fa-search-plus rbsZoomIcon \" ><\/i><\/div><\/div><\/div><\/div><div class=\"rbs-img  category961 \" ><div class=\"rbs-img-image   rbs-lightbox \" ><div class=\"rbs-img-thumbs\"  data-thumbnail=\"https:\/\/www.sbkt.hr\/KT\/wp-content\/uploads\/2017\/04\/nbo-velika-300x200.jpg\"  title=\"Nova zgrada Bolnice\"  data-width=\"300\"  data-height=\"200\" ><\/div><div class=\"rbs-img-data-popup\"  data-popup=\"https:\/\/www.sbkt.hr\/KT\/wp-content\/uploads\/2017\/04\/nbo-velika.jpg\"  title=\"Nova zgrada Bolnice\" ><\/div><div class=\"thumbnail-overlay\"><div class=\"rbsTitle \">Nova zgrada Bolnice<\/div><div class=\"rbsIcons\"><i class=\"fa fa-search-plus rbsZoomIcon \" ><\/i><\/div><\/div><\/div><\/div><div class=\"rbs-img  category961 \" ><div class=\"rbs-img-image   rbs-lightbox \" ><div class=\"rbs-img-thumbs\"  data-thumbnail=\"https:\/\/www.sbkt.hr\/KT\/wp-content\/uploads\/2017\/04\/bolnica-velika-300x185.jpg\"  title=\"Zgrade Bolnice\"  data-width=\"300\"  data-height=\"185\" ><\/div><div class=\"rbs-img-data-popup\"  data-popup=\"https:\/\/www.sbkt.hr\/KT\/wp-content\/uploads\/2017\/04\/bolnica-velika.jpg\"  title=\"Zgrade Bolnice\" ><\/div><div class=\"thumbnail-overlay\"><div class=\"rbsTitle \">Zgrade Bolnice<\/div><div class=\"rbsIcons\"><i class=\"fa fa-search-plus rbsZoomIcon \" ><\/i><\/div><\/div><\/div><\/div><div class=\"rbs-img  category961 \" ><div class=\"rbs-img-image   rbs-lightbox \" ><div class=\"rbs-img-thumbs\"  data-thumbnail=\"https:\/\/www.sbkt.hr\/KT\/wp-content\/uploads\/2017\/04\/stara-zgrada-obnovljena-velika-300x200.jpg\"  title=\"Obnovljena stara zgrada Bolnice\"  data-width=\"300\"  data-height=\"200\" ><\/div><div class=\"rbs-img-data-popup\"  data-popup=\"https:\/\/www.sbkt.hr\/KT\/wp-content\/uploads\/2017\/04\/stara-zgrada-obnovljena-velika.jpg\"  title=\"Obnovljena stara zgrada Bolnice\" ><\/div><div class=\"thumbnail-overlay\"><div class=\"rbsTitle \">Obnovljena stara zgrada Bolnice<\/div><div class=\"rbsIcons\"><i class=\"fa fa-search-plus rbsZoomIcon \" ><\/i><\/div><\/div><\/div><\/div><div class=\"rbs-img  category961 \" ><div class=\"rbs-img-image   rbs-lightbox \" ><div class=\"rbs-img-thumbs\"  data-thumbnail=\"https:\/\/www.sbkt.hr\/KT\/wp-content\/uploads\/2017\/04\/dio-bolnice-magdalena-velika-300x225.jpg\"  title=\"Dio zgrade bolnice Magdalena\"  data-width=\"300\"  data-height=\"225\" ><\/div><div class=\"rbs-img-data-popup\"  data-popup=\"https:\/\/www.sbkt.hr\/KT\/wp-content\/uploads\/2017\/04\/dio-bolnice-magdalena-velika.jpg\"  title=\"Dio zgrade bolnice Magdalena\" ><\/div><div class=\"thumbnail-overlay\"><div class=\"rbsTitle \">Dio zgrade bolnice Magdalena<\/div><div class=\"rbsIcons\"><i class=\"fa fa-search-plus rbsZoomIcon \" ><\/i><\/div><\/div><\/div><\/div><div class=\"rbs-img  category961 \" ><div class=\"rbs-img-image   rbs-lightbox \" ><div class=\"rbs-img-thumbs\"  data-thumbnail=\"https:\/\/www.sbkt.hr\/KT\/wp-content\/uploads\/2017\/04\/akromion-velika-300x225.jpg\"  title=\"Akromion\"  data-width=\"300\"  data-height=\"225\" ><\/div><div class=\"rbs-img-data-popup\"  data-popup=\"https:\/\/www.sbkt.hr\/KT\/wp-content\/uploads\/2017\/04\/akromion-velika.jpg\"  title=\"Akromion\" ><\/div><div class=\"thumbnail-overlay\"><div class=\"rbsTitle \">Akromion<\/div><div class=\"rbsIcons\"><i class=\"fa fa-search-plus rbsZoomIcon \" ><\/i><\/div><\/div><\/div><\/div><\/div><\/div><\/div><script>var rbs_gallery_69f9a786ca411 = {\"version\":\"5.0.6\",\"id\":961,\"class\":\"id961\",\"roboGalleryDelay\":1000,\"mainContainer\":\"#robo_gallery_main_block_rbs_gallery_69f9a786ca411\",\"loadingContainer\":\"#rbs_gallery_69f9a786ca411-block-loader\",\"loadingContainerObj\":\"rbs_gallery_69f9a786ca411-block-loader\",\"columnWidth\":200,\"resolutions\":[{\"columnWidth\":\"auto\",\"columns\":3,\"maxWidth\":960},{\"columnWidth\":\"auto\",\"columns\":2,\"maxWidth\":650},{\"columnWidth\":\"auto\",\"columns\":1,\"maxWidth\":450}],\"lightboxOptions\":{\"gallery\":{\"enabled\":true,\"tCounter\":\"%curr% of %total%\"}},\"overlayEffect\":\"direction-aware-fade\",\"boxesToLoadStart\":12,\"boxesToLoad\":8,\"waitUntilThumbLoads\":1,\"LoadingWord\":\"Loading...\",\"loadMoreWord\":\"Load More\",\"noMoreEntriesWord\":\"No More Entries\",\"horizontalSpaceBetweenBoxes\":15,\"verticalSpaceBetweenBoxes\":15,\"lazyLoad\":1,\"wrapContainer\":\"#robo-gallery-wrap-rbs_gallery_69f9a786ca411\"};<\/script><div>  <\/div>\n","protected":false},"excerpt":{"rendered":"<p>Osnivanje: Mjesto je poznato jo\u0161 iz rimskog doba kao Aquae Vivae, na \u010dijim su termalnim izvorima rimske legije vidale rane i prikupljale snagu za vrijeme svojih pohoda po Europi. Godine 1856. Krapinske Toplice dobivaju prvog lije\u010dnika, dr. Leopoda Tanzera. Njihov tada\u0161nji vlasnik Jakob Badl ( na slici ), zapo\u010deo je 1859. graditi prvu zgradu dana\u0161nje&#8230; <\/p>\n","protected":false},"author":1,"featured_media":0,"parent":0,"menu_order":0,"comment_status":"closed","ping_status":"closed","template":"","meta":{"footnotes":""},"class_list":["post-957","page","type-page","status-publish","hentry"],"yoast_head":"<!-- This site is optimized with the Yoast SEO plugin v24.9 - https:\/\/yoast.com\/wordpress\/plugins\/seo\/ -->\n<title>Povijest Bolnice - sbkt.hr<\/title>\n<meta name=\"robots\" content=\"index, follow, max-snippet:-1, max-image-preview:large, max-video-preview:-1\" \/>\n<link rel=\"canonical\" href=\"https:\/\/www.sbkt.hr\/KT\/povijest-bolnice\/\" \/>\n<meta property=\"og:locale\" content=\"hr_HR\" \/>\n<meta property=\"og:type\" content=\"article\" \/>\n<meta property=\"og:title\" content=\"Povijest Bolnice - sbkt.hr\" \/>\n<meta property=\"og:description\" content=\"Osnivanje: Mjesto je poznato jo\u0161 iz rimskog doba kao Aquae Vivae, na \u010dijim su termalnim izvorima rimske legije vidale rane i prikupljale snagu za vrijeme svojih pohoda po Europi. Godine 1856. Krapinske Toplice dobivaju prvog lije\u010dnika, dr. Leopoda Tanzera. Njihov tada\u0161nji vlasnik Jakob Badl ( na slici ), zapo\u010deo je 1859. graditi prvu zgradu dana\u0161nje...\" \/>\n<meta property=\"og:url\" content=\"https:\/\/www.sbkt.hr\/KT\/povijest-bolnice\/\" \/>\n<meta property=\"og:site_name\" content=\"sbkt.hr\" \/>\n<meta property=\"article:modified_time\" content=\"2017-04-24T16:09:56+00:00\" \/>\n<meta name=\"twitter:card\" content=\"summary_large_image\" \/>\n<meta name=\"twitter:label1\" content=\"Procijenjeno vrijeme \u010ditanja\" \/>\n\t<meta name=\"twitter:data1\" content=\"1 minuta\" \/>\n<script type=\"application\/ld+json\" class=\"yoast-schema-graph\">{\"@context\":\"https:\/\/schema.org\",\"@graph\":[{\"@type\":\"WebPage\",\"@id\":\"https:\/\/www.sbkt.hr\/KT\/povijest-bolnice\/\",\"url\":\"https:\/\/www.sbkt.hr\/KT\/povijest-bolnice\/\",\"name\":\"Povijest Bolnice - sbkt.hr\",\"isPartOf\":{\"@id\":\"https:\/\/www.sbkt.hr\/KT\/#website\"},\"datePublished\":\"2017-04-24T15:50:03+00:00\",\"dateModified\":\"2017-04-24T16:09:56+00:00\",\"breadcrumb\":{\"@id\":\"https:\/\/www.sbkt.hr\/KT\/povijest-bolnice\/#breadcrumb\"},\"inLanguage\":\"hr\",\"potentialAction\":[{\"@type\":\"ReadAction\",\"target\":[\"https:\/\/www.sbkt.hr\/KT\/povijest-bolnice\/\"]}]},{\"@type\":\"BreadcrumbList\",\"@id\":\"https:\/\/www.sbkt.hr\/KT\/povijest-bolnice\/#breadcrumb\",\"itemListElement\":[{\"@type\":\"ListItem\",\"position\":1,\"name\":\"Naslovna\",\"item\":\"https:\/\/www.sbkt.hr\/KT\/\"},{\"@type\":\"ListItem\",\"position\":2,\"name\":\"Povijest Bolnice\"}]},{\"@type\":\"WebSite\",\"@id\":\"https:\/\/www.sbkt.hr\/KT\/#website\",\"url\":\"https:\/\/www.sbkt.hr\/KT\/\",\"name\":\"sbkt.hr\",\"description\":\"Specijalna bolnica za medicinsku rehabilitaciju\",\"potentialAction\":[{\"@type\":\"SearchAction\",\"target\":{\"@type\":\"EntryPoint\",\"urlTemplate\":\"https:\/\/www.sbkt.hr\/KT\/?s={search_term_string}\"},\"query-input\":{\"@type\":\"PropertyValueSpecification\",\"valueRequired\":true,\"valueName\":\"search_term_string\"}}],\"inLanguage\":\"hr\"}]}<\/script>\n<!-- \/ Yoast SEO plugin. -->","yoast_head_json":{"title":"Povijest Bolnice - sbkt.hr","robots":{"index":"index","follow":"follow","max-snippet":"max-snippet:-1","max-image-preview":"max-image-preview:large","max-video-preview":"max-video-preview:-1"},"canonical":"https:\/\/www.sbkt.hr\/KT\/povijest-bolnice\/","og_locale":"hr_HR","og_type":"article","og_title":"Povijest Bolnice - sbkt.hr","og_description":"Osnivanje: Mjesto je poznato jo\u0161 iz rimskog doba kao Aquae Vivae, na \u010dijim su termalnim izvorima rimske legije vidale rane i prikupljale snagu za vrijeme svojih pohoda po Europi. Godine 1856. Krapinske Toplice dobivaju prvog lije\u010dnika, dr. Leopoda Tanzera. Njihov tada\u0161nji vlasnik Jakob Badl ( na slici ), zapo\u010deo je 1859. graditi prvu zgradu dana\u0161nje...","og_url":"https:\/\/www.sbkt.hr\/KT\/povijest-bolnice\/","og_site_name":"sbkt.hr","article_modified_time":"2017-04-24T16:09:56+00:00","twitter_card":"summary_large_image","twitter_misc":{"Procijenjeno vrijeme \u010ditanja":"1 minuta"},"schema":{"@context":"https:\/\/schema.org","@graph":[{"@type":"WebPage","@id":"https:\/\/www.sbkt.hr\/KT\/povijest-bolnice\/","url":"https:\/\/www.sbkt.hr\/KT\/povijest-bolnice\/","name":"Povijest Bolnice - sbkt.hr","isPartOf":{"@id":"https:\/\/www.sbkt.hr\/KT\/#website"},"datePublished":"2017-04-24T15:50:03+00:00","dateModified":"2017-04-24T16:09:56+00:00","breadcrumb":{"@id":"https:\/\/www.sbkt.hr\/KT\/povijest-bolnice\/#breadcrumb"},"inLanguage":"hr","potentialAction":[{"@type":"ReadAction","target":["https:\/\/www.sbkt.hr\/KT\/povijest-bolnice\/"]}]},{"@type":"BreadcrumbList","@id":"https:\/\/www.sbkt.hr\/KT\/povijest-bolnice\/#breadcrumb","itemListElement":[{"@type":"ListItem","position":1,"name":"Naslovna","item":"https:\/\/www.sbkt.hr\/KT\/"},{"@type":"ListItem","position":2,"name":"Povijest Bolnice"}]},{"@type":"WebSite","@id":"https:\/\/www.sbkt.hr\/KT\/#website","url":"https:\/\/www.sbkt.hr\/KT\/","name":"sbkt.hr","description":"Specijalna bolnica za medicinsku rehabilitaciju","potentialAction":[{"@type":"SearchAction","target":{"@type":"EntryPoint","urlTemplate":"https:\/\/www.sbkt.hr\/KT\/?s={search_term_string}"},"query-input":{"@type":"PropertyValueSpecification","valueRequired":true,"valueName":"search_term_string"}}],"inLanguage":"hr"}]}},"_links":{"self":[{"href":"https:\/\/www.sbkt.hr\/KT\/wp-json\/wp\/v2\/pages\/957","targetHints":{"allow":["GET"]}}],"collection":[{"href":"https:\/\/www.sbkt.hr\/KT\/wp-json\/wp\/v2\/pages"}],"about":[{"href":"https:\/\/www.sbkt.hr\/KT\/wp-json\/wp\/v2\/types\/page"}],"author":[{"embeddable":true,"href":"https:\/\/www.sbkt.hr\/KT\/wp-json\/wp\/v2\/users\/1"}],"replies":[{"embeddable":true,"href":"https:\/\/www.sbkt.hr\/KT\/wp-json\/wp\/v2\/comments?post=957"}],"version-history":[{"count":5,"href":"https:\/\/www.sbkt.hr\/KT\/wp-json\/wp\/v2\/pages\/957\/revisions"}],"predecessor-version":[{"id":974,"href":"https:\/\/www.sbkt.hr\/KT\/wp-json\/wp\/v2\/pages\/957\/revisions\/974"}],"wp:attachment":[{"href":"https:\/\/www.sbkt.hr\/KT\/wp-json\/wp\/v2\/media?parent=957"}],"curies":[{"name":"wp","href":"https:\/\/api.w.org\/{rel}","templated":true}]}}